{"id":1216,"date":"2018-03-28T14:40:18","date_gmt":"2018-03-28T20:40:18","guid":{"rendered":"https:\/\/investiga.uned.ac.cr\/urbanecology\/?page_id=1216"},"modified":"2018-03-28T14:40:18","modified_gmt":"2018-03-28T20:40:18","slug":"grey-literature","status":"publish","type":"page","link":"https:\/\/investiga.uned.ac.cr\/urbanecology\/publications\/grey-literature\/","title":{"rendered":"Grey Literature"},"content":{"rendered":"\n<table class=\"wp-block-table\"><thead><tr><th>Reference<\/th><th>Link<\/th><\/tr><\/thead><tbody><tr><td>Sulecio Castillo, G.P. (2020).&nbsp;Pr\u00e1cticas de disposici\u00f3n de residuos s\u00f3lidos de las personas usuarias de la planta de tratamiento de aguas residuales de La Aurora de Heredia. (Master&#8217;s Thesis).&nbsp;Distance State University, Costa Rica.<\/td><td><a href=\"https:\/\/investiga.uned.ac.cr\/urbanecology\/wp-content\/uploads\/sites\/30\/2020\/07\/TFG-de-Gina-Sulecio.pdf\">PDF<\/a><\/td><\/tr><tr><td>Medina Sandoval, W. (2020).&nbsp;Evaluaci\u00f3n del Modelo de Cartograf\u00eda de Riesgo de Incendios Forestales en el \u00c1rea de Conservaci\u00f3n Guanacaste, Costa Rica. (Master&#8217;s Thesis).&nbsp;Distance State University, Costa Rica.<\/td><td><a href=\"https:\/\/investiga.uned.ac.cr\/urbanecology\/wp-content\/uploads\/sites\/30\/2020\/07\/TFG-de-Waldy-Medina.pdf\">PDF<\/a><\/td><\/tr><tr><td>Mu\u00f1oz Simon, N. (2020).&nbsp;Efecto de las descargas del emisario submarino sobre la abundancia y composici\u00f3n de especies fitoplanct\u00f3nicas en los alrededores de Isla Uvita, Lim\u00f3n, Costa Rica. (Master&#8217;s Thesis).&nbsp;Distance State University, Costa Rica.<\/td><td><a href=\"https:\/\/investiga.uned.ac.cr\/urbanecology\/wp-content\/uploads\/sites\/30\/2020\/07\/Tesis-de-Nelson-Mu%C3%B1oz.pdf\">PDF<\/a><\/td><\/tr><tr><td>Mas\u00eds Mora, M.A. (2020). Determinaci\u00f3n de la eficiencia de degradaci\u00f3n de un sistema de biopurificaci\u00f3n de plaguicidas mediante an\u00e1lisis multirresidual. (Master&#8217;s Thesis).&nbsp;Distance State University, Costa Rica.<\/td><td><a href=\"https:\/\/investiga.uned.ac.cr\/urbanecology\/wp-content\/uploads\/sites\/30\/2020\/07\/Tesis-de-Mario-Masis.pdf\">PDF<\/a><\/td><\/tr><tr><td>Ru\u00edz Rodr\u00edguez, G.D. (2020).&nbsp;Estrategia de acceso a los mercados voluntarios de carbono para la rehabilitaci\u00f3n de los manglares del Humedal Nacional T\u00e9rraba-Sierpe. (Master&#8217;s Thesis).&nbsp;Distance State University, Costa Rica.<\/td><td><a href=\"https:\/\/investiga.uned.ac.cr\/urbanecology\/wp-content\/uploads\/sites\/30\/2020\/07\/TFG-de-Gil-Ruiz.pdf\">PDF<\/a><\/td><\/tr><tr><td>Porras Castro, M.G. (2020).&nbsp;Propuesta de un plan de responsabilidad social empresarial para el Hotel Fiesta Resort Puntarenas&nbsp;\u2013&nbsp;Costa Rica.&nbsp;(Master&#8217;s Thesis).&nbsp;Distance State University, Costa Rica.<\/td><td><a href=\"https:\/\/www.uned.ac.cr\/ecologiaurbana\/Propuesta%20de%20un%20plan%20de%20responsabilidad%20social%20empresarial%20para%20el%20Hotel%20Fiesta%20Resort%20Puntarenas%20%E2%80%93%20Costa%20Rica\">PDF<\/a><\/td><\/tr><tr><td>Granda Barrantes, C. (2020).&nbsp;Inventario de gases de efecto invernadero en la sede central del Instituto del Caf\u00e9 de Costa Rica (ICAFE) y propuesta de un sistema de informaci\u00f3n para alcanzar la carbono neutralidad.&nbsp;(Master&#8217;s Thesis).&nbsp;Distance State University, Costa Rica. (Master&#8217;s Thesis).&nbsp;Distance State University, Costa Rica.<\/td><td><a href=\"https:\/\/investiga.uned.ac.cr\/urbanecology\/wp-content\/uploads\/sites\/30\/2020\/07\/TFG-de-Cinthia-Granda.pdf\">PDF<\/a><\/td><\/tr><tr><td>Nova Bustos, N.C. (2020).&nbsp;Estructura y vulnerabilidad antropog\u00e9nica de la zona interna del manglar de Puntarenas, Costa Rica. (Master&#8217;s Thesis).&nbsp;Distance State University, Costa Rica. (Master&#8217;s Thesis).&nbsp;Distance State University, Costa Rica.<\/td><td><a href=\"https:\/\/investiga.uned.ac.cr\/urbanecology\/wp-content\/uploads\/sites\/30\/2020\/07\/TFG-de-Nidya-Nova.pdf\">PDF<\/a><\/td><\/tr><tr><td>Ure\u00f1a Ju\u00e1rez, P. (2020).&nbsp;Condiciones ambientales y biol\u00f3gicas del cultivo en suspensi\u00f3n del mejill\u00f3n (Mytella guyanensis) en Puerto Palito, Isla Chira, Costa Rica. (Master&#8217;s Thesis).&nbsp;Distance State University, Costa Rica.<\/td><td><a href=\"https:\/\/investiga.uned.ac.cr\/urbanecology\/wp-content\/uploads\/sites\/30\/2020\/07\/TFG-de-Paul-Ure%C3%B1a.pdf\">PDF<\/a><\/td><\/tr><tr><td>Adrover, A. (2020).&nbsp;Accidentes con escorpiones en Costa Rica: caracterizaci\u00f3n de las intoxicaciones causadas por&nbsp;Centruroides edwardsii&nbsp;(Scorpiones: Buthidae) a nivel nacional en 2018 y percepci\u00f3n de los escorpiones en una comunidad rural de Alajuela. (Master&#8217;s Thesis).&nbsp;Distance State University, Costa Rica.<\/td><td><a href=\"https:\/\/investiga.uned.ac.cr\/urbanecology\/wp-content\/uploads\/sites\/30\/2020\/07\/TFG-de-Arnaud-Adrover.pdf\">PDF<\/a><\/td><\/tr><tr><td>Oviedo P\u00e9rez, P.E. (2020).&nbsp;Uso de h\u00e1bitats alterados por aves insect\u00edvoras de sotobosque en un gradiente ambiental y su potencial para la conservaci\u00f3n al suroeste de la Pen\u00ednsula de Nicoya, Costa Rica. (Master&#8217;s Thesis).&nbsp;Distance State University, Costa Rica.<\/td><td><a href=\"https:\/\/investiga.uned.ac.cr\/urbanecology\/wp-content\/uploads\/sites\/30\/2020\/03\/Oviedo.P_Uso-habitat-aves-insectivoras.pdf\">PDF<\/a><\/td><\/tr><tr><td>Granados \u00c1lvarez, R. (2019).&nbsp;Plan general de conservaci\u00f3n para la zona de protecci\u00f3n de la naciente Chilamate en Tablazo de Acosta, San Jos\u00e9, Costa Rica.&nbsp;(Master&#8217;s Thesis).&nbsp;Distance State University, Costa Rica.<\/td><td><a href=\"https:\/\/investiga.uned.ac.cr\/urbanecology\/wp-content\/uploads\/sites\/30\/2020\/07\/TFG-de-Rudy-Granados.pdf\">PDF<\/a><\/td><\/tr><tr><td>Restrepo Alegr\u00eda, J. (2019).&nbsp;Potencial productivo del Estero Letras para el desarrollo de la acuicultura en Quebrada Honda, Costa Rica. (Master&#8217;s Thesis).&nbsp;Distance State University, Costa Rica.<\/td><td><a href=\"https:\/\/investiga.uned.ac.cr\/urbanecology\/wp-content\/uploads\/sites\/30\/2020\/07\/TFG-de-Jorge-Restrepo.pdf\">PDF<\/a><\/td><\/tr><tr><td>Castro Calder\u00f3n, M.V.&nbsp;(2019).&nbsp;Establecimiento de tres indicadores de eficiencia en el uso de agua para lavado en instalaciones lecheras en Zarcero, Costa Rica. (Master&#8217;s Thesis).&nbsp;Distance State University, Costa Rica.<\/td><td><a href=\"https:\/\/investiga.uned.ac.cr\/urbanecology\/wp-content\/uploads\/sites\/30\/2020\/07\/Tesis-de-Marco-Castro.pdf\">PDF<\/a><\/td><\/tr><tr><td>Siles Loaiza, W. (2019).&nbsp;Estimaci\u00f3n de la disponibilidad de h\u00eddrica en la Cuenca Media \u2013 Baja del R\u00edo Naranjo, Costa Rica.&nbsp;(Master&#8217;s Thesis).&nbsp;Distance State University, Costa Rica.<\/td><td><a href=\"https:\/\/investiga.uned.ac.cr\/urbanecology\/wp-content\/uploads\/sites\/30\/2020\/07\/TFG-de-Wilberth-Siles.pdf\">PDF<\/a><\/td><\/tr><tr><td>Arias Navarro, H.&nbsp;(2019).&nbsp;Planificaci\u00f3n del sendero Crestones-Terbi-Ventana, para la protecci\u00f3n de la malacofauna end\u00e9mica, en el parque nacional Chirrip\u00f3, Costa Rica.&nbsp;(Master&#8217;s Thesis).&nbsp;Distance State University, Costa Rica.<\/td><td><a href=\"https:\/\/investiga.uned.ac.cr\/urbanecology\/wp-content\/uploads\/sites\/30\/2020\/07\/TFG-de-Hanz-Arias.pdf\">PDF<\/a><\/td><\/tr><tr><td>Cordero Salas, RO (2019).&nbsp;Inventory of greenhouse gases of the National Technical University headquarters Athens period 2012-2015 and its relationship with the number of students.&nbsp;(Master&#8217;s Thesis).&nbsp;Distance State University, Costa Rica.<\/td><td><a href=\"https:\/\/investiga.uned.ac.cr\/urbanecology\/wp-content\/uploads\/sites\/30\/2019\/03\/Cordero-Tesis-GEI.pdf\">PDF<\/a><\/td><\/tr><tr><td>\n<p>Arroyo Zeled\u00f3n, MS (2018).&nbsp;Permanence of natural coverage in two proposals for structural connectivity between protected wild areas of Costa Rica.&nbsp;(Master&#8217;s Thesis).&nbsp;Distance State University, Costa Rica.<\/p>\n<\/td><td><a href=\"https:\/\/investiga.uned.ac.cr\/urbanecology\/wp-content\/uploads\/sites\/30\/2018\/12\/Informe_Presentado.pdf\">PDF<\/a><\/td><\/tr><tr><td>Bonilla Villalobos, V. (2018).&nbsp;Structure and composition of two landscape mosaics in the dry transition premontane wet forest, Costa Rica.&nbsp;(Master&#8217;s Thesis).&nbsp;Distance State University, Costa Rica.<\/td><td><a href=\"https:\/\/investiga.uned.ac.cr\/urbanecology\/wp-content\/uploads\/sites\/30\/2018\/12\/Tesis_Estructura-y-composicion-de-dos-mosa-icos-del-paisaje-en-el-BHP-S-Costa-Rica.pdf\">PDF<\/a><\/td><\/tr><tr><td>\n<p>Hern\u00e1ndez Lagos, OY (2018).&nbsp;Taxonomic diversity of onychophores (Onychophora: Peripatidae) present on the western flank of the Eastern Cordillera in the department of Santander.&nbsp;(Master&#8217;s Thesis).&nbsp;Industrial University of Santander, Colombia<\/p>\n<\/td><td>&nbsp;<\/td><\/tr><tr><td>Villalobos Muller, WA (2018).&nbsp;Natural infection of Catharanthus roseus with some phytoplasms in Costa Rica.&nbsp;(Master&#8217;s Thesis).&nbsp;Distance State University, Costa Rica.<\/td><td><a href=\"http:\/\/investiga.uned.ac.cr\/urbanecology\/wp-content\/uploads\/sites\/30\/2018\/09\/Tesis-Villalobos-William-Micoplasmas.pdf\">PDF<\/a><\/td><\/tr><tr><td>Quesada-Acu\u00f1a, SG (2017).&nbsp;Amount and seasonality of the contribution of resident birds in seed dispersal in remnants of riparian forest in an urban microbasin, San Jos\u00e9, Costa Rica.&nbsp;(Bachelor thesis).&nbsp;National University, Heredia, Costa Rica.<\/td><td><a href=\"https:\/\/investiga.uned.ac.cr\/urbanecology\/wp-content\/uploads\/sites\/30\/2018\/12\/TESISDISPERSIONcompleta31ENE2018.pdf\">PDF<\/a>&nbsp;<\/td><\/tr><tr><td>Z\u00fa\u00f1iga-Sol\u00eds, M. (2017).&nbsp;Effect of acid rain on the degradation of the shell of the land snail Bradybaena similaris (Stylommatophora: Bradybaenidae) as an indication of air pollution in laboratory tests (Bachelor thesis).&nbsp;Distance State University, San Jos\u00e9, Costa Rica.<\/td><td>&nbsp;<\/td><\/tr><tr><td>Aguilar Z\u00fa\u00f1iga, D. (2017).&nbsp;Social and environmental impact on urban renovation construction projects in precarious settlements in Costa Rica (Master&#8217;s thesis).&nbsp;Distance State University, Costa Rica.<\/td><td><a href=\"http:\/\/investiga.uned.ac.cr\/urbanecology\/wp-content\/uploads\/sites\/30\/2018\/09\/TESIS-FINAL-David-Aguilar-con-firmas.pdf\" target=\"_blank\" rel=\"noopener noreferrer\">PDF<\/a><\/td><\/tr><tr><td>Azofeifa Bola\u00f1os, JB (2017).&nbsp;Morphogenetic responses of in vitro seedlings and cuttings of Vanilla planifolia Andrews from wild populations, molecularly characterized and grown in greenhouse and in Agroforestry Systems, Gu\u00e1piles, Costa Rica (Master&#8217;s thesis).&nbsp;Distance State University, Costa Rica.<\/td><td><a href=\"http:\/\/investiga.uned.ac.cr\/urbanecology\/wp-content\/uploads\/sites\/30\/2018\/09\/Tesis-Bernal-Azofeifa.pdf\" target=\"_blank\" rel=\"noopener noreferrer\">PDF<\/a><\/td><\/tr><tr><td>Seas-Carvajal, C. (2017).&nbsp;Effect of potential temperature changes in endophytic fungi associated with a poaceae (Chusquea subtessellata) of the Costa Rica moor.&nbsp;(Master&#8217;s Thesis).&nbsp;Tropical Agronomic Center for Research and Teaching, Turrialba, Costa Rica.<\/td><td>&nbsp;<\/td><\/tr><tr><td>Villegas, G. &amp; Gonz\u00e1lez, F. (2017).&nbsp;Experience of the indigenous agenda in the Cabagra indigenous territory.&nbsp;(Final report. Cooperation Agreement SINAC-MINAE-MAPCOBIO-JICA).&nbsp;Puntarenas, Costa Rica: Infoterra.<\/td><td>&nbsp;<\/td><\/tr><tr><td>Castro Morales, O. (2017).&nbsp;Effect of a vitamin supplement and three species of food plants (Fabaceae), on the production of Morpho helenor butterflies (Nymphalidae: Lepidoptera) (Master&#8217;s thesis).&nbsp;Distance State University, Costa Rica.<\/td><td><a href=\"http:\/\/investiga.uned.ac.cr\/urbanecology\/wp-content\/uploads\/sites\/30\/2018\/09\/TESIS-FINAL-17-06-junio-2017-formato-tesis-anexos-incluidos.pdf\" target=\"_blank\" rel=\"noopener noreferrer\">PDF<\/a><\/td><\/tr><tr><td>Espinoza Dur\u00e1n, J. (2016).&nbsp;Perception of security, use and maintenance of municipal parks in Costa Rica according to the sex of the users (Master&#8217;s thesis).&nbsp;Distance State University, Costa Rica.<\/td><td><a href=\"http:\/\/investiga.uned.ac.cr\/urbanecology\/wp-content\/uploads\/sites\/30\/2018\/09\/TESIS-JULIANA-ESPINOZA-2016.pdf\" target=\"_blank\" rel=\"noopener noreferrer\">PDF<\/a><\/td><\/tr><tr><td>Barrantes Barrantes, EA (2016).&nbsp;Water wealth of the Greece Forest Reserve and the relationship with the flora and fauna and land use of the place.&nbsp;(Master&#8217;s Thesis).&nbsp;Distance State University, Costa Rica.<\/td><td><a href=\"http:\/\/investiga.uned.ac.cr\/urbanecology\/wp-content\/uploads\/sites\/30\/2018\/09\/Tesis-Edwin-Barrantes-Barrantes-2016.pdf\" target=\"_blank\" rel=\"noopener noreferrer\">PDF<\/a><\/td><\/tr><tr><td>Bystrom, AB (2015) Analysis of biological-fishery characteristics of spotted snapper (Lutjanus guttatus (Steindachner, 1869) and socio-ecological trends of artisanal fisheries with bottom lines in the Bejuco district, Pacific of Costa Rica (Master&#8217;s thesis ) State Distance University, Costa Rica.<\/td><td><a href=\"http:\/\/investiga.uned.ac.cr\/urbanecology\/wp-content\/uploads\/sites\/30\/2018\/09\/TESIS-ANDREW-BYSTROM-2015.pdf\" target=\"_blank\" rel=\"noopener noreferrer\">PDF<\/a><\/td><\/tr><tr><td>Murillo Vindas, J. (2015).&nbsp;Erosion by surface waters in banana crops that use Geophila macropoda as a cover in different soil classes (Master&#8217;s thesis).&nbsp;Distance State University, Costa Rica.<\/td><td><a href=\"http:\/\/investiga.uned.ac.cr\/urbanecology\/wp-content\/uploads\/sites\/30\/2018\/09\/Tesis-Jemmy-Murillo-Vindas-2015.pdf\" target=\"_blank\" rel=\"noopener noreferrer\">PDF<\/a><\/td><\/tr><tr><td>Riba Hern\u00e1ndez, L. (2015).&nbsp;Analysis of the change between the 1950s and 2012 in the cultural landscape of the city of Golfito, Costa Rica, an instrument for its environmental management (Master&#8217;s thesis).&nbsp;Distance State University, Costa Rica.<\/td><td><a href=\"http:\/\/investiga.uned.ac.cr\/urbanecology\/wp-content\/uploads\/sites\/30\/2018\/09\/Tesis-Luci%CC%81a-Riba-Herna%CC%81ndez-2015.pdf\" target=\"_blank\" rel=\"noopener noreferrer\">PDF<\/a><\/td><\/tr><tr><td>Chinchilla Picado, MV (2015).&nbsp;The environmental education workshop as a didactic strategy to promote the sustainability of natural resources in students of rural Costa Rican primary schools (Master&#8217;s thesis).&nbsp;Distance State University, Costa Rica.<\/td><td><a href=\"http:\/\/investiga.uned.ac.cr\/urbanecology\/wp-content\/uploads\/sites\/30\/2018\/09\/TESIS-MARCOS-CHINCHILLA-2015.pdf\" target=\"_blank\" rel=\"noopener noreferrer\">PDF<\/a><\/td><\/tr><tr><td>Arias Hidalgo, D. (2015).&nbsp;Tourist hostels and homes in the Bribri Talamanque\u00f1o indigenous territory and its relationship with the environmental and socio-cultural (Master&#8217;s thesis).&nbsp;Distance State University, Costa Rica.<\/td><td><a href=\"http:\/\/investiga.uned.ac.cr\/urbanecology\/wp-content\/uploads\/sites\/30\/2018\/09\/TESIS-DAVID-ARIAS-2015.pdf\" target=\"_blank\" rel=\"noopener noreferrer\">PDF<\/a><\/td><\/tr><tr><td>Hakanson Gregory, EC (2013).&nbsp;Sustainable geothermal prospecting in land of inceptisols and entisols of the Las Pailas Geothermal Project, Rincon de la Vieja Volcano, Costa Rica (Master&#8217;s thesis).&nbsp;Distance State University, Costa Rica.<\/td><td><a href=\"http:\/\/investiga.uned.ac.cr\/urbanecology\/wp-content\/uploads\/sites\/30\/2018\/09\/Edward-Tesis-Hakanson-09-08-2013.pdf\" target=\"_blank\" rel=\"noopener noreferrer\">PDF<\/a><\/td><\/tr><tr><td>Rodr\u00edguez-Y\u00e1\u00f1ez, JE (2012).&nbsp;Inventory of toxic toxic compounds from the air in the Greater Metropolitan Area of \u200b\u200bCosta Rica, for the year 2007. (Master&#8217;s thesis).&nbsp;National University, Heredia, Costa Rica.<\/td><td>&nbsp;<\/td><\/tr><tr><td>Jones, G. (2012).&nbsp;Evaluation of seed removal by rodents and ants in Mediterranean pine forests affected by forest fires.&nbsp;(Doctoral thesis).&nbsp;University of Girona, Catalonia, Spain.<\/td><td>&nbsp;<\/td><\/tr><tr><td>Villegas Arguedas, J. (2011).&nbsp;Relationship between the diversity of ichthyofauna and water quality in rivers with different degrees of involvement by dikes and canals in the southern area of \u200b\u200bCosta Rica (Master&#8217;s thesis).&nbsp;Distance State University, Costa Rica.<\/td><td><a href=\"http:\/\/investiga.uned.ac.cr\/urbanecology\/wp-content\/uploads\/sites\/30\/2018\/09\/Tesis-Juan-Carlos-final-03-12-2011.pdf\" target=\"_blank\" rel=\"noopener noreferrer\">PDF<\/a><\/td><\/tr><tr><td>Herrera, J., Rojas, JF, Rodr\u00edguez, S., Rojas, A. &amp; Rodr\u00edguez, JE (2007).&nbsp;Inventory of pollutant emissions air criteria of the Metropolitan Area of \u200b\u200bCosta Rica.&nbsp;(Final report contract No. 157-2009. USAID-CCAD Cooperation Agreement).&nbsp;San Jos\u00e9, Costa Rica: Central American Commission for Environment and Development (CCAD).<\/td><td>&nbsp;<\/td><\/tr><tr><td>Rodr\u00edguez, A., Zamora, N., Santamar\u00eda, D., Solano, D. &amp; Gonz\u00e1lez, F. (2006).&nbsp;Floristic inventory of the Esperanza and Helechales savannas in the Talamanca mountain range, Costa Rica.&nbsp;(Final report of the TNC-Amistad-INBio VSabanas 052 project).&nbsp;Heredia, Costa Rica: N\national Biodiversity Institute (INBio).<\/td><td>&nbsp;<\/td><\/tr><tr><td>Monge-N\u00e1jera, J., Rivas, M. &amp; M\u00e9ndez-Estrada, VH (2004).&nbsp;The evolution of virtual laboratories during a six-year experience with distance students.&nbsp;San Jos\u00e9, Costa Rica: Center for the Improvement of Academic Processes (CEMPA).<\/td><td>&nbsp;<\/td><\/tr><tr><td>Maglianesi, MA (2004).&nbsp;Characterization of the bird community of a very humid tropical forest in the northern Caribbean of Costa Rica.&nbsp;(Master&#8217;s Thesis).&nbsp;National University, Heredia, Costa Rica.<\/td><td>&nbsp;<\/td><\/tr><tr><td>Camacho, Y., Gonz\u00e1lez, F. &amp; Barrientos, Z. (2004).&nbsp;Safety manual in diving.&nbsp;(Report of the INBio Malacology Unit).&nbsp;Heredia, Costa Rica: National Biodiversity Institute (INBio).<\/td><td>&nbsp;<\/td><\/tr><tr><td>M\u00e9ndez-Estrada, VH, Rivas, M. &amp; Monge-N\u00e1jera, J. (2003).&nbsp;Virtual laboratories from the perspective of the students of the Biology III course of the UNED of Costa Rica.&nbsp;San Jos\u00e9, Costa Rica: Center for the Improvement of Academic Processes (CEMPA).<\/td><td>&nbsp;<\/td><\/tr><tr><td>Cifuentes, M., Jim\u00e9nez, G., Arias, H., Carrera, J., Centeno, B., Correa, A., Jones, G., Maldonado, E., Nieto, H., Rodr\u00edguez, J. &amp; Thiele, G. (2003).&nbsp;Emerging plan for the Turrialba Volcano National Park.&nbsp;(Final report).&nbsp;San Jos\u00e9, Costa Rica: World Wide Fund for Nature (WWF-Central America)<\/td><td>&nbsp;<\/td><\/tr><tr><td>M\u00e9ndez-Estrada, VH, Rivas, M., &amp; Monge-N\u00e1jera, J. (2003).&nbsp;Structure and format of three virtual biology laboratories: the experience of distance students evaluated with inferential statistics.&nbsp;San Jos\u00e9, Costa Rica: Center for the Improvement of Academic Processes (CEMPA).<\/td><td>&nbsp;<\/td><\/tr><tr><td>Monge-N\u00e1jera, J., M\u00e9ndez-Estrada, VH &amp; Rivas, M. (2002).&nbsp;Application of a simple method to measure air pollution: a community experience made in Costa Rica.&nbsp;San Jos\u00e9, Costa Rica: Center for the Improvement of Academic Processes (CEMPA).<\/td><td>&nbsp;<\/td><\/tr><tr><td>M\u00e9ndez-Estrada, VH &amp; Monge-N\u00e1jera, J. (2002).&nbsp;How to improve regional tutoring in distance education?&nbsp;San Jos\u00e9, Costa Rica: Center for the Improvement of Academic Processes (CEMPA).<\/td><td>&nbsp;<\/td><\/tr><tr><td>Monge-N\u00e1jera, J., Rivas, M. &amp; M\u00e9ndez-Estrada, VH (2002).&nbsp;Distance teaching of business strategy: student and teacher opinion on the use of multimedia material and recommendations to improve its effectiveness.&nbsp;San Jos\u00e9, Costa Rica: Center for the Improvement of Academic Processes (CEMPA).<\/td><td>&nbsp;<\/td><\/tr><tr><td>M\u00e9ndez-Estrada, VH &amp; Monge-N\u00e1jera, J. (2001).&nbsp;UNED regional tutors: an evaluation of the program (final report).&nbsp;San Jos\u00e9, Costa Rica: Academic Research Center (CIAC).<\/td><td>&nbsp;<\/td><\/tr><tr><td>Rivas, M., M\u00e9ndez-Estrada, VH &amp; Monge-N\u00e1jera, J. (2000).&nbsp;How to optimize the use of laboratory infrastructure in distance education?&nbsp;San Jos\u00e9, Costa Rica: Academic Research Center (CIAC).<\/td><td>&nbsp;<\/td><\/tr><tr><td>M\u00e9ndez-Estrada, VH, Monge-N\u00e1jera, J. &amp; Cruz, A. (2000).&nbsp;Mathematics service courses at UNED: factors that influence the academic performance of students.&nbsp;San Jos\u00e9, Costa Rica: Academic Research Center (CIAC).<\/td><td>&nbsp;<\/td><\/tr><tr><td>Monge-N\u00e1jera, J., Rivas, M. &amp; M\u00e9ndez-Estrada, VH (2000).&nbsp;Access of UNED students to personal computers and the Internet: a preliminary diagnosis (final report).&nbsp;San Jos\u00e9, Costa Rica: Academic Research Center (CIAC).<\/td><td>&nbsp;<\/td><\/tr><tr><td>Monge-N\u00e1jera, J., M\u00e9ndez-Estrada, VH &amp; Montero, M. (2000).&nbsp;Application of the \u201cfocus group\u201d method to evaluate training in the Quorum Program.&nbsp;San Jos\u00e9, Costa Rica: Academic Research Center (CIAC).<\/td><td>&nbsp;<\/td><\/tr><tr><td>Monge-N\u00e1jera, J., Rivas, M. &amp; M\u00e9ndez-Estrada, VH (2000).&nbsp;From Babylon to virtual laboratories: historical changes in the teaching of medicine and public health.&nbsp;San Jos\u00e9, Costa Rica: Academic Research Center (CIAC).<\/td><td>&nbsp;<\/td><\/tr><tr><td>M\u00e9ndez-Estrada, VH, Rivas, M. &amp; Monge-N\u00e1jera, J. (2000).&nbsp;Virtual laboratories: what they are, why use them and how to produce them.&nbsp;San Jos\u00e9, Costa Rica: Academic Research Center (CIAC).<\/td><td>&nbsp;<\/td><\/tr><tr><td>Rivas, M., M\u00e9ndez-Estrada, VH &amp; Monge-N\u00e1jera, J. (2000).&nbsp;Laboratory practices at the UNED: alternatives for their best use.&nbsp;San Jos\u00e9, Costa Rica: Academic Research Center (CIAC).<\/td><td>&nbsp;<\/td><\/tr><tr><td>M\u00e9ndez-Estrada, VH, Monge-N\u00e1jera, J. &amp; Cruz, A. (2000).&nbsp;Teaching and baccalaureate program in the teaching of mathematics at UNED: Factors that influence the academic performance of students.&nbsp;San Jos\u00e9, Costa Rica: Academic Research Center (CIAC).<\/td><td>&nbsp;<\/td><\/tr><tr><td>Monge-N\u00e1jera, J., Rivas, M. &amp; M\u00e9ndez-Estrada, VH (2000).&nbsp;How to overcome budget, technology and personnel problems when teaching via internet, multimedia and virtual laboratories.&nbsp;San Jos\u00e9, Costa Rica: Academic Research Center (CIAC).<\/td><td>&nbsp;<\/td><\/tr><tr><td>Barrientos, Z. (1999).&nbsp;Policy on the acceptance of specimens to be incorporated into the INBio malacological collection.&nbsp;(Report of the INBio Malacology Unit).&nbsp;Heredia, Costa Rica: National Biodiversity Institute (INBio).<\/td><td>&nbsp;<\/td><\/tr><tr><td>Barrientos, Z. (1999).&nbsp;Policy on the donation and loan of specimens to museums and specialist taxonomists.&nbsp;(Report of the INBio Malacology Unit).&nbsp;Heredia, Costa Rica: National Biodiversity Institute (INBio).<\/td><td>&nbsp;<\/td><\/tr><tr><td>Monge-N\u00e1jera, J. (1999).&nbsp;How to educate in the new century?&nbsp;The CIAC XXI strategy.&nbsp;San Jos\u00e9, Costa Rica: Academic Research Center (CIAC).<\/td><td>&nbsp;<\/td><\/tr><tr><td>Rivas, M., Monge-N\u00e1jera, J. &amp; M\u00e9ndez-Estrada, VH (1999).&nbsp;The potential of virtual laboratories in the teaching of natural sciences.&nbsp;San Jos\u00e9, Costa Rica: Academic Research Center (CIAC).<\/td><td>&nbsp;<\/td><\/tr><tr><td>Barrientos, Z. (1999).&nbsp;Conservation standards of the Malacology Unit.&nbsp;(Report of the INBio Malacology Unit).&nbsp;Heredia, Costa Rica: National Biodiversity Institute (INBio).<\/td><td>&nbsp;<\/td><\/tr><tr><td>Camacho, Y. &amp; Barrientos, Z. (1999).&nbsp;Protocols of the Malacology Unit.&nbsp;(Report of the INBio Malacology Unit).&nbsp;Heredia, Costa Rica: National Biodiversity Institute (INBio).<\/td><td>&nbsp;<\/td><\/tr><tr><td>Barrientos, Z. (1994).&nbsp;Malacology: Manual of collection and preservation techniques.&nbsp;(Report of the INBio Malacology Unit).&nbsp;Heredia, Costa Rica: National Biodiversity Institute (INBio).<\/td><td>&nbsp;<\/td><\/tr><tr><td>Barrientos-Llosa, Z., Ch\u00e1vez, G. &amp; Sassa, M. (1989).&nbsp;Estimation, structure and population distribution of Crocodylus acutus in the Carara Biological Reserve.&nbsp;(Report for the National Park Service).&nbsp;San Jos\u00e9, Costa Rica: National Park Service.<\/td><td>&nbsp;<\/td><\/tr><tr><td>Monge-N\u00e1jera, J. (1988). Cryptic butterflies of the genus Hamadryas. (Master&#8217;s&nbsp; Thesis). University of Costa Rica, San Jos\u00e9, Costa Rica.<\/td><td>&nbsp;<\/td><\/tr><tr><\/tr><\/tbody><\/table>\n","protected":false},"excerpt":{"rendered":"<p>Reference Link Sulecio Castillo, G.P. (2020).&nbsp;Pr\u00e1cticas de disposici\u00f3n de residuos s\u00f3lidos de las personas usuarias de la planta de tratamiento de aguas residuales de La Aurora de Heredia. (Master&#8217;s Thesis).&nbsp;Distance State University, Costa Rica. PDF Medina Sandoval, W. (2020).&nbsp;Evaluaci\u00f3n del Modelo de Cartograf\u00eda de Riesgo de Incendios Forestales en el \u00c1rea de Conservaci\u00f3n Guanacaste, Costa [&hellip;]<\/p>\n","protected":false},"author":1,"featured_media":0,"parent":555,"menu_order":0,"comment_status":"closed","ping_status":"closed","template":"","meta":{"ngg_post_thumbnail":0,"_themeisle_gutenberg_block_has_review":false,"footnotes":""},"class_list":["post-1216","page","type-page","status-publish","czr-hentry"],"_links":{"self":[{"href":"https:\/\/investiga.uned.ac.cr\/urbanecology\/wp-json\/wp\/v2\/pages\/1216","targetHints":{"allow":["GET"]}}],"collection":[{"href":"https:\/\/investiga.uned.ac.cr\/urbanecology\/wp-json\/wp\/v2\/pages"}],"about":[{"href":"https:\/\/investiga.uned.ac.cr\/urbanecology\/wp-json\/wp\/v2\/types\/page"}],"author":[{"embeddable":true,"href":"https:\/\/investiga.uned.ac.cr\/urbanecology\/wp-json\/wp\/v2\/users\/1"}],"replies":[{"embeddable":true,"href":"https:\/\/investiga.uned.ac.cr\/urbanecology\/wp-json\/wp\/v2\/comments?post=1216"}],"version-history":[{"count":0,"href":"https:\/\/investiga.uned.ac.cr\/urbanecology\/wp-json\/wp\/v2\/pages\/1216\/revisions"}],"up":[{"embeddable":true,"href":"https:\/\/investiga.uned.ac.cr\/urbanecology\/wp-json\/wp\/v2\/pages\/555"}],"wp:attachment":[{"href":"https:\/\/investiga.uned.ac.cr\/urbanecology\/wp-json\/wp\/v2\/media?parent=1216"}],"curies":[{"name":"wp","href":"https:\/\/api.w.org\/{rel}","templated":true}]}}