{"id":505,"date":"2019-01-30T11:22:11","date_gmt":"2019-01-30T17:22:11","guid":{"rendered":"https:\/\/investiga.uned.ac.cr\/obsas\/?page_id=505"},"modified":"2019-01-30T11:22:11","modified_gmt":"2019-01-30T17:22:11","slug":"otros-documentos","status":"publish","type":"page","link":"https:\/\/investiga.uned.ac.cr\/obsas\/otros-documentos\/","title":{"rendered":"Otros documentos"},"content":{"rendered":"<ul>\n<li><a href=\"https:\/\/investiga.uned.ac.cr\/obsas\/wp-content\/uploads\/sites\/25\/2019\/01\/Captaci\u00f3n-y-Almacenamiento-de-Agua-de-Lluvia.pdf\">Captaci\u00f3n y Almacenamiento de Agua de Lluvia<\/a><\/li>\n<li><a href=\"https:\/\/investiga.uned.ac.cr\/obsas\/wp-content\/uploads\/sites\/25\/2019\/01\/Informe-Mundial-de-las-Naciones-Unidas-2017-de-Agua-Residules.pdf\">Informe Mundial de las Naciones Unidas 2017 de Agua Residules<\/a><\/li>\n<li><a href=\"https:\/\/investiga.uned.ac.cr\/obsas\/wp-content\/uploads\/sites\/25\/2019\/01\/Manual-para-las-ASADAS-Cedarena-Transparencia-y-Rendici\u00f3n-de-Cuentas.pdf\">Manual para las ASADAS &#8211; Cedarena &#8211; Transparencia y Rendici\u00f3n de Cuentas<\/a><\/li>\n<li><a href=\"https:\/\/investiga.uned.ac.cr\/obsas\/wp-content\/uploads\/sites\/25\/2019\/01\/Participaci\u00f3n-ciudadana-y-gesti\u00f3n-Integral-de-Residuos.pdf\">Participaci\u00f3n ciudadana y gesti\u00f3n Integral de Residuos<\/a><\/li>\n<\/ul>\n","protected":false},"excerpt":{"rendered":"<p>Captaci\u00f3n y Almacenamiento de Agua de Lluvia Informe Mundial de las Naciones Unidas 2017 de Agua Residules Manual para las ASADAS &#8211; Cedarena &#8211; Transparencia y Rendici\u00f3n de Cuentas Participaci\u00f3n ciudadana y gesti\u00f3n Integral de Residuos<\/p>\n","protected":false},"author":1,"featured_media":0,"parent":0,"menu_order":0,"comment_status":"closed","ping_status":"closed","template":"","meta":{"ngg_post_thumbnail":0,"_themeisle_gutenberg_block_has_review":false,"footnotes":""},"class_list":["post-505","page","type-page","status-publish","hentry"],"_links":{"self":[{"href":"https:\/\/investiga.uned.ac.cr\/obsas\/wp-json\/wp\/v2\/pages\/505","targetHints":{"allow":["GET"]}}],"collection":[{"href":"https:\/\/investiga.uned.ac.cr\/obsas\/wp-json\/wp\/v2\/pages"}],"about":[{"href":"https:\/\/investiga.uned.ac.cr\/obsas\/wp-json\/wp\/v2\/types\/page"}],"author":[{"embeddable":true,"href":"https:\/\/investiga.uned.ac.cr\/obsas\/wp-json\/wp\/v2\/users\/1"}],"replies":[{"embeddable":true,"href":"https:\/\/investiga.uned.ac.cr\/obsas\/wp-json\/wp\/v2\/comments?post=505"}],"version-history":[{"count":0,"href":"https:\/\/investiga.uned.ac.cr\/obsas\/wp-json\/wp\/v2\/pages\/505\/revisions"}],"wp:attachment":[{"href":"https:\/\/investiga.uned.ac.cr\/obsas\/wp-json\/wp\/v2\/media?parent=505"}],"curies":[{"name":"wp","href":"https:\/\/api.w.org\/{rel}","templated":true}]}}