{"id":486,"date":"2019-01-30T11:22:21","date_gmt":"2019-01-30T17:22:21","guid":{"rendered":"https:\/\/investiga.uned.ac.cr\/obsas\/?page_id=486"},"modified":"2025-07-30T17:58:18","modified_gmt":"2025-07-30T17:58:18","slug":"proyecto-agenda-cooperacion-los-santos-2017-2018","status":"publish","type":"page","link":"https:\/\/investiga.uned.ac.cr\/obsas\/proyecto-agenda-cooperacion-los-santos-2017-2018\/","title":{"rendered":"Proyecto Agenda Cooperaci\u00f3n Los Santos 2017-2018"},"content":{"rendered":"<h6><strong>Objetivo 1 y 2<\/strong><\/h6>\n<p><a href=\"https:\/\/investiga.uned.ac.cr\/obsas\/wp-content\/uploads\/sites\/11\/2025\/07\/Objetivo-1-y-2_Complementos-de-la-GIRH_Informe-T\u00e9cnico.pdf\" data-wplink-edit=\"true\">Objetivo 1 y 2_Complementos de la GIRH_Informe T\u00e9cnico<\/a><\/p>\n<p><a href=\"https:\/\/investiga.uned.ac.cr\/obsas\/wp-content\/uploads\/sites\/11\/2025\/07\/Objetivo-1-y-2_Gesti\u00f3n-Integrada-del-Agua-GIRH_Informe-T\u00e9cnico.pdf\">Objetivo 1 y 2_Gesti\u00f3n Integrada del Agua (GIRH)_Informe T\u00e9cnico<\/a><\/p>\n<h6><strong>Objetivo 3<\/strong><\/h6>\n<p><a href=\"https:\/\/investiga.uned.ac.cr\/obsas\/wp-content\/uploads\/sites\/11\/2025\/07\/Informe-Santos_FINAL_Objetivo-3_UCR.pdf\">Informe Santos_FINAL_Objetivo 3_UCR<\/a><\/p>\n<h6><strong>Objetivo 4<\/strong><\/h6>\n<p><a href=\"https:\/\/investiga.uned.ac.cr\/obsas\/wp-content\/uploads\/sites\/11\/2025\/07\/Objetivo-4_Gest\u00f3n-del-Agua_Informe-T\u00e9cnico.pdf\">Objetivo 4_Gest\u00f3n del Agua_Informe T\u00e9cnico<\/a><\/p>\n<h6><strong>Base de datos<\/strong><\/h6>\n<p><a href=\"https:\/\/investiga.uned.ac.cr\/obsas\/wp-content\/uploads\/sites\/11\/2025\/07\/Como-Usar_BASE-DE-DATOS.pdf\">Como Usar_BASE DE DATOS<\/a><\/p>\n<p><a href=\"https:\/\/investiga.uned.ac.cr\/obsas\/wp-content\/uploads\/sites\/25\/2019\/01\/Base-.xlsm\">Base<\/a><\/p>\n<h6><strong>Asociatividad<\/strong><\/h6>\n<p><a href=\"https:\/\/investiga.uned.ac.cr\/obsas\/wp-content\/uploads\/sites\/11\/2025\/07\/Informe-final-proceso-Asociatividad-ASADAS-de-Los-Santos-CONARE.pdf\">Informe final proceso Asociatividad ASADAS de Los Santos CONARE<\/a><\/p>\n<p><a href=\"https:\/\/investiga.uned.ac.cr\/obsas\/wp-content\/uploads\/sites\/11\/2025\/07\/Producto-1_-Lista-de-contactos-de-las-ASADAS-participantes.pdf\">Lista de contactos de las ASADAS participantes<\/a><\/p>\n<p><a href=\"https:\/\/investiga.uned.ac.cr\/obsas\/wp-content\/uploads\/sites\/11\/2025\/07\/Producto-2_-Resultados-autoevaluaci\u00f3n-estado-de-ASADAS-Los-Santos.pdf\">Resultados autoevaluaci\u00f3n estado de ASADAS Los Santos<\/a><\/p>\n<p><a href=\"https:\/\/investiga.uned.ac.cr\/obsas\/wp-content\/uploads\/sites\/11\/2025\/07\/Producto-3_-Gu\u00eda-_Paso-a-Paso-del-proceso-de-Asociatividad-de-ASADAS__.pdf\">Gu\u00eda _Paso a Paso del proceso de Asociatividad de ASADAS__<\/a><\/p>\n<p><a href=\"https:\/\/investiga.uned.ac.cr\/obsas\/wp-content\/uploads\/sites\/11\/2025\/07\/Producto-4.-An\u00e1lisis-FODA-FLU-Los-Santos-pdf.pdf\">An\u00e1lisis FODA FLU Los Santos pdf<\/a><\/p>\n<p><a href=\"https:\/\/investiga.uned.ac.cr\/obsas\/wp-content\/uploads\/sites\/11\/2025\/07\/Producto-5_-Hoja-de-Ruta-sobre-las-pr\u00f3ximas-actividades-de-corto-plazo-y-primer-comit\u00e9-pro-FLU.pdf\">Hoja de Ruta sobre las pr\u00f3ximas actividades de corto plazo y primer comit\u00e9 pro-FLU<\/a><\/p>\n<p><a href=\"https:\/\/investiga.uned.ac.cr\/obsas\/wp-content\/uploads\/sites\/11\/2025\/07\/Producto-6_-Modelo-de-acuerdo-para-ASADAS-que-deseen-ser-parte-de-la-FLU.docx\">Modelo de acuerdo para ASADAS que deseen ser parte de la FLU<\/a> <a href=\"https:\/\/investiga.uned.ac.cr\/obsas\/wp-content\/uploads\/sites\/25\/2019\/01\/Producto-8_-Plan-de-Acci\u00f3n-FLU-Los-Santos.pdf\">Plan de Acci\u00f3n FLU Los Santos<\/a><\/p>\n<p><a href=\"https:\/\/investiga.uned.ac.cr\/obsas\/wp-content\/uploads\/sites\/11\/2025\/07\/Producto-9-Plan-de-contenidos-para-un-proceso-Pro-Asociatividad-de-ASADAS.pdf\">Plan de contenidos para un proceso Pro Asociatividad de ASADAS<\/a><\/p>\n<p><img fetchpriority=\"high\" decoding=\"async\" class=\"alignnone size-large wp-image-498\" src=\"https:\/\/investiga.uned.ac.cr\/obsas\/wp-content\/uploads\/sites\/25\/2019\/01\/Producto-7_-Documento-con-propuesta-de-fines-para-la-FLU-de-Los-Santos-1024x536.png\" alt=\"\" width=\"900\" height=\"471\" \/><\/p>\n","protected":false},"excerpt":{"rendered":"<p>Objetivo 1 y 2 Objetivo 1 y 2_Complementos de la GIRH_Informe T\u00e9cnico Objetivo 1 y 2_Gesti\u00f3n Integrada del Agua (GIRH)_Informe T\u00e9cnico Objetivo 3 Informe Santos_FINAL_Objetivo 3_UCR Objetivo 4 Objetivo 4_Gest\u00f3n del Agua_Informe T\u00e9cnico Base de datos Como Usar_BASE DE DATOS Base Asociatividad Informe final proceso Asociatividad ASADAS de Los Santos CONARE Lista de contactos de [&hellip;]<\/p>\n","protected":false},"author":1,"featured_media":0,"parent":0,"menu_order":0,"comment_status":"closed","ping_status":"closed","template":"elementor_theme","meta":{"ngg_post_thumbnail":0,"_themeisle_gutenberg_block_has_review":false,"footnotes":""},"class_list":["post-486","page","type-page","status-publish","hentry"],"_links":{"self":[{"href":"https:\/\/investiga.uned.ac.cr\/obsas\/wp-json\/wp\/v2\/pages\/486","targetHints":{"allow":["GET"]}}],"collection":[{"href":"https:\/\/investiga.uned.ac.cr\/obsas\/wp-json\/wp\/v2\/pages"}],"about":[{"href":"https:\/\/investiga.uned.ac.cr\/obsas\/wp-json\/wp\/v2\/types\/page"}],"author":[{"embeddable":true,"href":"https:\/\/investiga.uned.ac.cr\/obsas\/wp-json\/wp\/v2\/users\/1"}],"replies":[{"embeddable":true,"href":"https:\/\/investiga.uned.ac.cr\/obsas\/wp-json\/wp\/v2\/comments?post=486"}],"version-history":[{"count":2,"href":"https:\/\/investiga.uned.ac.cr\/obsas\/wp-json\/wp\/v2\/pages\/486\/revisions"}],"predecessor-version":[{"id":1913,"href":"https:\/\/investiga.uned.ac.cr\/obsas\/wp-json\/wp\/v2\/pages\/486\/revisions\/1913"}],"wp:attachment":[{"href":"https:\/\/investiga.uned.ac.cr\/obsas\/wp-json\/wp\/v2\/media?parent=486"}],"curies":[{"name":"wp","href":"https:\/\/api.w.org\/{rel}","templated":true}]}}