{"id":33,"date":"2018-03-21T02:33:38","date_gmt":"2018-03-21T08:33:38","guid":{"rendered":"https:\/\/investiga.uned.ac.cr\/observatoriodelagua\/?page_id=33"},"modified":"2026-03-09T18:17:20","modified_gmt":"2026-03-09T18:17:20","slug":"noticias","status":"publish","type":"page","link":"https:\/\/investiga.uned.ac.cr\/obsas\/noticias\/","title":{"rendered":"Noticias"},"content":{"rendered":"\t\t<div data-elementor-type=\"wp-page\" data-elementor-id=\"33\" class=\"elementor elementor-33\">\n\t\t\t\t\t\t<section class=\"elementor-section elementor-top-section elementor-element elementor-element-0dd102e elementor-section-boxed elementor-section-height-default elementor-section-height-default\" data-id=\"0dd102e\" data-element_type=\"section\" data-e-type=\"section\">\n\t\t\t\t\t\t<div class=\"elementor-container elementor-column-gap-default\">\n\t\t\t\t\t<div class=\"elementor-column elementor-col-100 elementor-top-column elementor-element elementor-element-4f73afc\" data-id=\"4f73afc\" data-element_type=\"column\" data-e-type=\"column\">\n\t\t\t<div class=\"elementor-widget-wrap elementor-element-populated\">\n\t\t\t\t\t\t<div class=\"elementor-element elementor-element-8e565da elementor-widget elementor-widget-heading\" data-id=\"8e565da\" data-element_type=\"widget\" data-e-type=\"widget\" data-widget_type=\"heading.default\">\n\t\t\t\t\t<h2 class=\"elementor-heading-title elementor-size-default\"><p class=\"MsoNormal\" align=\"center\" style=\"text-align:center;line-height:normal\"><b><span lang=\"ES-CR\" style=\",sans-serif\">El Suelo como Arte: Ciencia y\nComunidad se unen en Costa Rica<\/span><\/b><\/p><\/h2>\t\t\t\t<\/div>\n\t\t\t\t<div class=\"elementor-element elementor-element-2a7df9c elementor-widget elementor-widget-text-editor\" data-id=\"2a7df9c\" data-element_type=\"widget\" data-e-type=\"widget\" data-widget_type=\"text-editor.default\">\n\t\t\t\t\t\t\t\t\t<p>En Costa Rica, el Laboratorio de Investigaci\u00f3n en Aguas y Suelos (LIAS) ha desarrollado un proyecto \u00fanico que convierte el suelo en pigmento natural para crear acuarelas. Esta iniciativa combina ciencia, arte y educaci\u00f3n ambiental, acercando a las comunidades al conocimiento de una forma creativa y accesible.<\/p>\n<p>Todo comenz\u00f3 con un experimento para extraer pigmentos de diferentes tipos de suelo, lo que luego dio paso a talleres comunitarios. En diciembre de 2024, se realiz\u00f3 la primera actividad con ni\u00f1os en El Rodeo de San Marcos de Tarraz\u00fa, donde adem\u00e1s de pintar, aprendieron sobre la biodiversidad que vive bajo nuestros pies.<\/p>\n<p>El proyecto continu\u00f3 con un taller gratuito en la Biblioteca Municipal de Cartago y participaciones en ferias culturales como la de Tapant\u00ed en Orosi y la Feria de la Danta en Dota. En cada espacio, los participantes pintaron con tierra y reflexionaron sobre la importancia ecol\u00f3gica del suelo y su conexi\u00f3n con especies clave como la danta (Tapirus bairdii).<\/p>\n<p>Esta propuesta ha generado una gran acogida, despertando curiosidad y reforzando el v\u00ednculo entre ciencia y comunidad. Con una brocha y un poco de tierra, LIAS est\u00e1 cambiando la forma en que se percibe y valora el suelo en nuestro entorno.<\/p>\t\t\t\t\t\t\t\t<\/div>\n\t\t\t\t<div class=\"elementor-element elementor-element-5bc814a elementor-widget elementor-widget-image\" data-id=\"5bc814a\" data-element_type=\"widget\" data-e-type=\"widget\" data-widget_type=\"image.default\">\n\t\t\t\t\t\t\t\t\t\t\t\t\t\t\t<img fetchpriority=\"high\" decoding=\"async\" width=\"610\" height=\"763\" src=\"https:\/\/investiga.uned.ac.cr\/obsas\/wp-content\/uploads\/sites\/11\/2025\/07\/Minimalist-Simple-Nature-Photo-Collage-Instagram-Post-1-768x960-1.png\" class=\"attachment-medium_large size-medium_large wp-image-1933\" alt=\"\" srcset=\"https:\/\/investiga.uned.ac.cr\/obsas\/wp-content\/uploads\/sites\/11\/2025\/07\/Minimalist-Simple-Nature-Photo-Collage-Instagram-Post-1-768x960-1.png 768w, https:\/\/investiga.uned.ac.cr\/obsas\/wp-content\/uploads\/sites\/11\/2025\/07\/Minimalist-Simple-Nature-Photo-Collage-Instagram-Post-1-768x960-1-240x300.png 240w\" sizes=\"(max-width: 610px) 100vw, 610px\" \/>\t\t\t\t\t\t\t\t\t\t\t\t\t\t\t<\/div>\n\t\t\t\t<div class=\"elementor-element elementor-element-511c1ab elementor-widget-divider--view-line elementor-widget elementor-widget-divider\" data-id=\"511c1ab\" data-element_type=\"widget\" data-e-type=\"widget\" data-widget_type=\"divider.default\">\n\t\t\t\t\t\t\t<div class=\"elementor-divider\">\n\t\t\t<span class=\"elementor-divider-separator\">\n\t\t\t\t\t\t<\/span>\n\t\t<\/div>\n\t\t\t\t\t\t<\/div>\n\t\t\t\t<div class=\"elementor-element elementor-element-906c328 elementor-widget elementor-widget-heading\" data-id=\"906c328\" data-element_type=\"widget\" data-e-type=\"widget\" data-widget_type=\"heading.default\">\n\t\t\t\t\t<h2 class=\"elementor-heading-title elementor-size-default\"><p align=\"center\" style=\"text-align:center\"><b><span lang=\"ES-CR\" style=\",sans-serif\">Feria del Agua, Santa Mar\u00eda 2025<\/span><\/b><span style=\"text-align: start\"><\/span><\/p><\/h2>\t\t\t\t<\/div>\n\t\t\t\t<div class=\"elementor-element elementor-element-ca8bd86 elementor-widget elementor-widget-text-editor\" data-id=\"ca8bd86\" data-element_type=\"widget\" data-e-type=\"widget\" data-widget_type=\"text-editor.default\">\n\t\t\t\t\t\t\t\t\t<p>El agua es un recurso vital para la vida y su protecci\u00f3n se ha convertido en una prioridad frente a los desaf\u00edos ambientales actuales. Con el objetivo de promover su uso responsable y concientizar a la poblaci\u00f3n sobre su valor, el pasado mes de marzo se celebr\u00f3 la Feria del Agua en Santa Mar\u00eda de Dota.<\/p>\n<p>La actividad fue organizada por las Municipalidades de Dota, Tarraz\u00fa y Le\u00f3n Cort\u00e9s, y participaron el Laboratorio de Investigaci\u00f3n en Agua y Suelos (LIAS) de la UNED, instituciones p\u00fablicas, organizaciones locales y centros educativos. La feria ofreci\u00f3 una variedad de espacios interactivos dirigidos a todo p\u00fablico, en especial a los ni\u00f1os.<\/p>\n<p>Entre las actividades destacadas, el LIAS prepar\u00f3 rompecabezas educativos y una dramatizaci\u00f3n del cuento del ciclo del agua, liderada por Catalina Vargas. Esta representaci\u00f3n l\u00fadica permiti\u00f3 a los m\u00e1s peque\u00f1os experimentar el recorrido del agua de forma din\u00e1mica y divertida, despertando su curiosidad y comprensi\u00f3n sobre este proceso natural.<\/p>\n<p>La participaci\u00f3n fue entusiasta y el ambiente reafirm\u00f3 la importancia de continuar educando desde edades tempranas sobre el cuidado del agua como parte esencial de nuestra vida y del entorno.<\/p>\n<p>Como parte de las actividades, el LIAS tambi\u00e9n present\u00f3 muestras de tres tipos de agua: superficial, residual y potable, con el objetivo de que los asistentes pudieran observar sus diferencias y similitudes. Esta din\u00e1mica permiti\u00f3 destacar la importancia de las caracter\u00edsticas de cada tipo de agua en sus distintos roles ecol\u00f3gicos, humanos y sociales.<\/p>\n<p>.<\/p>\t\t\t\t\t\t\t\t<\/div>\n\t\t\t\t<div class=\"elementor-element elementor-element-903c7ac elementor-widget elementor-widget-image\" data-id=\"903c7ac\" data-element_type=\"widget\" data-e-type=\"widget\" data-widget_type=\"image.default\">\n\t\t\t\t\t\t\t\t\t\t\t\t\t\t\t<img decoding=\"async\" width=\"610\" height=\"407\" src=\"https:\/\/investiga.uned.ac.cr\/obsas\/wp-content\/uploads\/sites\/11\/2025\/07\/Collage-de-fotos-viaje-recuerdo-minimalista-sencillo-blanco-y-negro-768x512-1.png\" class=\"attachment-medium_large size-medium_large wp-image-1929\" alt=\"\" srcset=\"https:\/\/investiga.uned.ac.cr\/obsas\/wp-content\/uploads\/sites\/11\/2025\/07\/Collage-de-fotos-viaje-recuerdo-minimalista-sencillo-blanco-y-negro-768x512-1.png 768w, https:\/\/investiga.uned.ac.cr\/obsas\/wp-content\/uploads\/sites\/11\/2025\/07\/Collage-de-fotos-viaje-recuerdo-minimalista-sencillo-blanco-y-negro-768x512-1-300x200.png 300w\" sizes=\"(max-width: 610px) 100vw, 610px\" \/>\t\t\t\t\t\t\t\t\t\t\t\t\t\t\t<\/div>\n\t\t\t\t<div class=\"elementor-element elementor-element-b39c793 elementor-widget-divider--view-line elementor-widget elementor-widget-divider\" data-id=\"b39c793\" data-element_type=\"widget\" data-e-type=\"widget\" data-widget_type=\"divider.default\">\n\t\t\t\t\t\t\t<div class=\"elementor-divider\">\n\t\t\t<span class=\"elementor-divider-separator\">\n\t\t\t\t\t\t<\/span>\n\t\t<\/div>\n\t\t\t\t\t\t<\/div>\n\t\t\t\t<div class=\"elementor-element elementor-element-41f2882 elementor-widget elementor-widget-heading\" data-id=\"41f2882\" data-element_type=\"widget\" data-e-type=\"widget\" data-widget_type=\"heading.default\">\n\t\t\t\t\t<h2 class=\"elementor-heading-title elementor-size-default\">Celebraci\u00f3n del D\u00eda del Suelo<\/h2>\t\t\t\t<\/div>\n\t\t\t\t<div class=\"elementor-element elementor-element-42c9e82 elementor-widget elementor-widget-text-editor\" data-id=\"42c9e82\" data-element_type=\"widget\" data-e-type=\"widget\" data-widget_type=\"text-editor.default\">\n\t\t\t\t\t\t\t\t\t<p>El Laboratorio de Investigaci\u00f3n en Agua y Suelos de la UNED (LIAS-UNED) celebr\u00f3 por segundo a\u00f1o consecutivo el D\u00eda Mundial del Suelo el pasado 7 de diciembre de 2024, con una innovadora actividad que fusion\u00f3 arte y ciencia: la creaci\u00f3n de acuarelas naturales elaboradas a partir de suelos. El equipo del LIAS llev\u00f3 a cabo un proceso de investigaci\u00f3n y experimentaci\u00f3n para desarrollar pigmentos naturales seguros y adecuados para su uso art\u00edstico. Para ello, recolectaron suelos de diferentes tonalidades en El Rodeo, San Marcos de Tarraz\u00fa y zonas aleda\u00f1as, los cuales fueron sometidos a procesos de cocci\u00f3n, sedimentaci\u00f3n, filtrado, secado y molienda hasta obtener el material \u00f3ptimo para la elaboraci\u00f3n de acuarelas.<\/p>\n<p>La actividad se realiz\u00f3 en el laboratorio y cont\u00f3 con la participaci\u00f3n de ni\u00f1os de entre 5 y 9 a\u00f1os de la comunidad. A trav\u00e9s de una metodolog\u00eda interactiva, los peque\u00f1os crearon sus propias pinturas y al mismo tiempo aprendieron sobre la importancia del suelo en el ecosistema, su formaci\u00f3n y su papel en la sostenibilidad ambiental.<\/p>\t\t\t\t\t\t\t\t<\/div>\n\t\t\t\t<div class=\"elementor-element elementor-element-452071e elementor-widget elementor-widget-image\" data-id=\"452071e\" data-element_type=\"widget\" data-e-type=\"widget\" data-widget_type=\"image.default\">\n\t\t\t\t\t\t\t\t\t\t\t\t\t\t\t<img decoding=\"async\" width=\"300\" height=\"240\" src=\"https:\/\/investiga.uned.ac.cr\/obsas\/wp-content\/uploads\/sites\/11\/2025\/07\/Blanco-2-Paneles-Retratos-Historietas-300x240-1.png\" class=\"attachment-1536x1536 size-1536x1536 wp-image-1928\" alt=\"\" \/>\t\t\t\t\t\t\t\t\t\t\t\t\t\t\t<\/div>\n\t\t\t\t<div class=\"elementor-element elementor-element-5411485 elementor-widget elementor-widget-text-editor\" data-id=\"5411485\" data-element_type=\"widget\" data-e-type=\"widget\" data-widget_type=\"text-editor.default\">\n\t\t\t\t\t\t\t\t\t<p>El \u00e9xito de esta iniciativa se reflej\u00f3 en el entusiasmo de los participantes y en la efectividad de combinar arte y ciencia para transmitir conocimientos de manera l\u00fadica. Adem\u00e1s, reafirma el compromiso del LIAS-UNED con la educaci\u00f3n ambiental y la sensibilizaci\u00f3n sobre la conservaci\u00f3n del suelo.<\/p>\n<p>\u00a0 <br \/>El laboratorio continuar\u00e1 desarrollando estrategias innovadoras que acerquen la ciencia del suelo a diferentes p\u00fablicos, fomentando el aprendizaje y el uso sostenible de los recursos naturales.<\/p>\t\t\t\t\t\t\t\t<\/div>\n\t\t\t\t\t<\/div>\n\t\t<\/div>\n\t\t\t\t\t<\/div>\n\t\t<\/section>\n\t\t\t\t<section class=\"elementor-section elementor-top-section elementor-element elementor-element-d84409a elementor-section-boxed elementor-section-height-default elementor-section-height-default\" data-id=\"d84409a\" data-element_type=\"section\" data-e-type=\"section\">\n\t\t\t\t\t\t<div class=\"elementor-container elementor-column-gap-default\">\n\t\t\t\t\t<div class=\"elementor-column elementor-col-100 elementor-top-column elementor-element elementor-element-8bb3557\" data-id=\"8bb3557\" data-element_type=\"column\" data-e-type=\"column\">\n\t\t\t<div class=\"elementor-widget-wrap elementor-element-populated\">\n\t\t\t\t\t\t<div class=\"elementor-element elementor-element-5c0fb0b elementor-widget-divider--view-line elementor-widget elementor-widget-divider\" data-id=\"5c0fb0b\" data-element_type=\"widget\" data-e-type=\"widget\" data-widget_type=\"divider.default\">\n\t\t\t\t\t\t\t<div class=\"elementor-divider\">\n\t\t\t<span class=\"elementor-divider-separator\">\n\t\t\t\t\t\t<\/span>\n\t\t<\/div>\n\t\t\t\t\t\t<\/div>\n\t\t\t\t<div class=\"elementor-element elementor-element-844013a elementor-widget elementor-widget-heading\" data-id=\"844013a\" data-element_type=\"widget\" data-e-type=\"widget\" data-widget_type=\"heading.default\">\n\t\t\t\t\t<h2 class=\"elementor-heading-title elementor-size-default\">Encuentro de intercambio de conocimiento en la Zona de Los Santos\n<\/h2>\t\t\t\t<\/div>\n\t\t\t\t<div class=\"elementor-element elementor-element-65f40e4 elementor-widget elementor-widget-text-editor\" data-id=\"65f40e4\" data-element_type=\"widget\" data-e-type=\"widget\" data-widget_type=\"text-editor.default\">\n\t\t\t\t\t\t\t\t\t<p>El pasado 26 de noviembre, se llev\u00f3 a cabo en Copey de Dota un Encuentro de Intercambio de Conocimiento en la Zona de Los Santos, donde se compartieron los resultados de dos tesis desarrolladas por estudiantes de la UNED, en colaboraci\u00f3n con investigadores del LIAS.<br \/>Las investigaciones presentadas fueron:<br \/>\u2022 &#8220;Interacci\u00f3n de especies de colibr\u00edes y estructura de jardines polinizadores para la observaci\u00f3n de aves en la zona alta de Los Santos, Costa Rica&#8221;, elaborada por Rebeca Navarro Araya, bajo la supervisi\u00f3n de la M.Sc. Paola Brenes Rojas.<br \/>\u2022 &#8220;Gu\u00eda metodol\u00f3gica para el desarrollo de jardines de observaci\u00f3n de colibr\u00edes para la zona de Los Santos, San Jos\u00e9, Costa Rica&#8221;, realizada por Arianna Mu\u00f1oz, tambi\u00e9n bajo la supervisi\u00f3n de la M.Sc. Paola Brenes Rojas.<br \/>El evento tuvo como objetivo vincular los resultados de estas investigaciones con asociaciones y empresas tur\u00edsticas de la regi\u00f3n, promoviendo as\u00ed el uso del conocimiento cient\u00edfico en el desarrollo sostenible del turismo local.<\/p>\t\t\t\t\t\t\t\t<\/div>\n\t\t\t\t<div class=\"elementor-element elementor-element-58a1917 elementor-widget elementor-widget-image\" data-id=\"58a1917\" data-element_type=\"widget\" data-e-type=\"widget\" data-widget_type=\"image.default\">\n\t\t\t\t\t\t\t\t\t\t\t\t\t\t\t<img decoding=\"async\" src=\"https:\/\/investiga.uned.ac.cr\/obsas\/wp-content\/uploads\/sites\/25\/2025\/03\/WhatsApp-Image-2025-02-17-at-1.25.32-PM.jpeg\" title=\"\" alt=\"\" loading=\"lazy\" \/>\t\t\t\t\t\t\t\t\t\t\t\t\t\t\t<\/div>\n\t\t\t\t<div class=\"elementor-element elementor-element-1318758 elementor-widget elementor-widget-image\" data-id=\"1318758\" data-element_type=\"widget\" data-e-type=\"widget\" data-widget_type=\"image.default\">\n\t\t\t\t\t\t\t\t\t\t\t\t\t\t\t<img loading=\"lazy\" decoding=\"async\" width=\"300\" height=\"225\" src=\"https:\/\/investiga.uned.ac.cr\/obsas\/wp-content\/uploads\/sites\/11\/2025\/07\/WhatsApp-Image-2025-02-17-at-1.25.32-PM-300x225-1.jpeg\" class=\"attachment-1536x1536 size-1536x1536 wp-image-1927\" alt=\"\" \/>\t\t\t\t\t\t\t\t\t\t\t\t\t\t\t<\/div>\n\t\t\t\t<div class=\"elementor-element elementor-element-9afa9d9 elementor-widget-divider--view-line elementor-widget elementor-widget-divider\" data-id=\"9afa9d9\" data-element_type=\"widget\" data-e-type=\"widget\" data-widget_type=\"divider.default\">\n\t\t\t\t\t\t\t<div class=\"elementor-divider\">\n\t\t\t<span class=\"elementor-divider-separator\">\n\t\t\t\t\t\t<\/span>\n\t\t<\/div>\n\t\t\t\t\t\t<\/div>\n\t\t\t\t\t<\/div>\n\t\t<\/div>\n\t\t\t\t\t<\/div>\n\t\t<\/section>\n\t\t\t\t<section class=\"elementor-section elementor-top-section elementor-element elementor-element-2430fd9 elementor-section-boxed elementor-section-height-default elementor-section-height-default\" data-id=\"2430fd9\" data-element_type=\"section\" data-e-type=\"section\">\n\t\t\t\t\t\t<div class=\"elementor-container elementor-column-gap-default\">\n\t\t\t\t\t<div class=\"elementor-column elementor-col-100 elementor-top-column elementor-element elementor-element-3f7195c\" data-id=\"3f7195c\" data-element_type=\"column\" data-e-type=\"column\">\n\t\t\t<div class=\"elementor-widget-wrap elementor-element-populated\">\n\t\t\t\t\t\t<div class=\"elementor-element elementor-element-1ea9dc0 elementor-widget elementor-widget-heading\" data-id=\"1ea9dc0\" data-element_type=\"widget\" data-e-type=\"widget\" data-widget_type=\"heading.default\">\n\t\t\t\t\t<h2 class=\"elementor-heading-title elementor-size-medium\">V Conferencia latinoamericana de sanemiento Costa Rica 2019<\/h2>\t\t\t\t<\/div>\n\t\t\t\t\t<\/div>\n\t\t<\/div>\n\t\t\t\t\t<\/div>\n\t\t<\/section>\n\t\t\t\t<section class=\"elementor-section elementor-top-section elementor-element elementor-element-a648be9 elementor-section-boxed elementor-section-height-default elementor-section-height-default\" data-id=\"a648be9\" data-element_type=\"section\" data-e-type=\"section\">\n\t\t\t\t\t\t<div class=\"elementor-container elementor-column-gap-default\">\n\t\t\t\t\t<div class=\"elementor-column elementor-col-100 elementor-top-column elementor-element elementor-element-5045e9c\" data-id=\"5045e9c\" data-element_type=\"column\" data-e-type=\"column\">\n\t\t\t<div class=\"elementor-widget-wrap elementor-element-populated\">\n\t\t\t\t\t\t<div class=\"elementor-element elementor-element-81cf68e elementor-widget elementor-widget-text-editor\" data-id=\"81cf68e\" data-element_type=\"widget\" data-e-type=\"widget\" data-widget_type=\"text-editor.default\">\n\t\t\t\t\t\t\t\t\t<h6 style=\"text-align: left\"><span style=\"color: #3171a8\">Latino<em><span style=\"color: #00ccff\">san<\/span><\/em><\/span><\/h6>\n<p>Las Coferencias de LATINOSAN son eventos internacionales realizados cada tres a\u00f1os, con el objetivo de promover el acceso a servicios de saneamiento de calidad y sostenibles, en el \u00e1rea urbana y rural.<\/p>\t\t\t\t\t\t\t\t<\/div>\n\t\t\t\t<div class=\"elementor-element elementor-element-2604464 elementor-widget elementor-widget-image\" data-id=\"2604464\" data-element_type=\"widget\" data-e-type=\"widget\" data-widget_type=\"image.default\">\n\t\t\t\t\t\t\t\t\t\t\t\t\t\t\t<img decoding=\"async\" src=\"https:\/\/investiga.uned.ac.cr\/obsas\/wp-content\/uploads\/sites\/25\/2025\/03\/indice.png\" title=\"\" alt=\"\" loading=\"lazy\" \/>\t\t\t\t\t\t\t\t\t\t\t\t\t\t\t<\/div>\n\t\t\t\t<div class=\"elementor-element elementor-element-a46814e elementor-widget elementor-widget-text-editor\" data-id=\"a46814e\" data-element_type=\"widget\" data-e-type=\"widget\" data-widget_type=\"text-editor.default\">\n\t\t\t\t\t\t\t\t\t<p>Para m\u00e1s informaci\u00f3n de clic en nuestros contactos:<\/p>\t\t\t\t\t\t\t\t<\/div>\n\t\t\t\t\t<\/div>\n\t\t<\/div>\n\t\t\t\t\t<\/div>\n\t\t<\/section>\n\t\t<div class=\"elementor-element elementor-element-e35616a e-con-full e-flex e-con e-parent\" data-id=\"e35616a\" data-element_type=\"container\" data-e-type=\"container\">\n\t\t<div class=\"elementor-element elementor-element-30a5509 e-con-full e-flex e-con e-child\" data-id=\"30a5509\" data-element_type=\"container\" data-e-type=\"container\">\n\t\t\t\t<div class=\"elementor-element elementor-element-96e0fe0 elementor-view-default elementor-widget elementor-widget-icon\" data-id=\"96e0fe0\" data-element_type=\"widget\" data-e-type=\"widget\" data-widget_type=\"icon.default\">\n\t\t\t\t\t\t\t<div class=\"elementor-icon-wrapper\">\n\t\t\t<a class=\"elementor-icon\" href=\"https:\/\/wa.me\/message\/CDFVGNFXK7VPG1\">\n\t\t\t<svg aria-hidden=\"true\" class=\"e-font-icon-svg e-fab-whatsapp\" viewBox=\"0 0 448 512\" xmlns=\"http:\/\/www.w3.org\/2000\/svg\"><path d=\"M380.9 97.1C339 55.1 283.2 32 223.9 32c-122.4 0-222 99.6-222 222 0 39.1 10.2 77.3 29.6 111L0 480l117.7-30.9c32.4 17.7 68.9 27 106.1 27h.1c122.3 0 224.1-99.6 224.1-222 0-59.3-25.2-115-67.1-157zm-157 341.6c-33.2 0-65.7-8.9-94-25.7l-6.7-4-69.8 18.3L72 359.2l-4.4-7c-18.5-29.4-28.2-63.3-28.2-98.2 0-101.7 82.8-184.5 184.6-184.5 49.3 0 95.6 19.2 130.4 54.1 34.8 34.9 56.2 81.2 56.1 130.5 0 101.8-84.9 184.6-186.6 184.6zm101.2-138.2c-5.5-2.8-32.8-16.2-37.9-18-5.1-1.9-8.8-2.8-12.5 2.8-3.7 5.6-14.3 18-17.6 21.8-3.2 3.7-6.5 4.2-12 1.4-32.6-16.3-54-29.1-75.5-66-5.7-9.8 5.7-9.1 16.3-30.3 1.8-3.7.9-6.9-.5-9.7-1.4-2.8-12.5-30.1-17.1-41.2-4.5-10.8-9.1-9.3-12.5-9.5-3.2-.2-6.9-.2-10.6-.2-3.7 0-9.7 1.4-14.8 6.9-5.1 5.6-19.4 19-19.4 46.3 0 27.3 19.9 53.7 22.6 57.4 2.8 3.7 39.1 59.7 94.8 83.8 35.2 15.2 49 16.5 66.6 13.9 10.7-1.6 32.8-13.4 37.4-26.4 4.6-13 4.6-24.1 3.2-26.4-1.3-2.5-5-3.9-10.5-6.6z\"><\/path><\/svg>\t\t\t<\/a>\n\t\t<\/div>\n\t\t\t\t\t\t<\/div>\n\t\t\t\t<\/div>\n\t\t<div class=\"elementor-element elementor-element-266113e e-con-full e-flex e-con e-child\" data-id=\"266113e\" data-element_type=\"container\" data-e-type=\"container\">\n\t\t\t\t<div class=\"elementor-element elementor-element-0feaa0d elementor-view-default elementor-widget elementor-widget-icon\" data-id=\"0feaa0d\" data-element_type=\"widget\" data-e-type=\"widget\" data-widget_type=\"icon.default\">\n\t\t\t\t\t\t\t<div class=\"elementor-icon-wrapper\">\n\t\t\t<a class=\"elementor-icon\" href=\"mailto:liasinfo@uned.ac.cr\">\n\t\t\t<svg aria-hidden=\"true\" class=\"e-font-icon-svg e-fas-envelope\" viewBox=\"0 0 512 512\" xmlns=\"http:\/\/www.w3.org\/2000\/svg\"><path d=\"M502.3 190.8c3.9-3.1 9.7-.2 9.7 4.7V400c0 26.5-21.5 48-48 48H48c-26.5 0-48-21.5-48-48V195.6c0-5 5.7-7.8 9.7-4.7 22.4 17.4 52.1 39.5 154.1 113.6 21.1 15.4 56.7 47.8 92.2 47.6 35.7.3 72-32.8 92.3-47.6 102-74.1 131.6-96.3 154-113.7zM256 320c23.2.4 56.6-29.2 73.4-41.4 132.7-96.3 142.8-104.7 173.4-128.7 5.8-4.5 9.2-11.5 9.2-18.9v-19c0-26.5-21.5-48-48-48H48C21.5 64 0 85.5 0 112v19c0 7.4 3.4 14.3 9.2 18.9 30.6 23.9 40.7 32.4 173.4 128.7 16.8 12.2 50.2 41.8 73.4 41.4z\"><\/path><\/svg>\t\t\t<\/a>\n\t\t<\/div>\n\t\t\t\t\t\t<\/div>\n\t\t\t\t<\/div>\n\t\t\t\t<\/div>\n\t\t\t\t<\/div>\n\t\t","protected":false},"excerpt":{"rendered":"<p>El Suelo como Arte: Ciencia y Comunidad se unen en Costa Rica En Costa Rica, el Laboratorio de Investigaci\u00f3n en Aguas y Suelos (LIAS) ha desarrollado un proyecto \u00fanico que convierte el suelo en pigmento natural para crear acuarelas. Esta iniciativa combina ciencia, arte y educaci\u00f3n ambiental, acercando a las comunidades al conocimiento de una [&hellip;]<\/p>\n","protected":false},"author":1,"featured_media":0,"parent":0,"menu_order":0,"comment_status":"closed","ping_status":"closed","template":"","meta":{"ngg_post_thumbnail":0,"_themeisle_gutenberg_block_has_review":false,"footnotes":""},"class_list":["post-33","page","type-page","status-publish","hentry"],"_links":{"self":[{"href":"https:\/\/investiga.uned.ac.cr\/obsas\/wp-json\/wp\/v2\/pages\/33","targetHints":{"allow":["GET"]}}],"collection":[{"href":"https:\/\/investiga.uned.ac.cr\/obsas\/wp-json\/wp\/v2\/pages"}],"about":[{"href":"https:\/\/investiga.uned.ac.cr\/obsas\/wp-json\/wp\/v2\/types\/page"}],"author":[{"embeddable":true,"href":"https:\/\/investiga.uned.ac.cr\/obsas\/wp-json\/wp\/v2\/users\/1"}],"replies":[{"embeddable":true,"href":"https:\/\/investiga.uned.ac.cr\/obsas\/wp-json\/wp\/v2\/comments?post=33"}],"version-history":[{"count":14,"href":"https:\/\/investiga.uned.ac.cr\/obsas\/wp-json\/wp\/v2\/pages\/33\/revisions"}],"predecessor-version":[{"id":2148,"href":"https:\/\/investiga.uned.ac.cr\/obsas\/wp-json\/wp\/v2\/pages\/33\/revisions\/2148"}],"wp:attachment":[{"href":"https:\/\/investiga.uned.ac.cr\/obsas\/wp-json\/wp\/v2\/media?parent=33"}],"curies":[{"name":"wp","href":"https:\/\/api.w.org\/{rel}","templated":true}]}}