{"id":2128,"date":"2026-03-09T16:38:24","date_gmt":"2026-03-09T16:38:24","guid":{"rendered":"https:\/\/investiga.uned.ac.cr\/obsas\/?page_id=2128"},"modified":"2026-03-10T16:35:00","modified_gmt":"2026-03-10T16:35:00","slug":"consultoria","status":"publish","type":"page","link":"https:\/\/investiga.uned.ac.cr\/obsas\/consultoria\/","title":{"rendered":"Consultor\u00eda"},"content":{"rendered":"\t\t<div data-elementor-type=\"wp-page\" data-elementor-id=\"2128\" class=\"elementor elementor-2128\">\n\t\t\t\t<div class=\"elementor-element elementor-element-3815b13 e-flex e-con-boxed e-con e-parent\" data-id=\"3815b13\" data-element_type=\"container\" data-e-type=\"container\">\n\t\t\t\t\t<div class=\"e-con-inner\">\n\t\t\t\t<div class=\"elementor-element elementor-element-006d0ba elementor-widget elementor-widget-heading\" data-id=\"006d0ba\" data-element_type=\"widget\" data-e-type=\"widget\" data-widget_type=\"heading.default\">\n\t\t\t\t\t<h5 class=\"elementor-heading-title elementor-size-default\"><p style=\"margin-left:18.0pt\"><span>Servicios de consultor\u00eda y estudios t\u00e9cnicos ambientales<br><\/span><\/p><\/h5>\t\t\t\t<\/div>\n\t\t\t\t<div class=\"elementor-element elementor-element-6f5f8a1 elementor-widget elementor-widget-heading\" data-id=\"6f5f8a1\" data-element_type=\"widget\" data-e-type=\"widget\" data-widget_type=\"heading.default\">\n\t\t\t\t\t<h5 class=\"elementor-heading-title elementor-size-default\"><p style=\"text-align:justify\"><span lang=\"ES-CR\">Horario de atenci\u00f3n: de lunes a viernes 7:00 am a 3:30 pm<\/span><\/p><\/h5>\t\t\t\t<\/div>\n\t\t\t\t<div class=\"elementor-element elementor-element-9e66439 elementor-widget elementor-widget-text-editor\" data-id=\"9e66439\" data-element_type=\"widget\" data-e-type=\"widget\" data-widget_type=\"text-editor.default\">\n\t\t\t\t\t\t\t\t\t<p>El Laboratorio de Investigaci\u00f3n en Agua y Suelos (LIAS) de la UNED ofrece servicios de consultor\u00eda y estudios t\u00e9cnicos ambientales para apoyar la toma de decisiones y el cumplimiento de requisitos en proyectos y actividades productivas. Brindamos asesor\u00eda especializada y realizamos estudios en recurso h\u00eddrico, estudios ambientales para SETENA, estudios t\u00e9cnicos para ASADAS, estudios t\u00e9cnicos para beneficio de caf\u00e9, planes de manejo ambiental de finca y gesti\u00f3n del riesgo ambiental, entre otros, con atenci\u00f3n personalizada y respaldo t\u00e9cnico.<\/p>\t\t\t\t\t\t\t\t<\/div>\n\t\t\t\t\t<\/div>\n\t\t\t\t<\/div>\n\t\t<div class=\"elementor-element elementor-element-fa2f713 e-flex e-con-boxed e-con e-parent\" data-id=\"fa2f713\" data-element_type=\"container\" data-e-type=\"container\">\n\t\t\t\t\t<div class=\"e-con-inner\">\n\t\t\t\t<div class=\"elementor-element elementor-element-57007ca elementor-widget elementor-widget-image\" data-id=\"57007ca\" data-element_type=\"widget\" data-e-type=\"widget\" data-widget_type=\"image.default\">\n\t\t\t\t\t\t\t\t\t\t\t\t\t\t\t<img fetchpriority=\"high\" decoding=\"async\" width=\"610\" height=\"776\" src=\"https:\/\/investiga.uned.ac.cr\/obsas\/wp-content\/uploads\/sites\/11\/2026\/03\/CONSULTORIA.png\" class=\"attachment-medium_large size-medium_large wp-image-2133\" alt=\"\" srcset=\"https:\/\/investiga.uned.ac.cr\/obsas\/wp-content\/uploads\/sites\/11\/2026\/03\/CONSULTORIA.png 681w, https:\/\/investiga.uned.ac.cr\/obsas\/wp-content\/uploads\/sites\/11\/2026\/03\/CONSULTORIA-236x300.png 236w\" sizes=\"(max-width: 610px) 100vw, 610px\" \/>\t\t\t\t\t\t\t\t\t\t\t\t\t\t\t<\/div>\n\t\t\t\t\t<\/div>\n\t\t\t\t<\/div>\n\t\t<div class=\"elementor-element elementor-element-04c3144 e-flex e-con-boxed e-con e-parent\" data-id=\"04c3144\" data-element_type=\"container\" data-e-type=\"container\">\n\t\t\t\t\t<div class=\"e-con-inner\">\n\t\t\t\t<div class=\"elementor-element elementor-element-cc7a1e5 elementor-widget elementor-widget-text-editor\" data-id=\"cc7a1e5\" data-element_type=\"widget\" data-e-type=\"widget\" data-widget_type=\"text-editor.default\">\n\t\t\t\t\t\t\t\t\t<p>Para m\u00e1s informaci\u00f3n de clic en nuestros contactos:<\/p>\t\t\t\t\t\t\t\t<\/div>\n\t\t\t\t\t<\/div>\n\t\t\t\t<\/div>\n\t\t<div class=\"elementor-element elementor-element-6db8418 e-con-full e-flex e-con e-parent\" data-id=\"6db8418\" data-element_type=\"container\" data-e-type=\"container\">\n\t\t<div class=\"elementor-element elementor-element-e17ce3b e-con-full e-flex e-con e-child\" data-id=\"e17ce3b\" data-element_type=\"container\" data-e-type=\"container\">\n\t\t\t\t<div class=\"elementor-element elementor-element-2695e10 elementor-view-default elementor-widget elementor-widget-icon\" data-id=\"2695e10\" data-element_type=\"widget\" data-e-type=\"widget\" data-widget_type=\"icon.default\">\n\t\t\t\t\t\t\t<div class=\"elementor-icon-wrapper\">\n\t\t\t<a class=\"elementor-icon\" href=\"https:\/\/wa.me\/message\/CDFVGNFXK7VPG1\">\n\t\t\t<svg aria-hidden=\"true\" class=\"e-font-icon-svg e-fab-whatsapp\" viewBox=\"0 0 448 512\" xmlns=\"http:\/\/www.w3.org\/2000\/svg\"><path d=\"M380.9 97.1C339 55.1 283.2 32 223.9 32c-122.4 0-222 99.6-222 222 0 39.1 10.2 77.3 29.6 111L0 480l117.7-30.9c32.4 17.7 68.9 27 106.1 27h.1c122.3 0 224.1-99.6 224.1-222 0-59.3-25.2-115-67.1-157zm-157 341.6c-33.2 0-65.7-8.9-94-25.7l-6.7-4-69.8 18.3L72 359.2l-4.4-7c-18.5-29.4-28.2-63.3-28.2-98.2 0-101.7 82.8-184.5 184.6-184.5 49.3 0 95.6 19.2 130.4 54.1 34.8 34.9 56.2 81.2 56.1 130.5 0 101.8-84.9 184.6-186.6 184.6zm101.2-138.2c-5.5-2.8-32.8-16.2-37.9-18-5.1-1.9-8.8-2.8-12.5 2.8-3.7 5.6-14.3 18-17.6 21.8-3.2 3.7-6.5 4.2-12 1.4-32.6-16.3-54-29.1-75.5-66-5.7-9.8 5.7-9.1 16.3-30.3 1.8-3.7.9-6.9-.5-9.7-1.4-2.8-12.5-30.1-17.1-41.2-4.5-10.8-9.1-9.3-12.5-9.5-3.2-.2-6.9-.2-10.6-.2-3.7 0-9.7 1.4-14.8 6.9-5.1 5.6-19.4 19-19.4 46.3 0 27.3 19.9 53.7 22.6 57.4 2.8 3.7 39.1 59.7 94.8 83.8 35.2 15.2 49 16.5 66.6 13.9 10.7-1.6 32.8-13.4 37.4-26.4 4.6-13 4.6-24.1 3.2-26.4-1.3-2.5-5-3.9-10.5-6.6z\"><\/path><\/svg>\t\t\t<\/a>\n\t\t<\/div>\n\t\t\t\t\t\t<\/div>\n\t\t\t\t<\/div>\n\t\t<div class=\"elementor-element elementor-element-b68f7a7 e-con-full e-flex e-con e-child\" data-id=\"b68f7a7\" data-element_type=\"container\" data-e-type=\"container\">\n\t\t\t\t<div class=\"elementor-element elementor-element-5ae246b elementor-view-default elementor-widget elementor-widget-icon\" data-id=\"5ae246b\" data-element_type=\"widget\" data-e-type=\"widget\" data-widget_type=\"icon.default\">\n\t\t\t\t\t\t\t<div class=\"elementor-icon-wrapper\">\n\t\t\t<a class=\"elementor-icon\" href=\"mailto:liasinfo@uned.ac.cr\">\n\t\t\t<svg aria-hidden=\"true\" class=\"e-font-icon-svg e-fas-envelope\" viewBox=\"0 0 512 512\" xmlns=\"http:\/\/www.w3.org\/2000\/svg\"><path d=\"M502.3 190.8c3.9-3.1 9.7-.2 9.7 4.7V400c0 26.5-21.5 48-48 48H48c-26.5 0-48-21.5-48-48V195.6c0-5 5.7-7.8 9.7-4.7 22.4 17.4 52.1 39.5 154.1 113.6 21.1 15.4 56.7 47.8 92.2 47.6 35.7.3 72-32.8 92.3-47.6 102-74.1 131.6-96.3 154-113.7zM256 320c23.2.4 56.6-29.2 73.4-41.4 132.7-96.3 142.8-104.7 173.4-128.7 5.8-4.5 9.2-11.5 9.2-18.9v-19c0-26.5-21.5-48-48-48H48C21.5 64 0 85.5 0 112v19c0 7.4 3.4 14.3 9.2 18.9 30.6 23.9 40.7 32.4 173.4 128.7 16.8 12.2 50.2 41.8 73.4 41.4z\"><\/path><\/svg>\t\t\t<\/a>\n\t\t<\/div>\n\t\t\t\t\t\t<\/div>\n\t\t\t\t<\/div>\n\t\t\t\t<\/div>\n\t\t\t\t<\/div>\n\t\t","protected":false},"excerpt":{"rendered":"<p>Servicios de consultor\u00eda y estudios t\u00e9cnicos ambientales Horario de atenci\u00f3n: de lunes a viernes 7:00 am a 3:30 pm El Laboratorio de Investigaci\u00f3n en Agua y Suelos (LIAS) de la UNED ofrece servicios de consultor\u00eda y estudios t\u00e9cnicos ambientales para apoyar la toma de decisiones y el cumplimiento de requisitos en proyectos y actividades productivas. [&hellip;]<\/p>\n","protected":false},"author":5,"featured_media":0,"parent":0,"menu_order":0,"comment_status":"closed","ping_status":"closed","template":"","meta":{"ngg_post_thumbnail":0,"_themeisle_gutenberg_block_has_review":false,"footnotes":""},"class_list":["post-2128","page","type-page","status-publish","hentry"],"_links":{"self":[{"href":"https:\/\/investiga.uned.ac.cr\/obsas\/wp-json\/wp\/v2\/pages\/2128","targetHints":{"allow":["GET"]}}],"collection":[{"href":"https:\/\/investiga.uned.ac.cr\/obsas\/wp-json\/wp\/v2\/pages"}],"about":[{"href":"https:\/\/investiga.uned.ac.cr\/obsas\/wp-json\/wp\/v2\/types\/page"}],"author":[{"embeddable":true,"href":"https:\/\/investiga.uned.ac.cr\/obsas\/wp-json\/wp\/v2\/users\/5"}],"replies":[{"embeddable":true,"href":"https:\/\/investiga.uned.ac.cr\/obsas\/wp-json\/wp\/v2\/comments?post=2128"}],"version-history":[{"count":7,"href":"https:\/\/investiga.uned.ac.cr\/obsas\/wp-json\/wp\/v2\/pages\/2128\/revisions"}],"predecessor-version":[{"id":2166,"href":"https:\/\/investiga.uned.ac.cr\/obsas\/wp-json\/wp\/v2\/pages\/2128\/revisions\/2166"}],"wp:attachment":[{"href":"https:\/\/investiga.uned.ac.cr\/obsas\/wp-json\/wp\/v2\/media?parent=2128"}],"curies":[{"name":"wp","href":"https:\/\/api.w.org\/{rel}","templated":true}]}}