{"id":1489,"date":"2025-06-10T12:49:14","date_gmt":"2025-06-10T18:49:14","guid":{"rendered":"https:\/\/investiga.uned.ac.cr\/obsas\/?page_id=1489"},"modified":"2026-03-11T02:44:16","modified_gmt":"2026-03-11T02:44:16","slug":"estudio-sobre-macrohongos","status":"publish","type":"page","link":"https:\/\/investiga.uned.ac.cr\/obsas\/estudio-sobre-macrohongos\/","title":{"rendered":"Estudio sobre macrohongos"},"content":{"rendered":"\t\t<div data-elementor-type=\"wp-page\" data-elementor-id=\"1489\" class=\"elementor elementor-1489\">\n\t\t\t\t<div class=\"elementor-element elementor-element-43e87a9c e-flex e-con-boxed e-con e-parent\" data-id=\"43e87a9c\" data-element_type=\"container\" data-e-type=\"container\">\n\t\t\t\t\t<div class=\"e-con-inner\">\n\t\t\t\t<div class=\"elementor-element elementor-element-4e8e1f45 elementor-widget elementor-widget-text-editor\" data-id=\"4e8e1f45\" data-element_type=\"widget\" data-e-type=\"widget\" data-widget_type=\"text-editor.default\">\n\t\t\t\t\t\t\t\t\t\n<div id=\"wp-block-themeisle-blocks-advanced-columns-e94ed7e9\" class=\"wp-block-themeisle-blocks-advanced-columns has-1-columns has-desktop-equal-layout has-tablet-equal-layout has-mobile-equal-layout has-vertical-unset has-default-gap\"><div class=\"wp-block-themeisle-blocks-advanced-columns-overlay\"><\/div><div class=\"innerblocks-wrap\">\n<div id=\"wp-block-themeisle-blocks-advanced-column-177cf0b8\" class=\"wp-block-themeisle-blocks-advanced-column\">\n<p><strong>UNED impulsa estudio sobre macrohongos en la zona alta de Los Santos y El Guarco<\/strong><\/p>\n\n\n\n<p>La Universidad Estatal a Distancia (UNED), a trav\u00e9s del Laboratorio de Investigaci\u00f3n en Agua y Suelos (LIAS) y la C\u00e1tedra de Biolog\u00eda, desarrolla un proyecto para documentar la diversidad de macrohongos en la zona alta de Los Santos y Patio de Agua, El Guarco.<\/p>\n\n\n\n<p>Los hongos cumplen funciones vitales en los ecosistemas como recicladores de nutrientes y aliados en la salud de suelos, plantas y animales. Tambi\u00e9n tienen aplicaciones en medicina, biotecnolog\u00eda y remediaci\u00f3n ambiental. Sin embargo, en Costa Rica, su estudio sigue siendo limitado.<\/p>\n\n\n\n<p>Este inventario busca ampliar el conocimiento cient\u00edfico sobre la biodiversidad f\u00fangica del pa\u00eds y facilitar futuras investigaciones en ecolog\u00eda, conservaci\u00f3n y desarrollo sostenible. Adem\u00e1s, los resultados fortalecer\u00e1n la formaci\u00f3n acad\u00e9mica en carreras como biolog\u00eda, agronom\u00eda y ciencias ambientales.<\/p>\n\n\n\n<p>El proyecto tambi\u00e9n contribuir\u00e1 con herramientas para la identificaci\u00f3n de macrohongos, fomentando la formaci\u00f3n de especialistas en micolog\u00eda y promoviendo la valoraci\u00f3n y conservaci\u00f3n de este valioso grupo de organismos.<\/p>\n\n\n\n<p><\/p>\n<\/div>\n<\/div><\/div>\n\n\n\n<div class=\"wp-block-group\"><div class=\"wp-block-group__inner-container is-layout-constrained wp-block-group-is-layout-constrained\"><div class=\"wp-block-image\">\n<figure class=\"aligncenter size-large is-resized\"><img fetchpriority=\"high\" decoding=\"async\" width=\"819\" height=\"1024\" src=\"https:\/\/investiga.uned.ac.cr\/obsas\/wp-content\/uploads\/sites\/11\/2025\/10\/Historia-de-Instagram-Collage-Fotos-Sabado-819x1024.png\" alt=\"\" class=\"wp-image-2016\" style=\"width:338px;height:auto\" srcset=\"https:\/\/investiga.uned.ac.cr\/obsas\/wp-content\/uploads\/sites\/11\/2025\/10\/Historia-de-Instagram-Collage-Fotos-Sabado-819x1024.png 819w, https:\/\/investiga.uned.ac.cr\/obsas\/wp-content\/uploads\/sites\/11\/2025\/10\/Historia-de-Instagram-Collage-Fotos-Sabado-240x300.png 240w, https:\/\/investiga.uned.ac.cr\/obsas\/wp-content\/uploads\/sites\/11\/2025\/10\/Historia-de-Instagram-Collage-Fotos-Sabado-768x960.png 768w, https:\/\/investiga.uned.ac.cr\/obsas\/wp-content\/uploads\/sites\/11\/2025\/10\/Historia-de-Instagram-Collage-Fotos-Sabado-1229x1536.png 1229w, https:\/\/investiga.uned.ac.cr\/obsas\/wp-content\/uploads\/sites\/11\/2025\/10\/Historia-de-Instagram-Collage-Fotos-Sabado-1638x2048.png 1638w, https:\/\/investiga.uned.ac.cr\/obsas\/wp-content\/uploads\/sites\/11\/2025\/10\/Historia-de-Instagram-Collage-Fotos-Sabado-scaled.png 2048w\" sizes=\"(max-width: 819px) 100vw, 819px\" \/><figcaption class=\"wp-element-caption\">Fotos: Sergio Monge Vives<\/figcaption><\/figure><\/div><\/div><\/div>\n\n\n\n<p><\/p>\n\t\t\t\t\t\t\t\t<\/div>\n\t\t\t\t\t<\/div>\n\t\t\t\t<\/div>\n\t\t<div class=\"elementor-element elementor-element-c190ad7 e-flex e-con-boxed e-con e-parent\" data-id=\"c190ad7\" data-element_type=\"container\" data-e-type=\"container\">\n\t\t\t\t\t<div class=\"e-con-inner\">\n\t\t\t\t<div class=\"elementor-element elementor-element-487b418 elementor-widget-divider--view-line elementor-widget elementor-widget-divider\" data-id=\"487b418\" data-element_type=\"widget\" data-e-type=\"widget\" data-widget_type=\"divider.default\">\n\t\t\t\t\t\t\t<div class=\"elementor-divider\">\n\t\t\t<span class=\"elementor-divider-separator\">\n\t\t\t\t\t\t<\/span>\n\t\t<\/div>\n\t\t\t\t\t\t<\/div>\n\t\t\t\t\t<\/div>\n\t\t\t\t<\/div>\n\t\t<div class=\"elementor-element elementor-element-4251dcc e-flex e-con-boxed e-con e-parent\" data-id=\"4251dcc\" data-element_type=\"container\" data-e-type=\"container\">\n\t\t\t\t\t<div class=\"e-con-inner\">\n\t\t\t\t<div class=\"elementor-element elementor-element-619a21b elementor-widget elementor-widget-text-editor\" data-id=\"619a21b\" data-element_type=\"widget\" data-e-type=\"widget\" data-widget_type=\"text-editor.default\">\n\t\t\t\t\t\t\t\t\t<p>Para m\u00e1s informaci\u00f3n de clic en nuestros contactos:<\/p>\t\t\t\t\t\t\t\t<\/div>\n\t\t\t\t\t<\/div>\n\t\t\t\t<\/div>\n\t\t<div class=\"elementor-element elementor-element-d340925 e-con-full e-flex e-con e-parent\" data-id=\"d340925\" data-element_type=\"container\" data-e-type=\"container\">\n\t\t<div class=\"elementor-element elementor-element-8c6996e e-con-full e-flex e-con e-child\" data-id=\"8c6996e\" data-element_type=\"container\" data-e-type=\"container\">\n\t\t\t\t<div class=\"elementor-element elementor-element-c065192 elementor-view-default elementor-widget elementor-widget-icon\" data-id=\"c065192\" data-element_type=\"widget\" data-e-type=\"widget\" data-widget_type=\"icon.default\">\n\t\t\t\t\t\t\t<div class=\"elementor-icon-wrapper\">\n\t\t\t<a class=\"elementor-icon\" href=\"https:\/\/wa.me\/message\/CDFVGNFXK7VPG1\">\n\t\t\t<svg aria-hidden=\"true\" class=\"e-font-icon-svg e-fab-whatsapp\" viewBox=\"0 0 448 512\" xmlns=\"http:\/\/www.w3.org\/2000\/svg\"><path d=\"M380.9 97.1C339 55.1 283.2 32 223.9 32c-122.4 0-222 99.6-222 222 0 39.1 10.2 77.3 29.6 111L0 480l117.7-30.9c32.4 17.7 68.9 27 106.1 27h.1c122.3 0 224.1-99.6 224.1-222 0-59.3-25.2-115-67.1-157zm-157 341.6c-33.2 0-65.7-8.9-94-25.7l-6.7-4-69.8 18.3L72 359.2l-4.4-7c-18.5-29.4-28.2-63.3-28.2-98.2 0-101.7 82.8-184.5 184.6-184.5 49.3 0 95.6 19.2 130.4 54.1 34.8 34.9 56.2 81.2 56.1 130.5 0 101.8-84.9 184.6-186.6 184.6zm101.2-138.2c-5.5-2.8-32.8-16.2-37.9-18-5.1-1.9-8.8-2.8-12.5 2.8-3.7 5.6-14.3 18-17.6 21.8-3.2 3.7-6.5 4.2-12 1.4-32.6-16.3-54-29.1-75.5-66-5.7-9.8 5.7-9.1 16.3-30.3 1.8-3.7.9-6.9-.5-9.7-1.4-2.8-12.5-30.1-17.1-41.2-4.5-10.8-9.1-9.3-12.5-9.5-3.2-.2-6.9-.2-10.6-.2-3.7 0-9.7 1.4-14.8 6.9-5.1 5.6-19.4 19-19.4 46.3 0 27.3 19.9 53.7 22.6 57.4 2.8 3.7 39.1 59.7 94.8 83.8 35.2 15.2 49 16.5 66.6 13.9 10.7-1.6 32.8-13.4 37.4-26.4 4.6-13 4.6-24.1 3.2-26.4-1.3-2.5-5-3.9-10.5-6.6z\"><\/path><\/svg>\t\t\t<\/a>\n\t\t<\/div>\n\t\t\t\t\t\t<\/div>\n\t\t\t\t<\/div>\n\t\t<div class=\"elementor-element elementor-element-82207fd e-con-full e-flex e-con e-child\" data-id=\"82207fd\" data-element_type=\"container\" data-e-type=\"container\">\n\t\t\t\t<div class=\"elementor-element elementor-element-396fd12 elementor-view-default elementor-widget elementor-widget-icon\" data-id=\"396fd12\" data-element_type=\"widget\" data-e-type=\"widget\" data-widget_type=\"icon.default\">\n\t\t\t\t\t\t\t<div class=\"elementor-icon-wrapper\">\n\t\t\t<a class=\"elementor-icon\" href=\"mailto:liasinfo@uned.ac.cr\">\n\t\t\t<svg aria-hidden=\"true\" class=\"e-font-icon-svg e-fas-envelope\" viewBox=\"0 0 512 512\" xmlns=\"http:\/\/www.w3.org\/2000\/svg\"><path d=\"M502.3 190.8c3.9-3.1 9.7-.2 9.7 4.7V400c0 26.5-21.5 48-48 48H48c-26.5 0-48-21.5-48-48V195.6c0-5 5.7-7.8 9.7-4.7 22.4 17.4 52.1 39.5 154.1 113.6 21.1 15.4 56.7 47.8 92.2 47.6 35.7.3 72-32.8 92.3-47.6 102-74.1 131.6-96.3 154-113.7zM256 320c23.2.4 56.6-29.2 73.4-41.4 132.7-96.3 142.8-104.7 173.4-128.7 5.8-4.5 9.2-11.5 9.2-18.9v-19c0-26.5-21.5-48-48-48H48C21.5 64 0 85.5 0 112v19c0 7.4 3.4 14.3 9.2 18.9 30.6 23.9 40.7 32.4 173.4 128.7 16.8 12.2 50.2 41.8 73.4 41.4z\"><\/path><\/svg>\t\t\t<\/a>\n\t\t<\/div>\n\t\t\t\t\t\t<\/div>\n\t\t\t\t<\/div>\n\t\t\t\t<\/div>\n\t\t\t\t<\/div>\n\t\t","protected":false},"excerpt":{"rendered":"<p>Para m\u00e1s informaci\u00f3n de clic en nuestros contactos:<\/p>\n","protected":false},"author":1,"featured_media":0,"parent":0,"menu_order":0,"comment_status":"closed","ping_status":"closed","template":"","meta":{"ngg_post_thumbnail":0,"_themeisle_gutenberg_block_has_review":false,"footnotes":""},"class_list":["post-1489","page","type-page","status-publish","hentry"],"_links":{"self":[{"href":"https:\/\/investiga.uned.ac.cr\/obsas\/wp-json\/wp\/v2\/pages\/1489","targetHints":{"allow":["GET"]}}],"collection":[{"href":"https:\/\/investiga.uned.ac.cr\/obsas\/wp-json\/wp\/v2\/pages"}],"about":[{"href":"https:\/\/investiga.uned.ac.cr\/obsas\/wp-json\/wp\/v2\/types\/page"}],"author":[{"embeddable":true,"href":"https:\/\/investiga.uned.ac.cr\/obsas\/wp-json\/wp\/v2\/users\/1"}],"replies":[{"embeddable":true,"href":"https:\/\/investiga.uned.ac.cr\/obsas\/wp-json\/wp\/v2\/comments?post=1489"}],"version-history":[{"count":6,"href":"https:\/\/investiga.uned.ac.cr\/obsas\/wp-json\/wp\/v2\/pages\/1489\/revisions"}],"predecessor-version":[{"id":2191,"href":"https:\/\/investiga.uned.ac.cr\/obsas\/wp-json\/wp\/v2\/pages\/1489\/revisions\/2191"}],"wp:attachment":[{"href":"https:\/\/investiga.uned.ac.cr\/obsas\/wp-json\/wp\/v2\/media?parent=1489"}],"curies":[{"name":"wp","href":"https:\/\/api.w.org\/{rel}","templated":true}]}}