{"id":1118,"date":"2024-02-09T16:46:41","date_gmt":"2024-02-09T22:46:41","guid":{"rendered":"https:\/\/investiga.uned.ac.cr\/obsas\/?page_id=1118"},"modified":"2026-03-11T19:28:07","modified_gmt":"2026-03-11T19:28:07","slug":"pgai","status":"publish","type":"page","link":"https:\/\/investiga.uned.ac.cr\/obsas\/pgai\/","title":{"rendered":"PGAI"},"content":{"rendered":"\t\t<div data-elementor-type=\"wp-page\" data-elementor-id=\"1118\" class=\"elementor elementor-1118\">\n\t\t\t\t<div class=\"elementor-element elementor-element-351fbb2c e-flex e-con-boxed e-con e-parent\" data-id=\"351fbb2c\" data-element_type=\"container\" data-e-type=\"container\">\n\t\t\t\t\t<div class=\"e-con-inner\">\n\t\t\t\t<div class=\"elementor-element elementor-element-6005046 elementor-widget elementor-widget-text-editor\" data-id=\"6005046\" data-element_type=\"widget\" data-e-type=\"widget\" data-widget_type=\"text-editor.default\">\n\t\t\t\t\t\t\t\t\t<p>El Programa de Gesti\u00f3n Ambiental Institucional (PGAI) es una iniciativa impulsada por el Ministerio de Ambiente y Energ\u00eda (MINAE) a trav\u00e9s de la Direcci\u00f3n de Gesti\u00f3n de la Calidad Ambiental (DIGECA). Su objetivo es integrar el eje ambiental en la gesti\u00f3n operativa de las instituciones del sector p\u00fablico, promoviendo el uso eficiente de los recursos, la reducci\u00f3n de impactos ambientales y el cumplimiento de normativas nacionales.<\/p><p>Este programa permite a las instituciones establecer indicadores de monitoreo, implementar acciones concretas de mejora y garantizar el cumplimiento de metas y objetivos ambientales. Su marco regulador se encuentra en el Reglamento para la Elaboraci\u00f3n de Programas de Gesti\u00f3n Ambiental Institucional en el Sector P\u00fablico de Costa Rica (Decreto Ejecutivo N\u00b0 36499-S-MINAE), el cual establece los lineamientos para la planificaci\u00f3n, ejecuci\u00f3n y seguimiento de las estrategias ambientales.<\/p>\t\t\t\t\t\t\t\t<\/div>\n\t\t\t\t<div class=\"elementor-element elementor-element-00f5b48 elementor-widget elementor-widget-heading\" data-id=\"00f5b48\" data-element_type=\"widget\" data-e-type=\"widget\" data-widget_type=\"heading.default\">\n\t\t\t\t\t<h5 class=\"elementor-heading-title elementor-size-default\">Implementaci\u00f3n del PGAI en el LIAS-UNED\n<\/h5>\t\t\t\t<\/div>\n\t\t\t\t<div class=\"elementor-element elementor-element-5a4f004d elementor-widget elementor-widget-text-editor\" data-id=\"5a4f004d\" data-element_type=\"widget\" data-e-type=\"widget\" data-widget_type=\"text-editor.default\">\n\t\t\t\t\t\t\t\t\t<p>El Laboratorio de Investigaci\u00f3n en Agua y Suelos (LIAS) inici\u00f3 la implementaci\u00f3n de su PGAI en 2023, con la formulaci\u00f3n y puesta en marcha de su primer programa. Este proceso ha sido posible gracias al compromiso y colaboraci\u00f3n de diversas comisiones internas, las cuales se encargan de gestionar y optimizar las pr\u00e1cticas ambientales dentro del laboratorio. Entre las principales \u00e1reas de trabajo se <br \/>incluyen:<\/p>\t\t\t\t\t\t\t\t<\/div>\n\t\t\t\t\t<\/div>\n\t\t\t\t<\/div>\n\t\t<div class=\"elementor-element elementor-element-9451731 e-flex e-con-boxed e-con e-parent\" data-id=\"9451731\" data-element_type=\"container\" data-e-type=\"container\">\n\t\t\t\t\t<div class=\"e-con-inner\">\n\t\t\t\t<div class=\"elementor-element elementor-element-500f92d elementor-widget elementor-widget-heading\" data-id=\"500f92d\" data-element_type=\"widget\" data-e-type=\"widget\" data-widget_type=\"heading.default\">\n\t\t\t\t\t<h5 class=\"elementor-heading-title elementor-size-default\">Gesti\u00f3n de combustibles<\/h5>\t\t\t\t<\/div>\n\t\t\t\t<div class=\"elementor-element elementor-element-da9ba31 elementor-widget elementor-widget-text-editor\" data-id=\"da9ba31\" data-element_type=\"widget\" data-e-type=\"widget\" data-widget_type=\"text-editor.default\">\n\t\t\t\t\t\t\t\t\t<p>Reducci\u00f3n del consumo de combustibles f\u00f3siles y mejora en la eficiencia del transporte institucional.<\/p>\t\t\t\t\t\t\t\t<\/div>\n\t\t\t\t<div class=\"elementor-element elementor-element-45e3f00 elementor-widget elementor-widget-heading\" data-id=\"45e3f00\" data-element_type=\"widget\" data-e-type=\"widget\" data-widget_type=\"heading.default\">\n\t\t\t\t\t<h5 class=\"elementor-heading-title elementor-size-default\">Consumo de agua potable y generaci\u00f3n de aguas residuales<\/h5>\t\t\t\t<\/div>\n\t\t\t\t<div class=\"elementor-element elementor-element-842e615 elementor-widget elementor-widget-text-editor\" data-id=\"842e615\" data-element_type=\"widget\" data-e-type=\"widget\" data-widget_type=\"text-editor.default\">\n\t\t\t\t\t\t\t\t\t<p>Implementaci\u00f3n de medidas para optimizar el uso del recurso h\u00eddrico y mejorar su tratamiento.<\/p>\t\t\t\t\t\t\t\t<\/div>\n\t\t\t\t<div class=\"elementor-element elementor-element-7956403 elementor-widget elementor-widget-heading\" data-id=\"7956403\" data-element_type=\"widget\" data-e-type=\"widget\" data-widget_type=\"heading.default\">\n\t\t\t\t\t<h5 class=\"elementor-heading-title elementor-size-default\">Eficiencia energ\u00e9tica<\/h5>\t\t\t\t<\/div>\n\t\t\t\t<div class=\"elementor-element elementor-element-9d6d05f elementor-widget elementor-widget-text-editor\" data-id=\"9d6d05f\" data-element_type=\"widget\" data-e-type=\"widget\" data-widget_type=\"text-editor.default\">\n\t\t\t\t\t\t\t\t\t<p><span style=\"color: #51545c;font-family: Roboto\">Monitoreo y reducci\u00f3n del consumo de energ\u00eda el\u00e9ctrica mediante tecnolog\u00edas eficientes y buenas pr\u00e1cticas.<\/span><\/p>\t\t\t\t\t\t\t\t<\/div>\n\t\t\t\t<div class=\"elementor-element elementor-element-c8c25dc elementor-widget elementor-widget-heading\" data-id=\"c8c25dc\" data-element_type=\"widget\" data-e-type=\"widget\" data-widget_type=\"heading.default\">\n\t\t\t\t\t<h5 class=\"elementor-heading-title elementor-size-default\">Manejo de residuos s\u00f3lidos y peligrosos<\/h5>\t\t\t\t<\/div>\n\t\t\t\t<div class=\"elementor-element elementor-element-04b22d3 elementor-widget elementor-widget-text-editor\" data-id=\"04b22d3\" data-element_type=\"widget\" data-e-type=\"widget\" data-widget_type=\"text-editor.default\">\n\t\t\t\t\t\t\t\t\t<p><span style=\"color: #51545c;font-family: Roboto\">Separaci\u00f3n, reducci\u00f3n y disposici\u00f3n adecuada de desechos generados en las operaciones del laboratorio.<\/span><\/p>\t\t\t\t\t\t\t\t<\/div>\n\t\t\t\t<div class=\"elementor-element elementor-element-ca07cab elementor-widget elementor-widget-heading\" data-id=\"ca07cab\" data-element_type=\"widget\" data-e-type=\"widget\" data-widget_type=\"heading.default\">\n\t\t\t\t\t<h5 class=\"elementor-heading-title elementor-size-default\">Control de gases refrigerantes<\/h5>\t\t\t\t<\/div>\n\t\t\t\t<div class=\"elementor-element elementor-element-3e2eab5 elementor-widget elementor-widget-text-editor\" data-id=\"3e2eab5\" data-element_type=\"widget\" data-e-type=\"widget\" data-widget_type=\"text-editor.default\">\n\t\t\t\t\t\t\t\t\t<p>Gesti\u00f3n responsable de sistemas de refrigeraci\u00f3n para minimizar emisiones contaminantes.<\/p>\t\t\t\t\t\t\t\t<\/div>\n\t\t\t\t<div class=\"elementor-element elementor-element-48535c4 elementor-widget elementor-widget-heading\" data-id=\"48535c4\" data-element_type=\"widget\" data-e-type=\"widget\" data-widget_type=\"heading.default\">\n\t\t\t\t\t<h5 class=\"elementor-heading-title elementor-size-default\">Compras sostenibles<\/h5>\t\t\t\t<\/div>\n\t\t\t\t<div class=\"elementor-element elementor-element-da267db elementor-widget elementor-widget-text-editor\" data-id=\"da267db\" data-element_type=\"widget\" data-e-type=\"widget\" data-widget_type=\"text-editor.default\">\n\t\t\t\t\t\t\t\t\t<p>Priorizaci\u00f3n de adquisiciones ecoamigables que minimicen el impacto ambiental.<\/p>\n<p><br><\/p>\n<p class=\"MsoNormal\">El compromiso del LIAS con el PGAI fortalece su\nresponsabilidad ambiental y al mismo tiempo contribuye al cumplimiento de los\nObjetivos de Desarrollo Sostenible (ODS) y a la consolidaci\u00f3n de una cultura\ninstitucional alineada con la sostenibilidad.<\/p>\t\t\t\t\t\t\t\t<\/div>\n\t\t\t\t\t<\/div>\n\t\t\t\t<\/div>\n\t\t<div class=\"elementor-element elementor-element-abaf01e e-flex e-con-boxed e-con e-parent\" data-id=\"abaf01e\" data-element_type=\"container\" data-e-type=\"container\">\n\t\t\t\t\t<div class=\"e-con-inner\">\n\t\t\t\t<div class=\"elementor-element elementor-element-90117e9 elementor-widget-divider--view-line elementor-widget elementor-widget-divider\" data-id=\"90117e9\" data-element_type=\"widget\" data-e-type=\"widget\" data-widget_type=\"divider.default\">\n\t\t\t\t\t\t\t<div class=\"elementor-divider\">\n\t\t\t<span class=\"elementor-divider-separator\">\n\t\t\t\t\t\t<\/span>\n\t\t<\/div>\n\t\t\t\t\t\t<\/div>\n\t\t\t\t\t<\/div>\n\t\t\t\t<\/div>\n\t\t<div class=\"elementor-element elementor-element-56dafa2 e-flex e-con-boxed e-con e-parent\" data-id=\"56dafa2\" data-element_type=\"container\" data-e-type=\"container\">\n\t\t\t\t\t<div class=\"e-con-inner\">\n\t\t\t\t<div class=\"elementor-element elementor-element-85a5814 elementor-widget elementor-widget-text-editor\" data-id=\"85a5814\" data-element_type=\"widget\" data-e-type=\"widget\" data-widget_type=\"text-editor.default\">\n\t\t\t\t\t\t\t\t\t<p>Para m\u00e1s informaci\u00f3n de clic en nuestros contactos:<\/p>\t\t\t\t\t\t\t\t<\/div>\n\t\t\t\t\t<\/div>\n\t\t\t\t<\/div>\n\t\t<div class=\"elementor-element elementor-element-ce3cf2b e-con-full e-flex e-con e-parent\" data-id=\"ce3cf2b\" data-element_type=\"container\" data-e-type=\"container\">\n\t\t<div class=\"elementor-element elementor-element-eacbd5c e-con-full e-flex e-con e-child\" data-id=\"eacbd5c\" data-element_type=\"container\" data-e-type=\"container\">\n\t\t\t\t<div class=\"elementor-element elementor-element-9af2104 elementor-view-default elementor-widget elementor-widget-icon\" data-id=\"9af2104\" data-element_type=\"widget\" data-e-type=\"widget\" data-widget_type=\"icon.default\">\n\t\t\t\t\t\t\t<div class=\"elementor-icon-wrapper\">\n\t\t\t<a class=\"elementor-icon\" href=\"https:\/\/wa.me\/message\/CDFVGNFXK7VPG1\">\n\t\t\t<svg aria-hidden=\"true\" class=\"e-font-icon-svg e-fab-whatsapp\" viewBox=\"0 0 448 512\" xmlns=\"http:\/\/www.w3.org\/2000\/svg\"><path d=\"M380.9 97.1C339 55.1 283.2 32 223.9 32c-122.4 0-222 99.6-222 222 0 39.1 10.2 77.3 29.6 111L0 480l117.7-30.9c32.4 17.7 68.9 27 106.1 27h.1c122.3 0 224.1-99.6 224.1-222 0-59.3-25.2-115-67.1-157zm-157 341.6c-33.2 0-65.7-8.9-94-25.7l-6.7-4-69.8 18.3L72 359.2l-4.4-7c-18.5-29.4-28.2-63.3-28.2-98.2 0-101.7 82.8-184.5 184.6-184.5 49.3 0 95.6 19.2 130.4 54.1 34.8 34.9 56.2 81.2 56.1 130.5 0 101.8-84.9 184.6-186.6 184.6zm101.2-138.2c-5.5-2.8-32.8-16.2-37.9-18-5.1-1.9-8.8-2.8-12.5 2.8-3.7 5.6-14.3 18-17.6 21.8-3.2 3.7-6.5 4.2-12 1.4-32.6-16.3-54-29.1-75.5-66-5.7-9.8 5.7-9.1 16.3-30.3 1.8-3.7.9-6.9-.5-9.7-1.4-2.8-12.5-30.1-17.1-41.2-4.5-10.8-9.1-9.3-12.5-9.5-3.2-.2-6.9-.2-10.6-.2-3.7 0-9.7 1.4-14.8 6.9-5.1 5.6-19.4 19-19.4 46.3 0 27.3 19.9 53.7 22.6 57.4 2.8 3.7 39.1 59.7 94.8 83.8 35.2 15.2 49 16.5 66.6 13.9 10.7-1.6 32.8-13.4 37.4-26.4 4.6-13 4.6-24.1 3.2-26.4-1.3-2.5-5-3.9-10.5-6.6z\"><\/path><\/svg>\t\t\t<\/a>\n\t\t<\/div>\n\t\t\t\t\t\t<\/div>\n\t\t\t\t<\/div>\n\t\t<div class=\"elementor-element elementor-element-8f244ee e-con-full e-flex e-con e-child\" data-id=\"8f244ee\" data-element_type=\"container\" data-e-type=\"container\">\n\t\t\t\t<div class=\"elementor-element elementor-element-329f216 elementor-view-default elementor-widget elementor-widget-icon\" data-id=\"329f216\" data-element_type=\"widget\" data-e-type=\"widget\" data-widget_type=\"icon.default\">\n\t\t\t\t\t\t\t<div class=\"elementor-icon-wrapper\">\n\t\t\t<a class=\"elementor-icon\" href=\"mailto:liasinfo@uned.ac.cr\">\n\t\t\t<svg aria-hidden=\"true\" class=\"e-font-icon-svg e-fas-envelope\" viewBox=\"0 0 512 512\" xmlns=\"http:\/\/www.w3.org\/2000\/svg\"><path d=\"M502.3 190.8c3.9-3.1 9.7-.2 9.7 4.7V400c0 26.5-21.5 48-48 48H48c-26.5 0-48-21.5-48-48V195.6c0-5 5.7-7.8 9.7-4.7 22.4 17.4 52.1 39.5 154.1 113.6 21.1 15.4 56.7 47.8 92.2 47.6 35.7.3 72-32.8 92.3-47.6 102-74.1 131.6-96.3 154-113.7zM256 320c23.2.4 56.6-29.2 73.4-41.4 132.7-96.3 142.8-104.7 173.4-128.7 5.8-4.5 9.2-11.5 9.2-18.9v-19c0-26.5-21.5-48-48-48H48C21.5 64 0 85.5 0 112v19c0 7.4 3.4 14.3 9.2 18.9 30.6 23.9 40.7 32.4 173.4 128.7 16.8 12.2 50.2 41.8 73.4 41.4z\"><\/path><\/svg>\t\t\t<\/a>\n\t\t<\/div>\n\t\t\t\t\t\t<\/div>\n\t\t\t\t<\/div>\n\t\t\t\t<\/div>\n\t\t<div class=\"elementor-element elementor-element-e6599e1 e-flex e-con-boxed e-con e-parent\" data-id=\"e6599e1\" data-element_type=\"container\" data-e-type=\"container\">\n\t\t\t\t\t<div class=\"e-con-inner\">\n\t\t\t\t\t<\/div>\n\t\t\t\t<\/div>\n\t\t\t\t<\/div>\n\t\t","protected":false},"excerpt":{"rendered":"<p>El Programa de Gesti\u00f3n Ambiental Institucional (PGAI) es una iniciativa impulsada por el Ministerio de Ambiente y Energ\u00eda (MINAE) a trav\u00e9s de la Direcci\u00f3n de Gesti\u00f3n de la Calidad Ambiental (DIGECA). Su objetivo es integrar el eje ambiental en la gesti\u00f3n operativa de las instituciones del sector p\u00fablico, promoviendo el uso eficiente de los recursos, [&hellip;]<\/p>\n","protected":false},"author":1,"featured_media":0,"parent":0,"menu_order":0,"comment_status":"closed","ping_status":"closed","template":"","meta":{"ngg_post_thumbnail":0,"_themeisle_gutenberg_block_has_review":false,"footnotes":""},"class_list":["post-1118","page","type-page","status-publish","hentry"],"_links":{"self":[{"href":"https:\/\/investiga.uned.ac.cr\/obsas\/wp-json\/wp\/v2\/pages\/1118","targetHints":{"allow":["GET"]}}],"collection":[{"href":"https:\/\/investiga.uned.ac.cr\/obsas\/wp-json\/wp\/v2\/pages"}],"about":[{"href":"https:\/\/investiga.uned.ac.cr\/obsas\/wp-json\/wp\/v2\/types\/page"}],"author":[{"embeddable":true,"href":"https:\/\/investiga.uned.ac.cr\/obsas\/wp-json\/wp\/v2\/users\/1"}],"replies":[{"embeddable":true,"href":"https:\/\/investiga.uned.ac.cr\/obsas\/wp-json\/wp\/v2\/comments?post=1118"}],"version-history":[{"count":3,"href":"https:\/\/investiga.uned.ac.cr\/obsas\/wp-json\/wp\/v2\/pages\/1118\/revisions"}],"predecessor-version":[{"id":2195,"href":"https:\/\/investiga.uned.ac.cr\/obsas\/wp-json\/wp\/v2\/pages\/1118\/revisions\/2195"}],"wp:attachment":[{"href":"https:\/\/investiga.uned.ac.cr\/obsas\/wp-json\/wp\/v2\/media?parent=1118"}],"curies":[{"name":"wp","href":"https:\/\/api.w.org\/{rel}","templated":true}]}}