{"id":978,"date":"2017-09-08T21:08:38","date_gmt":"2017-09-08T21:08:38","guid":{"rendered":"https:\/\/investiga.uned.ac.cr\/cined\/?page_id=978"},"modified":"2017-09-08T21:08:38","modified_gmt":"2017-09-08T21:08:38","slug":"divulgacion-la-investigacion","status":"publish","type":"page","link":"https:\/\/investiga.uned.ac.cr\/cined\/divulgacion-la-investigacion\/","title":{"rendered":"Difusi\u00f3n cient\u00edfica"},"content":{"rendered":"\n<p><\/p>\n\n\n\n<figure class=\"wp-block-image\"><a href=\"https:\/\/investiga.uned.ac.cr\/cined\/wp-content\/uploads\/sites\/9\/2017\/09\/encabezado-divulgacion.jpg\"><img decoding=\"async\" src=\"https:\/\/investiga.uned.ac.cr\/cined\/wp-content\/uploads\/sites\/9\/2017\/09\/encabezado-divulgacion.jpg\" alt=\"\" class=\"wp-image-1001\" \/><\/a><\/figure>\n\n\n\n<h3 class=\"has-medium-font-size wp-block-heading\"><strong>Divulgaci\u00f3n de la investigaci\u00f3n.\u00a0Como parte del quehacer del centro se contempla el desarrollo de estrategias y establecimiento de mecanismos de divulgaci\u00f3n de los proyectos que se ejecutan en la ECE.<\/strong><\/h3>\n\n\n\n<h3 class=\"has-medium-font-size wp-block-heading\"><strong>Aqu\u00ed puede consultar sobre el personal abocado a la formaci\u00f3n para la \u00a0investigaci\u00f3n, as\u00ed como los proyectos asociados, adem\u00e1s del enlace a nuestra revista indexada<\/strong><br \/><\/h3>\n\n\n\n<h3 class=\"has-medium-font-size wp-block-heading\"><\/h3>\n\n\n<h3>&nbsp;<\/h3>\n<h3><strong><a href=\"https:\/\/investiga.uned.ac.cr\/revistas\/index.php\/innovaciones\/index\">Revista Innovaciones Educativas<\/a><\/strong><\/h3>\n<p><a href=\"https:\/\/investiga.uned.ac.cr\/cined\/wp-content\/uploads\/sites\/9\/2017\/09\/innovaciones-educativas.jpg\" rel=\"https:\/\/investiga.uned.ac.cr\/revistas\/index.php\/innovaciones\"><img fetchpriority=\"high\" decoding=\"async\" class=\"alignnone wp-image-1004 size-large\" src=\"https:\/\/investiga.uned.ac.cr\/cined\/wp-content\/uploads\/sites\/9\/2017\/09\/innovaciones-educativas-1024x189.jpg\" alt=\"\" width=\"625\" height=\"115\"><\/a><\/p>\n\n\n<p class=\"has-medium-font-size\"><a href=\"https:\/\/www.facebook.com\/CINEDUNED\/\">Facebook Centro de Investigaciones en Educaci\u00f3n @CINEDUNED<\/a><\/p>\n\n\n\n<p class=\"has-medium-font-size\"><a href=\"https:\/\/www.facebook.com\/innoveducativas\/?ref=page_internal\">Facebook&nbsp;Revista Innovaciones Educativas @innoveducativas<\/a><\/p>\n\n\n\n<p class=\"has-medium-font-size\"><a href=\"https:\/\/investiga.uned.ac.cr\/cined\/publicaciones\/\">Publicaciones del CINED<\/a><\/p>\n","protected":false},"excerpt":{"rendered":"<p>Divulgaci\u00f3n de la investigaci\u00f3n.\u00a0Como parte del quehacer del centro se contempla el desarrollo de estrategias y establecimiento de mecanismos de divulgaci\u00f3n de los proyectos que se ejecutan en la ECE. Aqu\u00ed puede consultar sobre el personal abocado a la formaci\u00f3n para la \u00a0investigaci\u00f3n, as\u00ed como los proyectos asociados, adem\u00e1s del enlace a nuestra revista indexada [&hellip;]<\/p>\n","protected":false},"author":1,"featured_media":0,"parent":0,"menu_order":0,"comment_status":"closed","ping_status":"closed","template":"","meta":{"ngg_post_thumbnail":0,"_themeisle_gutenberg_block_has_review":false,"footnotes":""},"class_list":["post-978","page","type-page","status-publish","hentry","post"],"_links":{"self":[{"href":"https:\/\/investiga.uned.ac.cr\/cined\/wp-json\/wp\/v2\/pages\/978","targetHints":{"allow":["GET"]}}],"collection":[{"href":"https:\/\/investiga.uned.ac.cr\/cined\/wp-json\/wp\/v2\/pages"}],"about":[{"href":"https:\/\/investiga.uned.ac.cr\/cined\/wp-json\/wp\/v2\/types\/page"}],"author":[{"embeddable":true,"href":"https:\/\/investiga.uned.ac.cr\/cined\/wp-json\/wp\/v2\/users\/1"}],"replies":[{"embeddable":true,"href":"https:\/\/investiga.uned.ac.cr\/cined\/wp-json\/wp\/v2\/comments?post=978"}],"version-history":[{"count":0,"href":"https:\/\/investiga.uned.ac.cr\/cined\/wp-json\/wp\/v2\/pages\/978\/revisions"}],"wp:attachment":[{"href":"https:\/\/investiga.uned.ac.cr\/cined\/wp-json\/wp\/v2\/media?parent=978"}],"curies":[{"name":"wp","href":"https:\/\/api.w.org\/{rel}","templated":true}]}}