{"id":974,"date":"2017-09-08T21:06:02","date_gmt":"2017-09-08T21:06:02","guid":{"rendered":"https:\/\/investiga.uned.ac.cr\/cined\/?page_id=974"},"modified":"2017-09-08T21:06:02","modified_gmt":"2017-09-08T21:06:02","slug":"desarrollo-la-extension","status":"publish","type":"page","link":"https:\/\/investiga.uned.ac.cr\/cined\/desarrollo-la-extension\/","title":{"rendered":"Extensi\u00f3n"},"content":{"rendered":"\n<figure class=\"wp-block-image\"><a href=\"https:\/\/investiga.uned.ac.cr\/cined\/wp-content\/uploads\/sites\/9\/2017\/09\/encabezado-desarrollo-extension.jpg\"><img decoding=\"async\" src=\"https:\/\/investiga.uned.ac.cr\/cined\/wp-content\/uploads\/sites\/9\/2017\/09\/encabezado-desarrollo-extension.jpg\" alt=\"\" class=\"wp-image-994\" \/><\/a><\/figure>\n\n\n\n<h3 class=\"has-medium-font-size wp-block-heading\"><strong>Desarrollo de la extensi\u00f3n.\u00a0Corresponde a la ejecuci\u00f3n de proyectos de extensi\u00f3n en diferentes \u00e1reas geogr\u00e1ficas, dentro y fuera de Costa Rica, orientados a contribuir con el desarrollo de las comunidades desde los diferentes \u00e1mbitos del campo educativo.<\/strong><\/h3>\n\n\n\n<h3 class=\"has-medium-font-size wp-block-heading\"><strong>Aqu\u00ed puede consultar sobre el personal abocado a la formaci\u00f3n para la \u00a0investigaci\u00f3n, as\u00ed como los proyectos asociados y una lista con insumos relativos al \u00e1rea.<\/strong><\/h3>\n\n\n\n<h3 class=\"has-medium-font-size wp-block-heading\"><strong>Aqu\u00ed puede encontrar la lista de proyectos adscritos al CINED:<\/strong><\/h3>\n\n\n\n<h3 class=\"has-medium-font-size wp-block-heading\"><strong>Adem\u00e1s, puede ver acerca de esta \u00e1rea con los siguientes videos:<\/strong><\/h3>\n\n\n<h3 data-sider-select-id=\"bf5a3794-c8c3-4b1d-9646-251216b558fb\">&nbsp;<\/h3>\n<p><iframe title=\"Proyectos de extensi\u00f3n\" width=\"720\" height=\"405\" src=\"https:\/\/www.youtube.com\/embed\/Xnb-zviCjRo?feature=oembed\" frameborder=\"0\" allow=\"accelerometer; autoplay; clipboard-write; encrypted-media; gyroscope; picture-in-picture; web-share\" referrerpolicy=\"strict-origin-when-cross-origin\" allowfullscreen><\/iframe><\/p>\n<p>&nbsp;<\/p>","protected":false},"excerpt":{"rendered":"<p>Desarrollo de la extensi\u00f3n.\u00a0Corresponde a la ejecuci\u00f3n de proyectos de extensi\u00f3n en diferentes \u00e1reas geogr\u00e1ficas, dentro y fuera de Costa Rica, orientados a contribuir con el desarrollo de las comunidades desde los diferentes \u00e1mbitos del campo educativo. Aqu\u00ed puede consultar sobre el personal abocado a la formaci\u00f3n para la \u00a0investigaci\u00f3n, as\u00ed como los proyectos asociados [&hellip;]<\/p>\n","protected":false},"author":1,"featured_media":0,"parent":0,"menu_order":0,"comment_status":"closed","ping_status":"closed","template":"","meta":{"ngg_post_thumbnail":0,"_themeisle_gutenberg_block_has_review":false,"footnotes":""},"class_list":["post-974","page","type-page","status-publish","hentry","post"],"_links":{"self":[{"href":"https:\/\/investiga.uned.ac.cr\/cined\/wp-json\/wp\/v2\/pages\/974","targetHints":{"allow":["GET"]}}],"collection":[{"href":"https:\/\/investiga.uned.ac.cr\/cined\/wp-json\/wp\/v2\/pages"}],"about":[{"href":"https:\/\/investiga.uned.ac.cr\/cined\/wp-json\/wp\/v2\/types\/page"}],"author":[{"embeddable":true,"href":"https:\/\/investiga.uned.ac.cr\/cined\/wp-json\/wp\/v2\/users\/1"}],"replies":[{"embeddable":true,"href":"https:\/\/investiga.uned.ac.cr\/cined\/wp-json\/wp\/v2\/comments?post=974"}],"version-history":[{"count":0,"href":"https:\/\/investiga.uned.ac.cr\/cined\/wp-json\/wp\/v2\/pages\/974\/revisions"}],"wp:attachment":[{"href":"https:\/\/investiga.uned.ac.cr\/cined\/wp-json\/wp\/v2\/media?parent=974"}],"curies":[{"name":"wp","href":"https:\/\/api.w.org\/{rel}","templated":true}]}}