{"id":971,"date":"2017-09-08T21:04:54","date_gmt":"2017-09-08T21:04:54","guid":{"rendered":"https:\/\/investiga.uned.ac.cr\/cined\/?page_id=971"},"modified":"2017-09-08T21:04:54","modified_gmt":"2017-09-08T21:04:54","slug":"desarrollo-la-investigacion","status":"publish","type":"page","link":"https:\/\/investiga.uned.ac.cr\/cined\/areas-de-trabajo\/desarrollo-la-investigacion\/","title":{"rendered":"L\u00edneas de investigaci\u00f3n"},"content":{"rendered":"\n<figure class=\"wp-block-image\"><a href=\"https:\/\/investiga.uned.ac.cr\/cined\/wp-content\/uploads\/sites\/9\/2017\/09\/encabezado-desarrollo-investigacion.jpg\"><img decoding=\"async\" src=\"https:\/\/investiga.uned.ac.cr\/cined\/wp-content\/uploads\/sites\/9\/2017\/09\/encabezado-desarrollo-investigacion.jpg\" alt=\"\" class=\"wp-image-992\" \/><\/a><\/figure>\n\n\n\n<h3 class=\"wp-block-heading has-medium-font-size\"><strong>Desarrollo de la investigaci\u00f3n.&nbsp;Corresponde al dise\u00f1o, ejecuci\u00f3n y socializaci\u00f3n de proyectos de investigaci\u00f3n que el personal del CINED desarrolle de forma colaborativa con el personal de las diferentes carreras y c\u00e1tedras de la ECE.<\/strong><\/h3>\n\n\n\n<h3 class=\"wp-block-heading has-medium-font-size\">Las siguientes son las l\u00edneas de investigaci\u00f3n que actualmente cubre el Centro:<\/h3>\n\n\n\n<ul class=\"wp-block-list\">\n<li>LA EVALUACI\u00d3N COMO INSUMO PARA LA MEJORA DE LOS PROCESOS EDUCATIVOS <\/li>\n\n\n\n<li>FORMACI\u00d3N DOCENTE EN LOS NUEVOS ESCENARIOS EDUCATIVOS <\/li>\n\n\n\n<li>GESTI\u00d3N, LIDERAZGO E INNOVACI\u00d3N EDUCATIVA <\/li>\n\n\n\n<li>INCLUSI\u00d3N EN ESCENARIOS EDUCATIVOS<\/li>\n\n\n\n<li>NEUROCIENCIAS EN LOS PROCESOS DE APRENDIZAJE <\/li>\n\n\n\n<li>TECNOLOG\u00cdAS DIGITALES EN CONTEXTOS EDUCATIVOS <\/li>\n\n\n\n<li>INTELIGENCIA ARTIFICIAL EN CONTEXTOS EDUCATIVOS<\/li>\n\n\n\n<li>PROCESOS EDUCATIVOS EN VEJEZ Y ENVEJECIMIENTO <\/li>\n\n\n\n<li>EDUCACI\u00d3N, G\u00c9NERO Y FAMILIA: ESTRATEGIAS PARA CONSTRUIR ESPACIOS EDUCATIVOS LIBRES DE VIOLENCIA<\/li>\n<\/ul>\n\n\n\n<hr class=\"wp-block-separator has-css-opacity\" \/>\n\n\n\n<p><\/p>\n\n\n\n<div data-wp-interactive=\"core\/file\" class=\"wp-block-file\"><object aria-label=\"PDF incrustado\" data-wp-bind--hidden=\"!state.hasPdfPreview\" hidden><\/object><a id=\"wp-block-file--media-af2ed165-48c4-42f4-b14b-07ea515e18c2\" href=\"https:\/\/investiga.uned.ac.cr\/cined\/wp-content\/uploads\/sites\/9\/2025\/02\/LINEAS-DE-INVESTIGACION-2024.pdf\">LINEAS-DE-INVESTIGACION-2024<\/a><a href=\"https:\/\/investiga.uned.ac.cr\/cined\/wp-content\/uploads\/sites\/9\/2025\/02\/LINEAS-DE-INVESTIGACION-2024.pdf\" class=\"wp-block-file__button wp-element-button\" download aria-describedby=\"wp-block-file--media-af2ed165-48c4-42f4-b14b-07ea515e18c2\">Descarga<\/a><\/div>\n","protected":false},"excerpt":{"rendered":"<p>Desarrollo de la investigaci\u00f3n.&nbsp;Corresponde al dise\u00f1o, ejecuci\u00f3n y socializaci\u00f3n de proyectos de investigaci\u00f3n que el personal del CINED desarrolle de forma colaborativa con el personal de las diferentes carreras y c\u00e1tedras de la ECE. Las siguientes son las l\u00edneas de investigaci\u00f3n que actualmente cubre el Centro:<\/p>\n","protected":false},"author":1,"featured_media":0,"parent":581,"menu_order":1,"comment_status":"closed","ping_status":"closed","template":"","meta":{"ngg_post_thumbnail":0,"_themeisle_gutenberg_block_has_review":false,"footnotes":""},"class_list":["post-971","page","type-page","status-publish","hentry","post"],"_links":{"self":[{"href":"https:\/\/investiga.uned.ac.cr\/cined\/wp-json\/wp\/v2\/pages\/971","targetHints":{"allow":["GET"]}}],"collection":[{"href":"https:\/\/investiga.uned.ac.cr\/cined\/wp-json\/wp\/v2\/pages"}],"about":[{"href":"https:\/\/investiga.uned.ac.cr\/cined\/wp-json\/wp\/v2\/types\/page"}],"author":[{"embeddable":true,"href":"https:\/\/investiga.uned.ac.cr\/cined\/wp-json\/wp\/v2\/users\/1"}],"replies":[{"embeddable":true,"href":"https:\/\/investiga.uned.ac.cr\/cined\/wp-json\/wp\/v2\/comments?post=971"}],"version-history":[{"count":0,"href":"https:\/\/investiga.uned.ac.cr\/cined\/wp-json\/wp\/v2\/pages\/971\/revisions"}],"up":[{"embeddable":true,"href":"https:\/\/investiga.uned.ac.cr\/cined\/wp-json\/wp\/v2\/pages\/581"}],"wp:attachment":[{"href":"https:\/\/investiga.uned.ac.cr\/cined\/wp-json\/wp\/v2\/media?parent=971"}],"curies":[{"name":"wp","href":"https:\/\/api.w.org\/{rel}","templated":true}]}}