{"id":581,"date":"2017-05-24T16:18:26","date_gmt":"2017-05-24T16:18:26","guid":{"rendered":"https:\/\/investiga.uned.ac.cr\/cined\/?page_id=581"},"modified":"2025-08-02T03:28:45","modified_gmt":"2025-08-02T03:28:45","slug":"areas-de-trabajo","status":"publish","type":"page","link":"https:\/\/investiga.uned.ac.cr\/cined\/areas-de-trabajo\/","title":{"rendered":"\u00c1reas de Trabajo"},"content":{"rendered":"\n<ol class=\"wp-block-list has-medium-font-size\">\n<li>Formaci\u00f3n para la investigaci\u00f3n. En esta \u00e1rea se concentra el quehacer del profesorado de investigaci\u00f3n para apoyar a las carreras mediante la oferta de las asignaturas de metodolog\u00eda de investigaci\u00f3n y el acompa\u00f1amiento al estudiantado de licenciatura en los procesos de TFG. As\u00ed como el desarrollo de actividades de capacitaci\u00f3n en investigaci\u00f3n para el personal docente de la Escuela y de otras instituciones educativas dentro y fuera del pa\u00eds.<\/li>\n\n\n\n<li>Desarrollo de la investigaci\u00f3n. Corresponde al dise\u00f1o, ejecuci\u00f3n y socializaci\u00f3n de proyectos de investigaci\u00f3n que el personal del CINED desarrolle de forma colaborativa con el personal de las diferentes carreras y c\u00e1tedras de la ECE.<\/li>\n\n\n\n<li>Desarrollo de la extensi\u00f3n.\u00a0Corresponde a la ejecuci\u00f3n de proyectos de extensi\u00f3n en diferentes \u00e1reas geogr\u00e1ficas, dentro y fuera de Costa Rica, orientados a contribuir con el desarrollo de las comunidades desde los diferentes \u00e1mbitos del campo educativo.<\/li>\n\n\n\n<li>Gesti\u00f3n. En esta l\u00ednea de trabajo se inscriben los esfuerzos realizados por el personal del CINED para la consecuci\u00f3n de fondos que permitan la ejecuci\u00f3n de proyectos de investigaci\u00f3n y extensi\u00f3n en la ECE.<\/li>\n\n\n\n<li>Divulgaci\u00f3n de la investigaci\u00f3n. Como parte del quehacer del centro se contempla el desarrollo de estrategias y establecimiento de mecanismos de divulgaci\u00f3n de los proyectos que se ejecutan en la ECE.<\/li>\n<\/ol>\n\n\n\n<figure class=\"wp-block-gallery has-nested-images columns-2 is-cropped wp-block-gallery-1 is-layout-flex wp-block-gallery-is-layout-flex\">\n<figure class=\"wp-block-image size-large\"><img fetchpriority=\"high\" decoding=\"async\" width=\"960\" height=\"720\" data-id=\"2985\" src=\"https:\/\/investiga.uned.ac.cr\/cined\/wp-content\/uploads\/sites\/9\/2025\/08\/foto-trabajo-cined-19.jpg\" alt=\"\" class=\"wp-image-2985\" srcset=\"https:\/\/investiga.uned.ac.cr\/cined\/wp-content\/uploads\/sites\/9\/2025\/08\/foto-trabajo-cined-19.jpg 960w, https:\/\/investiga.uned.ac.cr\/cined\/wp-content\/uploads\/sites\/9\/2025\/08\/foto-trabajo-cined-19-300x225.jpg 300w, https:\/\/investiga.uned.ac.cr\/cined\/wp-content\/uploads\/sites\/9\/2025\/08\/foto-trabajo-cined-19-768x576.jpg 768w\" sizes=\"(max-width: 960px) 100vw, 960px\" \/><\/figure>\n\n\n\n<figure class=\"wp-block-image size-large\"><img decoding=\"async\" width=\"960\" height=\"540\" data-id=\"3090\" src=\"https:\/\/investiga.uned.ac.cr\/cined\/wp-content\/uploads\/sites\/9\/2025\/08\/foto-trabajo-cined-11-2.jpg\" alt=\"\" class=\"wp-image-3090\" srcset=\"https:\/\/investiga.uned.ac.cr\/cined\/wp-content\/uploads\/sites\/9\/2025\/08\/foto-trabajo-cined-11-2.jpg 960w, https:\/\/investiga.uned.ac.cr\/cined\/wp-content\/uploads\/sites\/9\/2025\/08\/foto-trabajo-cined-11-2-300x169.jpg 300w, https:\/\/investiga.uned.ac.cr\/cined\/wp-content\/uploads\/sites\/9\/2025\/08\/foto-trabajo-cined-11-2-768x432.jpg 768w\" sizes=\"(max-width: 960px) 100vw, 960px\" \/><\/figure>\n\n\n\n<figure class=\"wp-block-image size-large\"><img decoding=\"async\" width=\"960\" height=\"540\" data-id=\"3091\" src=\"https:\/\/investiga.uned.ac.cr\/cined\/wp-content\/uploads\/sites\/9\/2025\/08\/foto-trabajo-cined-15.jpg\" alt=\"\" class=\"wp-image-3091\" srcset=\"https:\/\/investiga.uned.ac.cr\/cined\/wp-content\/uploads\/sites\/9\/2025\/08\/foto-trabajo-cined-15.jpg 960w, https:\/\/investiga.uned.ac.cr\/cined\/wp-content\/uploads\/sites\/9\/2025\/08\/foto-trabajo-cined-15-300x169.jpg 300w, https:\/\/investiga.uned.ac.cr\/cined\/wp-content\/uploads\/sites\/9\/2025\/08\/foto-trabajo-cined-15-768x432.jpg 768w\" sizes=\"(max-width: 960px) 100vw, 960px\" \/><\/figure>\n<\/figure>\n\n\n\n<div class=\"wp-block-columns is-layout-flex wp-container-core-columns-is-layout-9d6595d7 wp-block-columns-is-layout-flex\">\n<div class=\"wp-block-column is-layout-flow wp-block-column-is-layout-flow\" style=\"flex-basis:100%\">\n<div class=\"wp-block-group\"><div class=\"wp-block-group__inner-container is-layout-flow wp-block-group-is-layout-flow\">\n<p class=\"has-black-color has-text-color has-medium-font-size\"> Tel: (506) 2527-2427 \/ <a href=\"https:\/\/investiga.uned.ac.cr\/cined\/contacto\/\"> Contacto <\/a>\/<a href=\"https:\/\/www.uned.ac.cr\/index.php\/aviso-legal\"> Aviso legal <\/a> \/ <a href=\"https:\/\/www.uned.ac.cr\">UNED<\/a><a href=\"https:\/\/www.uned.ac.cr\" target=\"_blank\" rel=\"noreferrer noopener\"> <\/a><\/p>\n<\/div><\/div>\n<\/div>\n<\/div>\n","protected":false},"excerpt":{"rendered":"<p>Tel: (506) 2527-2427 \/ Contacto \/ Aviso legal \/ UNED<\/p>\n","protected":false},"author":1,"featured_media":0,"parent":0,"menu_order":0,"comment_status":"closed","ping_status":"closed","template":"elementor_theme","meta":{"ngg_post_thumbnail":0,"_themeisle_gutenberg_block_has_review":false,"footnotes":""},"class_list":["post-581","page","type-page","status-publish","hentry","post"],"_links":{"self":[{"href":"https:\/\/investiga.uned.ac.cr\/cined\/wp-json\/wp\/v2\/pages\/581","targetHints":{"allow":["GET"]}}],"collection":[{"href":"https:\/\/investiga.uned.ac.cr\/cined\/wp-json\/wp\/v2\/pages"}],"about":[{"href":"https:\/\/investiga.uned.ac.cr\/cined\/wp-json\/wp\/v2\/types\/page"}],"author":[{"embeddable":true,"href":"https:\/\/investiga.uned.ac.cr\/cined\/wp-json\/wp\/v2\/users\/1"}],"replies":[{"embeddable":true,"href":"https:\/\/investiga.uned.ac.cr\/cined\/wp-json\/wp\/v2\/comments?post=581"}],"version-history":[{"count":1,"href":"https:\/\/investiga.uned.ac.cr\/cined\/wp-json\/wp\/v2\/pages\/581\/revisions"}],"predecessor-version":[{"id":3092,"href":"https:\/\/investiga.uned.ac.cr\/cined\/wp-json\/wp\/v2\/pages\/581\/revisions\/3092"}],"wp:attachment":[{"href":"https:\/\/investiga.uned.ac.cr\/cined\/wp-json\/wp\/v2\/media?parent=581"}],"curies":[{"name":"wp","href":"https:\/\/api.w.org\/{rel}","templated":true}]}}