{"id":2661,"date":"2024-05-28T21:33:46","date_gmt":"2024-05-28T21:33:46","guid":{"rendered":"https:\/\/investiga.uned.ac.cr\/cined\/?page_id=2661"},"modified":"2025-08-28T21:15:57","modified_gmt":"2025-08-28T21:15:57","slug":"proyectos-de-extension","status":"publish","type":"page","link":"https:\/\/investiga.uned.ac.cr\/cined\/proyectos-de-extension\/","title":{"rendered":"Proyectos de extensi\u00f3n"},"content":{"rendered":"<p><a href=\"https:\/\/investiga.uned.ac.cr\/cined\/proyecto-todos\/\">TODOS: <strong>TransFormaci\u00f3n para el Desarrollo Local Sostenible<\/strong><\/a><\/p>\n<p>ART ECE: Proyecto de Extensi\u00f3n Coro de la Escuela de Ciencias de la Educaci\u00f3n UNED<\/p>\n<p><a href=\"https:\/\/investiga.uned.ac.cr\/cined\/partes-del-todo\/\">ArtECE \u2013 Centro de Investigaciones en Educaci\u00f3n (CINED) Partes del todo<\/a><\/p>\n<p>&nbsp;<\/p>\n<p>Fortaleciendo el v\u00ednculo territorial: Taller de proyectos de extensi\u00f3n en el campo educativo<\/p>\n<p><a href=\"https:\/\/investiga.uned.ac.cr\/cined\/wp-content\/uploads\/sites\/9\/2024\/06\/1-PPT-Conceptualizacion-Taller-Extension-2.pdf\">1 PPT Conceptualizacion &#8211; Taller Extension<\/a><\/p>\n<p><a href=\"https:\/\/investiga.uned.ac.cr\/cined\/wp-content\/uploads\/sites\/9\/2024\/06\/2-PPT-Taller-Ruta-de-Extension-1.pdf\">2 PPT Taller Ruta de Extension<\/a><\/p>\n<p><a href=\"https:\/\/investiga.uned.ac.cr\/cined\/wp-content\/uploads\/sites\/9\/2024\/06\/3-PPT-Formulario-Taller-Extension-1.pdf\">3 PPT Formulario &#8211; Taller Extension<\/a><\/p>\n<p>&nbsp;<\/p>\n\n\n<div class=\"wp-block-media-text alignwide is-stacked-on-mobile\"><figure class=\"wp-block-media-text__media\"><\/figure><div class=\"wp-block-media-text__content\">\n<div class=\"wp-block-media-text alignwide is-stacked-on-mobile\"><figure class=\"wp-block-media-text__media\"><\/figure><div class=\"wp-block-media-text__content\">\n<p class=\"has-large-font-size\"><\/p>\n<\/div><\/div>\n<\/div><\/div>\n\n\n\n<p><\/p>\n","protected":false},"excerpt":{"rendered":"<p>TODOS: TransFormaci\u00f3n para el Desarrollo Local Sostenible ART ECE: Proyecto de Extensi\u00f3n Coro de la Escuela de Ciencias de la Educaci\u00f3n UNED ArtECE \u2013 Centro de Investigaciones en Educaci\u00f3n (CINED) Partes del todo &nbsp; Fortaleciendo el v\u00ednculo territorial: Taller de proyectos de extensi\u00f3n en el campo educativo 1 PPT Conceptualizacion &#8211; Taller Extension 2 PPT [&hellip;]<\/p>\n","protected":false},"author":1,"featured_media":0,"parent":0,"menu_order":0,"comment_status":"closed","ping_status":"closed","template":"","meta":{"ngg_post_thumbnail":0,"_themeisle_gutenberg_block_has_review":false,"footnotes":""},"class_list":["post-2661","page","type-page","status-publish","hentry","post"],"_links":{"self":[{"href":"https:\/\/investiga.uned.ac.cr\/cined\/wp-json\/wp\/v2\/pages\/2661","targetHints":{"allow":["GET"]}}],"collection":[{"href":"https:\/\/investiga.uned.ac.cr\/cined\/wp-json\/wp\/v2\/pages"}],"about":[{"href":"https:\/\/investiga.uned.ac.cr\/cined\/wp-json\/wp\/v2\/types\/page"}],"author":[{"embeddable":true,"href":"https:\/\/investiga.uned.ac.cr\/cined\/wp-json\/wp\/v2\/users\/1"}],"replies":[{"embeddable":true,"href":"https:\/\/investiga.uned.ac.cr\/cined\/wp-json\/wp\/v2\/comments?post=2661"}],"version-history":[{"count":2,"href":"https:\/\/investiga.uned.ac.cr\/cined\/wp-json\/wp\/v2\/pages\/2661\/revisions"}],"predecessor-version":[{"id":5930,"href":"https:\/\/investiga.uned.ac.cr\/cined\/wp-json\/wp\/v2\/pages\/2661\/revisions\/5930"}],"wp:attachment":[{"href":"https:\/\/investiga.uned.ac.cr\/cined\/wp-json\/wp\/v2\/media?parent=2661"}],"curies":[{"name":"wp","href":"https:\/\/api.w.org\/{rel}","templated":true}]}}