{"id":256,"date":"2014-03-17T15:27:26","date_gmt":"2014-03-17T15:27:26","guid":{"rendered":"http:\/\/localhost\/?page_id=256"},"modified":"2014-03-17T15:27:26","modified_gmt":"2014-03-17T15:27:26","slug":"lineas-de-investigacion-2","status":"publish","type":"page","link":"https:\/\/investiga.uned.ac.cr\/cined\/lineas-de-investigacion-2\/","title":{"rendered":"L\u00edneas de investigaci\u00f3n"},"content":{"rendered":"\n<h3 class=\"has-medium-font-size wp-block-heading\"><strong>El CINED es la instancia de la Escuela de Ciencias de la Educaci\u00f3n destinada a colaborar con las c\u00e1tedras y carreras en el dise\u00f1o y desarrollo de proyectos sobre los campos tem\u00e1ticos propios de las l\u00edneas de investigaci\u00f3n definidas por la Escuela.<\/strong><\/h3>\n\n\n\n<h3 class=\"has-medium-font-size wp-block-heading\"><strong>Para ver el cuadro de las l\u00edneas de investigaci\u00f3n haga clic en este enlace: <a rel=\"noreferrer noopener\" href=\"https:\/\/investiga.uned.ac.cr\/blogs\/cined\/wp-content\/uploads\/sites\/9\/2014\/08\/lineas-de-investigaci\u00f3n-ECE.pdf\" target=\"_blank\">L\u00edneas de investigaci\u00f3n ECE<\/a><\/strong><\/h3>\n\n\n\n\n\n<p><\/p>\n","protected":false},"excerpt":{"rendered":"<p>El CINED es la instancia de la Escuela de Ciencias de la Educaci\u00f3n destinada a colaborar con las c\u00e1tedras y carreras en el dise\u00f1o y desarrollo de proyectos sobre los campos tem\u00e1ticos propios de las l\u00edneas de investigaci\u00f3n definidas por la Escuela. Para ver el cuadro de las l\u00edneas de investigaci\u00f3n haga clic en este [&hellip;]<\/p>\n","protected":false},"author":1,"featured_media":0,"parent":0,"menu_order":0,"comment_status":"closed","ping_status":"closed","template":"","meta":{"ngg_post_thumbnail":0,"_themeisle_gutenberg_block_has_review":false,"footnotes":""},"class_list":["post-256","page","type-page","status-publish","hentry","post"],"_links":{"self":[{"href":"https:\/\/investiga.uned.ac.cr\/cined\/wp-json\/wp\/v2\/pages\/256","targetHints":{"allow":["GET"]}}],"collection":[{"href":"https:\/\/investiga.uned.ac.cr\/cined\/wp-json\/wp\/v2\/pages"}],"about":[{"href":"https:\/\/investiga.uned.ac.cr\/cined\/wp-json\/wp\/v2\/types\/page"}],"author":[{"embeddable":true,"href":"https:\/\/investiga.uned.ac.cr\/cined\/wp-json\/wp\/v2\/users\/1"}],"replies":[{"embeddable":true,"href":"https:\/\/investiga.uned.ac.cr\/cined\/wp-json\/wp\/v2\/comments?post=256"}],"version-history":[{"count":0,"href":"https:\/\/investiga.uned.ac.cr\/cined\/wp-json\/wp\/v2\/pages\/256\/revisions"}],"wp:attachment":[{"href":"https:\/\/investiga.uned.ac.cr\/cined\/wp-json\/wp\/v2\/media?parent=256"}],"curies":[{"name":"wp","href":"https:\/\/api.w.org\/{rel}","templated":true}]}}