{"id":1878,"date":"2021-07-30T00:54:37","date_gmt":"2021-07-30T00:54:37","guid":{"rendered":"https:\/\/investiga.uned.ac.cr\/cined\/?page_id=1878"},"modified":"2021-07-30T00:54:37","modified_gmt":"2021-07-30T00:54:37","slug":"acompanamiento-a-procesos-de-tfg","status":"publish","type":"page","link":"https:\/\/investiga.uned.ac.cr\/cined\/acompanamiento-a-procesos-de-tfg\/","title":{"rendered":"Acompa\u00f1amiento a procesos de TFG"},"content":{"rendered":"<p><\/p>\n<p>Los siguientes son insumos para que las diversas personas involucradas en el proceso de creaci\u00f3n, acompa\u00f1amiento, supervisi\u00f3n y evaluaci\u00f3n de TFG puedan complementar su labor:<\/p>\n<p><\/p>\n<p><\/p>\n<figure>\n<table>\n<tbody>\n<tr>\n<td><a href=\"https:\/\/youtu.be\/x8TQTHZjhWA\" target=\"_blank\" rel=\"noreferrer noopener\"><img decoding=\"async\" style=\"width: 400px\" src=\"https:\/\/investiga.uned.ac.cr\/cined\/wp-content\/uploads\/sites\/9\/2021\/08\/Captura-de-Pantalla-2021-08-03-a-las-13.04.27.png\" alt=\"\" \/><\/a><\/td>\n<td><a href=\"https:\/\/youtu.be\/Q4nNQx6uRag\" target=\"_blank\" rel=\"noreferrer noopener\"><img decoding=\"async\" style=\"width: 400px\" src=\"https:\/\/investiga.uned.ac.cr\/cined\/wp-content\/uploads\/sites\/9\/2021\/08\/Captura-de-Pantalla-2021-08-03-a-las-13.05.14.png\" alt=\"\" \/><\/a><\/td>\n<\/tr>\n<tr>\n<td><a href=\"https:\/\/youtu.be\/xSPBiitp7g8\" target=\"_blank\" rel=\"noreferrer noopener\"><img decoding=\"async\" style=\"width: 400px\" src=\"https:\/\/investiga.uned.ac.cr\/cined\/wp-content\/uploads\/sites\/9\/2021\/08\/Captura-de-Pantalla-2021-08-03-a-las-13.02.38.png\" alt=\"\" \/><\/a><\/td>\n<td>\u00a0<\/td>\n<\/tr>\n<\/tbody>\n<\/table>\n<figcaption>\n<p>Presione clic sobre cada imagen para observar el recurso<\/p>\n<\/figcaption>\n<\/figure>\n<p><\/p>\n<p><\/p>\n<figure>\n<table>\n<tbody>\n<tr>\n<td><a href=\"https:\/\/youtu.be\/TZGEbLbYJ78\" target=\"_blank\" rel=\"noreferrer noopener\"><img decoding=\"async\" style=\"width: 400px\" src=\"https:\/\/investiga.uned.ac.cr\/cined\/wp-content\/uploads\/sites\/9\/2021\/08\/Captura-de-Pantalla-2021-08-03-a-las-13.09.50.png\" alt=\"\" \/><\/a><\/td>\n<td><a href=\"https:\/\/youtu.be\/ZHyNLcBxLiI\" target=\"_blank\" rel=\"noreferrer noopener\"><img decoding=\"async\" style=\"width: 400px\" src=\"https:\/\/investiga.uned.ac.cr\/cined\/wp-content\/uploads\/sites\/9\/2021\/08\/Captura-de-Pantalla-2021-08-03-a-las-13.09.34.png\" alt=\"\" \/><\/a><\/td>\n<\/tr>\n<tr>\n<td><a href=\"https:\/\/youtu.be\/0WNBmGAznYs\" target=\"_blank\" rel=\"noreferrer noopener\"><img decoding=\"async\" style=\"width: 400px\" src=\"https:\/\/investiga.uned.ac.cr\/cined\/wp-content\/uploads\/sites\/9\/2021\/08\/Captura-de-Pantalla-2021-08-03-a-las-13.09.19.png\" alt=\"\" \/><\/a><\/td>\n<td><a href=\"https:\/\/view.genial.ly\/60fb2ec76cd54e0d803497e3\/presentation-criterios-de-calidad-para-los-tfg\" target=\"_blank\" rel=\"noreferrer noopener\"><img decoding=\"async\" style=\"width: 400px\" src=\"https:\/\/investiga.uned.ac.cr\/cined\/wp-content\/uploads\/sites\/9\/2021\/11\/Captura-de-Pantalla-2021-11-11-a-las-12.17.07.png\" alt=\"\" \/><\/a><\/td>\n<\/tr>\n<\/tbody>\n<\/table>\n<figcaption>\n<p>Presione clic sobre cada imagen para observar el recurso<\/p>\n<\/figcaption>\n<\/figure>\n<p><\/p>\n<p><\/p>\n\u00a0\n<p><\/p>\n<p><\/p>\n<p class=\"is-layout-flex wp-container-core-columns-is-layout-9d6595d7 wp-block-columns-is-layout-flex\"><\/p>\n<table class=\"is-layout-flow wp-block-column-is-layout-flow\" style=\"height: 396px\" width=\"510\">\n<tbody>\n<tr>\n<td data-align=\"left\"><a href=\"https:\/\/pal.uned.ac.cr\/multimedias\/oa_claves_exito_tfg_cd_050913\/1\/start.html\" target=\"_blank\" rel=\"noreferrer noopener\"><img decoding=\"async\" style=\"width: 400px\" src=\"https:\/\/investiga.uned.ac.cr\/cined\/wp-content\/uploads\/sites\/9\/2021\/08\/Captura-de-Pantalla-2021-08-03-a-las-08.38.52.png\" alt=\"\" \/><\/a>.<\/td>\n<td data-align=\"center\"><a href=\"https:\/\/view.genial.ly\/60fb2ec76cd54e0d803497e3\/presentation-criterios-de-calidad-para-los-tfg\" target=\"_blank\" rel=\"noreferrer noopener\"><img decoding=\"async\" style=\"width: 400px\" src=\"https:\/\/investiga.uned.ac.cr\/cined\/wp-content\/uploads\/sites\/9\/2021\/11\/Captura-de-Pantalla-2021-11-11-a-las-12.17.07.png\" alt=\"\" \/><\/a><\/td>\n<\/tr>\n<tr>\n<td data-align=\"left\"><a href=\"https:\/\/view.genial.ly\/6139107e8a420c0d2ab3a6f9\/interactive-content-criterios-de-valoracion-de-anteproyectos-o-propuesta\" target=\"_blank\" rel=\"noreferrer noopener\"><img decoding=\"async\" style=\"width: 400px\" src=\"https:\/\/investiga.uned.ac.cr\/cined\/wp-content\/uploads\/sites\/9\/2021\/11\/Captura-de-Pantalla-2021-11-11-a-las-12.17.17.png\" alt=\"\" \/><\/a><\/td>\n<td data-align=\"center\"><a href=\"https:\/\/view.genial.ly\/6137cf039a76080d7e607a88\/interactive-image-lineas-de-investigacion-de-la-ece\" target=\"_blank\" rel=\"noreferrer noopener\"><img decoding=\"async\" style=\"width: 400px\" src=\"https:\/\/investiga.uned.ac.cr\/cined\/wp-content\/uploads\/sites\/9\/2021\/11\/Captura-de-Pantalla-2021-11-11-a-las-12.17.28.png\" alt=\"\" \/><\/a><\/td>\n<\/tr>\n<\/tbody>\n<\/table>\n<p>&nbsp;<\/p>\n<figcaption>\n<p>Videos de Youtube\n<figcaption>\n<p><\/p>\n<p><\/p>\n<p><\/p>\n<p><\/p>\n<table>\n<tbody>\n<tr>\n<td>\u00a0<\/td>\n<td>\n<p><strong>Categorizaci\u00f3n de las referencias con base en APA 4 edici\u00f3n<\/strong><\/p>\n<\/td>\n<td>\n<p>Algunas diferencias que hay entre APA 3 edici\u00f3n y APA 4 edici\u00f3n en espa\u00f1ol.<\/p>\n<\/td>\n<td>\n<p><em><a href=\"https:\/\/youtu.be\/lfXe6d9btOY\" target=\"_blank\" rel=\"noreferrer noopener\">https:\/\/youtu.be\/lfXe6d9btOY<\/a><\/em><\/p>\n<\/td>\n<\/tr>\n<tr>\n<td>\u00a0<\/td>\n<td>\n<p><strong>Video: Predise\u00f1os de seminario de graduaci\u00f3n<\/strong><\/p>\n<\/td>\n<td>\n<p>Material relacionado con los predise\u00f1os de investigaciones bajo la modalidad: seminario de graduaci\u00f3n.<\/p>\n<\/td>\n<td>\n<p><a href=\"https:\/\/youtu.be\/PE7pIwystwE\" target=\"_blank\" rel=\"noreferrer noopener\"><em>https:\/\/youtu.be\/PE7pIwystwE<\/em><\/a><\/p>\n<\/td>\n<\/tr>\n<tr>\n<td>\u00a0<\/td>\n<td>\n<p><strong>Video: Marco te\u00f3rico en el TFG<\/strong><\/p>\n<\/td>\n<td>\n<p>Aspectos importantes por tomar al construir un marco te\u00f3rico en su TFG.<\/p>\n<\/td>\n<td>\n<p><a href=\"https:\/\/youtu.be\/2e_zSjiMDy8\" target=\"_blank\" rel=\"noreferrer noopener\"><em>https:\/\/youtu.be\/2e_zSjiMDy8<\/em><\/a><\/p>\n<\/td>\n<\/tr>\n<tr>\n<td>\u00a0<\/td>\n<td>\n<p><strong>Video: Antecedentes en el TFG<\/strong><\/p>\n<\/td>\n<td>\n<p>Aspectos importantes por tomar en cuenta al elaborar los antecedentes en su TFG.<\/p>\n<\/td>\n<td>\n<p><a href=\"https:\/\/youtu.be\/pkXkxzJNd2A\" target=\"_blank\" rel=\"noreferrer noopener\"><em>https:\/\/youtu.be\/pkXkxzJNd2A<\/em><\/a><\/p>\n<\/td>\n<\/tr>\n<tr>\n<td>\u00a0<\/td>\n<td>\n<p><strong>Video: Triangulaci\u00f3n en el TFG<\/strong><\/p>\n<\/td>\n<td>\n<p>Tipos de triangulaci\u00f3n y ejemplos.<\/p>\n<\/td>\n<td>\n<p><a href=\"https:\/\/youtu.be\/kTyPJ8eg2Qc\" target=\"_blank\" rel=\"noreferrer noopener\"><em>https:\/\/youtu.be\/kTyPJ8eg2Qc<\/em><\/a><\/p>\n<\/td>\n<\/tr>\n<tr>\n<td>\u00a0<\/td>\n<td>\n<p><strong>Video: Planteamiento del problema en el TFG<\/strong><\/p>\n<\/td>\n<td>\n<p>Aspectos importantes por tomar en cuenta en la elaboraci\u00f3n del planteamiento del problema en su TFG.<\/p>\n<\/td>\n<td>\n<p><a href=\"https:\/\/youtu.be\/Lf_vOUSmEMY\" target=\"_blank\" rel=\"noreferrer noopener\"><em>https:\/\/youtu.be\/Lf_vOUSmEMY<\/em><\/a><\/p>\n<\/td>\n<\/tr>\n<tr>\n<td>\u00a0<\/td>\n<td>\n<p><strong>Tipos de investigaci\u00f3n cualitativa<\/strong><\/p>\n<\/td>\n<td>\n<p>Algunos tipos de investigaciones cualitativas.<\/p>\n<\/td>\n<td>\n<p><em><a href=\"https:\/\/view.genial.ly\/62653de45f422800113fa7e3\/interactive-content-tipos-de-investigacion-cualitativo\" target=\"_blank\" rel=\"noreferrer noopener\">https:\/\/view.genial.ly\/62653de45f422800113fa7e3\/interactive-content-tipos-de-investigacion-cualitativo<\/a><\/em><\/p>\n<\/td>\n<\/tr>\n<tr>\n<td>\u00a0<\/td>\n<td>\n<p><strong>Tipos de investigaci\u00f3n cuantitativa<\/strong><\/p>\n<\/td>\n<td>\n<p>Algunos tipos de investigaciones cuantitativas.<\/p>\n<\/td>\n<td>\n<p><em><a href=\"https:\/\/view.genial.ly\/628fb2a0a415040012a313dc\/interactive-content-tipos-de-investigacion-cuantitativa\" target=\"_blank\" rel=\"noreferrer noopener\">https:\/\/view.genial.ly\/628fb2a0a415040012a313dc\/interactive-content-tipos-de-investigacion-cuantitativa<\/a><\/em><\/p>\n<\/td>\n<\/tr>\n<tr>\n<td>\u00a0<\/td>\n<td>\n<p><strong>Resumen de APA 4 edici\u00f3n en espa\u00f1ol<\/strong><\/p>\n<\/td>\n<td>\n<p>APA 4 edici\u00f3n: diferencias, citas y referencias.<\/p>\n<\/td>\n<td>\n<p><em><a href=\"https:\/\/view.genial.ly\/62140f6b293ca70011d85756\/interactive-image-apa-cuarta-edicion\" target=\"_blank\" rel=\"noreferrer noopener\">https:\/\/view.genial.ly\/62140f6b293ca70011d85756\/interactive-image-apa-cuarta-edicion<\/a><\/em><\/p>\n<\/td>\n<\/tr>\n<tr>\n<td>\u00a0<\/td>\n<td>\n<p><strong>Diferencias_ APA 3 \/ APA 4<\/strong><\/p>\n<\/td>\n<td>\n<p>Algunas diferencias que hay entre APA 3 edici\u00f3n y APA 4 edici\u00f3n en espa\u00f1ol.<\/p>\n<\/td>\n<td>\n<p><em><a href=\"https:\/\/view.genial.ly\/623db49f2cc36e0012d5725e\/presentation-a-diferencias-apa-2022\" target=\"_blank\" rel=\"noreferrer noopener\">https:\/\/view.genial.ly\/623db49f2cc36e0012d5725e\/presentation-a-diferencias-apa-2022<\/a><\/em><\/p>\n<\/td>\n<\/tr>\n<tr>\n<td>\u00a0<\/td>\n<td>\n<p><strong>Tipos de citas con base en APA 4 edici\u00f3n<\/strong><\/p>\n<\/td>\n<td>\n<p>Algunos tipos de citas con base en el Manual de APA 4 edici\u00f3n en espa\u00f1ol.<\/p>\n<\/td>\n<td>\n<p><em><a href=\"https:\/\/view.genial.ly\/623db9abe19cb500199488f5\/presentation-b-descripcion-tipos-de-citas\" target=\"_blank\" rel=\"noreferrer noopener\">https:\/\/view.genial.ly\/623db9abe19cb500199488f5\/presentation-b-descripcion-tipos-de-citas<\/a><\/em><\/p>\n<\/td>\n<\/tr>\n<tr>\n<td>\u00a0<\/td>\n<td>\n<p><strong>Ejemplos de citas con base en APA 4 edici\u00f3n<\/strong><\/p>\n<\/td>\n<td>\n<p>Algunos ejemplos de citas con base en el Manual de APA 4 edici\u00f3n en espa\u00f1ol.<\/p>\n<\/td>\n<td>\n<p><em><a href=\"https:\/\/view.genial.ly\/623e1583cfd37e0011ddc129\/presentation-c-ejemplos-de-citas\" target=\"_blank\" rel=\"noreferrer noopener\">https:\/\/view.genial.ly\/623e1583cfd37e0011ddc129\/presentation-c-ejemplos-de-citas<\/a><\/em><\/p>\n<\/td>\n<\/tr>\n<tr>\n<td>\u00a0<\/td>\n<td>\n<p><strong>Ejemplos de referencias con base en APA 4 edici\u00f3n<\/strong><\/p>\n<\/td>\n<td>\n<p>Algunos tipos de referencias con base en el Manual de APA 4 edici\u00f3n en espa\u00f1ol.<\/p>\n<\/td>\n<td><em><a href=\"https:\/\/view.genial.ly\/624e230b81e508001b40c26b\/presentation-d-ejemplos-de-referencias\" target=\"_blank\" rel=\"noreferrer noopener\">https:\/\/view.genial.ly\/624e230b81e508001b40c26b\/presentation-d-ejemplos-de-referencias<\/a><\/em><\/td>\n<\/tr>\n<\/tbody>\n<\/table>\n<h2>Infograf\u00ecas<\/h2>\n<p><\/p>\n<p><\/p>\n<figure class=\"wp-block-gallery-1 is-layout-flex wp-block-gallery-is-layout-flex\">\n<ul>\n<li>\n<figure><a href=\"https:\/\/investiga.uned.ac.cr\/cined\/wp-content\/uploads\/sites\/9\/2022\/07\/2.jpg\"><img decoding=\"async\" src=\"https:\/\/investiga.uned.ac.cr\/cined\/wp-content\/uploads\/sites\/9\/2022\/07\/2-724x1024.jpg\" alt=\"\" data-id=\"2274\" data-full-url=\"https:\/\/investiga.uned.ac.cr\/cined\/wp-content\/uploads\/sites\/9\/2022\/07\/2.jpg\" data-link=\"https:\/\/investiga.uned.ac.cr\/cined\/acompanamiento-a-procesos-de-tfg\/2-2\/\" \/><\/a><\/figure>\n<\/li>\n<li>\n<figure><a href=\"https:\/\/investiga.uned.ac.cr\/cined\/wp-content\/uploads\/sites\/9\/2022\/07\/3.jpg\"><img decoding=\"async\" src=\"https:\/\/investiga.uned.ac.cr\/cined\/wp-content\/uploads\/sites\/9\/2022\/07\/3-724x1024.jpg\" alt=\"\" data-id=\"2275\" data-full-url=\"https:\/\/investiga.uned.ac.cr\/cined\/wp-content\/uploads\/sites\/9\/2022\/07\/3.jpg\" data-link=\"https:\/\/investiga.uned.ac.cr\/cined\/acompanamiento-a-procesos-de-tfg\/3-2\/\" \/><\/a><\/figure>\n<\/li>\n<\/ul>\n<\/figure>\n<p><\/p>\n<p><\/p>\n<hr \/>\n<p><\/p>\n<p><\/p>\n<hr \/>\n<p><\/p>\n","protected":false},"excerpt":{"rendered":"<p>Los siguientes son insumos para que las diversas personas involucradas en el proceso de creaci\u00f3n, acompa\u00f1amiento, supervisi\u00f3n y evaluaci\u00f3n de TFG puedan complementar su labor: \u00a0 Presione clic sobre cada imagen para observar el recurso Presione clic sobre cada imagen para observar el recurso<\/p>\n","protected":false},"author":1,"featured_media":0,"parent":0,"menu_order":0,"comment_status":"closed","ping_status":"closed","template":"","meta":{"ngg_post_thumbnail":0,"_themeisle_gutenberg_block_has_review":false,"footnotes":""},"class_list":["post-1878","page","type-page","status-publish","hentry","post"],"_links":{"self":[{"href":"https:\/\/investiga.uned.ac.cr\/cined\/wp-json\/wp\/v2\/pages\/1878","targetHints":{"allow":["GET"]}}],"collection":[{"href":"https:\/\/investiga.uned.ac.cr\/cined\/wp-json\/wp\/v2\/pages"}],"about":[{"href":"https:\/\/investiga.uned.ac.cr\/cined\/wp-json\/wp\/v2\/types\/page"}],"author":[{"embeddable":true,"href":"https:\/\/investiga.uned.ac.cr\/cined\/wp-json\/wp\/v2\/users\/1"}],"replies":[{"embeddable":true,"href":"https:\/\/investiga.uned.ac.cr\/cined\/wp-json\/wp\/v2\/comments?post=1878"}],"version-history":[{"count":0,"href":"https:\/\/investiga.uned.ac.cr\/cined\/wp-json\/wp\/v2\/pages\/1878\/revisions"}],"wp:attachment":[{"href":"https:\/\/investiga.uned.ac.cr\/cined\/wp-json\/wp\/v2\/media?parent=1878"}],"curies":[{"name":"wp","href":"https:\/\/api.w.org\/{rel}","templated":true}]}}