{"id":1856,"date":"2021-07-28T05:45:16","date_gmt":"2021-07-28T05:45:16","guid":{"rendered":"https:\/\/investiga.uned.ac.cr\/cined\/?page_id=1856"},"modified":"2025-08-04T04:06:46","modified_gmt":"2025-08-04T04:06:46","slug":"recursos-didacticos","status":"publish","type":"page","link":"https:\/\/investiga.uned.ac.cr\/cined\/recursos-didacticos\/","title":{"rendered":"Recursos Did\u00e1cticos"},"content":{"rendered":"\n<p class=\"has-medium-font-size\">En esta secci\u00f3n puede consultar los recursos que el Centro de Investigaciones en Educaci\u00f3n (CINED) pone a sus disposici\u00f3n para la mejora de los procesos investigativos:<\/p>\n\n\n\n<figure class=\"wp-block-gallery aligncenter has-nested-images columns-default is-cropped wp-block-gallery-1 is-layout-flex wp-block-gallery-is-layout-flex\">\n<figure class=\"wp-block-image size-large\"><a href=\"https:\/\/investiga.uned.ac.cr\/cined\/wp-content\/uploads\/sites\/9\/2021\/08\/Captura-de-Pantalla-2021-08-05-a-las-17.03.35-1024x592.png\"><img decoding=\"async\" src=\"https:\/\/investiga.uned.ac.cr\/cined\/wp-content\/uploads\/sites\/9\/2025\/08\/Captura-de-Pantalla-2021-08-05-a-las-17.03.35-1024x592-1.png\" alt=\"\"\/><\/a><\/figure>\n<\/figure>\n\n\n\n<div id=\"wp-block-themeisle-blocks-advanced-columns-9508141b\" class=\"wp-block-themeisle-blocks-advanced-columns has-1-columns has-desktop-equal-layout has-tablet-equal-layout has-mobile-equal-layout has-vertical-flex-start\"><div class=\"wp-block-themeisle-blocks-advanced-columns-overlay\"><\/div><div class=\"innerblocks-wrap\">\n<div id=\"wp-block-themeisle-blocks-advanced-column-968d3012\" class=\"wp-block-themeisle-blocks-advanced-column\">\n<p class=\"has-medium-font-size\">Recursos:<\/p>\n\n\n\n<p class=\"has-text-align-left has-medium-font-size\">Objetos de aprendizaje <a rel=\"noreferrer noopener\" href=\"https:\/\/investiga.uned.ac.cr\/cined\/https-pal-uned-ac-cr-multimedias-oa_claves_exito_tfg_cd_050913-1-start-html\/\" target=\"_blank\">(presione clic).<\/a><\/p>\n\n\n\n<p class=\"has-text-align-left has-medium-font-size\">Videoconferencias sobre metodolog\u00eda de la investigaci\u00f3n <a href=\"https:\/\/investiga.uned.ac.cr\/cined\/enlaces-web-a-videoconferencias\/\" target=\"_blank\" rel=\"noreferrer noopener\">(presione clic).<\/a><\/p>\n\n\n\n<p class=\"has-text-align-left has-medium-font-size\">Conferencias y Talleres del Centro <a href=\"https:\/\/investiga.uned.ac.cr\/cined\/talleres-y-conferencias-del-cined\/\" target=\"_blank\" rel=\"noreferrer noopener\">(presione clic).<\/a><\/p>\n\n\n\n<p class=\"has-text-align-left has-medium-font-size\">Proyectos <a rel=\"noreferrer noopener\" href=\"https:\/\/investiga.uned.ac.cr\/cined\/proyectos-2\/\" target=\"_blank\">(presione clic).<\/a><\/p>\n\n\n\n<p class=\"has-text-align-left has-medium-font-size\">Recomendaciones para reuniones en l\u00ednea eficaces (<a href=\"https:\/\/investiga.uned.ac.cr\/cined\/wp-content\/uploads\/sites\/9\/2021\/08\/Recomendaciones-para-reuniones-en-li\u0301nea-eficaces.pdf\" target=\"_blank\" rel=\"noreferrer noopener\">presione clic<\/a>).<\/p>\n\n\n\n<p class=\"has-text-align-left has-medium-font-size\">Lenguaje inclusivo (<a rel=\"noreferrer noopener\" href=\"https:\/\/investiga.uned.ac.cr\/cined\/wp-content\/uploads\/sites\/9\/2021\/08\/Recomendaciones-para-reuniones-en-li\u0301nea-eficaces.pdf\" target=\"_blank\">p<\/a><a href=\"https:\/\/view.genial.ly\/61368dd270f2620d80296bd7\/interactive-content-lenguaje-inclusivo\" target=\"_blank\" rel=\"noreferrer noopener\">resione clic<\/a>).<\/p>\n\n\n\n<p class=\"has-text-align-left has-medium-font-size\">Sujetos de informaci\u00f3n y fuentes de informaci\u00f3n (<a href=\"https:\/\/view.genial.ly\/6136aa69ef28bc0d7b3a25cb\/interactive-content-sujetos-y-fuentes\" target=\"_blank\" rel=\"noreferrer noopener\">presione clic<\/a>).<\/p>\n<\/div>\n<\/div><\/div>\n","protected":false},"excerpt":{"rendered":"<p>En esta secci\u00f3n puede consultar los recursos que el Centro de Investigaciones en Educaci\u00f3n (CINED) pone a sus disposici\u00f3n para la mejora de los procesos investigativos:<\/p>\n","protected":false},"author":1,"featured_media":0,"parent":0,"menu_order":0,"comment_status":"closed","ping_status":"closed","template":"","meta":{"ngg_post_thumbnail":0,"_themeisle_gutenberg_block_has_review":false,"footnotes":""},"class_list":["post-1856","page","type-page","status-publish","hentry","post"],"_links":{"self":[{"href":"https:\/\/investiga.uned.ac.cr\/cined\/wp-json\/wp\/v2\/pages\/1856","targetHints":{"allow":["GET"]}}],"collection":[{"href":"https:\/\/investiga.uned.ac.cr\/cined\/wp-json\/wp\/v2\/pages"}],"about":[{"href":"https:\/\/investiga.uned.ac.cr\/cined\/wp-json\/wp\/v2\/types\/page"}],"author":[{"embeddable":true,"href":"https:\/\/investiga.uned.ac.cr\/cined\/wp-json\/wp\/v2\/users\/1"}],"replies":[{"embeddable":true,"href":"https:\/\/investiga.uned.ac.cr\/cined\/wp-json\/wp\/v2\/comments?post=1856"}],"version-history":[{"count":1,"href":"https:\/\/investiga.uned.ac.cr\/cined\/wp-json\/wp\/v2\/pages\/1856\/revisions"}],"predecessor-version":[{"id":5898,"href":"https:\/\/investiga.uned.ac.cr\/cined\/wp-json\/wp\/v2\/pages\/1856\/revisions\/5898"}],"wp:attachment":[{"href":"https:\/\/investiga.uned.ac.cr\/cined\/wp-json\/wp\/v2\/media?parent=1856"}],"curies":[{"name":"wp","href":"https:\/\/api.w.org\/{rel}","templated":true}]}}