{"id":1612,"date":"2020-09-16T05:19:01","date_gmt":"2020-09-16T05:19:01","guid":{"rendered":"https:\/\/investiga.uned.ac.cr\/cined\/?page_id=1612"},"modified":"2020-09-16T05:19:01","modified_gmt":"2020-09-16T05:19:01","slug":"partes-del-todo","status":"publish","type":"page","link":"https:\/\/investiga.uned.ac.cr\/cined\/partes-del-todo\/","title":{"rendered":"ArtECE"},"content":{"rendered":"\n<div class=\"wp-block-image\"><figure class=\"aligncenter is-resized\"><a href=\"https:\/\/multimedia.uned.ac.cr\/pem\/coro_partes_del_todo\/\"><img fetchpriority=\"high\" decoding=\"async\" src=\"https:\/\/investiga.uned.ac.cr\/cined\/wp-content\/uploads\/sites\/9\/2020\/09\/ss-de-coro-partes-del-todo-1-1024x515.jpg\" alt=\"\" class=\"wp-image-1560\" width=\"667\" height=\"335\" \/><\/a><\/figure><\/div>\n\n\n\n<p><strong>.<\/strong><\/p>\n\n\n\n<p class=\"has-medium-font-size\"><strong>Actividades del proyecto de extensi\u00f3n &#8220;ArtECE&#8221;<\/strong><\/p>\n\n\n\n<div class=\"wp-block-themeisle-blocks-advanced-columns has-1-columns has-desktop-equal-layout has-tablet-equal-layout has-mobile-equal-layout has-default-gap has-vertical-unset\" id=\"wp-block-themeisle-blocks-advanced-columns-33300e11\"><div class=\"wp-block-themeisle-blocks-advanced-columns-overlay\"><\/div><div class=\"innerblocks-wrap\">\n<div class=\"wp-block-themeisle-blocks-advanced-column\" id=\"wp-block-themeisle-blocks-advanced-column-e05d695c\">\n<figure class=\"wp-block-embed is-type-video is-provider-youtube wp-block-embed-youtube wp-embed-aspect-16-9 wp-has-aspect-ratio\"><div class=\"wp-block-embed__wrapper\">\n<iframe title=\"Reinvenci\u00f3n de los coros y los ensambles musicales en tiempos de crisis\" width=\"720\" height=\"405\" src=\"https:\/\/www.youtube.com\/embed\/ztMjU5fgfpM?feature=oembed\" frameborder=\"0\" allow=\"accelerometer; autoplay; clipboard-write; encrypted-media; gyroscope; picture-in-picture; web-share\" allowfullscreen><\/iframe>\n<\/div><figcaption>Como parte de las actividades del proyecto de extensi\u00f3n se realiz\u00f3 el Webinario: &#8220;Reinvenci\u00f3n de los coros y los ensambles musicales en tiempos de crisis&#8221;<\/figcaption><\/figure>\n\n\n\n<figure class=\"wp-block-embed is-type-video is-provider-youtube wp-block-embed-youtube wp-embed-aspect-16-9 wp-has-aspect-ratio\"><div class=\"wp-block-embed__wrapper\">\n<iframe title=\"La m\u00fasica y el canto coral en tiempos de crisis\" width=\"720\" height=\"405\" src=\"https:\/\/www.youtube.com\/embed\/r8RxAL63KlE?feature=oembed\" frameborder=\"0\" allow=\"accelerometer; autoplay; clipboard-write; encrypted-media; gyroscope; picture-in-picture; web-share\" allowfullscreen><\/iframe>\n<\/div><figcaption><em>Como parte de las actividades del proyecto de extensi\u00f3n se realiz\u00f3 el Webinario: &#8220;<\/em>La m\u00fasica y el canto coral en tiempos de crisis&#8221;<br \/><br \/><\/figcaption><\/figure>\n\n\n\n<p><\/p>\n<\/div>\n<\/div><\/div>\n","protected":false},"excerpt":{"rendered":"<p>. Actividades del proyecto de extensi\u00f3n &#8220;ArtECE&#8221;<\/p>\n","protected":false},"author":1,"featured_media":0,"parent":0,"menu_order":0,"comment_status":"closed","ping_status":"closed","template":"","meta":{"ngg_post_thumbnail":0,"_themeisle_gutenberg_block_has_review":false,"footnotes":""},"class_list":["post-1612","page","type-page","status-publish","hentry","post"],"_links":{"self":[{"href":"https:\/\/investiga.uned.ac.cr\/cined\/wp-json\/wp\/v2\/pages\/1612","targetHints":{"allow":["GET"]}}],"collection":[{"href":"https:\/\/investiga.uned.ac.cr\/cined\/wp-json\/wp\/v2\/pages"}],"about":[{"href":"https:\/\/investiga.uned.ac.cr\/cined\/wp-json\/wp\/v2\/types\/page"}],"author":[{"embeddable":true,"href":"https:\/\/investiga.uned.ac.cr\/cined\/wp-json\/wp\/v2\/users\/1"}],"replies":[{"embeddable":true,"href":"https:\/\/investiga.uned.ac.cr\/cined\/wp-json\/wp\/v2\/comments?post=1612"}],"version-history":[{"count":0,"href":"https:\/\/investiga.uned.ac.cr\/cined\/wp-json\/wp\/v2\/pages\/1612\/revisions"}],"wp:attachment":[{"href":"https:\/\/investiga.uned.ac.cr\/cined\/wp-json\/wp\/v2\/media?parent=1612"}],"curies":[{"name":"wp","href":"https:\/\/api.w.org\/{rel}","templated":true}]}}