{"id":1251,"date":"2020-03-27T22:18:27","date_gmt":"2020-03-27T22:18:27","guid":{"rendered":"https:\/\/investiga.uned.ac.cr\/cined\/?page_id=1251"},"modified":"2025-08-02T03:15:54","modified_gmt":"2025-08-02T03:15:54","slug":"presentacion","status":"publish","type":"page","link":"https:\/\/investiga.uned.ac.cr\/cined\/","title":{"rendered":"Presentaci\u00f3n"},"content":{"rendered":"\n<p class=\"has-text-align-center has-medium-font-size\"><strong>Presentaci\u00f3n<\/strong><\/p>\n\n\n\n<p>El Centro de Investigaciones en Educaci\u00f3n (CINED) es una unidad acad\u00e9mica creada por el Consejo Universitario cuyo prop\u00f3sito es \u00a0la generaci\u00f3n de conocimientos e innovaci\u00f3n para contribuir al campo de las ciencias de la educaci\u00f3n.\u00a0 El CINED se caracteriza por trabajar de forma colaborativa mediante el desarrollo de proyectos e iniciativas cuya pertinencia garanticen su impacto en la mejora de la educaci\u00f3n nacional e internacional; asimismo busca constituirse en un espacio dinamizador de la investigaci\u00f3n, la docencia\u00a0 y la extensi\u00f3n.<\/p>\n\n\n\n<p class=\"has-text-align-center has-medium-font-size\"><strong>Actividades del CINED<\/strong><\/p>\n\n\n<div class=\"wp-block-image\">\n<figure class=\"aligncenter size-full is-resized\"><a href=\"https:\/\/investiga.uned.ac.cr\/cined\/partes-del-todo\"><img fetchpriority=\"high\" decoding=\"async\" width=\"624\" height=\"314\" src=\"https:\/\/investiga.uned.ac.cr\/cined\/wp-content\/uploads\/sites\/9\/2025\/08\/ss-de-coro-partes-del-todo-1-624x314-1.jpg\" alt=\"\" class=\"wp-image-2988\" style=\"object-fit:cover;width:480px;height:242px\" srcset=\"https:\/\/investiga.uned.ac.cr\/cined\/wp-content\/uploads\/sites\/9\/2025\/08\/ss-de-coro-partes-del-todo-1-624x314-1.jpg 624w, https:\/\/investiga.uned.ac.cr\/cined\/wp-content\/uploads\/sites\/9\/2025\/08\/ss-de-coro-partes-del-todo-1-624x314-1-300x151.jpg 300w\" sizes=\"(max-width: 624px) 100vw, 624px\" \/><\/a><\/figure><\/div>\n\n\n<p class=\"has-text-align-center\">Click en la imagen para ir a \u00abPartes del Todo\u00bb.<\/p>\n\n\nngg_shortcode_0_placeholder\n<footer>Tel: (506) 2527-2427 \/ <a href=\"https:\/\/investiga.uned.ac.cr\/cined\/contacto\/\"> Contacto <\/a>\/<a href=\"https:\/\/www.uned.ac.cr\/index.php\/aviso-legal\"> Aviso legal <\/a> \/ <a href=\"https:\/\/www.uned.ac.cr\">UNED <\/a><\/footer>\n\n\n<p><\/p>\n\n\n\n<p><\/p>\n","protected":false},"excerpt":{"rendered":"<p>Presentaci\u00f3n El Centro de Investigaciones en Educaci\u00f3n (CINED) es una unidad acad\u00e9mica creada por el Consejo Universitario cuyo prop\u00f3sito es \u00a0la generaci\u00f3n de conocimientos e innovaci\u00f3n para contribuir al campo de las ciencias de la educaci\u00f3n.\u00a0 El CINED se caracteriza por trabajar de forma colaborativa mediante el desarrollo de proyectos e iniciativas cuya pertinencia garanticen [&hellip;]<\/p>\n","protected":false},"author":1,"featured_media":0,"parent":0,"menu_order":0,"comment_status":"closed","ping_status":"closed","template":"elementor_theme","meta":{"ngg_post_thumbnail":0,"_themeisle_gutenberg_block_has_review":false,"footnotes":""},"class_list":["post-1251","page","type-page","status-publish","hentry","post"],"_links":{"self":[{"href":"https:\/\/investiga.uned.ac.cr\/cined\/wp-json\/wp\/v2\/pages\/1251","targetHints":{"allow":["GET"]}}],"collection":[{"href":"https:\/\/investiga.uned.ac.cr\/cined\/wp-json\/wp\/v2\/pages"}],"about":[{"href":"https:\/\/investiga.uned.ac.cr\/cined\/wp-json\/wp\/v2\/types\/page"}],"author":[{"embeddable":true,"href":"https:\/\/investiga.uned.ac.cr\/cined\/wp-json\/wp\/v2\/users\/1"}],"replies":[{"embeddable":true,"href":"https:\/\/investiga.uned.ac.cr\/cined\/wp-json\/wp\/v2\/comments?post=1251"}],"version-history":[{"count":64,"href":"https:\/\/investiga.uned.ac.cr\/cined\/wp-json\/wp\/v2\/pages\/1251\/revisions"}],"predecessor-version":[{"id":3088,"href":"https:\/\/investiga.uned.ac.cr\/cined\/wp-json\/wp\/v2\/pages\/1251\/revisions\/3088"}],"wp:attachment":[{"href":"https:\/\/investiga.uned.ac.cr\/cined\/wp-json\/wp\/v2\/media?parent=1251"}],"curies":[{"name":"wp","href":"https:\/\/api.w.org\/{rel}","templated":true}]}}