{"id":1106,"date":"2017-11-09T06:03:43","date_gmt":"2017-11-09T06:03:43","guid":{"rendered":"https:\/\/investiga.uned.ac.cr\/cined\/?page_id=1106"},"modified":"2017-11-09T06:03:43","modified_gmt":"2017-11-09T06:03:43","slug":"seminarios-de-graduacion-i-semestre-2018","status":"publish","type":"page","link":"https:\/\/investiga.uned.ac.cr\/cined\/seminarios-de-graduacion-i-semestre-2018\/","title":{"rendered":"Seminarios de Graduaci\u00f3n"},"content":{"rendered":"\n<h3 class=\"wp-block-heading\"><strong>\u00bfQu\u00e9 es el seminario de graduaci\u00f3n?<\/strong><\/h3>\n\n\n\n<h3 class=\"has-medium-font-size wp-block-heading\"><strong>El seminario, es una modalidad de Trabajo Final de Graduaci\u00f3n para el grado de licenciatura, cuyo prop\u00f3sito se establece el art\u00edculo 86, inciso b.3, del Reglamento General Estudiantil (RGE) de la UNED.<\/strong><\/h3>\n\n\n\n<h3 class=\"has-medium-font-size wp-block-heading\"><strong>Todo seminario cuenta con el respectivo predise\u00f1o, este incluye lo siguiente: descripci\u00f3n del tema, interrogante problema, objetivo general y espec\u00edficos, esquema del marco te\u00f3rico, declaraci\u00f3n (solo se nombran) de: paradigma, enfoque, tipo de estudio, variables o categor\u00edas de an\u00e1lisis, t\u00e9cnicas e instrumentos para la recolecci\u00f3n de los datos.<\/strong><\/h3>\n\n\n\n<h3 class=\"has-medium-font-size wp-block-heading\">Ventaja de realizar el Trabajo Final de Graduaci\u00f3n en la modalidad seminario:<\/h3>\n\n\n\n<ul class=\"has-medium-font-size wp-block-list\"><li>El tema est\u00e1 pre-aprobado, por lo tanto, no debe ser enviado a carrera.<\/li><li>Ya est\u00e1 planteada la interrogante problema y objetivos.<\/li><li>El paradigma, enfoque, tipo de estudio y variables o categor\u00edas de an\u00e1lisis est\u00e1n definidas.<\/li><li>Cuenta con el esquema del marco te\u00f3rico<strong>.<\/strong><\/li><\/ul>\n\n\n\n<h3 class=\"has-medium-font-size wp-block-heading\">Requisitos:<\/h3>\n\n\n\n<ul class=\"has-medium-font-size wp-block-list\"><li>En el periodo de prematr\u00edcula: informar a la carrera el tema de seminario en el que se desea inscribir. Si a\u00fan hay cupo en este tema se le anotar\u00e1, de lo contrario deber\u00e1 seleccionar otro tema de los que est\u00e9n en oferta.<\/li><\/ul>\n\n\n\n<h3 class=\"has-medium-font-size wp-block-heading\">Condiciones:<\/h3>\n\n\n\n<ul class=\"has-medium-font-size wp-block-list\"><li>Cada seminario est\u00e1 integrado por grupos de un m\u00ednimo de 4 estudiantes y un m\u00e1ximo de estudiantes.<\/li><li>El seminario debe culminarse en dos semestres (periodos acad\u00e9micos) consecutivos.<\/li><li>Dada la necesidad de mantener coordinaci\u00f3n entre el grupo de trabajo es imprescindible que las personas que matriculen el seminario dispongan de servicio internet de al menos 1 mbs de velocidad de conexi\u00f3n.<\/li><li>Para abrir un seminario deben matricularlo m\u00ednimo 4 estudiantes.<\/li><li>Los seminarios integrados por estudiantes de diferentes zonas geogr\u00e1ficas, las sesiones de trabajo se dividir\u00e1n entre: presenciales (en el CEU que est\u00e9 m\u00e1s cercano a la mayor\u00eda) y virtuales (skype o scopia), alternadas quincenalmente.<\/li><li>En caso que alg\u00fan estudiante haya seleccionado en su pre-matr\u00edcula la modalidad seminario y este no se abra, deber\u00e1 elegir otro seminario que tenga campo (si a\u00fan hubiera espacio disponible) o seleccionar otra modalidad de graduaci\u00f3n (tesis o proyecto).<\/li><li>Los seminarios cuyos integrantes sean de zonas geogr\u00e1ficas cercanas, las sesiones presenciales se realizar\u00e1n quincenalmente en el Centro universitario indicado por la persona encargada de Trabajos finales de graduaci\u00f3n.<\/li><\/ul>\n\n\n\n<h3 class=\"has-medium-font-size wp-block-heading\"><strong>Aspectos relevantes sobre el trabajo:<\/strong><\/h3>\n\n\n\n<ul class=\"has-medium-font-size wp-block-list\"><li>La tem\u00e1tica es propuesta por la carrera y cuenta con un predise\u00f1ado.<\/li><li>El trabajo se dirige a investigar y argumentar alrededor de un problema.<\/li><li>Cada estudiante inscrito en el seminario, desarrolla y ejecuta el plan de trabajo aprobado por el director del seminario.<\/li><li>El trabajo deber\u00e1 ser realizado de tal modo que se pueda determinar el aporte y el dominio del tema de cada uno de los participantes.<\/li><li>El trabajo finaliza con un informe escrito y se defiende en forma oral y p\u00fablica, ante un tribunal examinador.<\/li><\/ul>\n\n\n","protected":false},"excerpt":{"rendered":"<p>\u00bfQu\u00e9 es el seminario de graduaci\u00f3n? El seminario, es una modalidad de Trabajo Final de Graduaci\u00f3n para el grado de licenciatura, cuyo prop\u00f3sito se establece el art\u00edculo 86, inciso b.3, del Reglamento General Estudiantil (RGE) de la UNED. Todo seminario cuenta con el respectivo predise\u00f1o, este incluye lo siguiente: descripci\u00f3n del tema, interrogante problema, objetivo [&hellip;]<\/p>\n","protected":false},"author":1,"featured_media":0,"parent":0,"menu_order":0,"comment_status":"closed","ping_status":"closed","template":"","meta":{"ngg_post_thumbnail":0,"_themeisle_gutenberg_block_has_review":false,"footnotes":""},"class_list":["post-1106","page","type-page","status-publish","hentry","post"],"_links":{"self":[{"href":"https:\/\/investiga.uned.ac.cr\/cined\/wp-json\/wp\/v2\/pages\/1106","targetHints":{"allow":["GET"]}}],"collection":[{"href":"https:\/\/investiga.uned.ac.cr\/cined\/wp-json\/wp\/v2\/pages"}],"about":[{"href":"https:\/\/investiga.uned.ac.cr\/cined\/wp-json\/wp\/v2\/types\/page"}],"author":[{"embeddable":true,"href":"https:\/\/investiga.uned.ac.cr\/cined\/wp-json\/wp\/v2\/users\/1"}],"replies":[{"embeddable":true,"href":"https:\/\/investiga.uned.ac.cr\/cined\/wp-json\/wp\/v2\/comments?post=1106"}],"version-history":[{"count":0,"href":"https:\/\/investiga.uned.ac.cr\/cined\/wp-json\/wp\/v2\/pages\/1106\/revisions"}],"wp:attachment":[{"href":"https:\/\/investiga.uned.ac.cr\/cined\/wp-json\/wp\/v2\/media?parent=1106"}],"curies":[{"name":"wp","href":"https:\/\/api.w.org\/{rel}","templated":true}]}}