{"id":1051,"date":"2017-09-13T18:33:37","date_gmt":"2017-09-13T18:33:37","guid":{"rendered":"https:\/\/investiga.uned.ac.cr\/cined\/?page_id=1051"},"modified":"2017-09-13T18:33:37","modified_gmt":"2017-09-13T18:33:37","slug":"proyectos-2","status":"publish","type":"page","link":"https:\/\/investiga.uned.ac.cr\/cined\/proyectos-2\/","title":{"rendered":"Proyectos"},"content":{"rendered":"\n<div class=\"wp-block-image\"><figure class=\"aligncenter size-medium\"><img decoding=\"async\" src=\"https:\/\/investiga.uned.ac.cr\/cined\/wp-content\/uploads\/sites\/9\/2021\/08\/Captura-de-Pantalla-2021-08-05-a-las-17.14.35-300x177.png\" alt=\"\" class=\"wp-image-2026\" \/><\/figure><\/div>\n\n\n\n<p class=\"has-medium-font-size\">Recursos del proyecto de extensi\u00f3n ArtECE: <a href=\"https:\/\/investiga.uned.ac.cr\/cined\/partes-del-todo\/\">Partes del todo <\/a><\/p>\n\n\n\n<p class=\"has-medium-font-size\">Recursos del proyecto de investigaci\u00f3n <a href=\"https:\/\/investiga.uned.ac.cr\/cined\/implicaciones-de-la-tecnologia-digital\/\">Implicaciones de la incorporaci\u00f3n de tecnolog\u00edas\u2026<\/a> <\/p>\n","protected":false},"excerpt":{"rendered":"<p>Recursos del proyecto de extensi\u00f3n ArtECE: Partes del todo Recursos del proyecto de investigaci\u00f3n Implicaciones de la incorporaci\u00f3n de tecnolog\u00edas\u2026<\/p>\n","protected":false},"author":1,"featured_media":0,"parent":0,"menu_order":0,"comment_status":"closed","ping_status":"closed","template":"","meta":{"ngg_post_thumbnail":0,"_themeisle_gutenberg_block_has_review":false,"footnotes":""},"class_list":["post-1051","page","type-page","status-publish","hentry","post"],"_links":{"self":[{"href":"https:\/\/investiga.uned.ac.cr\/cined\/wp-json\/wp\/v2\/pages\/1051","targetHints":{"allow":["GET"]}}],"collection":[{"href":"https:\/\/investiga.uned.ac.cr\/cined\/wp-json\/wp\/v2\/pages"}],"about":[{"href":"https:\/\/investiga.uned.ac.cr\/cined\/wp-json\/wp\/v2\/types\/page"}],"author":[{"embeddable":true,"href":"https:\/\/investiga.uned.ac.cr\/cined\/wp-json\/wp\/v2\/users\/1"}],"replies":[{"embeddable":true,"href":"https:\/\/investiga.uned.ac.cr\/cined\/wp-json\/wp\/v2\/comments?post=1051"}],"version-history":[{"count":0,"href":"https:\/\/investiga.uned.ac.cr\/cined\/wp-json\/wp\/v2\/pages\/1051\/revisions"}],"wp:attachment":[{"href":"https:\/\/investiga.uned.ac.cr\/cined\/wp-json\/wp\/v2\/media?parent=1051"}],"curies":[{"name":"wp","href":"https:\/\/api.w.org\/{rel}","templated":true}]}}