{"id":1021,"date":"2017-09-13T15:36:57","date_gmt":"2017-09-13T15:36:57","guid":{"rendered":"https:\/\/investiga.uned.ac.cr\/cined\/?page_id=1021"},"modified":"2025-08-02T04:48:26","modified_gmt":"2025-08-02T04:48:26","slug":"insumos-para-formacion","status":"publish","type":"page","link":"https:\/\/investiga.uned.ac.cr\/cined\/insumos-para-formacion\/","title":{"rendered":"Investigaci\u00f3n"},"content":{"rendered":"\n<figure class=\"wp-block-image size-full is-resized\"><img decoding=\"async\" width=\"300\" height=\"103\" src=\"https:\/\/investiga.uned.ac.cr\/cined\/wp-content\/uploads\/sites\/9\/2025\/08\/Captura-de-Pantalla-2022-02-10-a-las-16.13.26-1-300x103-1.png\" alt=\"\" class=\"wp-image-4198\" style=\"width:607px;height:208px\"\/><\/figure>\n\n\n\n<h3 class=\"wp-block-heading has-medium-font-size\">En esta \u00e1rea se concentra el quehacer sustantivo del Centro orientado en dos \u00e1reas:<\/h3>\n\n\n\n<ol class=\"wp-block-list has-medium-font-size\">\n<li>El desarrollo de la investigaci\u00f3n por parte de las personas acad\u00e9micas del Centro, en asocio con la Escuela de Ciencias de la Educaci\u00f3n.<\/li>\n\n\n\n<li>El acompa\u00f1amiento mediante talleres y cursos al estudiantado de licenciatura y las personas directoras, en los procesos de TFG. Para esto se le invita a consultar el instrumental que se tiene para procesos de TFG en las p\u00e1ginas: <a href=\"https:\/\/investiga.uned.ac.cr\/cined\/acompanamiento-a-procesos-de-tfg\/\" target=\"_blank\" rel=\"noreferrer noopener\">acompa\u00f1amiento de los TFG<\/a> e <a href=\"https:\/\/investiga.uned.ac.cr\/cined\/formacion\/\" target=\"_blank\" rel=\"noreferrer noopener\">instrumental para los TFG.<\/a><\/li>\n<\/ol>\n\n\n\n<h3 class=\"wp-block-heading has-medium-font-size\">En relaci\u00f3n con la promoci\u00f3n de la investigaci\u00f3n, se le invita a observar:<\/h3>\n\n\n<h3>&nbsp;<\/h3>\n<p><iframe title=\"Proyectos de investigacio\u0301n - CINED\" width=\"720\" height=\"405\" src=\"https:\/\/www.youtube.com\/embed\/S04oN38IJrQ?feature=oembed\" frameborder=\"0\" allow=\"accelerometer; autoplay; clipboard-write; encrypted-media; gyroscope; picture-in-picture; web-share\" referrerpolicy=\"strict-origin-when-cross-origin\" allowfullscreen><\/iframe><\/p>\n\n\n<p><\/p>\n\n\n\n<p class=\"has-medium-font-size\">Se le invita a observar los proyectos de investigaci\u00f3n que se realizan desde el CINED en las siguientes infograf\u00edas:<\/p>\n\n\n\n<div class=\"wp-block-group\"><div class=\"wp-block-group__inner-container is-layout-flow wp-block-group-is-layout-flow\">\n<div id=\"wp-block-themeisle-blocks-slider-fd32e213\" class=\"wp-block-themeisle-blocks-slider glide\" data-per-view=\"1\" data-gap=\"0\" data-peek=\"0\" data-autoplay=\"true\" data-height=\"1109px\" data-hide-arrows=\"false\"><div class=\"glide__track\" data-glide-el=\"track\"><div class=\"glide__slides\"><div class=\"wp-block-themeisle-blocks-slider-item-wrapper glide__slide\" tabindex=\"0\"><figure><img decoding=\"async\" class=\"wp-block-themeisle-blocks-slider-item\" src=\"https:\/\/investiga.uned.ac.cr\/cined\/wp-content\/uploads\/sites\/9\/2025\/08\/Trayectoria-educativo-profesional-1086x1536-1.jpg\" alt=\"\" title=\"\" data-id=\"2183\"\/><\/figure><\/div><div class=\"wp-block-themeisle-blocks-slider-item-wrapper glide__slide\" tabindex=\"0\"><figure><img decoding=\"async\" class=\"wp-block-themeisle-blocks-slider-item\" src=\"https:\/\/investiga.uned.ac.cr\/cined\/wp-content\/uploads\/sites\/9\/2025\/08\/Ana\u0301lisis-de-implementacio\u0301n-de-metodologi\u0301as-para-el-aprendizaje-en-asignaturas-ba\u0301sicas-de-la-Educacio\u0301n-General-Ba\u0301sica-I.jpg\" alt=\"\" title=\"\" data-id=\"2185\"\/><\/figure><\/div><div class=\"wp-block-themeisle-blocks-slider-item-wrapper glide__slide\" tabindex=\"0\"><figure><img decoding=\"async\" class=\"wp-block-themeisle-blocks-slider-item\" src=\"https:\/\/investiga.uned.ac.cr\/cined\/wp-content\/uploads\/sites\/9\/2025\/08\/Analisis-de-la-autorregulacion-de-las-emociones-en-las-ninas-y-ninos-de-la-primera-infancia.jpg\" alt=\"\" title=\"\" data-id=\"2186\"\/><\/figure><\/div><div class=\"wp-block-themeisle-blocks-slider-item-wrapper glide__slide\" tabindex=\"0\"><figure><img decoding=\"async\" class=\"wp-block-themeisle-blocks-slider-item\" src=\"https:\/\/investiga.uned.ac.cr\/cined\/wp-content\/uploads\/sites\/9\/2025\/08\/Analisis-y-configuracion-de-una-propuesta-de-formacion-docente-en-educacion-preescolar.jpg\" alt=\"\" title=\"\" data-id=\"2187\"\/><\/figure><\/div><div class=\"wp-block-themeisle-blocks-slider-item-wrapper glide__slide\" tabindex=\"0\"><figure><img decoding=\"async\" class=\"wp-block-themeisle-blocks-slider-item\" src=\"https:\/\/investiga.uned.ac.cr\/cined\/wp-content\/uploads\/sites\/9\/2025\/08\/Deteccion_-estimulacion-y-atencion-temprana-para-la-prevencion-de-la-discapacidad-en-ninos-y-ninas-costarricenses-.jpg\" alt=\"\" title=\"\" data-id=\"2188\"\/><\/figure><\/div><div class=\"wp-block-themeisle-blocks-slider-item-wrapper glide__slide\" tabindex=\"0\"><figure><img decoding=\"async\" class=\"wp-block-themeisle-blocks-slider-item\" src=\"https:\/\/investiga.uned.ac.cr\/cined\/wp-content\/uploads\/sites\/9\/2025\/08\/Efectos-en-los-procesos-academicos-.jpg\" alt=\"\" title=\"\" data-id=\"2189\"\/><\/figure><\/div><div class=\"wp-block-themeisle-blocks-slider-item-wrapper glide__slide\" tabindex=\"0\"><figure><img decoding=\"async\" class=\"wp-block-themeisle-blocks-slider-item\" src=\"https:\/\/investiga.uned.ac.cr\/cined\/wp-content\/uploads\/sites\/9\/2025\/08\/El-consumo-cultural-en-docentes-de-educacio\u0301n-secundaria-del-sistema-educativo-pu\u0301blico-costarricense.jpg\" alt=\"\" title=\"\" data-id=\"2190\"\/><\/figure><\/div><div class=\"wp-block-themeisle-blocks-slider-item-wrapper glide__slide\" tabindex=\"0\"><figure><img decoding=\"async\" class=\"wp-block-themeisle-blocks-slider-item\" src=\"https:\/\/investiga.uned.ac.cr\/cined\/wp-content\/uploads\/sites\/9\/2025\/08\/Estrategias-desarrolladas-por-los-equipos-de-nu\u0301cleo-para-la-implementacio\u0301n-del-MECEC-en-centros-educativos-unidocentes.jpg\" alt=\"\" title=\"\" data-id=\"2191\"\/><\/figure><\/div><div class=\"wp-block-themeisle-blocks-slider-item-wrapper glide__slide\" tabindex=\"0\"><figure><img decoding=\"async\" class=\"wp-block-themeisle-blocks-slider-item\" src=\"https:\/\/investiga.uned.ac.cr\/cined\/wp-content\/uploads\/sites\/9\/2025\/08\/Gestion-y-liderazgo-educativo-en-el-contexto-costarricense.jpg\" alt=\"\" title=\"\" data-id=\"2192\"\/><\/figure><\/div><div class=\"wp-block-themeisle-blocks-slider-item-wrapper glide__slide\" tabindex=\"0\"><figure><img decoding=\"async\" class=\"wp-block-themeisle-blocks-slider-item\" src=\"https:\/\/investiga.uned.ac.cr\/cined\/wp-content\/uploads\/sites\/9\/2025\/08\/Historias-de-vida-centradas-en-la-praxis-de-docentes-del-sistema-educativo-costarricense.jpg\" alt=\"\" title=\"\" data-id=\"2193\"\/><\/figure><\/div><div class=\"wp-block-themeisle-blocks-slider-item-wrapper glide__slide\" tabindex=\"0\"><figure><img decoding=\"async\" class=\"wp-block-themeisle-blocks-slider-item\" src=\"https:\/\/investiga.uned.ac.cr\/cined\/wp-content\/uploads\/sites\/9\/2025\/08\/Incorporacion-de-elementos-de-la-educacion-a-distancia-y-de-tecnologias-digitales-.jpg\" alt=\"\" title=\"\" data-id=\"2194\"\/><\/figure><\/div><div class=\"wp-block-themeisle-blocks-slider-item-wrapper glide__slide\" tabindex=\"0\"><figure><img decoding=\"async\" class=\"wp-block-themeisle-blocks-slider-item\" src=\"https:\/\/investiga.uned.ac.cr\/cined\/wp-content\/uploads\/sites\/9\/2025\/08\/Investigacion-accion-sobre-el-uso-y-la-creacion-de-juegos-de-mesa-.jpg\" alt=\"\" title=\"\" data-id=\"2195\"\/><\/figure><\/div><div class=\"wp-block-themeisle-blocks-slider-item-wrapper glide__slide\" tabindex=\"0\"><figure><img decoding=\"async\" class=\"wp-block-themeisle-blocks-slider-item\" src=\"https:\/\/investiga.uned.ac.cr\/cined\/wp-content\/uploads\/sites\/9\/2025\/08\/La-gestio\u0301n-educativa-para-la-promocio\u0301n-de-entornos-inclusivos-en-centros-educativos.jpg\" alt=\"\" title=\"\" data-id=\"2196\"\/><\/figure><\/div><div class=\"wp-block-themeisle-blocks-slider-item-wrapper glide__slide\" tabindex=\"0\"><figure><img decoding=\"async\" class=\"wp-block-themeisle-blocks-slider-item\" src=\"https:\/\/investiga.uned.ac.cr\/cined\/wp-content\/uploads\/sites\/9\/2025\/08\/La-gestio\u0301n-educativa-que-ejercen-las-personas-directoras-de-modalidades-educativas-pertenecientes-al-DEPJA-del-MEP.jpg\" alt=\"\" title=\"\" data-id=\"2197\"\/><\/figure><\/div><div class=\"wp-block-themeisle-blocks-slider-item-wrapper glide__slide\" tabindex=\"0\"><figure><img decoding=\"async\" class=\"wp-block-themeisle-blocks-slider-item\" src=\"https:\/\/investiga.uned.ac.cr\/cined\/wp-content\/uploads\/sites\/9\/2025\/08\/Mediacion-pedagogica-que-recibe-el-estudiantado-de-I-y-II-Ciclos-en-situacion-de-discapacidad-yo-barreras-.jpg\" alt=\"\" title=\"\" data-id=\"2198\"\/><\/figure><\/div><div class=\"wp-block-themeisle-blocks-slider-item-wrapper glide__slide\" tabindex=\"0\"><figure><img decoding=\"async\" class=\"wp-block-themeisle-blocks-slider-item\" src=\"https:\/\/investiga.uned.ac.cr\/cined\/wp-content\/uploads\/sites\/9\/2025\/08\/Metaevaluacion-de-los-procesos-de-autoevaluacion-1.jpg\" alt=\"\" title=\"\" data-id=\"2199\"\/><\/figure><\/div><div class=\"wp-block-themeisle-blocks-slider-item-wrapper glide__slide\" tabindex=\"0\"><figure><img decoding=\"async\" class=\"wp-block-themeisle-blocks-slider-item\" src=\"https:\/\/investiga.uned.ac.cr\/cined\/wp-content\/uploads\/sites\/9\/2025\/08\/Metaevaluacion-de-los-procesos-de-autoevaluacion.jpg\" alt=\"\" title=\"\" data-id=\"2200\"\/><\/figure><\/div><div class=\"wp-block-themeisle-blocks-slider-item-wrapper glide__slide\" tabindex=\"0\"><figure><img decoding=\"async\" class=\"wp-block-themeisle-blocks-slider-item\" src=\"https:\/\/investiga.uned.ac.cr\/cined\/wp-content\/uploads\/sites\/9\/2025\/08\/Propuesta-de-proyeccion-para-la-implementacion-de-un-curriculo-integrado.jpg\" alt=\"\" title=\"\" data-id=\"2201\"\/><\/figure><\/div><div class=\"wp-block-themeisle-blocks-slider-item-wrapper glide__slide\" tabindex=\"0\"><figure><img decoding=\"async\" class=\"wp-block-themeisle-blocks-slider-item\" src=\"https:\/\/investiga.uned.ac.cr\/cined\/wp-content\/uploads\/sites\/9\/2025\/08\/Publicaciones-recientes.jpg\" alt=\"\" title=\"\" data-id=\"2202\"\/><\/figure><\/div><div class=\"wp-block-themeisle-blocks-slider-item-wrapper glide__slide\" tabindex=\"0\"><figure><img decoding=\"async\" class=\"wp-block-themeisle-blocks-slider-item\" src=\"https:\/\/investiga.uned.ac.cr\/cined\/wp-content\/uploads\/sites\/9\/2025\/08\/Red-academico-regional-para-el-apoyo-de-la-inclusion-educativa-superior-.jpg\" alt=\"\" title=\"\" data-id=\"2203\"\/><\/figure><\/div><div class=\"wp-block-themeisle-blocks-slider-item-wrapper glide__slide\" tabindex=\"0\"><figure><img decoding=\"async\" class=\"wp-block-themeisle-blocks-slider-item\" src=\"https:\/\/investiga.uned.ac.cr\/cined\/wp-content\/uploads\/sites\/9\/2025\/08\/Trayectoria-educativo-profesional-1.jpg\" alt=\"\" title=\"\" data-id=\"2204\"\/><\/figure><\/div><\/div><div class=\"glide__bullets\" data-glide-el=\"controls[nav]\"><button class=\"glide__bullet\" data-glide-dir=\"=0\"><\/button><button class=\"glide__bullet\" data-glide-dir=\"=1\"><\/button><button class=\"glide__bullet\" data-glide-dir=\"=2\"><\/button><button class=\"glide__bullet\" data-glide-dir=\"=3\"><\/button><button class=\"glide__bullet\" data-glide-dir=\"=4\"><\/button><button class=\"glide__bullet\" data-glide-dir=\"=5\"><\/button><button class=\"glide__bullet\" data-glide-dir=\"=6\"><\/button><button class=\"glide__bullet\" data-glide-dir=\"=7\"><\/button><button class=\"glide__bullet\" data-glide-dir=\"=8\"><\/button><button class=\"glide__bullet\" data-glide-dir=\"=9\"><\/button><button class=\"glide__bullet\" data-glide-dir=\"=10\"><\/button><button class=\"glide__bullet\" data-glide-dir=\"=11\"><\/button><button class=\"glide__bullet\" data-glide-dir=\"=12\"><\/button><button class=\"glide__bullet\" data-glide-dir=\"=13\"><\/button><button class=\"glide__bullet\" data-glide-dir=\"=14\"><\/button><button class=\"glide__bullet\" data-glide-dir=\"=15\"><\/button><button class=\"glide__bullet\" data-glide-dir=\"=16\"><\/button><button class=\"glide__bullet\" data-glide-dir=\"=17\"><\/button><button class=\"glide__bullet\" data-glide-dir=\"=18\"><\/button><button class=\"glide__bullet\" data-glide-dir=\"=19\"><\/button><button class=\"glide__bullet\" data-glide-dir=\"=20\"><\/button><\/div><\/div><\/div>\n<\/div><\/div>\n\n\n\n<div class=\"wp-block-columns is-layout-flex wp-container-core-columns-is-layout-9d6595d7 wp-block-columns-is-layout-flex\">\n<div class=\"wp-block-column is-layout-flow wp-block-column-is-layout-flow\" style=\"flex-basis:100%\"><\/div>\n<\/div>\n","protected":false},"excerpt":{"rendered":"<p>En esta \u00e1rea se concentra el quehacer sustantivo del Centro orientado en dos \u00e1reas: En relaci\u00f3n con la promoci\u00f3n de la investigaci\u00f3n, se le invita a observar: &nbsp; Se le invita a observar los proyectos de investigaci\u00f3n que se realizan desde el CINED en las siguientes infograf\u00edas:<\/p>\n","protected":false},"author":1,"featured_media":0,"parent":0,"menu_order":0,"comment_status":"closed","ping_status":"closed","template":"","meta":{"ngg_post_thumbnail":0,"_themeisle_gutenberg_block_has_review":false,"footnotes":""},"class_list":["post-1021","page","type-page","status-publish","hentry","post"],"_links":{"self":[{"href":"https:\/\/investiga.uned.ac.cr\/cined\/wp-json\/wp\/v2\/pages\/1021","targetHints":{"allow":["GET"]}}],"collection":[{"href":"https:\/\/investiga.uned.ac.cr\/cined\/wp-json\/wp\/v2\/pages"}],"about":[{"href":"https:\/\/investiga.uned.ac.cr\/cined\/wp-json\/wp\/v2\/types\/page"}],"author":[{"embeddable":true,"href":"https:\/\/investiga.uned.ac.cr\/cined\/wp-json\/wp\/v2\/users\/1"}],"replies":[{"embeddable":true,"href":"https:\/\/investiga.uned.ac.cr\/cined\/wp-json\/wp\/v2\/comments?post=1021"}],"version-history":[{"count":2,"href":"https:\/\/investiga.uned.ac.cr\/cined\/wp-json\/wp\/v2\/pages\/1021\/revisions"}],"predecessor-version":[{"id":5812,"href":"https:\/\/investiga.uned.ac.cr\/cined\/wp-json\/wp\/v2\/pages\/1021\/revisions\/5812"}],"wp:attachment":[{"href":"https:\/\/investiga.uned.ac.cr\/cined\/wp-json\/wp\/v2\/media?parent=1021"}],"curies":[{"name":"wp","href":"https:\/\/api.w.org\/{rel}","templated":true}]}}