{"id":38,"date":"2015-05-12T20:43:15","date_gmt":"2015-05-12T20:43:15","guid":{"rendered":"https:\/\/investiga.uned.ac.cr\/agendajoven\/?page_id=38"},"modified":"2015-05-12T20:43:15","modified_gmt":"2015-05-12T20:43:15","slug":"investigaciones-terminadas","status":"publish","type":"page","link":"https:\/\/investiga.uned.ac.cr\/agendajoven\/investigaciones-terminadas\/","title":{"rendered":"Investigaciones terminadas"},"content":{"rendered":"<h1 style=\"text-align: center\"><strong>Investigaciones finalizadas en 2016<\/strong><\/h1>\n<h2 style=\"text-align: left\"><strong>1.&nbsp;\u00bfEs la c\u00e1rcel violenta en s\u00ed misma? Violencia y legitimaci\u00f3n de la din\u00e1mica institucional en el Centro de Formaci\u00f3n Juvenil Zurqu\u00ed, Heredia, Costa Rica.<\/strong><\/h2>\n<p>&nbsp;<\/p>\n<h2><strong>Investigador:<\/strong><\/h2>\n<div id=\"attachment_104\" style=\"width: 149px\" class=\"wp-caption alignleft\"><a href=\"https:\/\/investiga.uned.ac.cr\/agendajoven\/wp-content\/uploads\/sites\/16\/2015\/07\/Mario-Araya.jpg\"><img decoding=\"async\" aria-describedby=\"caption-attachment-104\" class=\" wp-image-104\" src=\"https:\/\/investiga.uned.ac.cr\/agendajoven\/wp-content\/uploads\/sites\/16\/2015\/07\/Mario-Araya.jpg\" alt=\"Mario Araya P\u00e9rez\" width=\"139\" height=\"169\"><\/a><p id=\"caption-attachment-104\" class=\"wp-caption-text\">Mario Araya P\u00e9rez<\/p><\/div>\n<p>&nbsp;<\/p>\n<p>&nbsp;<\/p>\n<p>&nbsp;<\/p>\n<p>&nbsp;<\/p>\n<p>&nbsp;<\/p>\n<p>&nbsp;<\/p>\n<h2>&nbsp;<\/h2>\n<h2><strong>Resumen:<\/strong><\/h2>\n<p><span class=\"fontstyle0\">La investigaci\u00f3n tiene&nbsp;como objetivo la comprensi\u00f3n de la violencia en el Centro de Formaci\u00f3n Juvenil Zurqu\u00ed (CFJZ), como un emergente del conjunto de relaciones establecido por los diferentes actores involucrados en el funcionamiento diario de este; los cuales se encuentran mutuamente imbricados en el proceso de constituci\u00f3n de un entorno carcelario en el que cada uno ocupe un lugar y adquiera un sentido. La investigaci\u00f3n se desarroll\u00f3 a partir de una metodolog\u00eda cualitativa que consisti\u00f3 un trabajo de campo directo en los espacios de convivencia de la poblaci\u00f3n, por un periodo de ocho meses durante el 2015, el cual estuvo dividido en tres fases. Se logr\u00f3 determinar la participaci\u00f3n de los diferentes actores en el ejercicio de diversas manifestaciones de violencia con miras a la ficcionalizaci\u00f3n de la persona en el entorno carcelario, el cual posibilita mostrar una cierta regularidad en los valores, actitudes y comportamientos para mantenerse encajados en la din\u00e1mica social y, por lo tanto, asegurar su supervivencia tanto a nivel material como simb\u00f3lico en dicho contexto. Se llega a la conclusi\u00f3n de que la producci\u00f3n y reproducci\u00f3n de la violencia es el proceso mediante el cual se legitima la posici\u00f3n social de cada uno de los actores en los centros penales, al igual que la funci\u00f3n de la instituci\u00f3n penitenciaria en la sociedad en general.<\/span><\/p>\n<p>&nbsp;<\/p>\n<h2><strong>Documentos:<\/strong><\/h2>\n<p><em><a href=\"https:\/\/drive.google.com\/open?id=0B3UEUUgyZxZaM3Q3V3gtU1JqeVAxRHZMcFNNY1E5NmJJUkU4\" target=\"_blank\" rel=\"noopener\"><img decoding=\"async\" class=\"alignleft wp-image-658 size-full\" src=\"https:\/\/investiga.uned.ac.cr\/agendajoven\/wp-content\/uploads\/sites\/16\/2015\/05\/pdf-icon.png\" alt=\"pdf-icon\" width=\"64\" height=\"64\"><\/a><img decoding=\"async\" class=\"alignleft wp-image-659 size-full\" src=\"https:\/\/investiga.uned.ac.cr\/agendajoven\/wp-content\/uploads\/sites\/16\/2015\/05\/ppt-icon.png\" alt=\"ppt-icon\" width=\"64\" height=\"64\"><\/em><\/p>\n<p>&nbsp;<\/p>\n<p>&nbsp;<\/p>\n<p>&nbsp;<\/p>\n<p>&nbsp;<\/p>\n<p><!--more--><\/p>\n<h1 style=\"text-align: center\"><strong>Investigaciones finalizadas en 2015<\/strong><\/h1>\n<h2><strong>1. Ni\u00f1ez y adolescencia en los barrios La Libertad y Villa Esperanza de Pavas, Costa Rica. Una aproximaci\u00f3n a los factores de riesgo, que llevan a personas menores de edad a incorporarse en pandillas<\/strong><\/h2>\n<h2><strong>&nbsp;Investigadores:<\/strong><\/h2>\n<div id=\"attachment_102\" style=\"width: 144px\" class=\"wp-caption alignleft\"><a href=\"https:\/\/investiga.uned.ac.cr\/agendajoven\/wp-content\/uploads\/sites\/16\/2015\/07\/Anthony.jpg\"><img loading=\"lazy\" decoding=\"async\" aria-describedby=\"caption-attachment-102\" class=\" wp-image-102\" src=\"https:\/\/investiga.uned.ac.cr\/agendajoven\/wp-content\/uploads\/sites\/16\/2015\/07\/Anthony.jpg\" alt=\"Anthony Garc\u00eda Mar\u00edn\" width=\"134\" height=\"164\"><\/a><p id=\"caption-attachment-102\" class=\"wp-caption-text\"><em>Anthony Garc\u00eda Mar\u00edn<\/em><\/p><\/div>\n<div id=\"attachment_104\" style=\"width: 146px\" class=\"wp-caption alignleft\"><a href=\"https:\/\/investiga.uned.ac.cr\/agendajoven\/wp-content\/uploads\/sites\/16\/2015\/07\/Mario-Araya.jpg\"><img loading=\"lazy\" decoding=\"async\" aria-describedby=\"caption-attachment-104\" class=\" wp-image-104\" src=\"https:\/\/investiga.uned.ac.cr\/agendajoven\/wp-content\/uploads\/sites\/16\/2015\/07\/Mario-Araya.jpg\" alt=\"Mario Araya P\u00e9rez\" width=\"136\" height=\"166\"><\/a><p id=\"caption-attachment-104\" class=\"wp-caption-text\"><em>Mario Araya P\u00e9rez<\/em><\/p><\/div>\n<div id=\"attachment_105\" style=\"width: 138px\" class=\"wp-caption alignleft\"><a href=\"https:\/\/investiga.uned.ac.cr\/agendajoven\/wp-content\/uploads\/sites\/16\/2015\/07\/Mario-Zu\u00f1iga.jpg\"><img loading=\"lazy\" decoding=\"async\" aria-describedby=\"caption-attachment-105\" class=\" wp-image-105\" src=\"https:\/\/investiga.uned.ac.cr\/agendajoven\/wp-content\/uploads\/sites\/16\/2015\/07\/Mario-Zu\u00f1iga.jpg\" alt=\"Mario Z\u00fa\u00f1iga N\u00fa\u00f1ez\" width=\"128\" height=\"159\"><\/a><p id=\"caption-attachment-105\" class=\"wp-caption-text\"><em>Mario Z\u00fa\u00f1iga N\u00fa\u00f1ez<\/em><\/p><\/div>\n<div id=\"attachment_73\" style=\"width: 142px\" class=\"wp-caption alignleft\"><a href=\"https:\/\/investiga.uned.ac.cr\/agendajoven\/wp-content\/uploads\/sites\/16\/2015\/05\/Roy.jpg\"><img loading=\"lazy\" decoding=\"async\" aria-describedby=\"caption-attachment-73\" class=\" wp-image-73\" src=\"https:\/\/investiga.uned.ac.cr\/agendajoven\/wp-content\/uploads\/sites\/16\/2015\/05\/Roy.jpg\" alt=\"Roy Gonz\u00e1lez Sancho\" width=\"132\" height=\"162\"><\/a><p id=\"caption-attachment-73\" class=\"wp-caption-text\"><em>Roy Gonz\u00e1lez Sancho<\/em><\/p><\/div>\n<p>&nbsp;<\/p>\n<p>&nbsp;<\/p>\n<p>&nbsp;<\/p>\n<p>&nbsp;<\/p>\n<p>&nbsp;<\/p>\n<h2>&nbsp;<\/h2>\n<h2>&nbsp;<\/h2>\n<h2><strong>Resumen:<\/strong><\/h2>\n<p>El estudio indaga sobre los factores de riesgo, presentes en los barrios Villa Esperanza y Libertad de Pavas, que llevan a las personas j\u00f3venes y menores de edad al involucramiento en pandillas u otras formas de grupalidad con pr\u00e1cticas violentas o delictivas. Se propuso cuatro objetivos que tienen que ver, primero con el proceso hist\u00f3rico de conformaci\u00f3n de la comunidad en la que son posibles las pandillas; en segundo lugar, con las condiciones actuales del entorno en la que conviven ni\u00f1os ni\u00f1as y adolescentes de estas comunidades; en tercer lugar, con la percepci\u00f3n de las personas j\u00f3venes menores de edad sobre el entorno en el que conviven \u2013 que influye tambi\u00e9n en c\u00f3mo se responde o se act\u00faa en este-; y por \u00faltimo, la forma en la que se relacionan las condiciones del entorno considerando su dimensi\u00f3n hist\u00f3rica con la posibilidad de existencia e incorporaci\u00f3n de las personas menores de edad en estos grupos o pandillas.<\/p>\n<p>&nbsp;<\/p>\n<h2><strong>&nbsp;Documentos:<\/strong><\/h2>\n<p><em><a href=\"https:\/\/drive.google.com\/open?id=0B3UEUUgyZxZabWxUWTRoWlZmUlk\"><img loading=\"lazy\" decoding=\"async\" class=\" size-full wp-image-658 alignleft\" src=\"https:\/\/investiga.uned.ac.cr\/agendajoven\/wp-content\/uploads\/sites\/16\/2015\/05\/pdf-icon.png\" alt=\"pdf-icon\" width=\"64\" height=\"64\"><\/a><a href=\"https:\/\/drive.google.com\/file\/d\/0B5JIwf5dz4TSVk9rTUVMdGVXV0U\/view?usp=sharing\" target=\"_blank\" rel=\"noopener\"><img decoding=\"async\" class=\"alignleft wp-image-659 size-full\" src=\"https:\/\/investiga.uned.ac.cr\/agendajoven\/wp-content\/uploads\/sites\/16\/2015\/05\/ppt-icon.png\" alt=\"ppt-icon\" width=\"64\" height=\"64\"><\/a><\/em><\/p>\n<p>&nbsp;<\/p>\n<p>&nbsp;<\/p>\n<p>&nbsp;<\/p>\n<p><!--more--><\/p>\n<h1 style=\"text-align: center\"><strong>Investigaciones finalizadas en 2014<\/strong><\/h1>\n<p><strong><!--more--><\/strong><\/p>\n<h2><strong>1.&nbsp;El Observatorio Pol\u00edtico Electoral Juvenil: Participaci\u00f3n pol\u00edtico-electoral de personas j\u00f3venes durante las elecciones presidenciales 2014<\/strong><\/h2>\n<p>&nbsp;<\/p>\n<h2><strong>Investigadora e investigadores:<\/strong><\/h2>\n<div id=\"attachment_103\" style=\"width: 149px\" class=\"wp-caption alignleft\"><a href=\"https:\/\/investiga.uned.ac.cr\/agendajoven\/wp-content\/uploads\/sites\/16\/2015\/07\/Argentina.jpg\"><img loading=\"lazy\" decoding=\"async\" aria-describedby=\"caption-attachment-103\" class=\" wp-image-103\" src=\"https:\/\/investiga.uned.ac.cr\/agendajoven\/wp-content\/uploads\/sites\/16\/2015\/07\/Argentina.jpg\" alt=\"Argentina Artavia Medrano\" width=\"139\" height=\"169\"><\/a><p id=\"caption-attachment-103\" class=\"wp-caption-text\">Argentina Artavia Medrano<\/p><\/div>\n<div id=\"attachment_73\" style=\"width: 149px\" class=\"wp-caption alignleft\"><a href=\"https:\/\/investiga.uned.ac.cr\/agendajoven\/wp-content\/uploads\/sites\/16\/2015\/05\/Roy.jpg\"><img loading=\"lazy\" decoding=\"async\" aria-describedby=\"caption-attachment-73\" class=\" wp-image-73\" src=\"https:\/\/investiga.uned.ac.cr\/agendajoven\/wp-content\/uploads\/sites\/16\/2015\/05\/Roy.jpg\" alt=\"Roy Gonz\u00e1lez Sancho\" width=\"139\" height=\"171\"><\/a><p id=\"caption-attachment-73\" class=\"wp-caption-text\">Roy Gonz\u00e1lez Sancho<\/p><\/div>\n<div id=\"attachment_102\" style=\"width: 149px\" class=\"wp-caption alignleft\"><a href=\"https:\/\/investiga.uned.ac.cr\/agendajoven\/wp-content\/uploads\/sites\/16\/2015\/07\/Anthony.jpg\"><img loading=\"lazy\" decoding=\"async\" aria-describedby=\"caption-attachment-102\" class=\" wp-image-102\" src=\"https:\/\/investiga.uned.ac.cr\/agendajoven\/wp-content\/uploads\/sites\/16\/2015\/07\/Anthony.jpg\" alt=\"Anthony Garc\u00eda Mar\u00edn\" width=\"139\" height=\"170\"><\/a><p id=\"caption-attachment-102\" class=\"wp-caption-text\">Anthony Garc\u00eda Mar\u00edn<\/p><\/div>\n<h2>&nbsp;<\/h2>\n<h2>&nbsp;<\/h2>\n<h2>&nbsp;<\/h2>\n<h2>&nbsp;<\/h2>\n<h2>&nbsp;<\/h2>\n<h2>&nbsp;<\/h2>\n<h2><strong>Resumen:<\/strong><\/h2>\n<p>El Observatorio Pol\u00edtico Electoral Juvenil, OPEJ, es una iniciativa del Programa Agenda Joven que busca promover la participaci\u00f3n activa de las juventudes costarricenses en los procesos consultivos y de elecci\u00f3n popular (a nivel nacional, cantonal y local), con el objetivo de fortalecer su autonom\u00eda y posicionamiento en la toma de decisiones relativas a la vida pol\u00edtica del pa\u00eds, as\u00ed como se reforzar el ejercicio efectivo la ciudadan\u00eda joven.<\/p>\n<p>Luego de la primera experiencia de observaci\u00f3n llevada a cabo en las elecciones de Alcaldes del 2010, se ha realizado un segundo proceso de observaci\u00f3n para las elecciones generales para la presidencia, vicepresidencia y diputaciones del 2014, cuyo objetivo general fue describir los factores que inciden en el comportamiento pol\u00edtico electoral de las personas j\u00f3venes, durante dicho proceso electoral.&nbsp;<\/p>\n<p>&nbsp;<\/p>\n<h2><strong>Documentos:<\/strong><\/h2>\n<p><em><a href=\"https:\/\/drive.google.com\/open?id=0B5JIwf5dz4TSbWFIRUwwMGxKdFk\"><img loading=\"lazy\" decoding=\"async\" class=\" size-full wp-image-658 alignleft\" src=\"https:\/\/investiga.uned.ac.cr\/agendajoven\/wp-content\/uploads\/sites\/16\/2015\/05\/pdf-icon.png\" alt=\"pdf-icon\" width=\"64\" height=\"64\"><\/a><\/em><\/p>\n<p><em><a href=\"https:\/\/drive.google.com\/file\/d\/0B5JIwf5dz4TSYTktVmhYcmNfbXM\/view?usp=sharing\" target=\"_blank\" rel=\"noopener\"><img decoding=\"async\" class=\"alignleft wp-image-659 size-full\" src=\"https:\/\/investiga.uned.ac.cr\/agendajoven\/wp-content\/uploads\/sites\/16\/2015\/05\/ppt-icon.png\" alt=\"ppt-icon\" width=\"64\" height=\"64\"><\/a><\/em><\/p>\n<p>&nbsp;<\/p>\n<p>&nbsp;<\/p>\n<p><em>&nbsp;<\/em><\/p>\n<p><em><!--more--><\/em><\/p>\n<h2><strong>2. Los desaf\u00edos hacia la realizaci\u00f3n del derecho humano a la educaci\u00f3n en Am\u00e9rica Latina y el Caribe. Cap\u00edtulo Costa Rica<\/strong><\/h2>\n<h2><strong>&nbsp;Investigadora&nbsp;e&nbsp;investigadores:<\/strong><\/h2>\n<div id=\"attachment_103\" style=\"width: 149px\" class=\"wp-caption alignleft\"><a href=\"https:\/\/investiga.uned.ac.cr\/agendajoven\/wp-content\/uploads\/sites\/16\/2015\/07\/Argentina.jpg\"><img loading=\"lazy\" decoding=\"async\" aria-describedby=\"caption-attachment-103\" class=\" wp-image-103\" src=\"https:\/\/investiga.uned.ac.cr\/agendajoven\/wp-content\/uploads\/sites\/16\/2015\/07\/Argentina.jpg\" alt=\"Argentina Artavia Medrano\" width=\"139\" height=\"170\"><\/a><p id=\"caption-attachment-103\" class=\"wp-caption-text\">Argentina Artavia Medrano<\/p><\/div>\n<div id=\"attachment_102\" style=\"width: 149px\" class=\"wp-caption alignleft\"><a href=\"https:\/\/investiga.uned.ac.cr\/agendajoven\/wp-content\/uploads\/sites\/16\/2015\/07\/Anthony.jpg\"><img loading=\"lazy\" decoding=\"async\" aria-describedby=\"caption-attachment-102\" class=\" wp-image-102\" src=\"https:\/\/investiga.uned.ac.cr\/agendajoven\/wp-content\/uploads\/sites\/16\/2015\/07\/Anthony.jpg\" alt=\"Anthony Garc\u00eda Mar\u00edn\" width=\"139\" height=\"170\"><\/a><p id=\"caption-attachment-102\" class=\"wp-caption-text\">Anthony Garc\u00eda Mar\u00edn<\/p><\/div>\n<div id=\"attachment_75\" style=\"width: 149px\" class=\"wp-caption alignleft\"><a href=\"https:\/\/investiga.uned.ac.cr\/agendajoven\/wp-content\/uploads\/sites\/16\/2015\/05\/Maikol.jpg\"><img loading=\"lazy\" decoding=\"async\" aria-describedby=\"caption-attachment-75\" class=\" wp-image-75\" src=\"https:\/\/investiga.uned.ac.cr\/agendajoven\/wp-content\/uploads\/sites\/16\/2015\/05\/Maikol.jpg\" alt=\"Maikol Picado Cortes\" width=\"139\" height=\"168\"><\/a><p id=\"caption-attachment-75\" class=\"wp-caption-text\">Maikol Picado Cortes<\/p><\/div>\n<p>&nbsp;<\/p>\n<p>&nbsp;<\/p>\n<p>&nbsp;<\/p>\n<p>&nbsp;<\/p>\n<p>&nbsp;<\/p>\n<p>&nbsp;<\/p>\n<p>&nbsp;<\/p>\n<h2>&nbsp;<\/h2>\n<h2><strong>Resumen:<\/strong><\/h2>\n<p>El informe identifica los obst\u00e1culos y limitaciones, as\u00ed como los principales desaf\u00edos de la realizaci\u00f3n del derecho a la educaci\u00f3n en Costa Rica, a saber: atenci\u00f3n a la primaria infancia, universalizaci\u00f3n de la educaci\u00f3n primaria, necesidades de aprendizaje de personas&nbsp;j\u00f3venes&nbsp;y adultas, alfabetizaci\u00f3n, paridad de g\u00e9nero y calidad en la educaci\u00f3n, a partir de la&nbsp;d\u00e9cada&nbsp;de los a\u00f1os noventa.&nbsp;<\/p>\n<p>Se abarcan y desarrollan 3 apartados en relaci\u00f3n con la situaci\u00f3n del pa\u00eds:<\/p>\n<ul>\n<li>La educaci\u00f3n como derecho fundamental y las obligaciones de los Estados.&nbsp;<\/li>\n<li>Progreso hacia las metas de EPT.<\/li>\n<li>Poblaciones&nbsp;en situaci\u00f3n de vulnerabilidad.<\/li>\n<\/ul>\n<p>&nbsp;<\/p>\n<h2><strong>Documentos:<\/strong><\/h2>\n<p><em><a href=\"https:\/\/drive.google.com\/open?id=0B5JIwf5dz4TSRFRuYUJkcHIzalE\" target=\"_blank\" rel=\"noopener\"><img decoding=\"async\" class=\"alignleft wp-image-658 size-full\" src=\"https:\/\/investiga.uned.ac.cr\/agendajoven\/wp-content\/uploads\/sites\/16\/2015\/05\/pdf-icon.png\" alt=\"pdf-icon\" width=\"64\" height=\"64\"><\/a><\/em><\/p>\n<p><em><a href=\"https:\/\/drive.google.com\/file\/d\/0B5JIwf5dz4TSRG52YkFfMndhRnM\/view?usp=sharing\" target=\"_blank\" rel=\"noopener\"><img decoding=\"async\" class=\"alignleft wp-image-659 size-full\" src=\"https:\/\/investiga.uned.ac.cr\/agendajoven\/wp-content\/uploads\/sites\/16\/2015\/05\/ppt-icon.png\" alt=\"ppt-icon\" width=\"64\" height=\"64\"><\/a><\/em><\/p>\n<p>&nbsp;<\/p>\n<p>&nbsp;<\/p>\n<p>&nbsp;<\/p>\n<p><em><!--more--><\/em><\/p>\n<h2><strong><em>3. <\/em>&nbsp;Alcances y limitaciones de la participaci\u00f3n juvenil en los espacios estipulados por la Ley General de la Persona Joven: Asamblea Nacional de la Red Consultiva de la Persona Joven y los Comit\u00e9s Cantonales de la Persona Joven<\/strong><\/h2>\n<p>&nbsp;<\/p>\n<h2><strong>&nbsp;Investigador e&nbsp;investigadora:<\/strong><\/h2>\n<div id=\"attachment_73\" style=\"width: 149px\" class=\"wp-caption alignleft\"><a href=\"https:\/\/investiga.uned.ac.cr\/agendajoven\/wp-content\/uploads\/sites\/16\/2015\/05\/Roy.jpg\"><img loading=\"lazy\" decoding=\"async\" aria-describedby=\"caption-attachment-73\" class=\" wp-image-73\" src=\"https:\/\/investiga.uned.ac.cr\/agendajoven\/wp-content\/uploads\/sites\/16\/2015\/05\/Roy.jpg\" alt=\"Roy Gonz\u00e1lez Sancho\" width=\"139\" height=\"171\"><\/a><p id=\"caption-attachment-73\" class=\"wp-caption-text\">Roy Gonz\u00e1lez Sancho<\/p><\/div>\n<div id=\"attachment_78\" style=\"width: 149px\" class=\"wp-caption alignleft\"><a href=\"https:\/\/investiga.uned.ac.cr\/agendajoven\/wp-content\/uploads\/sites\/16\/2015\/05\/Evita.jpg\"><img loading=\"lazy\" decoding=\"async\" aria-describedby=\"caption-attachment-78\" class=\" wp-image-78\" src=\"https:\/\/investiga.uned.ac.cr\/agendajoven\/wp-content\/uploads\/sites\/16\/2015\/05\/Evita.jpg\" alt=\"Evita Henriquez C\u00e1ceres\" width=\"139\" height=\"171\"><\/a><p id=\"caption-attachment-78\" class=\"wp-caption-text\">Evita Henriquez C\u00e1ceres<\/p><\/div>\n<h2>&nbsp;<\/h2>\n<h2>&nbsp;<\/h2>\n<h2>&nbsp;<\/h2>\n<h2>&nbsp;<\/h2>\n<h2>&nbsp;<\/h2>\n<h2>&nbsp;<\/h2>\n<h2><strong>Resumen:<\/strong><\/h2>\n<p>Tiene como&nbsp;objetivo principal estudiar los alcances y limitaciones de la participaci\u00f3n juvenil en los espacios estipulados por la Ley General de la Persona Joven, en adelante Ley 8261, en los \u00faltimos 3 a\u00f1os anteriores al estudio (es decir 2012, 2013 y 2014). Su metodolog\u00eda tuvo un enfoque mixto&nbsp;de modelo concurrente basada en anidaci\u00f3n de t\u00e9cnicas, se entrevistaron&nbsp; inicialmente bajo un criterio de conveniencia a 6 personas representantes municipales que hubieran estado involucradas en los procesos de conformaci\u00f3n de los Comit\u00e9s Cantonales de la Persona Joven, en adelante CCPJ, en 3 cantones rurales y 3 cantones urbanos, se aplicaron dos cuestionarios electr\u00f3nicos en mayo del 2013, el primero dirigido a las personas j\u00f3venes que integraran el \u00f3rgano directivo, las comisiones permanentes y especiales de investigaci\u00f3n, el Tribunal Interno Electoral y la Comisi\u00f3n de \u00c9tica de la Asamblea Nacional de la Red Consultiva (contestando un total de 8) y el segundo dirigido a las y los dem\u00e1s asamble\u00edstas&nbsp; (con un total de 15 participaciones), finalmente se realizaron 3 entrevistas en profundidad&nbsp;a personas j\u00f3venes militantes de los partidos pol\u00edticos: Partido Liberaci\u00f3n Nacional (PLN), Partido Acci\u00f3n Ciudadana (PAC) y Partidos Unidad Social Cristiana (PUSC).<\/p>\n<p>Los tres procesos de recolecci\u00f3n de informaci\u00f3n se concibieron para explorar en concreto los 3 ambientes funcionales en los que se han articulado los espacios de participaci\u00f3n juvenil de acuerdo con la Ley 8261, es decir la ANRC, los procesos de conformaci\u00f3n de los CCPJ y las experiencias de personas j\u00f3venes involucradas en los procesos de formaci\u00f3n y toma de decisiones de los partidos pol\u00edticos.<\/p>\n<p>&nbsp;<\/p>\n<h2><strong>Documentos:<\/strong><\/h2>\n<p><em><a href=\"https:\/\/drive.google.com\/open?id=0B5JIwf5dz4TSdWRTNm5Tck1FSXc\" target=\"_blank\" rel=\"noopener\"><img decoding=\"async\" class=\"alignleft wp-image-658 size-full\" src=\"https:\/\/investiga.uned.ac.cr\/agendajoven\/wp-content\/uploads\/sites\/16\/2015\/05\/pdf-icon.png\" alt=\"pdf-icon\" width=\"64\" height=\"64\"><\/a><\/em><\/p>\n<p><em><a href=\"https:\/\/investiga.uned.ac.cr\/agendajoven\/wp-content\/uploads\/sites\/16\/2015\/05\/ppt-icon.png\"><img loading=\"lazy\" decoding=\"async\" class=\" size-full wp-image-659 alignleft\" src=\"https:\/\/investiga.uned.ac.cr\/agendajoven\/wp-content\/uploads\/sites\/16\/2015\/05\/ppt-icon.png\" alt=\"ppt-icon\" width=\"64\" height=\"64\"><\/a><\/em><\/p>\n<p>&nbsp;<\/p>\n<p>&nbsp;<\/p>\n<p>&nbsp;<\/p>\n<p><!--more--><\/p>\n<h2><strong>4.&nbsp;Informe sobre notas de Juventud de las elecciones presidenciales 2014<\/strong><\/h2>\n<h2><strong>Investigadores:<\/strong><\/h2>\n<div id=\"attachment_79\" style=\"width: 149px\" class=\"wp-caption alignleft\"><a href=\"https:\/\/investiga.uned.ac.cr\/agendajoven\/wp-content\/uploads\/sites\/16\/2015\/05\/Bryan.jpg\"><img loading=\"lazy\" decoding=\"async\" aria-describedby=\"caption-attachment-79\" class=\" wp-image-79\" src=\"https:\/\/investiga.uned.ac.cr\/agendajoven\/wp-content\/uploads\/sites\/16\/2015\/05\/Bryan.jpg\" alt=\"Bryan Vargas Vargas\" width=\"139\" height=\"169\"><\/a><p id=\"caption-attachment-79\" class=\"wp-caption-text\">Bryan Vargas Vargas<\/p><\/div>\n<div id=\"attachment_73\" style=\"width: 148px\" class=\"wp-caption alignleft\"><a href=\"https:\/\/investiga.uned.ac.cr\/agendajoven\/wp-content\/uploads\/sites\/16\/2015\/05\/Roy.jpg\"><img loading=\"lazy\" decoding=\"async\" aria-describedby=\"caption-attachment-73\" class=\" wp-image-73\" src=\"https:\/\/investiga.uned.ac.cr\/agendajoven\/wp-content\/uploads\/sites\/16\/2015\/05\/Roy.jpg\" alt=\"Roy Gonz\u00e1lez Sancho\" width=\"138\" height=\"169\"><\/a><p id=\"caption-attachment-73\" class=\"wp-caption-text\">Roy Gonz\u00e1lez Sancho<\/p><\/div>\n<h2>&nbsp;<\/h2>\n<h2>&nbsp;<\/h2>\n<h2>&nbsp;<\/h2>\n<h2>&nbsp;<\/h2>\n<h2>&nbsp;<\/h2>\n<h2>&nbsp;<\/h2>\n<h2><strong>Resumen:<\/strong><\/h2>\n<p>objetivo general&nbsp; estudiar el tratamiento y la presencia de la juventud en medios escritos de circulaci\u00f3n nacional durante el periodo electoral para la presidencia y diputaciones del a\u00f1o 2014. Este proceso de investigaci\u00f3n tuvo un <em>enfoque mixto<sup><strong>[1]<\/strong><\/sup><\/em>, en el que se utilizaron medios estad\u00edsticos y cualitativos para el an\u00e1lisis de los datos presentes en cada noticia, las herramientas utilizadas fueron: para el procesamiento estad\u00edstico de las notas de prensa se form\u00f3 una base de datos que fue procesada con el programa inform\u00e1tico SPSS 18 del cual se obtienen frecuencias de las variables e indicadores construidos y algunos cruces de variables de ser necesario; mientras que para el an\u00e1lisis cualitativo de las informaciones presentes en las noticias, se utiliz\u00f3 el an\u00e1lisis de discurso, con el objetivo de conocer la forma y las particularidades con las que se hizo menci\u00f3n de las personas j\u00f3venes en los medios de comunicaci\u00f3n escrita.<\/p>\n<p>De forma que los peri\u00f3dicos seleccionados fueron: La Naci\u00f3n, La Rep\u00fablica, Diario Extra, La Teja, La Prensa Libre (de circulaci\u00f3n diaria), Semanario Universidad y El Financiero (de circulaci\u00f3n semanal). El periodo de recolecci\u00f3n de datos se realiz\u00f3 en el periodo comprendido entre el 2 de octubre del 2013 y el 2 de febrero del 2014.<\/p>\n<p>Al final del periodo de investigaci\u00f3n, se recolectaron un total de 1329 noticias relativas a la campa\u00f1a electoral, de las cuales \u00fanicamente 124 (un 9,33%) ten\u00edan que ver con el tema de juventud, las mismas fueron analizadas cuantitativa y cualitativamente con las herramientas de an\u00e1lisis antes descritas (SPSS 18&nbsp; y an\u00e1lisis de discurso), con base en la referencia que se hac\u00eda de las personas j\u00f3venes en tanto actores sociopol\u00edticos o bien beneficiarios de medidas o proyectos asistenciales.<\/p>\n<p>&nbsp;<\/p>\n<h2><strong>Documentos:<\/strong><\/h2>\n<p><em><a href=\"https:\/\/drive.google.com\/open?id=0B3UEUUgyZxZaNEwya2NJLU5xdnc\" target=\"_blank\" rel=\"noopener\"><img decoding=\"async\" class=\"alignleft wp-image-658 size-full\" src=\"https:\/\/investiga.uned.ac.cr\/agendajoven\/wp-content\/uploads\/sites\/16\/2015\/05\/pdf-icon.png\" alt=\"pdf-icon\" width=\"64\" height=\"64\"><\/a><\/em><\/p>\n<p><em><a href=\"https:\/\/investiga.uned.ac.cr\/agendajoven\/wp-content\/uploads\/sites\/16\/2015\/05\/ppt-icon.png\"><img loading=\"lazy\" decoding=\"async\" class=\" size-full wp-image-659 alignleft\" src=\"https:\/\/investiga.uned.ac.cr\/agendajoven\/wp-content\/uploads\/sites\/16\/2015\/05\/ppt-icon.png\" alt=\"ppt-icon\" width=\"64\" height=\"64\"><\/a><\/em><\/p>\n<p><em><!--more--><\/em><\/p>\n<h2>&nbsp;<\/h2>\n<p>&nbsp;<\/p>\n<p style=\"text-align: center\"><em><strong>Presentaci\u00f3n: Jornadas de investigaci\u00f3n 2014<\/strong><\/em><\/p>\n<p><iframe title=\"Presentaci\u00f3n Informes Agenda Joven\" width=\"750\" height=\"422\" src=\"https:\/\/www.youtube.com\/embed\/8bFm3rRmv-Q?feature=oembed\" frameborder=\"0\" allow=\"accelerometer; autoplay; encrypted-media; gyroscope; picture-in-picture\" allowfullscreen><\/iframe><\/p>\n<p>&nbsp;<\/p>\n<h1 style=\"text-align: center\"><em><strong>Investigaciones finalizadas&nbsp;2006 &#8211; 2013<\/strong><\/em><\/h1>\n<p><em>Programa Agenda Joven (2013). El Observatorio Pol\u00edtico Electoral Juvenil.<\/em><\/p>\n<p><em>Programa Agenda Joven (2009). La Polis Joven: Imaginarios sobre Democracia y Estado.<\/em><\/p>\n<p><em>Programa Agenda Joven (2006). Agenda Joven Universitaria. Una propuesta joven sobre los temas de educaci\u00f3n, desarrollo social y democracia participativa.<\/em><\/p>\n<p>&nbsp;<\/p>\n<p>&nbsp;<\/p>\n<p>&nbsp;<\/p>\n<p>&nbsp;<\/p>\n<p>&nbsp;<\/p>\n<p>&nbsp;<\/p>\n<p>&nbsp;<\/p>\n<p>&nbsp;<\/p>\n<p>&nbsp;<\/p>\n","protected":false},"excerpt":{"rendered":"<p>Investigaciones finalizadas en 2016 1.&nbsp;\u00bfEs la c\u00e1rcel violenta en s\u00ed misma? Violencia y legitimaci\u00f3n de la din\u00e1mica institucional en el Centro de Formaci\u00f3n Juvenil Zurqu\u00ed, Heredia, Costa Rica. &nbsp; Investigador: &nbsp; &nbsp; &nbsp; &nbsp; &nbsp; &nbsp; &nbsp; Resumen: La investigaci\u00f3n tiene&nbsp;como objetivo la comprensi\u00f3n de la violencia en el Centro [&hellip;]<\/p>\n","protected":false},"author":1,"featured_media":0,"parent":0,"menu_order":0,"comment_status":"closed","ping_status":"closed","template":"","meta":{"ngg_post_thumbnail":0,"_themeisle_gutenberg_block_has_review":false,"footnotes":""},"class_list":["post-38","page","type-page","status-publish","hentry"],"_links":{"self":[{"href":"https:\/\/investiga.uned.ac.cr\/agendajoven\/wp-json\/wp\/v2\/pages\/38","targetHints":{"allow":["GET"]}}],"collection":[{"href":"https:\/\/investiga.uned.ac.cr\/agendajoven\/wp-json\/wp\/v2\/pages"}],"about":[{"href":"https:\/\/investiga.uned.ac.cr\/agendajoven\/wp-json\/wp\/v2\/types\/page"}],"author":[{"embeddable":true,"href":"https:\/\/investiga.uned.ac.cr\/agendajoven\/wp-json\/wp\/v2\/users\/1"}],"replies":[{"embeddable":true,"href":"https:\/\/investiga.uned.ac.cr\/agendajoven\/wp-json\/wp\/v2\/comments?post=38"}],"version-history":[{"count":0,"href":"https:\/\/investiga.uned.ac.cr\/agendajoven\/wp-json\/wp\/v2\/pages\/38\/revisions"}],"wp:attachment":[{"href":"https:\/\/investiga.uned.ac.cr\/agendajoven\/wp-json\/wp\/v2\/media?parent=38"}],"curies":[{"name":"wp","href":"https:\/\/api.w.org\/{rel}","templated":true}]}}