{"id":3388,"date":"2024-11-13T13:40:48","date_gmt":"2024-11-13T19:40:48","guid":{"rendered":"https:\/\/investiga.uned.ac.cr\/agendajoven\/?page_id=3388"},"modified":"2025-07-28T17:33:28","modified_gmt":"2025-07-28T17:33:28","slug":"tecnico-en-practicas-democraticas-y-procesos-electorales-2","status":"publish","type":"page","link":"https:\/\/investiga.uned.ac.cr\/agendajoven\/tecnico-en-practicas-democraticas-y-procesos-electorales-2\/","title":{"rendered":"T\u00e9cnico en Pr\u00e1cticas Democr\u00e1ticas y Procesos Electorales"},"content":{"rendered":"\n<p class=\"has-text-align-center\"><img decoding=\"async\" src=\"https:\/\/investiga.uned.ac.cr\/agendajoven\/wp-content\/uploads\/sites\/8\/2025\/07\/Imagen1.jpg\"><\/p>\n\n\n\n<p>El T\u00e9cnico en Pr\u00e1cticas Democr\u00e1ticas y Procesos Electorales es una oferta acad\u00e9mica que promueve el desarrollo sociopol\u00edtico de los y las ciudadanas. Su misi\u00f3n es promover una cultura democr\u00e1tica integrando a toda la ciudadan\u00eda en el ejercicio de sus derechos.<\/p>\n\n\n\n<p>Da inicio en el a\u00f1o 2013, desde entonces se han matriculado 12 diferentes cohortes durante el per\u00edodo 2013-2024 y han obtenido el t\u00edtulo de T\u00e9cnico en Pr\u00e1cticas Democr\u00e1ticas y Procesos Electorales un total de 56 personas.<\/p>\n\n\n\n<p>Se cuenta con una carta de entendimiento dentro de un convenio marco entre la Universidad y el Tribunal Supremo de Elecciones desde el a\u00f1o 2018 el cual fue renovado en el a\u00f1o 2022 y tiene una vigencia de 4 a\u00f1os hasta el a\u00f1o 2026.<\/p>\n\n\n\n<p class=\"has-text-align-center\"><strong><a href=\"https:\/\/unedaccr-my.sharepoint.com\/:b:\/g\/personal\/agendajoven_uned_ac_cr\/EYLPMXM8ZINPmIPdjrGTEOkBjswh4hhwWjhJGR3lL8cVqA?e=YRFbgA\">M\u00e1s informaci\u00f3n sobre el curso<\/a><\/strong><\/p>\n\n\n\n<div id=\"wp-block-themeisle-blocks-advanced-columns-d0248a56\" class=\"wp-block-themeisle-blocks-advanced-columns has-1-columns has-desktop-equal-layout has-tablet-equal-layout has-mobile-equal-layout has-vertical-unset has-default-gap\"><div class=\"wp-block-themeisle-blocks-advanced-columns-overlay\"><\/div><div class=\"innerblocks-wrap\">\n<div id=\"wp-block-themeisle-blocks-advanced-column-7ad078e4\" class=\"wp-block-themeisle-blocks-advanced-column\"><\/div>\n<\/div><\/div>\n","protected":false},"excerpt":{"rendered":"<p>El T\u00e9cnico en Pr\u00e1cticas Democr\u00e1ticas y Procesos Electorales es una oferta acad\u00e9mica que promueve el desarrollo sociopol\u00edtico de los y las ciudadanas. Su misi\u00f3n es promover una cultura democr\u00e1tica integrando a toda la ciudadan\u00eda en el ejercicio de sus derechos. Da inicio en el a\u00f1o 2013, desde entonces se han [&hellip;]<\/p>\n","protected":false},"author":1,"featured_media":0,"parent":0,"menu_order":0,"comment_status":"closed","ping_status":"closed","template":"","meta":{"ngg_post_thumbnail":0,"_themeisle_gutenberg_block_has_review":false,"footnotes":""},"class_list":["post-3388","page","type-page","status-publish","hentry"],"_links":{"self":[{"href":"https:\/\/investiga.uned.ac.cr\/agendajoven\/wp-json\/wp\/v2\/pages\/3388","targetHints":{"allow":["GET"]}}],"collection":[{"href":"https:\/\/investiga.uned.ac.cr\/agendajoven\/wp-json\/wp\/v2\/pages"}],"about":[{"href":"https:\/\/investiga.uned.ac.cr\/agendajoven\/wp-json\/wp\/v2\/types\/page"}],"author":[{"embeddable":true,"href":"https:\/\/investiga.uned.ac.cr\/agendajoven\/wp-json\/wp\/v2\/users\/1"}],"replies":[{"embeddable":true,"href":"https:\/\/investiga.uned.ac.cr\/agendajoven\/wp-json\/wp\/v2\/comments?post=3388"}],"version-history":[{"count":1,"href":"https:\/\/investiga.uned.ac.cr\/agendajoven\/wp-json\/wp\/v2\/pages\/3388\/revisions"}],"predecessor-version":[{"id":9579,"href":"https:\/\/investiga.uned.ac.cr\/agendajoven\/wp-json\/wp\/v2\/pages\/3388\/revisions\/9579"}],"wp:attachment":[{"href":"https:\/\/investiga.uned.ac.cr\/agendajoven\/wp-json\/wp\/v2\/media?parent=3388"}],"curies":[{"name":"wp","href":"https:\/\/api.w.org\/{rel}","templated":true}]}}