{"id":3373,"date":"2024-11-01T15:18:01","date_gmt":"2024-11-01T21:18:01","guid":{"rendered":"https:\/\/investiga.uned.ac.cr\/agendajoven\/?page_id=3373"},"modified":"2025-07-28T17:36:21","modified_gmt":"2025-07-28T17:36:21","slug":"informes-de-labores","status":"publish","type":"page","link":"https:\/\/investiga.uned.ac.cr\/agendajoven\/informes-de-labores\/","title":{"rendered":"Informes de labores"},"content":{"rendered":"\n<p><img decoding=\"async\" src=\"https:\/\/investiga.uned.ac.cr\/agendajoven\/wp-content\/uploads\/sites\/8\/2025\/07\/Roypoist.png\"><\/p>\n\n\n\n<p class=\"has-text-align-center has-medium-font-size\"><strong><a href=\"https:\/\/unedaccr-my.sharepoint.com\/:b:\/g\/personal\/agendajoven_uned_ac_cr\/EVVgBTHtIBdOgGO8R_dXmJcBHmY_B5tmdbnHjf4wq79SHg?e=rCQUUR\">Informe de Labores 2024<\/a><\/strong><\/p>\n\n\n\n<p class=\"has-text-align-center has-medium-font-size\"><strong><a href=\"https:\/\/unedaccr-my.sharepoint.com\/:b:\/g\/personal\/agendajoven_uned_ac_cr\/EQ4fPWi_7LdOjrpt5M4kpR4BhzfEk35mi8ImCbiGuDuVCQ?e=pH6iBe\">Informe de Labores 2023<\/a><\/strong><\/p>\n\n\n\n<p class=\"has-text-align-center has-medium-font-size\"><strong><a href=\"https:\/\/unedaccr-my.sharepoint.com\/:b:\/g\/personal\/agendajoven_uned_ac_cr\/EfiR3sn1smpGvM2yVUcIqf4B6yklKnwEiY2CO4a183DRRA?e=nBPHXb\">Informe del&nbsp;an\u00e1lisis de la pol\u00edtica p\u00fablica de juventud 2020-2022<\/a><\/strong><\/p>\n\n\n\n<p class=\"has-text-align-center has-medium-font-size\"><strong><em>Informes del Observatorio Pol\u00edtico Electoral Juvenil<\/em><\/strong><\/p>\n\n\n\n<p class=\"has-text-align-center\"><a href=\"https:\/\/unedaccr-my.sharepoint.com\/:b:\/g\/personal\/agendajoven_uned_ac_cr\/EQtj0LMhWExDrAnLr5z4lhkB3ZcyqCnE7BRcOhMat_LN_A?e=GD2sWf\">Informe del Observatorio Pol\u00edtico Electoral Juvenil 2018<\/a><\/p>\n\n\n\n<p class=\"has-text-align-center\"><a href=\"https:\/\/unedaccr-my.sharepoint.com\/:b:\/g\/personal\/agendajoven_uned_ac_cr\/EWW3_kHwzINKkTojIaG61SwBy5QLkVPjjx3oaR8pilOwpA?e=gem1TN\">Informe del Observatorio Pol\u00edtico Electoral Juvenil 2016<\/a><\/p>\n\n\n\n<p class=\"has-text-align-center\"><a href=\"https:\/\/unedaccr-my.sharepoint.com\/:b:\/g\/personal\/agendajoven_uned_ac_cr\/EYnT_tcnPeFBsOj6AwofozoB5BF6WhKfK0EXJtQd_PZwDg?e=UmE1Ti\">Informe del Observatorio Pol\u00edtico Electoral Juvenil 2014<\/a><\/p>\n\n\n\n<p class=\"has-text-align-center\"><a href=\"https:\/\/unedaccr-my.sharepoint.com\/:b:\/g\/personal\/agendajoven_uned_ac_cr\/EYZ9kKtYeOxDu_3iLI3pqIkBEhsVFK1z-f9IIWOb794i7A?e=lalbCj\">Informe del Observatorio Pol\u00edtico Electoral Juvenil 2010<\/a><\/p>\n\n\n\n<div id=\"wp-block-themeisle-blocks-advanced-columns-85c44dd2\" class=\"wp-block-themeisle-blocks-advanced-columns has-1-columns has-desktop-equal-layout has-tablet-equal-layout has-mobile-equal-layout has-vertical-unset has-default-gap\"><div class=\"wp-block-themeisle-blocks-advanced-columns-overlay\"><\/div><div class=\"innerblocks-wrap\">\n<div id=\"wp-block-themeisle-blocks-advanced-column-40544271\" class=\"wp-block-themeisle-blocks-advanced-column\"><\/div>\n<\/div><\/div>\n","protected":false},"excerpt":{"rendered":"<p>Informe de Labores 2024 Informe de Labores 2023 Informe del&nbsp;an\u00e1lisis de la pol\u00edtica p\u00fablica de juventud 2020-2022 Informes del Observatorio Pol\u00edtico Electoral Juvenil Informe del Observatorio Pol\u00edtico Electoral Juvenil 2018 Informe del Observatorio Pol\u00edtico Electoral Juvenil 2016 Informe del Observatorio Pol\u00edtico Electoral Juvenil 2014 Informe del Observatorio Pol\u00edtico Electoral Juvenil [&hellip;]<\/p>\n","protected":false},"author":1,"featured_media":0,"parent":0,"menu_order":0,"comment_status":"closed","ping_status":"closed","template":"","meta":{"ngg_post_thumbnail":0,"_themeisle_gutenberg_block_has_review":false,"footnotes":""},"class_list":["post-3373","page","type-page","status-publish","hentry"],"_links":{"self":[{"href":"https:\/\/investiga.uned.ac.cr\/agendajoven\/wp-json\/wp\/v2\/pages\/3373","targetHints":{"allow":["GET"]}}],"collection":[{"href":"https:\/\/investiga.uned.ac.cr\/agendajoven\/wp-json\/wp\/v2\/pages"}],"about":[{"href":"https:\/\/investiga.uned.ac.cr\/agendajoven\/wp-json\/wp\/v2\/types\/page"}],"author":[{"embeddable":true,"href":"https:\/\/investiga.uned.ac.cr\/agendajoven\/wp-json\/wp\/v2\/users\/1"}],"replies":[{"embeddable":true,"href":"https:\/\/investiga.uned.ac.cr\/agendajoven\/wp-json\/wp\/v2\/comments?post=3373"}],"version-history":[{"count":1,"href":"https:\/\/investiga.uned.ac.cr\/agendajoven\/wp-json\/wp\/v2\/pages\/3373\/revisions"}],"predecessor-version":[{"id":9582,"href":"https:\/\/investiga.uned.ac.cr\/agendajoven\/wp-json\/wp\/v2\/pages\/3373\/revisions\/9582"}],"wp:attachment":[{"href":"https:\/\/investiga.uned.ac.cr\/agendajoven\/wp-json\/wp\/v2\/media?parent=3373"}],"curies":[{"name":"wp","href":"https:\/\/api.w.org\/{rel}","templated":true}]}}