{"id":3341,"date":"2024-09-30T17:14:39","date_gmt":"2024-09-30T23:14:39","guid":{"rendered":"https:\/\/investiga.uned.ac.cr\/agendajoven\/?page_id=3341"},"modified":"2024-09-30T17:14:39","modified_gmt":"2024-09-30T23:14:39","slug":"el-miedo-acecha-al-territorio-un-libro-de-miscelanea-thom-yorke-y-stanley-donwood-copia","status":"publish","type":"page","link":"https:\/\/investiga.uned.ac.cr\/agendajoven\/el-miedo-acecha-al-territorio-un-libro-de-miscelanea-thom-yorke-y-stanley-donwood-copia\/","title":{"rendered":"\u00a1El miedo acecha al territorio! Un libro de miscel\u00e1nea &#8211; Thom Yorke y Stanley Donwood"},"content":{"rendered":"\n<div style=\"text-align: center\">\n<img decoding=\"async\" src=\"https:\/\/investiga.uned.ac.cr\/agendajoven\/wp-content\/uploads\/sites\/16\/2024\/07\/miedoacechamedd.jpg\" \/>\n<\/div>\n\n\n\n<p><strong>Libro:<\/strong> \u00a1El miedo acecha al territorio! Un libro de miscel\u00e1nea.<br \/><strong>Autor:<\/strong> Thom Yorke y Stanley Donwood<br \/><strong>A\u00f1o original de publicaci\u00f3n:<\/strong> 2022<br \/><strong>Editorial:<\/strong> Editorial Sexto Piso<br \/><strong>Rese\u00f1ado por:<\/strong> Fernando Obando Reyes<br \/><strong>Palabras clave:<\/strong> m\u00fasica, arte conceptual, Radiohead, modernidad.<br \/><strong>Cita del libro: <\/strong>Yorke, T. y Downwood. S. (2022) <em>\u00a1El miedo acecha al territorio! Un libro de miscel\u00e1nea.<\/em> Editorial Sexto Piso.<\/p>\n\n\n\n<p><strong><em>La vida contempor\u00e1nea como pesadilla infinita: una rese\u00f1a sobre las exc\u00e9ntricas divagaciones de Thom Yorke y Stanley Donwood<\/em><\/strong><\/p>\n\n\n\n<p class=\"has-text-align-right\"><em>\u201cEveryone around here<\/em><br \/><em>Eveyone has got the fear<\/em><br \/><em>Is holding on\u201d<\/em><\/p>\n\n\n\n<p class=\"has-text-align-right\"><em>\u201cTodo el mundo por aqu\u00ed<\/em><br \/><em>Todo el mundo tiene el miedo<\/em><br \/><em>Est\u00e1 resistiendo.\u201d<\/em><\/p>\n\n\n\n<p class=\"has-text-align-right\"><em>The National Anthem \u2013 Radiohead. <\/em><em>\u00c1lbum: Kid A (2000)<\/em><\/p>\n\n\n\n<p>Quienes nos acercamos desde las ciencias sociales a la m\u00fasica solemos andar en una b\u00fasqueda constante de textos que nos permitan comprender los complejos factores materiales y humanos que se entrelazan con las manifestaciones sonoras. Buscamos insumos desde la antropolog\u00eda, sociolog\u00eda, comunicaci\u00f3n, psicolog\u00eda, historia del arte y muchos otros campos disciplinares para acercarnos a una esfera de la vida marcada por los ritmos y los sentimientos.<\/p>\n\n\n\n<p>Lo anterior es un gran ejercicio pero, el asunto es que a veces los escritos acad\u00e9micos se quedan cortos para expresar todas las inquietudes y sentimientos que acarrean algunas experiencias musicales. Es ah\u00ed donde se hace necesaria una exploraci\u00f3n por otras vertientes. Afortunadamente, la escritura no es un ejercicio ajeno al mundo de las personas m\u00fasicas, y muchas veces contamos con la suerte de presenciar experimentos textuales que expanden sus obras. Uno de estos casos se encuentra en el libro <em>\u00a1El miedo acecha el territorio!<\/em> de Thom Yorke y Stanley Donwood.<\/p>\n\n\n\n<p>Quiz\u00e1s reconocen los nombres de los autores debido a su relaci\u00f3n con la famosa banda inglesa Radiohead, formada en 1985 en Abingdon, Oxfordshire. Thom Yorke es el vocalista principal (y multiinstrumentalista) de la banda. Tambi\u00e9n ha formado parte de otras agrupaciones (Atoms for Peace, The Smile); desarrollado una fruct\u00edfera carrera solista; y participado en diferentes sectores del \u00e1mbito art\u00edstico (pintura, danza, <em>performance<\/em>, entre otros). Por su parte Stanley Donwood es escritor, elabor\u00f3 todo el arte de las obras de Radiohead y se ha convertido a trav\u00e9s del tiempo en un colega \u00edntimo de Yorke, con quien ha realizado varias exhibiciones en galer\u00edas de arte.<\/p>\n\n\n\n<p>La qu\u00edmica art\u00edstica del d\u00fao ha sido notoria durante varios a\u00f1os y ha generado momentos gr\u00e1ficos ic\u00f3nicos en la narrativa de la banda; sin embargo, a mi parecer es durante los \u00e1lbumes <em><a href=\"https:\/\/open.spotify.com\/intl-es\/album\/6GjwtEZcfenmOf6l18N7T7?si=Kra6eiR-SsqNH3NyT0HTBg\">Kid A<\/a> <\/em>(lanzado el 2 de octubre del 2000) y <em><a href=\"https:\/\/open.spotify.com\/intl-es\/album\/1HrMmB5useeZ0F5lHrMvl0?si=09CqqEskS_WRRgGoX-Sx_w\">Amnesiac<\/a><\/em> (estrenado el 30 de mayo de 2001) en donde se logra uno de los mejores resultados. Como prueba, en estos a\u00f1os nace el <em>Modified Bear<\/em>, un oso minimalista con dientes afilados y est\u00e9tica caricaturesca que se transformar\u00eda en la cara de mucha de la mercanc\u00eda de la agrupaci\u00f3n y que se mantiene como una referencia iconogr\u00e1fica reconocida por los fans. Basta con ir a la portada del libro para saber del curioso personaje del que estoy hablando.<\/p>\n\n\n\n<p>Es necesario aclarar que antes de estos discos (los cuales fueron lanzados con tan solo unos meses de distancia entre s\u00ed) la banda estaba apenas recuper\u00e1ndose del apabullante \u00e9xito de su \u00e1lbum anterior, <em><a href=\"https:\/\/open.spotify.com\/intl-es\/album\/6dVIqQ8qmQ5GBnJ9shOYGE?si=WaLhGN4zQZuqz8fjPE1neA\">OK Computer<\/a><\/em> (lanzado el 21 de mayo de 1997). Este disco los catapultar\u00eda a un nivel de fama sin precedentes y se convertir\u00eda en un peque\u00f1o infierno personal, el cual llev\u00f3 a la banda a una vor\u00e1gine de inestabilidad emocional registrada en el documental <em>Meeting people is easy<\/em> (1998). Hoy en d\u00eda, <em>Ok Computer<\/em> es entendido como un gran ensayo musical sobre la vida moderna y sus m\u00faltiples insatisfacciones. Aunado a esto, suele v\u00e9rsele como un disco cargado de peque\u00f1as predicciones sobre los inicios del siglo XXI, las cuales se han ido cumpliendo al pie de la letra.<\/p>\n\n\n\n<p>Ahora bien, si <em>Ok Computer<\/em> era un gran ensayo conceptual y ordenado sobre como la vida contempor\u00e1nea es una pesadilla, <em>Kid A<\/em> y <em>Amnesiac<\/em> son retazos desordenados y ca\u00f3ticos que buscan atrapar la sensaci\u00f3n de vivirla en carne propia a trav\u00e9s de un despiadado laberinto. Al momento de su lanzamiento los \u00e1lbumes causaron gran impresi\u00f3n ya que marcaban una partida clara y arriesgada del sonido rockero de la banda, para introducir fuertes elementos de electr\u00f3nica, <em>noise<\/em> y jazz. Adem\u00e1s, las letras se inspiraron en t\u00e9cnicas de construcci\u00f3n de textos dada\u00edstas y en historias tenebrosas llenas de referencias cripticas. Sumado a esto, se crearon cientos de piezas art\u00edsticas que acompa\u00f1aron el arte de los discos y que fueron utilizadas para crear videos promocionales surrealistas emitidos por MTV y llevados al incipiente internet de la \u00e9poca.<\/p>\n\n\n\n<p><em>\u00a1El miedo acecha el territorio!<\/em> funciona como un testimonio del momento que gener\u00f3 todo lo anterior, pues el libro recupera los faxes, notas, dibujos, listas, cartas, garabateos y letras de canciones que se enviaban Yorke y Donwood en torno al periodo de 1999 y 2000. Durante este momento Yorke lidi\u00f3 con bloqueos de escritura y los estragos emocionales que el tour del <em>Ok Computer<\/em> hab\u00eda dejado en su persona. Considero que este documento funciona como un testimonio de lucha creativa y reflexi\u00f3n ante los miedos que tra\u00eda el nuevo milenio y la participaci\u00f3n en la problem\u00e1tica industria musical.<\/p>\n\n\n\n<p>El libro tiene una estructura poco convencional, pues no contiene ning\u00fan cap\u00edtulo. M\u00e1s bien nos otorga 55 textos cortos, los cuales pueden ser poes\u00edas, una oraci\u00f3n, peque\u00f1os ensayos reflexivos, microrrelatos, o simplemente textos surrealistas carentes de un sentido claro. De manera intercalada se encuentran dibujos, garabateos, bocetos, collages y otros insumos gr\u00e1ficos que suelen mantener una est\u00e9tica grotesca en algunos casos y caricaturesca en otros. Finalmente, el libro incluye 2 ap\u00e9ndices: una larga lista de \u201ccosas\u201d y las letras de las canciones de <em>Kid A<\/em>. Todo lo anterior da un gran dinamismo al libro y ayuda a ilustrar ampliamente el aura l\u00fagubre que empapa las obras musicales de este periodo de Radiohead.<\/p>\n\n\n\n<p>Como lo mencion\u00e9 anteriormente, los escritos son variados y por lo general muestra un tono t\u00e9trico o surrealista: se encuentran constantes referencias a la tecnolog\u00eda, la muerte, el miedo, las pesadillas, robots, el mercado, el calentamiento global, el dinero, las corporaciones, bombas, pol\u00edticos, genocidios, fantasmas, guerras, mutilaciones y much\u00edsimos otros males de la vida contempor\u00e1nea. A lo largo del libro tambi\u00e9n encontramos m\u00faltiples ilustraciones de seres humanos con rostros exagerados y desfigurados que son acompa\u00f1ados de animales deformes y agresivos. Al parecer esta es una fauna muy apropiada para el mundo asfixiante que imaginan Yorke y Donwood, el cual se zambulle en reuniones empresariales y actividades triviales que lentamente van drenando al ser humano de la capacidad de disfrutar la vida moderna.<\/p>\n\n\n\n<p>Me parece curioso que a pesar de la marcada irreverencia y caos que predominaba en las comunicaciones de los autores, hay momentos en donde nos dejan ver una lectura bastante l\u00facida del momento pol\u00edtico que afrontaban pa\u00edses como Estados Unidos e Inglaterra a principios de este siglo. En ocasiones Yorke y Donwood hacen cr\u00edticas incisivas al capitalismo y al discurso pol\u00edtico neoliberal predominante de la \u00e9poca; elementos que retratan como males evidentes y culpables de la miseria del ser humano contempor\u00e1neo.<\/p>\n\n\n\n<p>Para las personas que son fan\u00e1ticas de Radiohead, este libro resulta una parada obligatoria. Aqu\u00ed encontrar\u00e1n un mont\u00f3n de secretos, referencias y anotaciones que har\u00e1n la escucha de <em>Kid A<\/em> y <em>Amnesiac<\/em> mucho m\u00e1s emocionante. Para quienes no conocen la banda pero disfrutan los libros sobre m\u00fasica, este texto puede ser una sorpresa bastante reconfortante o un desorden completo. La obra, como todo Radiohead, es opulente, compleja, contradictoria y retadora. Quienes necesitan un poco de orden, quiz\u00e1s sentir\u00e1n una dosis de anarqu\u00eda demasiado grande. Por otro lado, me atrevo a decir que quienes vivimos en constante desorden encontraremos diversi\u00f3n en los brincos irreverentes del texto y en las descargas de emotividad (un tanto melodram\u00e1ticas pero) crudas y honestas.<\/p>\n\n\n\n<p>Antes de cerrar este escrito, confieso que este libro es un gran registro de un momento ic\u00f3nico de la banda pero que al mismo tiempo nos recuerda que ese Radiohead propositivo y arriesgado es una reliquia irrepetible del pasado. A m\u00ed juicio, solo ha brillado de manera similar durante la \u00e9poca del \u00e1lbum<em> In Rainbows<\/em> (2007). Al mismo tiempo, el libro nos recuerda una \u00e9poca de ingenio y cr\u00edtica pol\u00edtica brillante de Yorke que ha quedado sepultada por su indiferencia y su m\u00fasica autoindulgente en los \u00faltimos a\u00f1os. Como ejemplo de esto, el artista se ha mostrado bastante hostil al ser interpelado por los conciertos de Radiohead en Israel y su falta de posicionamiento ante el genocidio palestino; cuesti\u00f3n que ha sido reprochada por su coterr\u00e1neo Roger Waters. La voz pol\u00edtica que una vez cargo el m\u00fasico se ha desvanecido y se ha convertido en silencio o en el \u201cmejor\u201d de los casos, en respuestas esquivas con <a href=\"https:\/\/pitchfork.com\/news\/thom-yorke-on-radiohead-israel-concert-we-dont-support-netanyahu-any-more-than-trump\/\">argumentaciones perezosas<\/a>.<\/p>\n\n\n\n<p>Tal vez es mejor concentrarnos en los a\u00f1os que intenta dibujar <em>\u00a1El miedo acecha el territorio!<\/em> A veces es necesario admitir que no todas las etapas de un artista son gloriosas y que unas brillan m\u00e1s que otras. Cuando el proceso es tan agresivo y ca\u00f3tico, la paradoja siempre puede ser un punto de llegada. Quiz\u00e1s Donwood y Yorke subestimaron el poder del miedo, y ahora son las presas de la asfixiante distopia moderna que describieron a principios de este siglo. Escapar es imposible. Los autores se convierten en los extra\u00f1os seres que alguna vez les acecharon en sus pesadillas.<\/p>\n\n\n\n<div class=\"wp-block-themeisle-blocks-advanced-columns has-1-columns has-desktop-equal-layout has-tablet-equal-layout has-mobile-equal-layout has-default-gap has-vertical-unset\" id=\"wp-block-themeisle-blocks-advanced-columns-3adf4603\"><div class=\"wp-block-themeisle-blocks-advanced-columns-overlay\"><\/div><div class=\"innerblocks-wrap\">\n<div class=\"wp-block-themeisle-blocks-advanced-column\" id=\"wp-block-themeisle-blocks-advanced-column-df1cc52e\"><\/div>\n<\/div><\/div>\n","protected":false},"excerpt":{"rendered":"<p>Libro: \u00a1El miedo acecha al territorio! Un libro de miscel\u00e1nea.Autor: Thom Yorke y Stanley DonwoodA\u00f1o original de publicaci\u00f3n: 2022Editorial: Editorial Sexto PisoRese\u00f1ado por: Fernando Obando ReyesPalabras clave: m\u00fasica, arte conceptual, Radiohead, modernidad.Cita del libro: Yorke, T. y Downwood. S. (2022) \u00a1El miedo acecha al territorio! Un libro de miscel\u00e1nea. Editorial [&hellip;]<\/p>\n","protected":false},"author":1,"featured_media":3304,"parent":0,"menu_order":0,"comment_status":"closed","ping_status":"closed","template":"","meta":{"ngg_post_thumbnail":0,"_themeisle_gutenberg_block_has_review":false,"footnotes":""},"class_list":["post-3341","page","type-page","status-publish","has-post-thumbnail","hentry"],"_links":{"self":[{"href":"https:\/\/investiga.uned.ac.cr\/agendajoven\/wp-json\/wp\/v2\/pages\/3341","targetHints":{"allow":["GET"]}}],"collection":[{"href":"https:\/\/investiga.uned.ac.cr\/agendajoven\/wp-json\/wp\/v2\/pages"}],"about":[{"href":"https:\/\/investiga.uned.ac.cr\/agendajoven\/wp-json\/wp\/v2\/types\/page"}],"author":[{"embeddable":true,"href":"https:\/\/investiga.uned.ac.cr\/agendajoven\/wp-json\/wp\/v2\/users\/1"}],"replies":[{"embeddable":true,"href":"https:\/\/investiga.uned.ac.cr\/agendajoven\/wp-json\/wp\/v2\/comments?post=3341"}],"version-history":[{"count":0,"href":"https:\/\/investiga.uned.ac.cr\/agendajoven\/wp-json\/wp\/v2\/pages\/3341\/revisions"}],"wp:featuredmedia":[{"embeddable":true,"href":"https:\/\/investiga.uned.ac.cr\/agendajoven\/wp-json\/"}],"wp:attachment":[{"href":"https:\/\/investiga.uned.ac.cr\/agendajoven\/wp-json\/wp\/v2\/media?parent=3341"}],"curies":[{"name":"wp","href":"https:\/\/api.w.org\/{rel}","templated":true}]}}