{"id":3315,"date":"2024-08-06T01:35:28","date_gmt":"2024-08-06T07:35:28","guid":{"rendered":"https:\/\/investiga.uned.ac.cr\/agendajoven\/?page_id=3315"},"modified":"2024-08-06T01:35:28","modified_gmt":"2024-08-06T07:35:28","slug":"del-like-al-voto-como-las-redes-sociales-estan-redefiniendo-la-politica-en-el-siglo-xxi-ignacio-siles-gonzalez-carolina-carazo-barrantes-y-larissa-tristan-jimenez-eds","status":"publish","type":"page","link":"https:\/\/investiga.uned.ac.cr\/agendajoven\/del-like-al-voto-como-las-redes-sociales-estan-redefiniendo-la-politica-en-el-siglo-xxi-ignacio-siles-gonzalez-carolina-carazo-barrantes-y-larissa-tristan-jimenez-eds\/","title":{"rendered":"Del Like al Voto: Comunicaci\u00f3n digital en las elecciones de Costa Rica 2022 &#8211; \u00a0Ignacio Siles Gonz\u00e1lez, Carolina Carazo Barrantes y Larissa Trist\u00e1n Jim\u00e9nez (Eds.)"},"content":{"rendered":"\n<div style=\"text-align: center\">\n<img decoding=\"async\" src=\"https:\/\/investiga.uned.ac.cr\/agendajoven\/wp-content\/uploads\/sites\/16\/2024\/08\/Like2.png\" \/>\n<\/div>\n\n\n\n<p><strong>Libro<\/strong>: Del Like al Voto: Comunicaci\u00f3n digital en las elecciones de Costa Rica 2022.<br \/><strong>Editores:<\/strong> Ignacio Siles Gonz\u00e1lez, Carolina Carazo Barrantes, Larissa Trist\u00e1n Jim\u00e9nez<br \/><strong>A\u00f1o original de publicaci\u00f3n: <\/strong>2024<br \/><strong>Coordinaci\u00f3n Editorial:<\/strong> Centro de Investigaciones en Comunicaci\u00f3n (CICOM), Universidad de Costa Rica <br \/><strong>Rese\u00f1ado por: <\/strong>Argentina Artavia Medran<strong>o <\/strong><br \/><strong>Palabras clave: <\/strong>democracia, comunicaci\u00f3n pol\u00edtica, redes sociales, desinformaci\u00f3n, polarizaci\u00f3n.<br \/><strong>Citaci\u00f3n del libro: <\/strong>Siles Gonz\u00e1lez, I., Carazo Barrantes, C., Trist\u00e1n Jim\u00e9nez, L. (2024). <em>Del like al voto: Comunicaci\u00f3n digital en las elecciones de Costa Rica 2022<\/em>. Centro de Investigaci\u00f3n en Comunicaci\u00f3n (CICOM).<\/p>\n\n\n\n<p>El Centro de Investigaci\u00f3n en Comunicaci\u00f3n (CICOM) de la Universidad de Costa Rica, ha venido desarrollando una serie de investigaciones sobre comunicaci\u00f3n pol\u00edtica y procesos electorales, como parte de esa contribuci\u00f3n al conocimiento que las universidades p\u00fablicas realizan. Uno de los \u00faltimos libros publicados, &#8220;Del Like al Voto: Comunicaci\u00f3n digital en las elecciones de Costa Rica 2022&#8221;, ofrece un an\u00e1lisis actualizado sobre la influencia de las redes sociales en la pol\u00edtica contempor\u00e1nea y es una importante referencia para entender c\u00f3mo plataformas digitales han transformado no solo las estrategias de comunicaci\u00f3n pol\u00edtica, sino tambi\u00e9n la participaci\u00f3n ciudadana y el comportamiento electoral.<\/p>\n\n\n\n<p>Como proyecto de investigaci\u00f3n, \u201cDel like al voto\u201d busca dar continuidad a esfuerzos previos destinados a entender las implicaciones de las plataformas digitales en procesos electorales en Costa Rica y que se pueden identificar estabilidades y cambios de la comunicaci\u00f3n electoral.<\/p>\n\n\n\n<p>Uno de los aspectos m\u00e1s relevantes del libro es que el an\u00e1lisis parte de un proceso interdisciplinario, tomando en cuenta que \u201cun fen\u00f3meno tan complejo como lo es la comunicaci\u00f3n digital en el marco de un proceso electoral\u201d no puede analizarse de otra manera. De acuerdo con las personas autoras, el texto es el resultado del trabajo de investigaci\u00f3n de personas de distintas unidades acad\u00e9micas y de distintas universidades, lo que implica un aporte muy valioso en perspectivas y aportes.<\/p>\n\n\n\n<p>El libro est\u00e1 organizado en diez cap\u00edtulos, en los cuales se presentan estudios de caso, datos emp\u00edricos y teor\u00edas acad\u00e9micas, para poder mostrar el v\u00ednculo entre la interacci\u00f3n digital y las pr\u00e1cticas pol\u00edticas durante las elecciones presidenciales de 2022 en Costa Rica.<\/p>\n\n\n\n<ol class=\"wp-block-list\">\n<li>La dimensi\u00f3n program\u00e1tica de la comunicaci\u00f3n pol\u00edtica en Twitter: el caso de las elecciones nacionales del 2022 en Costa Rica. Ximena Alvarenga Fournier, Laura C. Reyes-Restrepo y Ronald S\u00e1enz Leandro.<\/li>\n\n\n\n<li>C\u00f3mo el acoso sexual se convirti\u00f3 en la \u201cprensa canalla\u201d: eventos medi\u00e1ticos, populismo y redes sociales en la elecci\u00f3n presidencial del 2022. Mar\u00eda Fernanda Salas Jim\u00e9nez e Ignacio Siles Gonz\u00e1lez.<\/li>\n\n\n\n<li>Lanzando redes al voto joven: Las propuestas pol\u00edticas y comunicativas dirigidas al electorado joven en las elecciones 2022 en Costa Rica. Larissa Trist\u00e1n Jim\u00e9nez y Mariel Carvajal Molinero.<\/li>\n\n\n\n<li>La moralizaci\u00f3n de la pol\u00edtica: el fanatismo de la certeza. Laura \u00c1lvarez Garro<\/li>\n\n\n\n<li>El necesario y oportuno desarrollo de la investigaci\u00f3n del espacio pol\u00edtico digital en Costa Rica. Gustavo Araya Mart\u00ednez<\/li>\n\n\n\n<li>Resultados electorales y redes sociales: una relaci\u00f3n impredecible. Andr\u00e9s Segura Castillo, Adriana C\u00e9spedes Vindas, Brayan Rodr\u00edguez Delgado, Felipe Castillo Guill\u00e9n<\/li>\n\n\n\n<li>Comunicaci\u00f3n ciudadana en la campa\u00f1a presidencial 2022: el caso de grupos de WhatsApp. Carolina Carazo Barrantes, Pablo Mes\u00e9n Vargas, Camila Z\u00fa\u00f1iga Picado, Kevin Granados S\u00e1nchez<\/li>\n\n\n\n<li>Patrones de comportamiento electoral cantonal: hallazgos del an\u00e1lisis de la primera y segunda ronda de elecciones. Andr\u00e9s Segura Castillo, Adriana C\u00e9spedes Vindas, Brayan Rodr\u00edguez Delgado, Felipe Castillo Guill\u00e9n<\/li>\n\n\n\n<li>Comparaci\u00f3n de las elecciones presidenciales de Colombia, Costa Rica y Brasil (2018 y 2022). \u00c9rica Guevara<\/li>\n\n\n\n<li>Algunas acotaciones acerca de las dimensiones materiales de los entornos virtuales de la comunicaci\u00f3n pol\u00edtica. Carlos Sandoval Garc\u00eda<\/li>\n<\/ol>\n\n\n\n<p>Cada uno de los cap\u00edtulos analiza distintas facetas y dimensiones de la comunicaci\u00f3n pol\u00edtica, las estrategias y herramientas utilizadas por las personas candidatas y sus partidos pol\u00edticos en las elecciones nacionales del 2022 en Costa Rica; presentan evidencias y hallazgos relevantes, para poder analizar con rigurosidad los procesos electorales y la comunicaci\u00f3n:<\/p>\n\n\n\n<p class=\"has-text-align-right\"><em>\u201cLa elecci\u00f3n presidencial costarricense de 2022 marc\u00f3 un hito al reflejar de manera v\u00edvida la transici\u00f3n hacia una forma de hacer pol\u00edtica definida por lo viral. \u201cDel like al voto\u201d arroja luz sobre las complejas din\u00e1micas de comunicaci\u00f3n que moldearon las elecciones presidenciales de 2022 en Costa Rica en un contexto marcado por el uso creciente de plataformas digitales de comunicaci\u00f3n\u201d.<\/em><\/p>\n\n\n\n<p>Dentro de los hallazgos, las personas autoras comprobaron la existencia de \u201cuna dimensi\u00f3n program\u00e1tica dentro de la actividad de las candidaturas en la plataforma que se articula no solo con los planes de gobierno, sino tambi\u00e9n con elementos coyunturales de la campa\u00f1a como los debates y que permite evidenciar c\u00f3mo la comunicaci\u00f3n de contenidos program\u00e1ticos ha trascendido los medios tradicionales y ha llegado a las redes sociales\u201d.<\/p>\n\n\n\n<p>Pero tambi\u00e9n, el libro dedica un espacio a factores relevantes de analizar y su impacto en la convivencia democr\u00e1tica. En el cap\u00edtulo dos, por ejemplo, titulado \u201cC\u00f3mo el acoso sexual se convirti\u00f3 en la \u201cprensa canalla\u201d: eventos medi\u00e1ticos, populismo y redes sociales en la elecci\u00f3n presidencial del 2022\u201d, Mar\u00eda Fernanda Salas Jim\u00e9nez e Ignacio Siles se concentran en las intersecciones entre populismo, eventos medi\u00e1ticos y redes sociales; analizan los contenidos de las publicaciones en Facebook de siete de los candidatos, a partir de categor\u00edas e indicadores de discurso populista que se han utilizado en Am\u00e9rica Latina; analizan adem\u00e1s la evoluci\u00f3n de la narrativa de la acusaci\u00f3n de acoso sexual contra el entonces candidato Rodrigo Chaves en la primera parte de su campa\u00f1a hasta lograr \u201ctomar el control\u201d y contraatacar a la prensa con el adjetivo de \u201cprensa canalla\u201d.<\/p>\n\n\n\n<p>De particular importancia es se\u00f1alar que parte de los retos del estudio es que durante el 2023, Twitter cambi\u00f3 su nombre a X, sin embargo, en el texto se mantuvo su nombre original, para \u201cmantener la coherencia hist\u00f3rica y contextual con el per\u00edodo espec\u00edfico de las elecciones mencionadas\u201d.<\/p>\n\n\n\n<p>En el libro tambi\u00e9n se destaca c\u00f3mo estas plataformas han cambiado la din\u00e1mica de la comunicaci\u00f3n pol\u00edtica, permitiendo a las candidaturas y partidos pol\u00edticos llegar a las personas votantes de manera m\u00e1s directa y personalizada.<\/p>\n\n\n\n<p class=\"has-text-align-right\"><em>\u201clos equipos de comunicaci\u00f3n de cada candidatura buscaron \u201cviralizarse\u201d en un sentido distinto: crear productos de comunicaci\u00f3n que pudieran expandirse r\u00e1pidamente mediante plataformas digitales y alcanzar a muchas personas (Nahon &amp; Hemsley, 2013). Quiz\u00e1 m\u00e1s que en cualquier otra elecci\u00f3n presidencial, la campa\u00f1a se vivi\u00f3 y desarroll\u00f3 en buena medida en plataformas digitales\u201d<\/em>.<\/p>\n\n\n\n<p>Tambi\u00e9n se se\u00f1ala el aumento de la polarizaci\u00f3n y la creaci\u00f3n de c\u00e1maras de eco como efectos secundarios preocupantes de esta nueva forma de comunicaci\u00f3n. El cap\u00edtulo 7 explora los usos que la ciudadan\u00eda hizo de WhatsApp durante el proceso electoral. Los resultados evidencian c\u00f3mo la herramienta facilita acceso a informaci\u00f3n que, para la ciudadan\u00eda, tiene el valor agregado de ser informaci\u00f3n validada y curada por otras personas en quienes conf\u00edan, como familiares o amistades. Sin embargo, otras investigaciones recientes (como la de mercenarios digitales) mostraron el uso de un sofisticado bot para hacerles creer a m\u00e1s de 600.000 personas, que conversaban directamente con el candidato Rodrigo Chaves.&nbsp; Las interrogantes son muchas, en medio de un fuerte clima de polarizaci\u00f3n y confrontaci\u00f3n: \u00bfen qu\u00e9 o qui\u00e9nes podemos confiar?<\/p>\n\n\n\n<p>Adicionalmente, la ausencia de temas que \u201cvertebraran\u201d el debate electoral; una campa\u00f1a electoral que \u201cpodr\u00eda perfectamente relatarse como la suma de momentos \u201cvirales\u201d gestados desde los comandos de campa\u00f1a y desde las trincheras ciudadanas\u201d, la \u201cfalta de consenso sobre temas de inter\u00e9s nacional, as\u00ed como en la dificultad para intercambiar puntos de vista a trav\u00e9s del di\u00e1logo\u201d, nos lleva a preguntarnos si la viralizaci\u00f3n de mensajes \u201cno producidos\u201d por los comandos de campa\u00f1a, pudieron servir para desviar la atenci\u00f3n y la discusi\u00f3n de lo realmente importante, o sea, para no debatir propuestas.<\/p>\n\n\n\n<p>\u201cDel Like al Voto: Comunicaci\u00f3n digital en las elecciones de Costa Rica 2022&#8243; es una obra esencial para comprender la compleja intersecci\u00f3n entre redes sociales y pol\u00edtica; no solo ofrece una visi\u00f3n cr\u00edtica de c\u00f3mo las redes sociales han cambiado la din\u00e1mica pol\u00edtica, sino que tambi\u00e9n plantea cuestiones importantes sobre el futuro de la participaci\u00f3n democr\u00e1tica en un mundo cada vez m\u00e1s digitalizado.<\/p>\n\n\n\n<p>El libro pone en evidencia c\u00f3mo las redes pueden influir en la motivaci\u00f3n de las personas usuarias para participar en actividades pol\u00edticas, como el activismo o el voto, tomando en consideraci\u00f3n tambi\u00e9n que la percepci\u00f3n p\u00fablica puede cambiar r\u00e1pidamente debido a las noticias virales y los eventos inesperados. El impacto de las redes puede verse tambi\u00e9n en c\u00f3mo la desinformaci\u00f3n o los discursos y mensajes de odio pueden generar riesgos para la convivencia democr\u00e1tica y por supuesto, c\u00f3mo las narrativas y contenidos violentos se ven amplificados en las plataformas sociales, afectando la calidad del debate pol\u00edtico.<\/p>\n\n\n\n<p>El libro puede ser consultado en el siguiente enlace: <a href=\"https:\/\/www.kerwa.ucr.ac.cr\/server\/api\/core\/bitstreams\/09f61fd3-c795-403f-87de-3ab5a6489807\/content\">https:\/\/www.kerwa.ucr.ac.cr\/server\/api\/core\/bitstreams\/09f61fd3-c795-403f-87de-3ab5a6489807\/content<\/a><\/p>\n","protected":false},"excerpt":{"rendered":"<p>Libro: Del Like al Voto: Comunicaci\u00f3n digital en las elecciones de Costa Rica 2022.Editores: Ignacio Siles Gonz\u00e1lez, Carolina Carazo Barrantes, Larissa Trist\u00e1n Jim\u00e9nezA\u00f1o original de publicaci\u00f3n: 2024Coordinaci\u00f3n Editorial: Centro de Investigaciones en Comunicaci\u00f3n (CICOM), Universidad de Costa Rica Rese\u00f1ado por: Argentina Artavia Medrano Palabras clave: democracia, comunicaci\u00f3n pol\u00edtica, redes sociales, [&hellip;]<\/p>\n","protected":false},"author":1,"featured_media":2766,"parent":0,"menu_order":0,"comment_status":"closed","ping_status":"closed","template":"","meta":{"ngg_post_thumbnail":0,"_themeisle_gutenberg_block_has_review":false,"footnotes":""},"class_list":["post-3315","page","type-page","status-publish","has-post-thumbnail","hentry"],"_links":{"self":[{"href":"https:\/\/investiga.uned.ac.cr\/agendajoven\/wp-json\/wp\/v2\/pages\/3315","targetHints":{"allow":["GET"]}}],"collection":[{"href":"https:\/\/investiga.uned.ac.cr\/agendajoven\/wp-json\/wp\/v2\/pages"}],"about":[{"href":"https:\/\/investiga.uned.ac.cr\/agendajoven\/wp-json\/wp\/v2\/types\/page"}],"author":[{"embeddable":true,"href":"https:\/\/investiga.uned.ac.cr\/agendajoven\/wp-json\/wp\/v2\/users\/1"}],"replies":[{"embeddable":true,"href":"https:\/\/investiga.uned.ac.cr\/agendajoven\/wp-json\/wp\/v2\/comments?post=3315"}],"version-history":[{"count":0,"href":"https:\/\/investiga.uned.ac.cr\/agendajoven\/wp-json\/wp\/v2\/pages\/3315\/revisions"}],"wp:featuredmedia":[{"embeddable":true,"href":"https:\/\/investiga.uned.ac.cr\/agendajoven\/wp-json\/"}],"wp:attachment":[{"href":"https:\/\/investiga.uned.ac.cr\/agendajoven\/wp-json\/wp\/v2\/media?parent=3315"}],"curies":[{"name":"wp","href":"https:\/\/api.w.org\/{rel}","templated":true}]}}