{"id":2947,"date":"2023-08-22T18:09:35","date_gmt":"2023-08-23T00:09:35","guid":{"rendered":"https:\/\/investiga.uned.ac.cr\/agendajoven\/?page_id=2947"},"modified":"2023-08-22T18:09:35","modified_gmt":"2023-08-23T00:09:35","slug":"el-dieciocho-brumario-de-luis-bonaparte-karl-marx","status":"publish","type":"page","link":"https:\/\/investiga.uned.ac.cr\/agendajoven\/el-dieciocho-brumario-de-luis-bonaparte-karl-marx\/","title":{"rendered":"El dieciocho Brumario de Luis Bonaparte &#8211; Karl Marx"},"content":{"rendered":"\n<div class=\"wp-block-image\"><figure class=\"aligncenter size-full is-resized\"><a href=\"https:\/\/investiga.uned.ac.cr\/agendajoven\/wp-content\/uploads\/sites\/16\/2023\/08\/81wb8ZaSmML._AC_UF8941000_QL80_.jpg\"><img fetchpriority=\"high\" decoding=\"async\" src=\"https:\/\/investiga.uned.ac.cr\/agendajoven\/wp-content\/uploads\/sites\/16\/2023\/08\/81wb8ZaSmML._AC_UF8941000_QL80_.jpg\" alt=\"\" class=\"wp-image-2944\" width=\"315\" height=\"500\" \/><\/a><\/figure><\/div>\n\n\n\n<p><strong>Libro:<\/strong> El dieciocho Brumario de Luis Bonaparte.<strong>&nbsp;<\/strong><br \/><strong>Autor:<\/strong> Karl Marx<br \/><strong>A\u00f1o original de publicaci\u00f3n:<\/strong> 1852<br \/><strong>Editorial:<\/strong> Alianza Editorial<br \/><strong>Rese\u00f1ado por:<\/strong> Bryan Vargas Vargas<br \/><strong>Palabras claves:<\/strong> Ciencia pol\u00edtica, historia francesa, estado, burgues\u00eda, clase social.<br \/><strong>Citaci\u00f3n:<\/strong> Marx, K. (2009). <em>El dieciocho Brumario de Luis Bonaparte.<\/em> Madrid, Espa\u00f1a. Alianza Editorial<\/p>\n\n\n\n<p><em>El dieciocho brumario de Luis Bonaparte<\/em>, escrito por Karl Marx, es un texto cl\u00e1sico que ofrece un recorrido hist\u00f3rico-pol\u00edtico por la Francia en el periodo entre febrero de 1848 y hasta al 2 de diciembre de 1851; en este \u00faltimo momento con el hito de la ruptura entre el parlamento y el poder ejecutivo, y el ascenso mediante golpe de estado de Luis Napole\u00f3n. Derrocamiento, m\u00e1s una cr\u00f3nica de una muerte anunciada, por la forma en que Napole\u00f3n se posicion\u00f3 y como acontecieron los hechos en este corto periodo, muestra de las luchas de clases y la utilizaci\u00f3n del Estado como medio para satisfacer los intereses particulares.&nbsp;<\/p>\n\n\n\n<p>Marx explica de manera clara la importancia de entender el Estado que se disputaba entre la burocracia, que no era m\u00e1s que el medio para preparar la dominaci\u00f3n de clase de la burgues\u00eda; el instrumento de la clase dominante o para el ejercicio del poder absoluto. Por lo tanto, el contexto es una discusi\u00f3n sobre el ejercicio del poder y la figura del Estado posibilitando los intereses de las clases de ese momento.<\/p>\n\n\n\n<p>Cruz Rodriguez (2013)<a href=\"#_ftn1\">[1]<\/a> describe muy bien la coyuntura, cuando dice: \u201cla distinci\u00f3n entre poder pol\u00edtico y poder social tambi\u00e9n la encontramos en su an\u00e1lisis de la Constituci\u00f3n, pero referida expl\u00edcitamente a la lucha de clases. Aqu\u00ed el poder pol\u00edtico se refiere al dominio institucional, si se quiere, al dominio de la \u201cescena pol\u00edtica\u201d, mientras el poder social alude a la posici\u00f3n de clase en el \u00e1mbito de las relaciones de producci\u00f3n, donde se configuran los intereses que son representados en aquella\u201d.<\/p>\n\n\n\n<p>El texto brinda una gran descripci\u00f3n de la diversidad de intereses que construyen determinado orden pol\u00edtico institucional, por mencionar algunas de estas partes est\u00e1n: los terratenientes, industriales, due\u00f1os de las finanzas, ej\u00e9rcito, la academia, la prensa. Dichas partes se agrupan\/ se desagrupan, se contradicen, se pasan de bandos seg\u00fan se muevan las aguas y se trastoquen los intereses espec\u00edficos.&nbsp;<\/p>\n\n\n\n<p>Una de las contradicciones m\u00e1s claras en el texto se da entre los intereses burgueses y la estructura parlamentaria otrora defendida por esta, dice Marx que este r\u00e9gimen implica apertura, discusi\u00f3n, desorden; lo cual era incompatible con la dominaci\u00f3n y negocios jer\u00e1rquicamente establecidos. Por lo que no era de esperarse que los burgueses terminaran llamando socialistas a quienes defienden las libertades y derechos.<\/p>\n\n\n\n<p>El parlamento contra el presidente, peque\u00f1os burgueses aliados con los proletarios, sociales dem\u00f3cratas contra elites financieras entre otras combinaciones son el reacomodo de fuerzas para asegurar los intereses espec\u00edficos. Dice Marx (2003) en el cap\u00edtulo VI que Francia se encontraba entre \u201cdecidirse ahora por seguir manteniendo intacta la Constituci\u00f3n o por revisarla. Pero la revisi\u00f3n constitucional no quer\u00eda decir solamente dominaci\u00f3n de la burgues\u00eda o de la democracia peque\u00f1oburquesa, democracia o anarqu\u00eda proletaria, rep\u00fablica parlamentaria o Bonaparte, sino que quer\u00eda decir tambi\u00e9n Orle\u00e1ns o Borb\u00f3n.\u201d&nbsp;<\/p>\n\n\n\n<p>Este contexto es descrito por Cruz Rodr\u00edguez tomando como base el texto de Marx llamado <em>Las luchas de clases en Francia (1850) <\/em>como: \u201cla peque\u00f1a fracci\u00f3n republicana de la burgues\u00eda, \u00fanica capaz para proclamar la rep\u00fablica, disput\u00e1rsela al proletariado revolucionario por medio de la lucha en la calle y del r\u00e9gimen del terror y estampar en la Constituci\u00f3n los rasgos fundamentales de su ideal; y de otro, toda la masa mon\u00e1rquica de la burgues\u00eda, \u00fanica capaz para dominar en esta rep\u00fablica burguesa constituida, despojar a la Constituci\u00f3n de sus aditamentos ideol\u00f3gicos y hacer efectivas, por medio de su legislaci\u00f3n y de su administraci\u00f3n, las condiciones inexcusables para el sojuzgamiento del proletariado.\u201d&nbsp;<\/p>\n\n\n\n<p>Es en ese meollo que aparece la figura de Luis Napole\u00f3n III, presentado por Marx como una repetici\u00f3n caricaturesca de su t\u00edo Napole\u00f3n. Luis pareciera terminar sirvi\u00e9ndose del estado franc\u00e9s y sirviendo a la sociedad burguesa; Marx le describe como \u201cun caballero de industria venido de fuera y elevado sobre el pav\u00e9s por una soldadesca embriagada, a la que compr\u00f3 con aguardiente y salchich\u00f3n y a la que tiene que arrojar constantemente salchich\u00f3n.\u201d<\/p>\n\n\n\n<p>En esto es interesante la idea de Marx tomada de Hegel sobre que los grandes hechos y personajes de la historia universal aparecen dos veces, una vez como tragedia y la otra como farsa, comparando las luchas de Napole\u00f3n y las revoluciones de otros periodos (tragedias) con las acciones interesadas de Napole\u00f3n III (farsa).<\/p>\n\n\n\n<p>De fondo hay una ocupaci\u00f3n por parte de Marx por las luchas de clase que configuran, usan, disputan la institucionalidad para mantener sus intereses, Marx (2013) describe muy claro las fuertes disputas de ese momento:&nbsp;<\/p>\n\n\n\n<p>Imagin\u00e9monos ahora al burgu\u00e9s de Francia en medio de este p\u00e1nico de los negocios, con su cerebro obsesionado por el comercio, torturado, aturdido por los rumores de golpe de Estado y de restablecimiento del sufragio universal, por la lucha entre el parlamento y el poder ejecutivo, por la guerra de la Fronda de los orleanistas y los legitimistas, por las conspiraciones comunistas del Sur de Francia y las supuestas jacqueries de los departamentos del Ni\u00e8vre y del Cher, por los reclamos de los distintos candidatos a la presidencia, por las consignas chillonas de los peri\u00f3dicos, por las amenazas de los republicanos de defender con las armas en la mano la Constituci\u00f3n y el sufragio universal, por los evangelios de los h\u00e9roes emigrados in partibus, que anunciaban el fin del mundo para el segundo domingo de mayo de 1852, y comprenderemos que, en medio de esta confusi\u00f3n indecible y estrepitosa de fusi\u00f3n, revisi\u00f3n, pr\u00f3rroga de poderes, Constituci\u00f3n, conspiraci\u00f3n, coalici\u00f3n, emigraci\u00f3n, usurpaci\u00f3n y revoluci\u00f3n, el burgu\u00e9s, jadeante, gritase como loco a su rep\u00fablica parlamentaria: \u201c\u00a1Antes un final terrible que un terror sin fin!\u201c.&nbsp;<\/p>\n\n\n\n<p>A lo largo del texto se pueden distinguir en la escena pol\u00edtica los actores que asumen diferentes beneficios, discursos, t\u00e1cticas, asociaciones. Como se mencion\u00f3 anteriormente se dejan ver los campesinos, proletarios parisinos, burgueses, peque\u00f1os burgueses, elites financieras, terratenientes, industriales, entre otras que usan este escenario pol\u00edtico institucional para la lucha por los beneficios privativos. Es decir, la transformaci\u00f3n de la arquitectura del Estado franc\u00e9s mediante estrategias y maniobras, que aseguran los intereses a todas las escalas y dimensiones (econ\u00f3micas, morales, pol\u00edticas) en la que finalmente sale victoriosa una organizaci\u00f3n de un estado burgu\u00e9s.&nbsp;<\/p>\n\n\n\n<p>A modo de s\u00edntesis, las relaciones de poder en Marx al menos del texto del 18 Brumario, es la discusi\u00f3n sobre la lucha de clases, que se desarrollan en un marco institucional pol\u00edtico un poco a la deriva de los intereses de las mismas clases, y que para alcanzar los objetivos no solo buscaron el ejercicio institucional del poder, sino otros medios de coerci\u00f3n como el econ\u00f3mico o militar, pero tambi\u00e9n la negaci\u00f3n de las otras clases.&nbsp;<\/p>\n\n\n\n<hr class=\"wp-block-separator\" \/>\n\n\n\n<p><a href=\"#_ftnref1\">[1]<\/a> &nbsp;Edwin&nbsp; C., &#8220;EL PODER EN LOS AN\u00c1LISIS POL\u00cdTICOS DE MARX. UNA APROXIMACI\u00d3N ONOMASIOL\u00d3GICA-SEMASIOL\u00d3GICA.&#8221; N\u00f3madas. Critical Journal of Social and Juridical Sciences 38, no. 2 (2013): . Redalyc, <a href=\"https:\/\/www.redalyc.org\/articulo.oa?id=18128245003\">https:\/\/www.redalyc.org\/articulo.oa?id=18128245003<\/a><\/p>\n\n\n\n<div class=\"wp-block-themeisle-blocks-advanced-columns has-1-columns has-desktop-equal-layout has-tablet-equal-layout has-mobile-equal-layout has-default-gap has-vertical-unset\" id=\"wp-block-themeisle-blocks-advanced-columns-fdf08a86\"><div class=\"wp-block-themeisle-blocks-advanced-columns-overlay\"><\/div><div class=\"innerblocks-wrap\">\n<div class=\"wp-block-themeisle-blocks-advanced-column\" id=\"wp-block-themeisle-blocks-advanced-column-ddc67baf\"><\/div>\n<\/div><\/div>\n","protected":false},"excerpt":{"rendered":"<p>Libro: El dieciocho Brumario de Luis Bonaparte.&nbsp;Autor: Karl MarxA\u00f1o original de publicaci\u00f3n: 1852Editorial: Alianza EditorialRese\u00f1ado por: Bryan Vargas VargasPalabras claves: Ciencia pol\u00edtica, historia francesa, estado, burgues\u00eda, clase social.Citaci\u00f3n: Marx, K. (2009). El dieciocho Brumario de Luis Bonaparte. Madrid, Espa\u00f1a. Alianza Editorial El dieciocho brumario de Luis Bonaparte, escrito por Karl [&hellip;]<\/p>\n","protected":false},"author":1,"featured_media":2948,"parent":0,"menu_order":0,"comment_status":"closed","ping_status":"closed","template":"","meta":{"ngg_post_thumbnail":0,"_themeisle_gutenberg_block_has_review":false,"footnotes":""},"class_list":["post-2947","page","type-page","status-publish","has-post-thumbnail","hentry"],"_links":{"self":[{"href":"https:\/\/investiga.uned.ac.cr\/agendajoven\/wp-json\/wp\/v2\/pages\/2947","targetHints":{"allow":["GET"]}}],"collection":[{"href":"https:\/\/investiga.uned.ac.cr\/agendajoven\/wp-json\/wp\/v2\/pages"}],"about":[{"href":"https:\/\/investiga.uned.ac.cr\/agendajoven\/wp-json\/wp\/v2\/types\/page"}],"author":[{"embeddable":true,"href":"https:\/\/investiga.uned.ac.cr\/agendajoven\/wp-json\/wp\/v2\/users\/1"}],"replies":[{"embeddable":true,"href":"https:\/\/investiga.uned.ac.cr\/agendajoven\/wp-json\/wp\/v2\/comments?post=2947"}],"version-history":[{"count":0,"href":"https:\/\/investiga.uned.ac.cr\/agendajoven\/wp-json\/wp\/v2\/pages\/2947\/revisions"}],"wp:featuredmedia":[{"embeddable":true,"href":"https:\/\/investiga.uned.ac.cr\/agendajoven\/wp-json\/"}],"wp:attachment":[{"href":"https:\/\/investiga.uned.ac.cr\/agendajoven\/wp-json\/wp\/v2\/media?parent=2947"}],"curies":[{"name":"wp","href":"https:\/\/api.w.org\/{rel}","templated":true}]}}