{"id":2897,"date":"2023-07-20T14:58:34","date_gmt":"2023-07-20T20:58:34","guid":{"rendered":"https:\/\/investiga.uned.ac.cr\/agendajoven\/?page_id=2897"},"modified":"2025-07-28T17:35:13","modified_gmt":"2025-07-28T17:35:13","slug":"otras-iniciativas","status":"publish","type":"page","link":"https:\/\/investiga.uned.ac.cr\/agendajoven\/otras-iniciativas\/","title":{"rendered":"Otras iniciativas"},"content":{"rendered":"<div class=\"wp-block-image is-resized\">\n<figure class=\"aligncenter size-large\"><a href=\"https:\/\/investiga.uned.ac.cr\/agendajoven\/wp-content\/uploads\/sites\/16\/2023\/07\/Otras-inic-01-scaled.jpg\"><img decoding=\"async\" src=\"https:\/\/investiga.uned.ac.cr\/agendajoven\/wp-content\/uploads\/sites\/8\/2025\/07\/Otras-inic-01-1024x788.jpg\" alt=\"\"\/><\/a><\/figure><\/div>\n\n\n<div id=\"wp-block-themeisle-blocks-advanced-columns-40721c3b\" class=\"wp-block-themeisle-blocks-advanced-columns has-1-columns has-desktop-equal-layout has-tablet-equal-layout has-mobile-equal-layout has-vertical-unset has-default-gap\"><div class=\"wp-block-themeisle-blocks-advanced-columns-overlay\"><\/div><div class=\"innerblocks-wrap\">\n<div id=\"wp-block-themeisle-blocks-advanced-column-3dae4637\" class=\"wp-block-themeisle-blocks-advanced-column\">\n<p>A lo largo de los a\u00f1os el Centro Agenda Joven en Derechos y Ciudadan\u00eda de la Universidad Estatal a Distancica de Costa Rica ha realizado diversas actividades, ha trabajado con diferentes organizaciones y planteado proyectos temporales con diversos niveles de incidencia. \u00a1En este espacio recuperamos varias de estas iniciativas! A continuaci\u00f3n, podr\u00e1n encontrar enlaces a secciones itinerantes del centro, actividades especiales, contenido perteneciente a v\u00ednculos de trabajo estrat\u00e9gicos, entre otros.<\/p>\n<\/div>\n<\/div><\/div>\n\n\n\n<p class=\"has-text-align-center\"><strong><a href=\"https:\/\/investiga.uned.ac.cr\/agendajoven\/investigaciones-sobre-juventudes-desde-otras-instituciones\/\">Investigaciones sobre juventudes desde otras instituciones<\/a><\/strong><\/p>\n\n\n\n<p class=\"has-text-align-center\"><a href=\"https:\/\/www.youtube.com\/playlist?list=PLPBkc27WX2L5AnNgSySFqVQyxdhX4AnL_\"><strong>Cafetico<\/strong><\/a><\/p>\n\n\n\n<p class=\"has-text-align-center\"><a href=\"https:\/\/open.spotify.com\/user\/2aayzo9q1pwtp7lwsv7o05u71?si=1126bde06a204972&amp;nd=1&amp;dlsi=854aba7072e24fd3\"><strong>Sonidos y Ruidos J\u00f3venes<\/strong><\/a><\/p>\n\n\n\n<p class=\"has-text-align-center\"><a href=\"https:\/\/www.youtube.com\/@CentroAgendaJoven\/playlists\"><strong>Biblioteca de Playlist en YouTube<\/strong><\/a><\/p>\n\n\n\n<p class=\"has-text-align-center\"><a href=\"https:\/\/investiga.uned.ac.cr\/agendajoven\/expresiones-jovenes-2021\/\"><strong>Expresiones J\u00f3venes 2021<\/strong><\/a><\/p>\n\n\n\n<p class=\"has-text-align-center\"><a href=\"https:\/\/investiga.uned.ac.cr\/agendajoven\/ideario-la-juventud-centroamericana-en-el-contexto-del-bicentenario-de-la-independencia\/\"><strong>Ideario &#8220;Personas J\u00f3venes y Bicentenario&#8221;<\/strong><\/a><\/p>\n\n\n\n<p class=\"has-text-align-center\"><a href=\"https:\/\/investiga.uned.ac.cr\/agendajoven\/info-juventud\/\"><strong>Secci\u00f3n especial sobre Covid-19<\/strong><\/a><\/p>\n\n\n\n<p><\/p>\n","protected":false},"excerpt":{"rendered":"<p>Investigaciones sobre juventudes desde otras instituciones Cafetico Sonidos y Ruidos J\u00f3venes Biblioteca de Playlist en YouTube Expresiones J\u00f3venes 2021 Ideario &#8220;Personas J\u00f3venes y Bicentenario&#8221; Secci\u00f3n especial sobre Covid-19<\/p>\n","protected":false},"author":1,"featured_media":8285,"parent":0,"menu_order":0,"comment_status":"closed","ping_status":"closed","template":"","meta":{"ngg_post_thumbnail":0,"_themeisle_gutenberg_block_has_review":false,"footnotes":""},"class_list":["post-2897","page","type-page","status-publish","has-post-thumbnail","hentry"],"_links":{"self":[{"href":"https:\/\/investiga.uned.ac.cr\/agendajoven\/wp-json\/wp\/v2\/pages\/2897","targetHints":{"allow":["GET"]}}],"collection":[{"href":"https:\/\/investiga.uned.ac.cr\/agendajoven\/wp-json\/wp\/v2\/pages"}],"about":[{"href":"https:\/\/investiga.uned.ac.cr\/agendajoven\/wp-json\/wp\/v2\/types\/page"}],"author":[{"embeddable":true,"href":"https:\/\/investiga.uned.ac.cr\/agendajoven\/wp-json\/wp\/v2\/users\/1"}],"replies":[{"embeddable":true,"href":"https:\/\/investiga.uned.ac.cr\/agendajoven\/wp-json\/wp\/v2\/comments?post=2897"}],"version-history":[{"count":1,"href":"https:\/\/investiga.uned.ac.cr\/agendajoven\/wp-json\/wp\/v2\/pages\/2897\/revisions"}],"predecessor-version":[{"id":9581,"href":"https:\/\/investiga.uned.ac.cr\/agendajoven\/wp-json\/wp\/v2\/pages\/2897\/revisions\/9581"}],"wp:featuredmedia":[{"embeddable":true,"href":"https:\/\/investiga.uned.ac.cr\/agendajoven\/wp-json\/wp\/v2\/media\/8285"}],"wp:attachment":[{"href":"https:\/\/investiga.uned.ac.cr\/agendajoven\/wp-json\/wp\/v2\/media?parent=2897"}],"curies":[{"name":"wp","href":"https:\/\/api.w.org\/{rel}","templated":true}]}}