{"id":2844,"date":"2023-06-19T17:22:55","date_gmt":"2023-06-19T23:22:55","guid":{"rendered":"https:\/\/investiga.uned.ac.cr\/agendajoven\/?page_id=2844"},"modified":"2023-06-19T17:22:55","modified_gmt":"2023-06-19T23:22:55","slug":"generacion-liquida-transformaciones-en-la-era-3-0-zygmunt-bauman-y-thomas-leoncini","status":"publish","type":"page","link":"https:\/\/investiga.uned.ac.cr\/agendajoven\/generacion-liquida-transformaciones-en-la-era-3-0-zygmunt-bauman-y-thomas-leoncini\/","title":{"rendered":"Generaci\u00f3n l\u00edquida. Transformaciones en la era 3.0 &#8211; Zygmunt Bauman y Thomas Leoncini"},"content":{"rendered":"\n<div class=\"wp-block-image\"><figure class=\"aligncenter size-full\"><a href=\"https:\/\/investiga.uned.ac.cr\/agendajoven\/wp-content\/uploads\/sites\/16\/2023\/06\/81ByLKQ6ZnL._AC_UL600_SR600600_-1.jpg\"><img decoding=\"async\" src=\"https:\/\/investiga.uned.ac.cr\/agendajoven\/wp-content\/uploads\/sites\/16\/2023\/06\/81ByLKQ6ZnL._AC_UL600_SR600600_-1.jpg\" alt=\"\" class=\"wp-image-2846\" \/><\/a><\/figure><\/div>\n\n\n\n<p><strong>Libro:<\/strong>&nbsp;Generaci\u00f3n l\u00edquida. Transformaciones en la era 3.0<br \/><strong>Autores:<\/strong>&nbsp;Zygmunt Bauman y Thomas&nbsp; Leoncini<br \/><strong>A\u00f1o original de publicaci\u00f3n:<\/strong>&nbsp;2018<br \/><strong>Editorial:<\/strong>&nbsp;Paid\u00f3s<br \/><strong>Rese\u00f1ado por:&nbsp;<\/strong>Nora Gonz\u00e1lez Chac\u00f3n<br \/><strong>Palabras clave:<\/strong>&nbsp;juventud, transformaci\u00f3n, cultura, violencia, cuerpos<br \/><strong>Citaci\u00f3n del libro:<\/strong> Bauman, Z., Leoncini, T. (2018). <em>Generaci\u00f3n L\u00edquida. Transformaciones en la era 3.0. <\/em>Paidos.<\/p>\n\n\n\n<p><strong>Cuerpos culturales. La transformaci\u00f3n de la corporalidad<\/strong><br \/><strong>Por Nora Gonz\u00e1lez Chac\u00f3n<\/strong> &#8211; <strong>Polit\u00f3loga y abogada de la UNED, Costa Rica<\/strong><\/p>\n\n\n\n<p><strong>1. Transformaciones en la piel. Tatuajes, cirug\u00eda pl\u00e1stica y h\u00edpsteres<\/strong>.<\/p>\n\n\n\n<p>\u201cJ\u00f3venes [\u2026] es imposible no amarlos y odiarlos a la vez\u201d desafortunados primeros tres renglones escritos por&nbsp;Thomas Leoncini, quien es coautor junto a Bauman del libro <em>Generaci\u00f3n L\u00edquida<\/em>. basado en tres di\u00e1logos mutuos. En su intento por &nbsp;definir que es ser joven, se refiere a la intolerancia hacia ellos fundada en el arrepentimiento personal de la persona adulta (de \u00e9l mismo con seguridad) de no&nbsp; haber aprovechado su tiempo de joven. Es, por un lado, la&nbsp; mirada adulta interior <em>auto<\/em> afirmativa de lo que se es y tambi\u00e9n es la mirada <em>auto<\/em> frustrada por lo que no fue cuando pude serlo. Leoncini define juventud como espejo o reflejo de los deseos personales frustrados y la necesidad de autodeterminaci\u00f3n con la superaci\u00f3n de la frustraci\u00f3n.<\/p>\n\n\n\n<p>Para \u00e9l la est\u00e9tica de la juventud es donde&nbsp; se manifiesta el presente, identifica cuatro aspectos culturales contempor\u00e1neos ic\u00f3nicos: la moda, la barba, los tatuajes y la cirug\u00eda est\u00e9tica. De manera especial se\u00f1ala que hay modas que trascienden las edades como los tatuajes porque el trabajo sobre el cuerpo de esa manera implica un compromiso est\u00e9tico y pol\u00edtico perenne e irreversibles erigido sobre el derecho a la autodeterminaci\u00f3n.<\/p>\n\n\n\n<p>Para Bauman en la actualidad, el cuerpo es el lugar de transformaci\u00f3n y expresi\u00f3n m\u00e1s evidente, manifiesto y revolucionario porque asistimos a la \u201c<em>muerte de la pol\u00edtica entendida como la acci\u00f3n pol\u00edtica del ciudadano en el seno del debate p\u00fablico<\/em>\u201d (p.23). Razona que luego del S.XIX se cuestiona el concepto de comunidad entendida como espacio coercitivo de definici\u00f3n de roles sociales que mantienen el <em>statu quo<\/em>, ante la llegada del concepto de identidad que refiere a las elecciones personales aut\u00f3nomas, que pasa por los deseos, es decir por la persona. El concepto de \u201c<em>identificaci\u00f3n del yo<\/em>\u201d (p.24) como nueva forma de expresi\u00f3n identitaria, resurge con m\u00e1s&nbsp; fuerza para referir a la ruptura personal respecto de los s\u00edmbolos de identidad predominantes, lo p\u00fablico se vuelve transitorio (fuera de mi) y el cuerpo trasciende hacia lo permanente (en la persona).&nbsp; Se\u00f1ala que esta trasformaci\u00f3n y autodeterminaci\u00f3n del cuerpo pasa tambi\u00e9n por someter el cuerpo al dolor y pone lo sacrificial como un elemento de transformaci\u00f3n que se manifiesta pol\u00edticamente justamente en el cuerpo.<\/p>\n\n\n\n<p>Thomas Leoncini&nbsp; recuerda el significado cultural y de autoafirmaci\u00f3n que tienen las escarificaciones para los bafia de Camer\u00fan, y lo compara con la est\u00e9tica de belleza en occidente (cirug\u00edas y transformaci\u00f3n del cuerpo) para mostrar la humanizaci\u00f3n del ideal de belleza en la cultura dominante. \u00c9l &nbsp;define &nbsp;esta intervenci\u00f3n del cuerpo como &nbsp;autodestrucci\u00f3n o&nbsp; mutilaci\u00f3n, incluso recurre al concepto freudiano&nbsp; de \u201c<em>pulsi\u00f3n de muerte<\/em>\u201d con lo que en nuestro criterio el an\u00e1lisis cultural es confundido con procesos psicol\u00f3gicos&nbsp; y&nbsp; pierde el razonamiento de la criticidad a la cultura moderna que pueden expresar los cuerpos con problemas de \u00edndole psicol\u00f3gico personal. Ello es una contradicci\u00f3n anal\u00edtica y epistemol\u00f3gica. Bauman llama a la analog\u00eda de los tatuaje \u201cla obsesi\u00f3n por las intervenciones cosm\u00e9ticos-farmac\u00e9uticas-quir\u00fargicas (sustituyen la aut\u00e9ntica comprensi\u00f3n, profunda, por la navegaci\u00f3n (<em>surfing<\/em>)&nbsp; en internet, ambas obsesiones operan en la&nbsp; en la superficie <em>(surface<\/em>) del cuerpo, y hoy muy pocos criticar\u00e1n esa superficializaci\u00f3n.\u201d (p. 35). Es una tensi\u00f3n entre la pertenencia\/ autodefinici\u00f3n &nbsp;y moda\/corporalidad que incluye un fator de \u00e9xito\/fracaso en el proceso, el consumo <em>convierte la posibilidad en obligaci\u00f3n<\/em> y la oferta en demanda.<\/p>\n\n\n\n<p><strong>2. Transformaciones de la agresividad. Acoso escolar.<\/strong><\/p>\n\n\n\n<p>Thomas Leoncini inicia su di\u00e1logo con Bauman hablando de \u201cla naturaleza\u201d del acosador: \u00bfLos acosadores nacen si\u00e9ndolo porque el acoso forma parte de su <em>habitus<\/em>?, pero esta postura supone que hay una \u201cforma natural\u201d de ser de las personas con lo que niega a la humanidad su constituci\u00f3n como sujetos hist\u00f3rico y en relaci\u00f3n con &nbsp;su entorno. Bauman por su parte toma el concepto de Norbert Elias de 1939:&nbsp; <em>proceso de civilizaci\u00f3n<\/em> para referirse a la violencia que se ejerce hacia los excluidos&nbsp; de la sociedad civil, acent\u00faa el problema en la cultura, no en la naturaleza. Se\u00f1ala que &nbsp;ser v\u00edctima de acoso escolar es una cuesti\u00f3n de exclusi\u00f3n, es marcar o crear la diferencia que le proh\u00edbe al otro, al acosado, cuestionar, ser o intentar ser como el acosador, es cuesti\u00f3n de ejercicio del poder. &nbsp;El acoso se&nbsp; vale de mostrar insistentemente la inferioridad del otro para de esa forma afirmar la superioridad&nbsp; de la persona acosadora y su grupo, esa identidad colectiva les genera su sentido de comunidad, el nosotros, se fundamenta en el ellos, en lo que no son.<\/p>\n\n\n\n<p>Se\u00f1ala que la violencia se ha instaurado, normalizado como un espect\u00e1culo diario, sin&nbsp;ning\u00fan fin, como un pasatiempo con espectadores, de la misma manera en que sucede el acoso.<\/p>\n\n\n\n<p><strong>3. Transformaciones sexuales y amorosas. Decadencia de los tab\u00faes en la era del comercio electr\u00f3nico sentimental.<\/strong><\/p>\n\n\n\n<p>Este dialogo entre Thomas Leoncini y Zygmunt Bauman no profundiza la relaci\u00f3n de conceptos importantes sobre las transformaciones sexuales y amorosas. &nbsp;Thomas Leoncini pone un \u00e9nfasis desmedido en las relaciones sociales que se entablan desde las redes sociales con lo que frustra la posibilidad de extender el tema, incluso define a algunas personas como \u201c<em>aspirantes a suicida<\/em>\u201d (p. 81)evidentemente de manera muy estereotipada y poco emp\u00e1tico.<\/p>\n\n\n\n<p>Bauman por su parte se\u00f1ala que en el S.XXI se habita en dos mundos que conviven de forma&nbsp; simult\u00e1nea: el <em>offline <\/em>y el&nbsp; <em>online <\/em>que conforman un mundo controlado personalmente por el operador o due\u00f1o de la red social. Se\u00f1ala que estar conectado, <em>online <\/em>es una forma de salir de lo real cotidiano es decir, el mundo que la persona no puede controlar de la&nbsp; misma forma que a sus redes, Esa es una realidad que le puede generar muchas frustraciones y ha promovido el aislamiento (<em>enclosure<\/em>)&nbsp; de las personas<\/p>\n\n\n\n<p>Bauman &nbsp;se\u00f1ala que cuando se da el amor entre dos personas, a diferencia del ef\u00edmero de las redes sociales, \u00e9ste se erige sobre la promesa de amor eterno. Ante la intervenci\u00f3n de Leoncini que se\u00f1ala al deseo como un impulso de autodestrucci\u00f3n y al amor como el impulso de cuidar lo que se ama, todo ello como parte de la incertidumbre humana,&nbsp;&nbsp; Bauman responde que la incertidumbre es la p\u00e9rdida de las relaciones interpersonales las que, como p\u00e9ndulo, manejan las emociones entre el \u00e9xito y el fracaso en las relaciones amorosas: la ignorancia al no tener la capacidad de prever&nbsp; la reacci\u00f3n del otro ante mis acciones, la impotencia ante lo novedoso y la humillaci\u00f3n&nbsp; si no se cumple como se debe, porque el <em>statu quo<\/em> a su vez&nbsp; debe ser&nbsp; realizado en el cumplimiento de la plena libertad y la plena seguridad que no son posibles de lograr. Es una dial\u00e9ctica, dice Bauman, entre carencia y exceso en ambos estadios, es decir de la seguridad y la libertad, que en definitiva son los ideales sobre los que se cimienta el Estado en su forma primitiva y moderna, sin duda me recuerda a Thomas Hobbes que plantea el ejercicio de la libertad en el marco de un pacto de sumisi\u00f3n que garantice la vida por medio de la seguridad que brinda el Leviat\u00e1n a sus s\u00fabditos.<\/p>\n\n\n\n<p>En el orden de ideas anterior, esta dial\u00e9ctica, incertidumbre se expresa en las formas ambiguas de las relaciones entre sexos dice Bauman y que, para las reivindicaciones femeninas, en su opini\u00f3n, los conflictos de g\u00e9nero ahora ya no est\u00e1n mediados por las relaciones de poder como eje central del conflicto, sino por la reivindicaci\u00f3n axiol\u00f3gica, formal y pr\u00e1ctica de sus capacidades para transformar el mundo, puesto que han sido dejadas de manera exclusiva a los hombres.<\/p>\n\n\n\n<p>Para Bauman, los cambios socioculturales se producen en una <em>destrucci\u00f3n creadora<\/em> (p.92) que muestra lo ef\u00edmero de&nbsp; los productos culturales de manera que cada hallazgo es susceptible de destrucci\u00f3n y transgresi\u00f3n.<\/p>\n\n\n\n<p>Finalmente, no puedo dejar de referenciar las dos&nbsp; pel\u00edculas de Michael Haneke que cita&nbsp; Bauman: <em>C\u00f3digo desconocido<\/em> (2000).&nbsp; <a href=\"https:\/\/ok.ru\/video\/2330261064253\">https:\/\/ok.ru\/video\/2330261064253<\/a>&nbsp; y la pel\u00edcula <em>Amor<\/em>. (2012) <a href=\"https:\/\/ok.ru\/video\/2761221343768\">https:\/\/ok.ru\/video\/2761221343768<\/a> &nbsp;&nbsp;as\u00ed como la referencia a Gustav Metzger artista y activista pol\u00edtico precursor del arte autodestructivo, que sin duda invito revisar.<\/p>\n\n\n\n<p><strong>Referencia<\/strong><\/p>\n\n\n\n<p>Autor: Bauman, Z., Leoncini, T. (2018). <em>Generaci\u00f3n L\u00edquida. Transformaciones en la era 3.0. <\/em>Paidos.<\/p>\n\n\n\n<div class=\"wp-block-themeisle-blocks-advanced-columns has-1-columns has-desktop-equal-layout has-tablet-equal-layout has-mobile-equal-layout has-default-gap has-vertical-unset\" id=\"wp-block-themeisle-blocks-advanced-columns-c4ce5abb\"><div class=\"wp-block-themeisle-blocks-advanced-columns-overlay\"><\/div><div class=\"innerblocks-wrap\">\n<div class=\"wp-block-themeisle-blocks-advanced-column\" id=\"wp-block-themeisle-blocks-advanced-column-fdb9b03a\"><\/div>\n<\/div><\/div>\n","protected":false},"excerpt":{"rendered":"<p>Libro:&nbsp;Generaci\u00f3n l\u00edquida. Transformaciones en la era 3.0Autores:&nbsp;Zygmunt Bauman y Thomas&nbsp; LeonciniA\u00f1o original de publicaci\u00f3n:&nbsp;2018Editorial:&nbsp;Paid\u00f3sRese\u00f1ado por:&nbsp;Nora Gonz\u00e1lez Chac\u00f3nPalabras clave:&nbsp;juventud, transformaci\u00f3n, cultura, violencia, cuerposCitaci\u00f3n del libro: Bauman, Z., Leoncini, T. (2018). Generaci\u00f3n L\u00edquida. Transformaciones en la era 3.0. Paidos. Cuerpos culturales. La transformaci\u00f3n de la corporalidadPor Nora Gonz\u00e1lez Chac\u00f3n &#8211; Polit\u00f3loga y [&hellip;]<\/p>\n","protected":false},"author":1,"featured_media":2847,"parent":0,"menu_order":0,"comment_status":"closed","ping_status":"closed","template":"","meta":{"ngg_post_thumbnail":0,"_themeisle_gutenberg_block_has_review":false,"footnotes":""},"class_list":["post-2844","page","type-page","status-publish","has-post-thumbnail","hentry"],"_links":{"self":[{"href":"https:\/\/investiga.uned.ac.cr\/agendajoven\/wp-json\/wp\/v2\/pages\/2844","targetHints":{"allow":["GET"]}}],"collection":[{"href":"https:\/\/investiga.uned.ac.cr\/agendajoven\/wp-json\/wp\/v2\/pages"}],"about":[{"href":"https:\/\/investiga.uned.ac.cr\/agendajoven\/wp-json\/wp\/v2\/types\/page"}],"author":[{"embeddable":true,"href":"https:\/\/investiga.uned.ac.cr\/agendajoven\/wp-json\/wp\/v2\/users\/1"}],"replies":[{"embeddable":true,"href":"https:\/\/investiga.uned.ac.cr\/agendajoven\/wp-json\/wp\/v2\/comments?post=2844"}],"version-history":[{"count":0,"href":"https:\/\/investiga.uned.ac.cr\/agendajoven\/wp-json\/wp\/v2\/pages\/2844\/revisions"}],"wp:featuredmedia":[{"embeddable":true,"href":"https:\/\/investiga.uned.ac.cr\/agendajoven\/wp-json\/"}],"wp:attachment":[{"href":"https:\/\/investiga.uned.ac.cr\/agendajoven\/wp-json\/wp\/v2\/media?parent=2844"}],"curies":[{"name":"wp","href":"https:\/\/api.w.org\/{rel}","templated":true}]}}