{"id":2673,"date":"2022-11-29T12:54:15","date_gmt":"2022-11-29T18:54:15","guid":{"rendered":"https:\/\/investiga.uned.ac.cr\/agendajoven\/?page_id=2673"},"modified":"2022-11-29T12:54:15","modified_gmt":"2022-11-29T18:54:15","slug":"la-revancha-de-los-poderosos-moises-naim","status":"publish","type":"page","link":"https:\/\/investiga.uned.ac.cr\/agendajoven\/la-revancha-de-los-poderosos-moises-naim\/","title":{"rendered":"La revancha de los poderosos &#8211; Mois\u00e9s Na\u00edm"},"content":{"rendered":"\n<div class=\"wp-block-image\"><figure class=\"aligncenter size-large is-resized\"><a href=\"https:\/\/investiga.uned.ac.cr\/agendajoven\/wp-content\/uploads\/sites\/16\/2022\/11\/librotians.jpg\"><img fetchpriority=\"high\" decoding=\"async\" src=\"https:\/\/investiga.uned.ac.cr\/agendajoven\/wp-content\/uploads\/sites\/16\/2022\/11\/librotians-668x1024.jpg\" alt=\"\" class=\"wp-image-2671\" width=\"334\" height=\"512\" \/><\/a><\/figure><\/div>\n\n\n\n<p><strong>Libro<\/strong>: La revancha de los poderosos.<br \/><strong>Autor:<\/strong>&nbsp;Mois\u00e9s Na\u00edm<br \/><strong>A\u00f1o original de publicaci\u00f3n:&nbsp;<\/strong>2022<br \/><strong>Editorial:&nbsp;<\/strong>DEBATE<br \/><strong>Rese\u00f1ado por:&nbsp;<\/strong>Argentina Artavia Medrano<br \/><strong>Palabras clave:&nbsp;<\/strong>autocracia, populismo, democracia, poder, sistemas pol\u00edticos, polarizaci\u00f3n, posverdad.<br \/><strong>Citaci\u00f3n del libro: Na\u00edm, M.<\/strong>(2022) La revancha de los poderosos. DEBATE.<\/p>\n\n\n\n<p>\u201cEn todo el mundo las sociedades libres se enfrentan a un enemigo nuevo e implacable. Este no tiene ej\u00e9rcito ni armada; no procede de ning\u00fan pa\u00eds que podamos se\u00f1alar en un mapa; est\u00e1 en todas partes y en ninguna, porque no est\u00e1 <em>ah\u00ed afuera<\/em>, sino <em>aqu\u00ed dentro<\/em>. En lugar de amenazar a las sociedades libres con la destrucci\u00f3n desde el exterior, como hicieron los nazis y los sovi\u00e9ticos, las amenazan con corroerlas desde el interior\u201d.<\/p>\n\n\n\n<p>Con esta fuerte introducci\u00f3n, Mois\u00e9s Na\u00edm plantea lo que ser\u00e1 el contenido principal de su nuevo libro: la manera en la que los sistemas pol\u00edticos democr\u00e1ticos, sucumben ante sus propios males. El libro fue publicado en febrero de 2022 y se ha convertido r\u00e1pidamente en centro de las discusiones y debates sobre la democracia y sus desaf\u00edos.<\/p>\n\n\n\n<p>Mois\u00e9s Na\u00edm es considerado \u201c<em>uno de los principales pensadores del mundo\u201d<\/em> (Prospect Magazine) y fue nombrado por el Instituto Gottlieb Duttweiler de Suiza entre los 100 principales l\u00edderes del pensamiento mundial; fue ganador del premio Ortega y Gasset de Periodismo en 2011 y fue editor en jefe durante catorce a\u00f1os de la revista Foreign Policy, una de las m\u00e1s importantes publicaciones de temas internacionales.<\/p>\n\n\n\n<p>Na\u00edm ya hab\u00eda adelantado los peligros a los que se enfrentaban las democracias en su libro \u201c<em>El fin del poder<\/em>\u201d (2013), en el que describ\u00eda no s\u00f3lo el declive del poder pol\u00edtico denominado \u201ctradicional\u201d frente a otros actores sociales, as\u00ed como el ascenso de nuevas formas de expresi\u00f3n pol\u00edtica, sino que tambi\u00e9n advirti\u00f3 sobre el deterioro y debilitamiento de las instituciones llamadas a garantizar la estabilidad y supervivencia del sistema pol\u00edtico democr\u00e1tico, una de ellas, la prensa.<\/p>\n\n\n\n<p>El libro est\u00e1 dividido en dos partes: \u201c<em>La era del populismo, la polarizaci\u00f3n y la posverdad<\/em>\u201d y \u201c<em>Un mundo seguro para la autocracia<\/em>\u201d, en las cuales el autor desarrolla y proporciona elementos y argumentos importantes para comprender los desaf\u00edos que enfrentan las democracias del siglo XXI.<\/p>\n\n\n\n<p><strong>Populismo y democracia<\/strong><\/p>\n\n\n\n<p>Uno de los retos m\u00e1s importantes seg\u00fan Na\u00edm es el populismo, el cual define como una estrategia para obtener y ejercer el poder, sin importar contextos o ideolog\u00edas, si son pa\u00edses ricos o pobres, con instituciones m\u00e1s fuertes y complejas o m\u00e1s d\u00e9biles.<\/p>\n\n\n\n<p>La nueva \u201ccasta de pol\u00edticos\u201d que menciona el autor, van desde Donald Trump en Estados Unidos, Viktor Orb\u00e1n en Hungr\u00eda, Hugo Ch\u00e1vez en Venezuela, Jair Bolsonaro en Brasil, Silvio Berlusconi en Italia, Nayib Bukele en El Salvador.<\/p>\n\n\n\n<p>Todos provienen de pa\u00edses con profundas diferencias culturales, institucionales e ideol\u00f3gicas, pero con estrategias muy similares en su forma de gobernar. Y precisamente por eso, explica Na\u00edm, el libro \u201cexamina su estrategia porque, para derrotar algo, antes hay que entenderlo\u201d.<\/p>\n\n\n\n<div class=\"wp-block-image\"><figure class=\"aligncenter size-full is-resized\"><a href=\"https:\/\/investiga.uned.ac.cr\/agendajoven\/wp-content\/uploads\/sites\/16\/2022\/11\/TINA01.png\"><img decoding=\"async\" src=\"https:\/\/investiga.uned.ac.cr\/agendajoven\/wp-content\/uploads\/sites\/16\/2022\/11\/TINA01.png\" alt=\"\" class=\"wp-image-2675\" width=\"675\" height=\"566\" \/><\/a><\/figure><\/div>\n\n\n\n<p>Na\u00edm se refiere a las estrategias que los aut\u00f3cratas utilizan para erosionar la institucionalidad democr\u00e1tica y las nombra como \u201clas 3P\u201d: populismo, polarizaci\u00f3n y posverdad, las cuales permiten que los nuevos aut\u00f3cratas \u201c<em>puedan fingir que encarnan la verdadera voluntad del pueblo, reprimida por las \u00e9lites corruptas y escondida por unos medios tambi\u00e9n corruptos. Les permite afirmar que representan la voz del pueblo mientras desmantelas las instituciones que s\u00ed sirven para transmitir las verdaderas voces de la gente<\/em>\u201d.<\/p>\n\n\n\n<p>Durante d\u00e9cadas, las democracias han enfrentado m\u00faltiples desaf\u00edos: debilitamiento de la institucionalidad, desconfianza en la clase pol\u00edtica, descr\u00e9dito de los partidos pol\u00edticos, escucha privilegiada de autoridades gubernamentales a sectores poderosos, corrupci\u00f3n, entre otros.<\/p>\n\n\n\n<p><strong>Autocracias del siglo XXI<\/strong><\/p>\n\n\n\n<p>La incapacidad de dar respuestas certeras y oportunas a las necesidades de sus sociedades ha dado paso no s\u00f3lo al descontento social, sino tambi\u00e9n que le ha abierto el camino a figuras que, investidas de \u201cnovedad\u201d y fuerza, han hecho creer a miles de personas que tienen las respuestas a todos los problemas, provocados claro est\u00e1 por otros, esa clase de pol\u00edticos corruptos e indeseables a los que dicen combatir.<\/p>\n\n\n\n<p>\u201c<em>Lo que los aut\u00f3cratas del siglo XX hac\u00edan por la fuerza, sus hom\u00f3logos del siglo XXI lo hacen mediante el sigilo. Si sus predecesores del siglo XX se propon\u00edan destruir el Estado de derecho empleando la fuerza bruta, los aut\u00f3cratas del siglo XXI lo socavan mediante el poder corrosivo de la falsa imitaci\u00f3n<\/em>\u201d.<\/p>\n\n\n\n<p>Dicho en otras palabras, simulan, aparentan ser dem\u00f3cratas y utilizan los procedimientos y herramientas esenciales que brinda el sistema pol\u00edtico: elecciones peri\u00f3dicas, alternancia del gobierno, divisi\u00f3n de poderes, libertad de expresi\u00f3n, entre otros; una vez alcanzado el poder, proceden a realizar cambios y transformaciones en el sistema, con el prop\u00f3sito de moldearlo a su conveniencia y claramente, debilitarlo.<\/p>\n\n\n\n<div class=\"wp-block-image\"><figure class=\"aligncenter size-full\"><a href=\"https:\/\/investiga.uned.ac.cr\/agendajoven\/wp-content\/uploads\/sites\/16\/2022\/11\/TINA-02.jpg\"><img decoding=\"async\" src=\"https:\/\/investiga.uned.ac.cr\/agendajoven\/wp-content\/uploads\/sites\/16\/2022\/11\/TINA-02.jpg\" alt=\"\" class=\"wp-image-2676\" \/><\/a><figcaption>Captura de pantalla del peri\u00f3dico digital &#8220;El Tiempo&#8221;<\/figcaption><\/figure><\/div>\n\n\n\n<p>Mois\u00e9s Na\u00edm los retrata con claridad: \u201cLos aut\u00f3cratas 3P son dirigentes pol\u00edticos que llegan al poder mediante unas elecciones razonablemente democr\u00e1ticas y luego se proponen desmantelar los contrapesos a su poder ejecutivo mediante el populismo, la polarizaci\u00f3n y la posverdad. Al mismo tiempo que consolidan su poder, ocultan su plan autocr\u00e1tico detr\u00e1s de un muro de secretismo, confusi\u00f3n burocr\u00e1tica, subterfugios seudolegales, manipulaci\u00f3n de la opini\u00f3n p\u00fablica y represi\u00f3n de los cr\u00edticos y adversarios\u201d.<\/p>\n\n\n\n<p>Seg\u00fan lo explica Mois\u00e9s Na\u00edm en su libro, los aut\u00f3cratas se hacen pasar por algo que no son y el enga\u00f1o es la estrategia para llegar al poder. Lamentablemente, nuestra Am\u00e9rica Latina est\u00e1 llena de peligrosos ejemplos. De acuerdo con el Latinobar\u00f3metro (2021), los pa\u00edses centroamericanos muestran indicadores m\u00e1s altos de actitudes autoritarias y de descontento con el funcionamiento de la democracia, tal y como se puede observar en el siguiente gr\u00e1fico.<\/p>\n\n\n\n<div class=\"wp-block-image\"><figure class=\"aligncenter size-full\"><a href=\"https:\/\/investiga.uned.ac.cr\/agendajoven\/wp-content\/uploads\/sites\/16\/2022\/11\/TINA-03f.png\"><img decoding=\"async\" src=\"https:\/\/investiga.uned.ac.cr\/agendajoven\/wp-content\/uploads\/sites\/16\/2022\/11\/TINA-03f.png\" alt=\"\" class=\"wp-image-2678\" \/><\/a><\/figure><\/div>\n\n\n\n<p>Las tendencias autoritarias, las acciones que desmantelan los contrapesos legales y constitucionales, la represi\u00f3n y encarcelamiento de la oposici\u00f3n, son claros ejemplos de democracias desgastadas, que no han sabido o no han podido reaccionar a tiempo a los desmanes populistas autocr\u00e1ticos. Para el caso centroamericano, Nicaragua y El Salvador ofrecen una realidad preocupante:<\/p>\n\n\n\n<div class=\"wp-block-image\"><figure class=\"aligncenter size-full is-resized\"><a href=\"https:\/\/investiga.uned.ac.cr\/agendajoven\/wp-content\/uploads\/sites\/16\/2022\/11\/TINA-04.png\"><img decoding=\"async\" src=\"https:\/\/investiga.uned.ac.cr\/agendajoven\/wp-content\/uploads\/sites\/16\/2022\/11\/TINA-04.png\" alt=\"\" class=\"wp-image-2679\" width=\"578\" height=\"217\" \/><\/a><figcaption>Fuente: <a href=\"https:\/\/es.euronews.com\/2021\/06\/24\/nicaragua-los-opositores-detenidos-no-son-politicos-sino-criminales-daniel-ortega\" target=\"_blank\" rel=\"noreferrer noopener\">https:\/\/es.euronews.com\/2021\/06\/24\/nicaragua-los-opositores-detenidos-no-son-politicos-sino-criminales-daniel-ortega<\/a><\/figcaption><\/figure><\/div>\n\n\n\n<div class=\"wp-block-image\"><figure class=\"aligncenter size-full is-resized\"><a href=\"https:\/\/investiga.uned.ac.cr\/agendajoven\/wp-content\/uploads\/sites\/16\/2022\/11\/tina-3434.jpg\"><img loading=\"lazy\" decoding=\"async\" src=\"https:\/\/investiga.uned.ac.cr\/agendajoven\/wp-content\/uploads\/sites\/16\/2022\/11\/tina-3434.jpg\" alt=\"\" class=\"wp-image-2685\" width=\"543\" height=\"304\" \/><\/a><figcaption>Captura de pantalla del Noticiero AFP<\/figcaption><\/figure><\/div>\n\n\n\n<div class=\"wp-block-image\"><figure class=\"aligncenter size-full\"><a href=\"https:\/\/investiga.uned.ac.cr\/agendajoven\/wp-content\/uploads\/sites\/16\/2022\/11\/TINA-AR.png\"><img decoding=\"async\" src=\"https:\/\/investiga.uned.ac.cr\/agendajoven\/wp-content\/uploads\/sites\/16\/2022\/11\/TINA-AR.png\" alt=\"\" class=\"wp-image-2687\" \/><\/a><\/figure><\/div>\n\n\n\n<p><strong>El poder y la pandemia<\/strong><\/p>\n\n\n\n<p>Las medidas sanitarias y de restricci\u00f3n que los pa\u00edses debieron tomar para combatir la pandemia por COVID-19, les brind\u00f3 a muchos gobiernos la oportunidad de gobernar por decreto, imponer restricciones y limitar derechos pol\u00edticos, principalmente en cuanto a la libertad de movimiento, tr\u00e1nsito y reuni\u00f3n; tambi\u00e9n se produjo el aplazamiento de elecciones (como en Hungr\u00eda y Bolivia en 2020), el cierre de parlamentos o la aprobaci\u00f3n de leyes sobre temas, acciones acuerpadas y sostenidas por fuerzas armadas y policiales.<\/p>\n\n\n\n<p>\u201cNing\u00fan r\u00e9gimen autocr\u00e1tico tuvo grandes dificultades para comprender que la pandemia de coronavirus era una oportunidad para reforzar su control de la sociedad. Cuando los gobiernos empezaron a imponer restricciones sin precedentes a los movimientos de sus ciudadanos por motivo de salud, unas medidas que, en cualquier otra circunstancia, habr\u00edan parecido excesivas se convirtieron en normales y hasta en banales\u201d.<\/p>\n\n\n\n<p>Los tintes autoritarios eran m\u00e1s que evidentes y la justificaci\u00f3n siempre fue el bienestar y la seguridad colectiva. Na\u00edm es contundente: \u201cEn todo el mundo, los aut\u00f3cratas aprovecharon la oportunidad que la epidemia de coronavirus les ofreci\u00f3 para afianzar a\u00fan m\u00e1s su control sobre el poder\u201d.<\/p>\n\n\n\n<p>Las acciones empiezan siempre siendo sutiles, imperceptibles, hasta que se consolidan como una pr\u00e1ctica cotidiana. Por eso el autor plantea la necesidad de estar alertas y prepararse para ganar batallas en favor de la democracia, asumiendo responsabilidades desde lo individual y lo colectivo. Una de las luchas m\u00e1s importantes es contra lo que el autor denomina la \u201cGran Mentira\u201d, la que \u201c<em>presenta al aspirante a aut\u00f3crata como la \u00fanica esperanza del pueblo noble, pisoteado y traicionado frente a una sospechosa clase dirigente que lo odia<\/em>\u201d.<\/p>\n\n\n\n<p>El mundo es un terreno cada vez m\u00e1s f\u00e9rtil para la aparici\u00f3n de la autocracia y el populismo, se\u00f1ala Mois\u00e9s Na\u00edm y por eso, \u201cNuestro primer deber, por tanto, es nombrarlo. Solo as\u00ed podremos comprenderlo, combatirlo y derrotarlo\u201d.<\/p>\n","protected":false},"excerpt":{"rendered":"<p>Libro: La revancha de los poderosos.Autor:&nbsp;Mois\u00e9s Na\u00edmA\u00f1o original de publicaci\u00f3n:&nbsp;2022Editorial:&nbsp;DEBATERese\u00f1ado por:&nbsp;Argentina Artavia MedranoPalabras clave:&nbsp;autocracia, populismo, democracia, poder, sistemas pol\u00edticos, polarizaci\u00f3n, posverdad.Citaci\u00f3n del libro: Na\u00edm, M.(2022) La revancha de los poderosos. DEBATE. \u201cEn todo el mundo las sociedades libres se enfrentan a un enemigo nuevo e implacable. Este no tiene ej\u00e9rcito [&hellip;]<\/p>\n","protected":false},"author":1,"featured_media":2674,"parent":0,"menu_order":0,"comment_status":"closed","ping_status":"closed","template":"","meta":{"ngg_post_thumbnail":0,"_themeisle_gutenberg_block_has_review":false,"footnotes":""},"class_list":["post-2673","page","type-page","status-publish","has-post-thumbnail","hentry"],"_links":{"self":[{"href":"https:\/\/investiga.uned.ac.cr\/agendajoven\/wp-json\/wp\/v2\/pages\/2673","targetHints":{"allow":["GET"]}}],"collection":[{"href":"https:\/\/investiga.uned.ac.cr\/agendajoven\/wp-json\/wp\/v2\/pages"}],"about":[{"href":"https:\/\/investiga.uned.ac.cr\/agendajoven\/wp-json\/wp\/v2\/types\/page"}],"author":[{"embeddable":true,"href":"https:\/\/investiga.uned.ac.cr\/agendajoven\/wp-json\/wp\/v2\/users\/1"}],"replies":[{"embeddable":true,"href":"https:\/\/investiga.uned.ac.cr\/agendajoven\/wp-json\/wp\/v2\/comments?post=2673"}],"version-history":[{"count":0,"href":"https:\/\/investiga.uned.ac.cr\/agendajoven\/wp-json\/wp\/v2\/pages\/2673\/revisions"}],"wp:featuredmedia":[{"embeddable":true,"href":"https:\/\/investiga.uned.ac.cr\/agendajoven\/wp-json\/"}],"wp:attachment":[{"href":"https:\/\/investiga.uned.ac.cr\/agendajoven\/wp-json\/wp\/v2\/media?parent=2673"}],"curies":[{"name":"wp","href":"https:\/\/api.w.org\/{rel}","templated":true}]}}