{"id":2519,"date":"2022-04-22T16:08:55","date_gmt":"2022-04-22T22:08:55","guid":{"rendered":"https:\/\/investiga.uned.ac.cr\/agendajoven\/?page_id=2519"},"modified":"2022-04-22T16:08:55","modified_gmt":"2022-04-22T22:08:55","slug":"caravanas-luciana-gandini-alethia-fernandez-de-la-reguera-y-juan-carlos-narvaez-gutierrez","status":"publish","type":"page","link":"https:\/\/investiga.uned.ac.cr\/agendajoven\/caravanas-luciana-gandini-alethia-fernandez-de-la-reguera-y-juan-carlos-narvaez-gutierrez\/","title":{"rendered":"Caravanas &#8211; Luciana Gandini, Alethia Fern\u00e1ndez de la Reguera y Juan Carlos Narv\u00e1ez Guti\u00e9rrez"},"content":{"rendered":"\n<div class=\"wp-block-image\"><figure class=\"aligncenter size-large is-resized\"><a href=\"https:\/\/investiga.uned.ac.cr\/agendajoven\/wp-content\/uploads\/sites\/16\/2022\/04\/CARA-1.jpg\"><img fetchpriority=\"high\" decoding=\"async\" src=\"https:\/\/investiga.uned.ac.cr\/agendajoven\/wp-content\/uploads\/sites\/16\/2022\/04\/CARA-1-700x1024.jpg\" alt=\"\" class=\"wp-image-2521\" width=\"350\" height=\"512\" \/><\/a><\/figure><\/div>\n\n\n\n<p><strong>Libro<\/strong>: Caravanas<br \/><strong>Autor:<\/strong>\u00a0Luciana Gandini, Alethia Fern\u00e1ndez de la Reguera y Juan Carlos Narv\u00e1ez Guti\u00e9rrez<br \/><strong>A\u00f1o original de publicaci\u00f3n:\u00a0<\/strong>2020<br \/><strong>Editorial:\u00a0<\/strong>Secretar\u00eda de Desarrollo Institucional. UNAM.<br \/><strong>Rese\u00f1ado por:\u00a0<\/strong>Raul Garc\u00eda Fern\u00e1ndez<br \/><strong>Palabras clave:\u00a0<\/strong>Caravanas de personas migrantes, migraci\u00f3n, movilidad humana, personas en movilidad, pol\u00edtica migratoria.<br \/><strong>Citaci\u00f3n:<\/strong> Gandini, L., Fern\u00e1ndez de la Reguera, A., &amp; Narv\u00e1ez Guti\u00e9rrez, J. C. (2020). <em>Caravanas<\/em> (1.<sup>a<\/sup> ed.). UNAM &#8211; Secretar\u00eda de Desarrollo Institucional. https:\/\/sudimer.juridicas.unam.mx\/detalle-publicacion\/14\/Caravanas<\/p>\n\n\n\n<p><strong>Resumen:<\/strong><\/p>\n\n\n\n<p>En este <em>post<\/em> rese\u00f1o el libro Caravanas ganador del premio William M. Leogrande 2019-2020, a la mejor publicaci\u00f3n en formato libro acad\u00e9mico para estudios latinoamericanos de la American University. Caravanas es un trabajo de Luciana Gandini, Alethia Fern\u00e1ndez de la Reguera y Juan Carlos Narv\u00e1ez Guti\u00e9rrez, personas investigadoras del Seminario Universitario de Estudios sobre Desplazamiento Interno, Migraci\u00f3n, Exilio y Repatriaci\u00f3n (SUDIMER) de la Universidad Nacional Aut\u00f3noma de M\u00e9xico (UNAM). El libro, se adentra en el conocimiento de las caravanas de personas migrantes que se visibilizaron a partir de octubre de 2018, mientras despertaban enormes debates entorno a sus causas y generaban cuestionamientos a la pol\u00edtica migratoria internacional, as\u00ed como a sus visibles fracturas e incapacidad para atender los nuevos escenarios migratorios regionales.<\/p>\n\n\n\n<p><strong>Rese\u00f1a:<\/strong><\/p>\n\n\n\n<p>En febrero de 2022, lleg\u00f3 a mis manos el aclamado libro Caravanas (Gandini et&nbsp;al., 2020). Desde el Centro Agenda Joven en Derechos y Ciudadan\u00eda, hab\u00edamos realizado esfuerzos para traer al pa\u00eds una copia de su versi\u00f3n impresa, todas infructuosas, ya sea por motivos relacionados con la sindemia o por cuestiones administrativas. Finalmente, arrib\u00f3 por medios insospechados en compa\u00f1\u00eda de unos caramelos de cardamomo, tra\u00eddos desde Guatemala por un colega de la UNED a quien admiro y respeto profundamente. Le\u00ed, por tanto, un ejemplar cuya historia tambi\u00e9n comparte algo de su contenido: relatos humanos de los cuales se puede conocer c\u00f3mo inician, pero dif\u00edcilmente, c\u00f3mo terminan.<\/p>\n\n\n\n<p>Caravanas, tiene un m\u00e9rito que se anuncia desde los agradecimientos, que puede leerse como un breve pr\u00f3logo: sus p\u00e1ginas se sustentan en una investigaci\u00f3n de campo que se gesta en el mismo momento en el cual van sucedi\u00e9ndose los hechos que son de inter\u00e9s para las personas investigadoras. Hechos sujetos a m\u00faltiples factores y actores. Fue, por tanto, una investigaci\u00f3n realizada en un entorno de incertidumbre y constante cambio, donde los relatos e historias recopiladas refer\u00edan a eventos con poco tiempo de haber acontecido, es decir, donde aquello que resultaba retrospectivo a\u00fan dejaba marca en la piel de sus protagonistas. Por contraparte, probablemente fue una investigaci\u00f3n con poco espacio para planificar acciones concretas, dados los constantes cambios y las decisiones tomadas desde las mismas caravanas, o bien, a las que \u00e9stas afectaban.<\/p>\n\n\n\n<p>De este modo -al lado del inter\u00e9s capaz de suscitar para quienes nos preocupa comprender las caravanas y las nuevas estrategias migratorias- el libro tambi\u00e9n es una lectura sugerente para quienes puedan interesarse por aspectos metodol\u00f3gicos de las Ciencias Sociales y la construcci\u00f3n de conocimiento como un constante hacer y re-hacer en medio de lo acontecido.<\/p>\n\n\n\n<p>El libro se divide en cuatro cap\u00edtulos cortos que comparten otra caracter\u00edstica: una portentosa s\u00edntesis. Adem\u00e1s, en algunos de sus trazos, las personas autoras se permiten licencias narrativas que inspiran el continuar leyendo; donde se intercalan inquietantes fotograf\u00edas capturadas por uno de sus autores. Por decirlo de alg\u00fan modo, es un libro donde convergen y diluyen distintos recursos y discursos.<\/p>\n\n\n\n<p>En su primer cap\u00edtulo, Caravanas contribuye a comprender las causas recientes del surgimiento de esta estrategia migratoria colectiva; las caracter\u00edsticas de su organizaci\u00f3n, as\u00ed como el di\u00e1logo y los contrasentidos con las teor\u00edas de las Ciencias Sociales que buscan comprender las migraciones humanas.<\/p>\n\n\n\n<p>El segundo cap\u00edtulo realiza un an\u00e1lisis hist\u00f3rico, en un esfuerzo por comprender los factores estructurales de largo plazo, que explican los procesos migratorios regionales y que configuraron la pol\u00edtica migratoria, en espec\u00edfico de M\u00e9xico. A su vez, hay una preocupaci\u00f3n por comprender las caravanas en di\u00e1logo con procesos sociales, pol\u00edticos y econ\u00f3micos de antigua data.<\/p>\n\n\n\n<p>El tercer cap\u00edtulo, analiza las consecuencias que, para el ejercicio de la pol\u00edtica migratoria, trajeron las caravanas y los vac\u00edos que evidenciaron instrumentos migratorios nacionales para atender una situaci\u00f3n de orden regional, donde conflu\u00edan m\u00faltiples actores e intereses. Negociaci\u00f3n; apertura; reconocimiento de derechos; solidaridad; presiones; intereses; geopol\u00edtica; contrasentidos; promesas incumplidas; securitizaci\u00f3n y externalizaci\u00f3n de las fronteras son palabras que ayudan a comprender la riqueza de este cap\u00edtulo.<\/p>\n\n\n\n<p>El \u00faltimo cap\u00edtulo, aborda temas que exhortan a pensar sobre la capacidad de acci\u00f3n de las personas funcionarias que ejecutan las pol\u00edticas migratorias y el papel de la subjetividad en dichos procesos. Un tema transcendente cuando de Derechos Humanos se trata y cuyas relaciones han sido exploradas en otras investigaciones m\u00e1s cercanas a nuestro contexto (Voorend &amp; Sura-Fonseca, 2019).<\/p>\n\n\n\n<p>La invitaci\u00f3n a la lectura de este sugerente libro queda abierta y, m\u00e1s all\u00e1 de eso, a seguir la abundante actividad acad\u00e9mica y las publicaciones que desde el SUDIMER se generan en forma constante.<\/p>\n\n\n\n<p><strong>Referencias<\/strong><\/p>\n\n\n\n<p>Gandini, L., Fern\u00e1ndez de la Reguera, A., &amp; Narv\u00e1ez Guti\u00e9rrez, J. C. (2020). <em>Caravanas<\/em> (1.<sup>a<\/sup> ed.). UNAM &#8211; Secretar\u00eda de Desarrollo Institucional. https:\/\/sudimer.juridicas.unam.mx\/detalle-publicacion\/14\/Caravanas<\/p>\n\n\n\n<p>Voorend, K., &amp; Sura-Fonseca, R. (2019). De derechos a hechos. El acceso diferenciado entre nacionales y migrantes nicarag\u00fcenses a los servicios de salud en Costa Rica. <em>Migraciones<\/em>, <em>2019<\/em>(46), 121-150. https:\/\/doi.org\/10.14422\/mig.i46.y2019.005<\/p>\n\n\n\n<p><strong>Enlace de descargar del libro: <\/strong><\/p>\n\n\n\n<p><a href=\"https:\/\/sudimer.juridicas.unam.mx\/detalle-publicacion\/14\/Caravanas\">https:\/\/sudimer.juridicas.unam.mx\/detalle-publicacion\/14\/Caravanas<\/a><\/p>\n\n\n\n<p><a href=\"http:\/\/www.libros.unam.mx\/caravanas-9786073032087-ebook.html\">http:\/\/www.libros.unam.mx\/caravanas-9786073032087-ebook.html<\/a><\/p>\n","protected":false},"excerpt":{"rendered":"<p>Libro: CaravanasAutor:\u00a0Luciana Gandini, Alethia Fern\u00e1ndez de la Reguera y Juan Carlos Narv\u00e1ez Guti\u00e9rrezA\u00f1o original de publicaci\u00f3n:\u00a02020Editorial:\u00a0Secretar\u00eda de Desarrollo Institucional. UNAM.Rese\u00f1ado por:\u00a0Raul Garc\u00eda Fern\u00e1ndezPalabras clave:\u00a0Caravanas de personas migrantes, migraci\u00f3n, movilidad humana, personas en movilidad, pol\u00edtica migratoria.Citaci\u00f3n: Gandini, L., Fern\u00e1ndez de la Reguera, A., &amp; Narv\u00e1ez Guti\u00e9rrez, J. C. (2020). Caravanas (1.a [&hellip;]<\/p>\n","protected":false},"author":1,"featured_media":2523,"parent":0,"menu_order":0,"comment_status":"closed","ping_status":"closed","template":"","meta":{"ngg_post_thumbnail":0,"_themeisle_gutenberg_block_has_review":false,"footnotes":""},"class_list":["post-2519","page","type-page","status-publish","has-post-thumbnail","hentry"],"_links":{"self":[{"href":"https:\/\/investiga.uned.ac.cr\/agendajoven\/wp-json\/wp\/v2\/pages\/2519","targetHints":{"allow":["GET"]}}],"collection":[{"href":"https:\/\/investiga.uned.ac.cr\/agendajoven\/wp-json\/wp\/v2\/pages"}],"about":[{"href":"https:\/\/investiga.uned.ac.cr\/agendajoven\/wp-json\/wp\/v2\/types\/page"}],"author":[{"embeddable":true,"href":"https:\/\/investiga.uned.ac.cr\/agendajoven\/wp-json\/wp\/v2\/users\/1"}],"replies":[{"embeddable":true,"href":"https:\/\/investiga.uned.ac.cr\/agendajoven\/wp-json\/wp\/v2\/comments?post=2519"}],"version-history":[{"count":0,"href":"https:\/\/investiga.uned.ac.cr\/agendajoven\/wp-json\/wp\/v2\/pages\/2519\/revisions"}],"wp:featuredmedia":[{"embeddable":true,"href":"https:\/\/investiga.uned.ac.cr\/agendajoven\/wp-json\/"}],"wp:attachment":[{"href":"https:\/\/investiga.uned.ac.cr\/agendajoven\/wp-json\/wp\/v2\/media?parent=2519"}],"curies":[{"name":"wp","href":"https:\/\/api.w.org\/{rel}","templated":true}]}}