{"id":2502,"date":"2022-04-01T15:09:43","date_gmt":"2022-04-01T21:09:43","guid":{"rendered":"https:\/\/investiga.uned.ac.cr\/agendajoven\/?page_id=2502"},"modified":"2022-04-01T15:09:43","modified_gmt":"2022-04-01T21:09:43","slug":"historia-global-de-america-latina-del-siglo-xxi-a-la-independencia-hector-perez-brignoli","status":"publish","type":"page","link":"https:\/\/investiga.uned.ac.cr\/agendajoven\/historia-global-de-america-latina-del-siglo-xxi-a-la-independencia-hector-perez-brignoli\/","title":{"rendered":"Historia Global de Am\u00e9rica Latina: Del siglo XXI a la independencia &#8211;  H\u00e9ctor P\u00e9rez Brignoli"},"content":{"rendered":"\n<div class=\"wp-block-image\"><figure class=\"aligncenter size-full\"><a href=\"https:\/\/investiga.uned.ac.cr\/agendajoven\/wp-content\/uploads\/sites\/16\/2022\/04\/52839113._SX0_SY0_-1.jpg\"><img decoding=\"async\" src=\"https:\/\/investiga.uned.ac.cr\/agendajoven\/wp-content\/uploads\/sites\/16\/2022\/04\/52839113._SX0_SY0_-1.jpg\" alt=\"\" class=\"wp-image-2503\" \/><\/a><\/figure><\/div>\n\n\n\n<p><strong>Libro<\/strong>: Historia Global de Am\u00e9rica Latina: Del siglo XXI a la independencia<br \/><strong>Autor:<\/strong>&nbsp;H\u00e9ctor P\u00e9rez Brignoli<br \/><strong>A\u00f1o original de publicaci\u00f3n:&nbsp;<\/strong>2018<br \/><strong>Editorial:&nbsp;<\/strong>Alianza Editoria..<br \/><strong>Rese\u00f1ado por:&nbsp;<\/strong>Roy Gonz\u00e1lez Sancho<br \/><strong>Palabras clave:&nbsp;<\/strong>Historia, Am\u00e9rica Latina, proceso de independencia<br \/><strong>Citaci\u00f3n del libro: <\/strong>P\u00e9rez, H. (2018) Historia Global de Am\u00e9rica Latina: Del Siglo XXI a la Independencia. Alianza Editorial.<\/p>\n\n\n\n<p>Aunque el autor del libro entrega un extenso texto correspondiente a una profunda investigaci\u00f3n sobre cu\u00e1les han sido las principales tendencias y procesos por los que ha pasado la regi\u00f3n en m\u00e1s de dos siglos de historia, luego de los denominados procesos de independencia, en esta ocasi\u00f3n la exposici\u00f3n o rese\u00f1a se centrar\u00e1 en uno de sus cap\u00edtulos a saber: el correspondiente a las utop\u00edas sucedidas en las distintas naciones de Am\u00e9rica Latina.<\/p>\n\n\n\n<p>De esta manera, de acuerdo con el autor en el continente se puede hablar de 7 utop\u00edas a partir de las cuales las diferentes \u00e9lites y sectores pol\u00edticos han intentado llevar a cabo diferentes proyectos nacionales a saber: de progreso, reformista, nacional populista, comunista, autoritaria conservadora, la Neoliberal y la ind\u00edgena.<\/p>\n\n\n\n<p>Se inicia este cap\u00edtulo con la <em>utop\u00eda de progreso<\/em> imperante en los a\u00f1os alrededor de los inicios del Siglo XIX, heredera de la ilustraci\u00f3n y las revoluciones de Inglaterra, Estados Unidos y Francia, cuyas propuestas contribuyeron con las primeras acciones y propuestas de la organizaci\u00f3n de los Estados en la regi\u00f3n.&nbsp; Pero que dejaron claro que se trataba de un proceso centrado en la idea de la lucha por civilizar sobre la barbarie, adoptando lo angl\u00f3fono sobre todo lo que representaba el pasado colonial espa\u00f1ol, el blanqueamiento de las poblaciones con inmigraciones de personas blancas y la manutenci\u00f3n de la esclavitud de las personas afrodescendientes y el trabajo no reconocido con salario de mestizos e ind\u00edgenas.<\/p>\n\n\n\n<p>De esta forma surge un tiempo despu\u00e9s en el siglo XIX, lo que el autor identifica la <em>utop\u00eda reformi<\/em>sta, la cual se centra en la organizaci\u00f3n pol\u00edtica liberal, exportaciones de bienes al mercado de las potencias de entonces, y vista como una forma de concretar las aspiraciones de igualdad y fraternidad que no se lograron en 1789. No obstante, estos modelos siguieron concentrando el poder y dificultando las libertades para las mayor\u00edas. La confirmaci\u00f3n de Estados Unidos como un pa\u00eds con ambiciones expansivas (gana guerra con Espa\u00f1a) nacen los movimientos antiimperialistas en la regi\u00f3n, movimientos sociales y estudiantiles, as\u00ed como gobiernos con propuestas m\u00e1s inclusivas (reformas educativas, sociales, pol\u00edticas, etc.).<\/p>\n\n\n\n<p>Como respuesta al reformismo, aparecen los proyectos de visi\u00f3n nacional populista, con un fuerte tronco basado en la exaltaci\u00f3n Estado naci\u00f3n, con una importante presencia de reformas sociales y econ\u00f3micas en las que el Estado ten\u00eda un protagonismo importante, al punto que desde esta instancia se dirig\u00eda y se enfatizaba en el desarrollo e industrializaci\u00f3n nacional. No obstante, debe se\u00f1alarse que en muchos casos los liderazgos surgidos eran encabezados por figuras caudillistas, un partido \u00fanico procederes de corte autoritario. &nbsp;lideradas por<\/p>\n\n\n\n<p>&nbsp;Por otro lado, se ha rescatado por el autor la <em>utop\u00eda comunista.<\/em> De influencia marxista y de inspiraciones de las experiencias derivadas de los movimientos desarrollados en Alemania y Francia en los siglos XIX e inicios del XX, aunque para las intelectualidades Latinoamericanas fue la experiencia revoluci\u00f3n sovi\u00e9tica la que m\u00e1s inter\u00e9s despert\u00f3 particularmente en los c\u00edrculos nacionalistas y cat\u00f3licos integristas, teniendo un papel determinante en los puntos centrales de las agendas de las luchas antiolig\u00e1rquicas y antimperialistas.<\/p>\n\n\n\n<p>De mismo modo, aunque hubo experiencias infructuosas y sangrientas, los movimientos insurreccionales mutaron al antifascismo, siendo objeto en \u00e9pocas de la Guerra Fr\u00eda de persecuciones paranoicamente dirigidas por Estados Unidos, con especial salvajismo en el Caribe y Centroam\u00e9rica. &nbsp;En este contexto, el autor se\u00f1ala que se debe rescatar el caso de la Revoluci\u00f3n Cubana.<\/p>\n\n\n\n<p>Otra de las corrientes destacadas en la regi\u00f3n ha sido <em>la utop\u00eda autoritaria conservadora<\/em>, caracterizadas por la gran cantidad de dictaduras militares impuestas mediante Golpes de Estado, bajo el patrocinio de Estados Unidos o aprobaci\u00f3n, cuyo objetivo era \u201cdetener la expansi\u00f3n de la amenaza comunista\u201d. Los reg\u00edmenes implantados mediante esta figura ideol\u00f3gica se caracterizaron por reducir o eliminar beneficios y garant\u00edas a las y los trabajadores, censura o eliminaci\u00f3n de partidos pol\u00edticos o sindicatos, con una orientaci\u00f3n nacionalista y cat\u00f3lico conservadora, afines al fascismo y franquismo, al tiempo que aplicaban al pie de la letra las doctrinas de seguridad promulgadas por los militares estadounidenses. &nbsp;<\/p>\n\n\n\n<p>P\u00e9rez Brignoli (2018) acota el final de esta etapa de la siguiente manera: &nbsp;<\/p>\n\n\n\n<p>\u201cHacia 1990 la utop\u00eda autoritaria-conservadora parec\u00eda algo archivado; la democracia reemplazaba al dominio militar, y tanto la izquierda como la derecha se plegaban al juego democr\u00e1tico. Pero hab\u00eda un legado de este proyecto que adquir\u00eda nueva vigencia e iba a impregnar el fin del siglo XX y los comienzos del siglo XXI: me refiero a la pol\u00edtica econ\u00f3mica y social neoliberal.\u201d (pp.212-213).<\/p>\n\n\n\n<p>En este caso, la utop\u00eda neoliberal, se ha caracterizado por dejar a la libre las fuerzas del mercado eliminando controles, aranceles, reduciendo el tama\u00f1o y facultades del Estado, al momento que se deja todo a la iniciativa privada. Aunque mayoritariamente sus resultados han sido catastr\u00f3ficos, su efecto m\u00e1s significativo ha sido sobre la circulaci\u00f3n e la informaci\u00f3n y las redes de comunicaci\u00f3n con mayores velocidades y posibilidades de conexi\u00f3n.<\/p>\n\n\n\n<p>Finalmente, el autor destaca el papel que han tenido los movimientos ind\u00edgenas (<em>utop\u00eda indigenista<\/em>) desde 1992 a\u00f1o en el que se celebraba el 500 aniversario del arribo de Col\u00f3n a lo que \u00e9l cre\u00eda que eran islas asi\u00e1ticas. Desde lo que el autor denomina la utop\u00eda ind\u00edgena, se reclamaba que el nombre de la conmemoraci\u00f3n se erigiera en honor a la resistencia ind\u00edgena, al mismo tiempo se ha reclamado por el reconocimiento de la diversidad \u00e9tnica multicultural y ling\u00fc\u00edstica.<\/p>\n\n\n\n<p>En este caso, los movimientos ind\u00edgenas bajo esta corriente han buscado el reconocimiento y la posibilidad de construir desde las diferencias una identidad cultural continental que englobe a todos los pueblos ind\u00edgenas del continente, adem\u00e1s de recamar por la autonom\u00eda de los mismos pueblos ind\u00edgenas.<\/p>\n\n\n\n<p><strong><em>Conclusi\u00f3n:<\/em><\/strong><\/p>\n\n\n\n<p>En esta peque\u00f1a rese\u00f1a se ha trabajado solamente uno de los 7 apartados que componen el libro, vale decir que se trata en su entereza de una obra que recoge la gran mayor\u00eda de los detalles de la historia continental de Am\u00e9rica analizada y estructurada en una forma que resulta esclarecedora para quien lea el libro.<\/p>\n\n\n\n<p>La historia de Am\u00e9rica Latina y el Caribe ha estado marcada por las grandes tendencias globales, as\u00ed como de la emergencia de las potencias imperiales en ascenso y ca\u00edda. Valen destacar los esfuerzos de unidad de Sim\u00f3n Bol\u00edvar, pasando por las corrientes antiimperialistas, reformistas e indigenistas, pues de estos fen\u00f3menos pol\u00edticos y sociales han estado en consonancia con otros procesos de resistencia o liberaci\u00f3n de otras latitudes.<\/p>\n\n\n\n<p>As\u00ed con varios de los datos y contextualizaciones entregadas por el autor es posible vislumbrar parte de las estrategias y acciones de contenci\u00f3n del desarrollo e industrializaci\u00f3n de los Estados latinoamericanos. &nbsp;En las cuales, los sectores conservadores y olig\u00e1rquicos dependientes de capital exterior, han jugado un papel importante en las acciones reaccionarias a las alternativas de la regi\u00f3n.<\/p>\n\n\n\n<p>As\u00ed, con esta obra pueden verse graficados c\u00f3mo con el pasar de las d\u00e9cadas del siglo pasado y el presente, se ha pasado de m\u00e9todos duros control pol\u00edtico econ\u00f3mico e imposici\u00f3n de modelos econ\u00f3micos, a otros medios m\u00e1s solapados. Principalmente mediante el empleo de medios de comunicaci\u00f3n y la promulgaci\u00f3n de leyes que progresivamente han ido lesionando desde adentro al Estado Social de Derecho de la regi\u00f3n, asimismo como los derechos de las diferentes poblaciones de estratos medios y bajos.<\/p>\n\n\n\n<p>En fin, se ha asistido a un aumento de las libertades y garant\u00edas de empresa para las grandes compa\u00f1\u00edas y capitales financieros industriales o especulativos, al momento que se han ido reduciendo a m\u00ednimos los derechos de las poblaciones. &nbsp;<\/p>\n\n\n\n<div class=\"wp-block-themeisle-blocks-advanced-columns has-1-columns has-desktop-equal-layout has-tablet-equal-layout has-mobile-equal-layout has-default-gap has-vertical-unset\" id=\"wp-block-themeisle-blocks-advanced-columns-507ca594\"><div class=\"wp-block-themeisle-blocks-advanced-columns-overlay\"><\/div><div class=\"innerblocks-wrap\">\n<div class=\"wp-block-themeisle-blocks-advanced-column\" id=\"wp-block-themeisle-blocks-advanced-column-2d4f96ee\"><\/div>\n<\/div><\/div>\n","protected":false},"excerpt":{"rendered":"<p>Libro: Historia Global de Am\u00e9rica Latina: Del siglo XXI a la independenciaAutor:&nbsp;H\u00e9ctor P\u00e9rez BrignoliA\u00f1o original de publicaci\u00f3n:&nbsp;2018Editorial:&nbsp;Alianza Editoria..Rese\u00f1ado por:&nbsp;Roy Gonz\u00e1lez SanchoPalabras clave:&nbsp;Historia, Am\u00e9rica Latina, proceso de independenciaCitaci\u00f3n del libro: P\u00e9rez, H. (2018) Historia Global de Am\u00e9rica Latina: Del Siglo XXI a la Independencia. Alianza Editorial. Aunque el autor del libro [&hellip;]<\/p>\n","protected":false},"author":1,"featured_media":2505,"parent":0,"menu_order":0,"comment_status":"closed","ping_status":"closed","template":"","meta":{"ngg_post_thumbnail":0,"_themeisle_gutenberg_block_has_review":false,"footnotes":""},"class_list":["post-2502","page","type-page","status-publish","has-post-thumbnail","hentry"],"_links":{"self":[{"href":"https:\/\/investiga.uned.ac.cr\/agendajoven\/wp-json\/wp\/v2\/pages\/2502","targetHints":{"allow":["GET"]}}],"collection":[{"href":"https:\/\/investiga.uned.ac.cr\/agendajoven\/wp-json\/wp\/v2\/pages"}],"about":[{"href":"https:\/\/investiga.uned.ac.cr\/agendajoven\/wp-json\/wp\/v2\/types\/page"}],"author":[{"embeddable":true,"href":"https:\/\/investiga.uned.ac.cr\/agendajoven\/wp-json\/wp\/v2\/users\/1"}],"replies":[{"embeddable":true,"href":"https:\/\/investiga.uned.ac.cr\/agendajoven\/wp-json\/wp\/v2\/comments?post=2502"}],"version-history":[{"count":0,"href":"https:\/\/investiga.uned.ac.cr\/agendajoven\/wp-json\/wp\/v2\/pages\/2502\/revisions"}],"wp:featuredmedia":[{"embeddable":true,"href":"https:\/\/investiga.uned.ac.cr\/agendajoven\/wp-json\/"}],"wp:attachment":[{"href":"https:\/\/investiga.uned.ac.cr\/agendajoven\/wp-json\/wp\/v2\/media?parent=2502"}],"curies":[{"name":"wp","href":"https:\/\/api.w.org\/{rel}","templated":true}]}}