{"id":2467,"date":"2022-03-01T11:29:41","date_gmt":"2022-03-01T17:29:41","guid":{"rendered":"https:\/\/investiga.uned.ac.cr\/agendajoven\/?page_id=2467"},"modified":"2022-03-01T11:29:41","modified_gmt":"2022-03-01T17:29:41","slug":"la-dependencia-politico-economica-de-america-latina-varios-autores","status":"publish","type":"page","link":"https:\/\/investiga.uned.ac.cr\/agendajoven\/la-dependencia-politico-economica-de-america-latina-varios-autores\/","title":{"rendered":"La dependencia pol\u00edtico-econ\u00f3mica de Am\u00e9rica Latina &#8211; Varios Autores"},"content":{"rendered":"\n<div class=\"wp-block-themeisle-blocks-advanced-columns has-1-columns has-desktop-equal-layout has-tablet-equal-layout has-mobile-equal-layout has-default-gap has-vertical-unset\" id=\"wp-block-themeisle-blocks-advanced-columns-0f687047\"><div class=\"wp-block-themeisle-blocks-advanced-columns-overlay\"><\/div><div class=\"innerblocks-wrap\">\n<div class=\"wp-block-themeisle-blocks-advanced-column\" id=\"wp-block-themeisle-blocks-advanced-column-ce13a088\">\n<div class=\"wp-block-image\"><figure class=\"aligncenter size-full is-resized\"><a href=\"https:\/\/investiga.uned.ac.cr\/agendajoven\/wp-content\/uploads\/sites\/16\/2022\/03\/la-dependencia-politica-economica-de-america-latina.jpg\"><img fetchpriority=\"high\" decoding=\"async\" src=\"https:\/\/investiga.uned.ac.cr\/agendajoven\/wp-content\/uploads\/sites\/16\/2022\/03\/la-dependencia-politica-economica-de-america-latina.jpg\" alt=\"\" class=\"wp-image-2464\" width=\"352\" height=\"493\" \/><\/a><\/figure><\/div>\n<\/div>\n<\/div><\/div>\n\n\n\n<p> <strong>Libro<\/strong>: La dependencia pol\u00edtico-econ\u00f3mica de Am\u00e9rica Latina<br \/><strong>Autor:<\/strong>&nbsp;Helio Jaguaribe, Aldo Ferrer, Migel Wionczek y Thetonio Dos Santos<br \/><strong>A\u00f1o original de publicaci\u00f3n:&nbsp;<\/strong>1969<br \/><strong>Editorial:&nbsp;<\/strong>Siglo XXI Editores<br \/><strong>Rese\u00f1ado por:&nbsp;<\/strong>Bryan Vargas Vargas<br \/><strong>Palabras clave:&nbsp;<\/strong>Am\u00e9rica Latina, teor\u00eda de la dependencia, pol\u00edtica, econom\u00eda<br \/><strong>Citaci\u00f3n:<\/strong> Dos Santo, T. et. al (1973)<em> La dependencia pol\u00edtico-econ\u00f3mica de Am\u00e9rica Latina.<\/em>&nbsp; Ciudad de M\u00e9xico, Siglo XXI editores. <\/p>\n\n\n\n<p>Este texto de la Editorial Siglo XXI editado entre los a\u00f1os 1970 y 1973 ofrece consideraciones respecto al ejercicio o no de la autonom\u00eda de los pa\u00edses latinoamericanos en los \u00e1mbitos pol\u00edtico y econ\u00f3mico frente a los centros de poder, es la s\u00edntesis de los debates de la segunda reuni\u00f3n de la Asamblea General del Consejo Latinoamericano de Ciencias Sociales en 1968.<\/p>\n\n\n\n<p>Hay un \u00e9nfasis en el periodo posterior a la segunda guerra mundial cuando bajo el concepto de <em>desarrollo<\/em> los pa\u00edses de la regi\u00f3n inician un programa de medidas principalmente sobre las formas de producci\u00f3n con la finalidad de repetir acciones de los centros de poder y alcanzar sus est\u00e1ndares. Esta premisa del desarrollo es acompa\u00f1ada por pretensiones nomot\u00e9ticas de la ciencia social dominante de ese momento, como lo era el pensamiento estadounidense con una ideolog\u00eda impl\u00edcita.<\/p>\n\n\n\n<p>El texto parte con las argumentaciones de Jaguaribe sobre los tres principales problemas estructurales de Am\u00e9rica Latina finalizando la d\u00e9cada de los a\u00f1os 1950, el autor puntualiza en: a) el estancamiento econ\u00f3mico, pol\u00edtico, social y cultural, b) la marginalidad, respecto a otras regiones del mundo, en la propia desigualdad en los pa\u00edses de la regi\u00f3n y la degradaci\u00f3n de los sectores primarios y terciarios de la econom\u00eda y c) desnacionalizaci\u00f3n de la econom\u00eda en los \u00e1mbitos econ\u00f3micos, cient\u00edfico-tecnol\u00f3gicos y pol\u00edtico militar.<\/p>\n\n\n\n<p>Las anteriores consecuencias de un \u201cidealismo economicista\u201d (1973, p. 38) explicado como \u201cel proceso econ\u00f3mico y sus agentes, en un r\u00e9gimen de libre econom\u00eda generan espont\u00e1neamente el desarrollo econ\u00f3mico en una situaci\u00f3n pol\u00edtica y cultural neutra, de otro lado, acarrean positivamente por una especie de armon\u00eda preestablecida del desarrollo pol\u00edtico, cultural y social de las sociedades en cuesti\u00f3n, as\u00ed como un ajuste mutuamente ben\u00e9fico de las relaciones entre la sociedad que recibe capital y la tecnolog\u00eda y las sociedades que los proveen.\u201d<\/p>\n\n\n\n<p>Por otro lado, Ferrer, aporta en la comprensi\u00f3n a los factores para la integraci\u00f3n Latinoam\u00e9rica como lo fueron: a) el agotamiento de la sustituci\u00f3n de importaciones, b) la integraci\u00f3n de los perfiles industriales y c) las tendencias del comercio mundial de manufacturas y el papel dominante de las corporaciones internacionales en los sectores industriales de base.<\/p>\n\n\n\n<p>Wionczek desarrolla otra de las aristas consecuentes de las pretensiones de desarrollo como lo fue y es el endeudamiento p\u00fabico externo, que para el periodo en el que escribe el texto (d\u00e9cada de los a\u00f1os 1960) se hab\u00eda triplicado y para la d\u00e9cada de los a\u00f1os de 1970 el \u201cel volumen de los nuevos pr\u00e9stamos ya no bastaba para cubrir los compromisos financieros originados por la deuda p\u00fablica externa contra\u00edda con anterioridad\u201d.<\/p>\n\n\n\n<p>El \u00faltimo de los desarrollos del texto es a cargo de Theotonio dos Santos propiamente sobre la crisis de la teor\u00eda del desarrollo, y considerando tambi\u00e9n el peso de las ciencias sociales latinoamericanas que pese a matices cr\u00edticos sobre el colonialismo, parece que hay un triunfo de la tendencia a discutir desde el <em>desarrollo.<\/em><\/p>\n\n\n\n<p>Dos Santos argumenta que el desarrollo o lo que eso significaba para Am\u00e9rica Latina significa: a) dirigirse a determinadas metas individuales y sociales que se abstraen de las sociedades m\u00e1s desarrolladas, b) que los pa\u00edses sub desarrollados eliminar\u00e1n obst\u00e1culos sociales, pol\u00edticos, culturales e institucionales, c) utilizar los recurso nacionales de forma m\u00e1s racional y que puedan ser catalogados y usados por el planeamiento y d) la coordinaci\u00f3n de ciertas fuerzas sociales y pol\u00edticas que sustentar\u00edan la pol\u00edtica de desarrollo, y una base ideol\u00f3gica que organice la voluntad nacional.<\/p>\n\n\n\n<p>Ante estos postulados explica el mismo autor que los resultados fueron una aventura de los pueblos bajo leyes del desarrollo de los pa\u00edses desarrollados, apostando por la utilizaci\u00f3n optima de los recursos que modelan las sociedades, modernas, racionales e industriales.<\/p>\n\n\n\n<p>Tales acciones de reproducci\u00f3n llevan a la crisis del modelo para Am\u00e9rica Latina, un \u201cdesarrollo hacia adentro\u201d que se expres\u00f3 un deterioro de las divisas (para la modernizaci\u00f3n de la industria) por tanto una mayor dependencia del comercio exterior, d\u00e9ficit de la balanza de pagos, control creciente del capital extranjero sobre la industria, marginalidad masiva de poblaci\u00f3n campesina desempleada, limitaci\u00f3n en el acceso a al conocimiento tecnol\u00f3gico, elites regionales articuladas con los capitales extranjeros, entre otras.<\/p>\n\n\n\n<p>Aunque la obra ya cumple m\u00e1s de 50 a\u00f1os desde su primera edici\u00f3n las discusiones est\u00e1n abiertas no solo por la vigencia de la idea de desarrollo que se puede encontrar discursivamente en decisiones pol\u00edticas, econ\u00f3micas, productivas, sino que adem\u00e1s contin\u00faan medidas como las antes descritas y que gozan de cierta legitimidad como la inversi\u00f3n extranjera, la reducci\u00f3n de la intrusi\u00f3n de los estados, la reducci\u00f3n de las calidades del empleo, la despreocupaci\u00f3n ambiental y la lista sigue. En ese sentido, parece oportuno continuar las discusiones sobre la dependencia y pensar alternativas.&nbsp;<\/p>\n","protected":false},"excerpt":{"rendered":"<p>Libro: La dependencia pol\u00edtico-econ\u00f3mica de Am\u00e9rica LatinaAutor:&nbsp;Helio Jaguaribe, Aldo Ferrer, Migel Wionczek y Thetonio Dos SantosA\u00f1o original de publicaci\u00f3n:&nbsp;1969Editorial:&nbsp;Siglo XXI EditoresRese\u00f1ado por:&nbsp;Bryan Vargas VargasPalabras clave:&nbsp;Am\u00e9rica Latina, teor\u00eda de la dependencia, pol\u00edtica, econom\u00edaCitaci\u00f3n: Dos Santo, T. et. al (1973) La dependencia pol\u00edtico-econ\u00f3mica de Am\u00e9rica Latina.&nbsp; Ciudad de M\u00e9xico, Siglo XXI editores. [&hellip;]<\/p>\n","protected":false},"author":1,"featured_media":2468,"parent":0,"menu_order":0,"comment_status":"closed","ping_status":"closed","template":"","meta":{"ngg_post_thumbnail":0,"_themeisle_gutenberg_block_has_review":false,"footnotes":""},"class_list":["post-2467","page","type-page","status-publish","has-post-thumbnail","hentry"],"_links":{"self":[{"href":"https:\/\/investiga.uned.ac.cr\/agendajoven\/wp-json\/wp\/v2\/pages\/2467","targetHints":{"allow":["GET"]}}],"collection":[{"href":"https:\/\/investiga.uned.ac.cr\/agendajoven\/wp-json\/wp\/v2\/pages"}],"about":[{"href":"https:\/\/investiga.uned.ac.cr\/agendajoven\/wp-json\/wp\/v2\/types\/page"}],"author":[{"embeddable":true,"href":"https:\/\/investiga.uned.ac.cr\/agendajoven\/wp-json\/wp\/v2\/users\/1"}],"replies":[{"embeddable":true,"href":"https:\/\/investiga.uned.ac.cr\/agendajoven\/wp-json\/wp\/v2\/comments?post=2467"}],"version-history":[{"count":0,"href":"https:\/\/investiga.uned.ac.cr\/agendajoven\/wp-json\/wp\/v2\/pages\/2467\/revisions"}],"wp:featuredmedia":[{"embeddable":true,"href":"https:\/\/investiga.uned.ac.cr\/agendajoven\/wp-json\/"}],"wp:attachment":[{"href":"https:\/\/investiga.uned.ac.cr\/agendajoven\/wp-json\/wp\/v2\/media?parent=2467"}],"curies":[{"name":"wp","href":"https:\/\/api.w.org\/{rel}","templated":true}]}}