{"id":2416,"date":"2021-12-06T13:22:56","date_gmt":"2021-12-06T19:22:56","guid":{"rendered":"https:\/\/investiga.uned.ac.cr\/agendajoven\/?page_id=2416"},"modified":"2021-12-06T13:22:56","modified_gmt":"2021-12-06T19:22:56","slug":"como-funciona-la-musica-david-byrne","status":"publish","type":"page","link":"https:\/\/investiga.uned.ac.cr\/agendajoven\/como-funciona-la-musica-david-byrne\/","title":{"rendered":"C\u00f3mo funciona la m\u00fasica &#8211; David Byrne"},"content":{"rendered":"\n<div class=\"wp-block-image\"><figure class=\"aligncenter size-large is-resized\"><a href=\"https:\/\/investiga.uned.ac.cr\/agendajoven\/wp-content\/uploads\/sites\/16\/2021\/12\/71MPQtVv7CL-1.jpg\"><img fetchpriority=\"high\" decoding=\"async\" src=\"https:\/\/investiga.uned.ac.cr\/agendajoven\/wp-content\/uploads\/sites\/16\/2021\/12\/71MPQtVv7CL-1-674x1024.jpg\" alt=\"\" class=\"wp-image-2417\" width=\"337\" height=\"512\" \/><\/a><\/figure><\/div>\n\n\n\n<p><strong>Libro<\/strong>: C\u00f3mo funciona la m\u00fasica.<br \/><strong>Autora:<\/strong>&nbsp;David Byrne<br \/><strong>A\u00f1o original de publicaci\u00f3n:&nbsp;<\/strong>2012<br \/><strong>Editorial:&nbsp;<\/strong>Sexto Piso<br \/><strong>Rese\u00f1ado por:&nbsp;<\/strong>Fernando Obando Reyes<br \/><strong>Palabras clave:&nbsp;<\/strong>m\u00fasica, bandas, sonido, tecnolog\u00eda<br \/><strong>Citaci\u00f3n del libro: Byrne, D. (2017). <\/strong><em>C\u00f3mo funciona la m\u00fasica.<\/em> Sexto Piso. Ciudad de M\u00e9xico. M\u00e9xico.<\/p>\n\n\n\n<p>Es casi imposible iniciar la rese\u00f1a de \u201cComo funciona la m\u00fasica\u201d sin hacer una referencia directa a su autor. David Byrne ha construido una carrera sumamente prol\u00edfica en donde se ha desarrollado como cantante, actor, multiinstrumentalista, director de obras teatrales, escritor, acad\u00e9mico, gestor cultural, tan solo por citar algunas actividades.<\/p>\n\n\n\n<p>Quiz\u00e1s, uno de sus \u201cpapeles protagonistas\u201d fue capturado con la banda neoyorquina de finales de los 70, <em>Talking Heads<\/em>, la cual tuvo varios \u00e9xitos a nivel mundial que se manifestaron tanto radialmente como en las ya extintas horas interminables de videos musicales de MTV. Byrne tambi\u00e9n es reconocido por su carrera solista en donde un estudio casi-etnogr\u00e1fico de la m\u00fasica y una curiosidad constante le han permitido formar diversos espect\u00e1culos que se comunican con artistas de todo el mundo; destac\u00e1ndose un v\u00ednculo hist\u00f3rico con artistas de Latinoam\u00e9rica como Celia Cruz, Caetano Veloso, Caf\u00e9 Tacvba, Buena Vista Social Club, entre un sinf\u00edn de ejemplos m\u00e1s.<\/p>\n\n\n\n<p>Para quien busca un libro autobiogr\u00e1fico de Byrne probablemente no ver\u00e1 sus expectativas cumplidas en \u201cC\u00f3mo Funciona la M\u00fasica\u201d, y quien ande tras un texto hiper-anal\u00edtico en el sentido te\u00f3rico de la m\u00fasica como objeto de estudio filos\u00f3fico o social, tal vez sea otro el t\u00edtulo el que venga a mejor conveniencia. Con esto apunto a que la obra no cae en ninguno de los 2 extremos y el autor nos lo advierte: se utilizan muchos ejemplos de su carrera y expresiones coloquiales, pues le interesa ser accesible y vers\u00e1til con la persona lectora y recurrir a ejemplos concretos de los cuales tenga conocimiento; por otro lado, esto no implica que los an\u00e1lisis de Byrne no sean densos, complejos y concienzudos, teniendo en cuenta adem\u00e1s que a lo largo de los cap\u00edtulos con mayor o menor medida hace uso de referencias directas a teor\u00eda de la m\u00fasica tanto cl\u00e1sica como contempor\u00e1nea.<\/p>\n\n\n\n<p>El libro se divide en 10 cap\u00edtulos y 1 prefacio, el cual nos advierte que podemos empezar por el cap\u00edtulo de nuestra preferencia, pues a lo largo de ellos se llegan a tocar temas diversos y contrastantes, pero que existe un cierto tipo de orden elegido que permite sacar m\u00e1s provecho a la lectura y a comprender a mayor profundidad la relaci\u00f3n de algunas ideas que son retomadas constantemente.<\/p>\n\n\n\n<p>En el cap\u00edtulo 1: \u201cCreaci\u00f3n a la inversa\u201d, Byrne explica como considera inalienable la conexi\u00f3n entre la m\u00fasica y el contexto en el que esta es creada. A trav\u00e9s de ejemplos de su carrera y una revisi\u00f3n hist\u00f3rica de los espacios dedicados o en conexi\u00f3n con la m\u00fasica, el autor desarrolla un an\u00e1lisis que permite apreciar diversos cambios que se han dado a trav\u00e9s del tiempo tanto en los espacios p\u00fablicos en donde se escucha m\u00fasica (salas de conciertos, plazas, festivales), como en los privados. Dichos cambios est\u00e1n estrechamente relacionados con las posibilidades tecnol\u00f3gicas y los contextos sociales en los que se interpreta cierto tipo de m\u00fasica.<\/p>\n\n\n\n<p>M\u00e1s adelante, en el siguiente cap\u00edtulo titulado \u201cMi vida actuando\u201d, el musico se permite cuestionar lo que implica el <em>performance<\/em> en las puestas en escena de las personas artistas en la m\u00fasica. \u00bfQu\u00e9 tanto se mete el teatro ac\u00e1? \u00bfC\u00f3mo se utilizan las conexiones art\u00edsticas interdisciplinarias para crear diferentes experiencias en la m\u00fasica contempor\u00e1nea? \u00bfQu\u00e9 implica para una persona dedicada m\u00fasica enfrentar el performance? Estos y otros cuestionamientos ayudan a darle forma a esta secci\u00f3n del libro.<\/p>\n\n\n\n<p>A pesar de su independencia entre cap\u00edtulos, me parece que es necesario destacar que el 3 y el 4 se encuentran m\u00e1s vinculados que otros. Ambos llevan por nombre \u201cLa tecnolog\u00eda da forma a la m\u00fasica\u201d, con la diferencia de que la primera parte se centra en el desarrollo de la grabaci\u00f3n anal\u00f3gica y la segunda en la digital. Durante estas p\u00e1ginas Byrne se dedica a hacer una recapitulaci\u00f3n hist\u00f3rica que nos permite cuestionar la noci\u00f3n de c\u00f3mo escuchamos el mundo. \u00bfQu\u00e9 entendemos por una <em>buena\/mala<\/em> grabaci\u00f3n? \u00bfSe adapt\u00f3 la m\u00fasica a otras formas de interacci\u00f3n por medio de los avances tecnol\u00f3gicos? \u00bfQu\u00e9 implica dicho acto?, son algunas de las preguntas que intenta responder esta secci\u00f3n.<\/p>\n\n\n\n<p>\u201cEn el estudio de grabaci\u00f3n\u201d es el cap\u00edtulo 5 del libro y este se centra en las experiencias de Byrne a la hora de grabar, destacando, que estas han sido sumamente variadas. Para dar un ejemplo, algunas de sus obras han sido grabadas con su computadora casera, un micr\u00f3fono, una mezcladora y una guitarra, mientras que otras se han hecho en grandes estudios de grabaci\u00f3n con colaboraciones orquestales en las cuales altos presupuestos entran en juego. A trav\u00e9s de sus an\u00e9cdotas nos adentramos en el mundo de la grabaci\u00f3n musical y sus m\u00faltiples matices.<\/p>\n\n\n\n<p>Como siguiente tema a tratar, el autor pone atenci\u00f3n a las \u201cColaboraciones\u201d, nombre que le da al cap\u00edtulo 6. Esta secci\u00f3n nos deja claro que si hay algo que apasiona al autor es mantenerse en una incansable b\u00fasqueda de m\u00fasica m\u00e1s all\u00e1 de sus g\u00e9neros o estilos y que la oportunidad de generar colaboraciones puede implicar una forma de generar encuentros culturales que se convierten en un veh\u00edculo para otras cosmovisiones.<\/p>\n\n\n\n<p>Para quienes gustan de an\u00e1lisis m\u00e1s pr\u00e1cticos, el cap\u00edtulo 7 \u201cNegocios y Finanzas\u201d brinda un espectacular an\u00e1lisis el cu\u00e1l es tan cr\u00edtico como crudo. Byrne de manera casi lapidaria, anuncia importantes transformaciones de la \u201cindustria musical\u201d y lo que implica este modelo de desarrollo para la m\u00fasica. Con particular cuidado, explica detalladamente diferentes posibilidades de sostenibilidad que existen para proyectos musicales y lo que estas pueden implicar. Cabe destacar que es quiz\u00e1s uno de los cap\u00edtulos del libro que m\u00e1s inc\u00f3gnitas abiertas deja, pues aun nos encontramos en una transformaci\u00f3n sumamente agresiva de la industria\/mercado musical que parece se extender\u00e1 indefinidamente.<\/p>\n\n\n\n<p>El cap\u00edtulo 8 nos presenta una aguda reflexi\u00f3n respecto a lo que Byrne considera podr\u00edan ser los principios bajos los cuales se crea una <em>escena<\/em>. En \u201cC\u00f3mo se crea una escena\u201d, el cantante nos explica que m\u00e1s all\u00e1 de una formula o una receta, quiere resumir algunos elementos que considera aparecen de manera repetida a la hora del nacimiento de una comunidad musical que es representada por ciertos grupos art\u00edsticos. La clave para su entendimiento estar\u00e1 en las particularidades de cada caso.<\/p>\n\n\n\n<p>\u201c\u00a1Amateurs!\u201d, noveno cap\u00edtulo del libro es quiz\u00e1s el que se acerca m\u00e1s expl\u00edcitamente al plano \u201cpol\u00edtico\u201d de la m\u00fasica y lo que esto implica. Si la m\u00fasica se encuentra estrechamente relacionada con su contexto, tiene sentido cuestionar cu\u00e1l es su relaci\u00f3n con el aparato estatal y la institucionalidad. \u00bfQu\u00e9 implica ciertas pol\u00edticas del sector privado a la hora de la \u201cgesti\u00f3n de lo art\u00edstico\u201d? \u00bfHa logrado el aparato institucional estatal satisfacer las necesidades de las personas en relaci\u00f3n con la m\u00fasica? \u00bfQu\u00e9 implica apoyar el desarrollo de habilidades musicales en la poblaci\u00f3n desde una edad temprana, si se llega a la conclusi\u00f3n de que un elemento como la m\u00fasica no es solo un invento antojadizo, sino una manifestaci\u00f3n creativa vital para la supervivencia de la humanidad en todo tipo de contextos?<\/p>\n\n\n\n<p>Generando un amarre con la \u00faltima pregunta realizada, es como llegamos al cap\u00edtulo 10: \u201cHarmonia Mundi\u201d, en donde Byrne intenta establecer algunas de las relaciones filos\u00f3ficas m\u00e1s complejas para definir a la m\u00fasica como un objeto de estudio. El autor echa mano a referencias multidisciplinarias de diferentes partes del mundo para demostrar la complejidad del t\u00e9rmino \u201cm\u00fasica\u201d y c\u00f3mo este ha sido analizado a trav\u00e9s del tiempo. Aunado a esto, nos demuestra que la m\u00fasica a pesar de su \u201cnaturaleza ef\u00edmera\u201d se ha convertido en un pilar fundamental para la supervivencia cultural y biol\u00f3gica del ser humano a trav\u00e9s de miles de a\u00f1os y probablemente lo seguir\u00e1 siendo.<\/p>\n\n\n\n<p>\u201cC\u00f3mo funciona la m\u00fasica\u201d es una obra que se encuentra vigente y se perfila como de lectura obligatoria para amantes de la m\u00fasica de todo tipo, pues plantea provocativas preguntas que los estudios musicales latinoamericanos pueden retomar para generar debates pertinentes.<\/p>\n\n\n\n<div class=\"wp-block-themeisle-blocks-advanced-columns has-1-columns has-desktop-equal-layout has-tablet-equal-layout has-mobile-equal-layout has-default-gap has-vertical-unset\" id=\"wp-block-themeisle-blocks-advanced-columns-dac0eeda\"><div class=\"wp-block-themeisle-blocks-advanced-columns-overlay\"><\/div><div class=\"innerblocks-wrap\">\n<div class=\"wp-block-themeisle-blocks-advanced-column\" id=\"wp-block-themeisle-blocks-advanced-column-d9e8d489\"><\/div>\n<\/div><\/div>\n","protected":false},"excerpt":{"rendered":"<p>Libro: C\u00f3mo funciona la m\u00fasica.Autora:&nbsp;David ByrneA\u00f1o original de publicaci\u00f3n:&nbsp;2012Editorial:&nbsp;Sexto PisoRese\u00f1ado por:&nbsp;Fernando Obando ReyesPalabras clave:&nbsp;m\u00fasica, bandas, sonido, tecnolog\u00edaCitaci\u00f3n del libro: Byrne, D. (2017). C\u00f3mo funciona la m\u00fasica. Sexto Piso. Ciudad de M\u00e9xico. M\u00e9xico. Es casi imposible iniciar la rese\u00f1a de \u201cComo funciona la m\u00fasica\u201d sin hacer una referencia directa a su [&hellip;]<\/p>\n","protected":false},"author":1,"featured_media":2419,"parent":0,"menu_order":0,"comment_status":"closed","ping_status":"closed","template":"","meta":{"ngg_post_thumbnail":0,"_themeisle_gutenberg_block_has_review":false,"footnotes":""},"class_list":["post-2416","page","type-page","status-publish","has-post-thumbnail","hentry"],"_links":{"self":[{"href":"https:\/\/investiga.uned.ac.cr\/agendajoven\/wp-json\/wp\/v2\/pages\/2416","targetHints":{"allow":["GET"]}}],"collection":[{"href":"https:\/\/investiga.uned.ac.cr\/agendajoven\/wp-json\/wp\/v2\/pages"}],"about":[{"href":"https:\/\/investiga.uned.ac.cr\/agendajoven\/wp-json\/wp\/v2\/types\/page"}],"author":[{"embeddable":true,"href":"https:\/\/investiga.uned.ac.cr\/agendajoven\/wp-json\/wp\/v2\/users\/1"}],"replies":[{"embeddable":true,"href":"https:\/\/investiga.uned.ac.cr\/agendajoven\/wp-json\/wp\/v2\/comments?post=2416"}],"version-history":[{"count":0,"href":"https:\/\/investiga.uned.ac.cr\/agendajoven\/wp-json\/wp\/v2\/pages\/2416\/revisions"}],"wp:featuredmedia":[{"embeddable":true,"href":"https:\/\/investiga.uned.ac.cr\/agendajoven\/wp-json\/"}],"wp:attachment":[{"href":"https:\/\/investiga.uned.ac.cr\/agendajoven\/wp-json\/wp\/v2\/media?parent=2416"}],"curies":[{"name":"wp","href":"https:\/\/api.w.org\/{rel}","templated":true}]}}