{"id":2168,"date":"2021-07-30T15:50:03","date_gmt":"2021-07-30T21:50:03","guid":{"rendered":"https:\/\/investiga.uned.ac.cr\/agendajoven\/?page_id=2168"},"modified":"2021-07-30T15:50:03","modified_gmt":"2021-07-30T21:50:03","slug":"vidas-sitiadas-jovenes-exclusion-laboral-y-violencia-urbana-en-centroamerica","status":"publish","type":"page","link":"https:\/\/investiga.uned.ac.cr\/agendajoven\/vidas-sitiadas-jovenes-exclusion-laboral-y-violencia-urbana-en-centroamerica\/","title":{"rendered":"Vidas sitiadas: J\u00f3venes, exclusi\u00f3n laboral y violencia urbana en Centroam\u00e9rica"},"content":{"rendered":"\n<div class=\"wp-block-themeisle-blocks-advanced-columns has-1-columns has-desktop-equal-layout has-tablet-equal-layout has-mobile-equal-layout has-default-gap has-vertical-unset\" id=\"wp-block-themeisle-blocks-advanced-columns-676e36c5\"><div class=\"wp-block-themeisle-blocks-advanced-columns-overlay\"><\/div><div class=\"innerblocks-wrap\">\n<div class=\"wp-block-themeisle-blocks-advanced-column\" id=\"wp-block-themeisle-blocks-advanced-column-99b56ffe\">\n<div class=\"wp-block-image\"><figure class=\"aligncenter size-full\"><a href=\"https:\/\/investiga.uned.ac.cr\/agendajoven\/wp-content\/uploads\/sites\/16\/2021\/07\/42ews.jpg\"><img decoding=\"async\" src=\"https:\/\/investiga.uned.ac.cr\/agendajoven\/wp-content\/uploads\/sites\/16\/2021\/07\/42ews.jpg\" alt=\"\" class=\"wp-image-2169\" \/><\/a><\/figure><\/div>\n\n\n\n<p><strong>Libro<\/strong>: Vidas Sitiadas: J\u00f3venes, Exclusi\u00f3n Laboral y Violencia Urbana En Centroam\u00e9rica<br \/><strong>Personas autoras:<\/strong>\u00a0Juan Pablo P\u00e9rez S\u00e1inz, Editor. Wendy Alas Velado, Florencio Ceballos Schaulsohn, Francisco Hern\u00e1ndez Ulloa, Margarita Montoya Hern\u00e1ndez y Minor Mora Salas<br \/><strong>A\u00f1o original de publicaci\u00f3n:\u00a0<\/strong>2018<br \/><strong>Editorial:\u00a0<\/strong>Facultad Latinoamericana de Ciencias Sociales, Sede Acad\u00e9mica Costa Rica.<br \/><strong>Rese\u00f1ado por:\u00a0<\/strong>Maikol Picado Cortes<br \/><strong>Palabras clave:\u00a0<\/strong>J\u00f3venes, exclusi\u00f3n laboral, violencia urbana.<br \/><strong>Citaci\u00f3n del libro<\/strong>: S\u00e1inz, J. P. P. (2018). <em>Vidas sitiadas<\/em>. Facultad Latinoamericana de Ciencias Sociales (FLACSO), Sede Acad\u00e9mica Costa Rica.<br \/><\/p>\n\n\n\n<p>En esta ocasi\u00f3n tuve la dicha de estudiar y leer este libro; representa para mi una oportunidad de conocer m\u00e1s sobre el tema de juventudes, as\u00ed como recordar mi infancia debido a que en esta etapa de mi vida visit\u00e9 varias veces Los Guido de Desamparados sector 7, donde viv\u00edan algunos familiares. Esto result\u00f3 significativo en la medida que conoc\u00ed la historia sobre la conformaci\u00f3n de este barrio, as\u00ed como sus din\u00e1micas actuales. Adem\u00e1s de indagar sobre el contexto salvadore\u00f1o y las personas j\u00f3venes de este pa\u00eds.<\/p>\n\n\n\n<p>El libro \u201cVidas Sitiadas\u201d tiene como prop\u00f3sito conocer los relatos de vida de personas j\u00f3venes entre los 18 y 29 a\u00f1os de edad, de dos comunidades; Los Guido en el Cant\u00f3n de Desamparados en Costa Rica y tres colonias de Soyapango en el Salvador. Lo anterior con el fin de dimensionar categor\u00edas sobre violencia, empleo y juventud.<\/p>\n\n\n\n<p>La investigaci\u00f3n consisti\u00f3 en 5 etapas, en una primera se realizaron entrevistas a diferentes actores institucionales del sector estatal, empresarial y de la sociedad civil de ambos pa\u00edses, lo anterior para conocer c\u00f3mo estos actores perciben la violencia, el empleo y la juventud. En una segunda etapa, \u201cse llevaron a cabo peque\u00f1os estudios (\u2026) en el caso de la OMIL (Costa Rica), se aplic\u00f3 un diagn\u00f3stico del programa estatal \u201cEmpl\u00e9ate\u201d complementado por la valoraci\u00f3n de un grupo reducido de personas beneficiarias. En el caso de FUSALMO (El Salvador), se llev\u00f3 a cabo un estudio de caracter\u00edsticas similares sobre el eje de gesti\u00f3n sociolaboral de esta instituci\u00f3n\u201d p.11. Las siguientes etapas que corresponden a la tercera, cuarta y quinta son el pilar e insumo principal para la elaboraci\u00f3n del texto.<\/p>\n\n\n\n<p>El libro consta de 5 cap\u00edtulos, adem\u00e1s, de una introducci\u00f3n y un apartado para anexos. En el primer cap\u00edtulo se analizan las encuestas realizadas a las personas j\u00f3venes y se hace una comparaci\u00f3n entre lo encontrado en Costa Rica y las colonias Salvadore\u00f1as, brinda adem\u00e1s datos sociodemogr\u00e1ficos y busca establecer una contextualizaci\u00f3n de los lugares. En total se entrevistaron a 418 personas j\u00f3venes en El Salvador y a 467 en Costa Rica.<\/p>\n\n\n\n<p>Entre los principales hallazgos de este cap\u00edtulo se identifican tres problem\u00e1ticas principales, a saber: \u201cla precarizaci\u00f3n de las relaciones asalariadas es baja; las posibilidades de iniciativa empresariales exitosas son muy poco probables y el gran problema es el desempleo\u201d p.38<\/p>\n\n\n\n<p>El capitulo dos se desarrolla en torno a la comunidad de los Guidos en Costa Rica, se parte de una pregunta fundamental \u201c\u00bfpor qu\u00e9 j\u00f3venes provenientes de un mismo contexto social tienen trayectorias de vida distintas?\u201d p.49, para la cu\u00e1l se formula la hip\u00f3tesis de que las distintas trayectorias que pueden tomar las personas j\u00f3venes se relacionan con las diferentes mediaciones que se dan en el contexto. Sobre esto se concluye que a pesar de vivir en un mismo lugar, las personas j\u00f3venes de los Guidos pueden tomar caminos diferentes para \u201csalir adelante\u201d esto depender\u00e1 de las mediaciones propias del espacio comunal, familiar, educativo y laboral, as\u00ed como de las din\u00e1micas que pueden ser parte de la violencia ejercida en la comunidad.<\/p>\n\n\n\n<p>El cap\u00edtulo III desarrolla la tem\u00e1tica sobre como sobrevivir a la violencia, adem\u00e1s, cu\u00e1les son las v\u00edas laborales a las que se tiene acceso y las estrategias de adaptaci\u00f3n territorial en Soyapango en El Salvador. Se indica como principal hallazgo que, en un n\u00famero significativo de los casos estudiados, las personas j\u00f3venes quieren seguir viviendo en Soyapango, lo cu\u00e1l genera una interrogante en la medida de lo complejo que resulta el contexto de violencia en el que estas personas se desenvuelven. Sobre lo anterior existen en el cuerpo del texto, ejemplos de relatos de personas j\u00f3venes sobre como ellas y sus familias han generado estrategias para adaptarse a un ambiente hostil. Se hace tambi\u00e9n una categorizaci\u00f3n de las v\u00edas posibles para acceder o ser excluido del \u00e1mbito laboral.<\/p>\n\n\n\n<p>El cap\u00edtulo IV versa sobre el riesgo de exclusi\u00f3n sociolaboral de la poblaci\u00f3n joven en Costa Rica y el Salvador y en el cap\u00edtulo V se discute sobre los retos que plantean la inclusi\u00f3n social de las personas j\u00f3venes en un contexto de violencia.<\/p>\n\n\n\n<p>Uno de los principales hallazgos de la investigaci\u00f3n se\u00f1ala que, \u201cen territorios urbano-marginales con crisis de violencia, coexisten dos l\u00f3gicas en competencia en materia de generaci\u00f3n de ingresos. La legal, centrada en el fomento al trabajo y la transgresora, organizada en torno a la generaci\u00f3n de ingresos por medios ilegales\u201d p. 171. Se recalca sobre lo anterior, que la primera l\u00f3gica sobre la generaci\u00f3n de ingresos es la m\u00e1s transitada por las personas j\u00f3venes, que conllevan expectativas de lograr un buen trabajo que propicie un futuro mejor.<\/p>\n\n\n\n<p>Finalmente, el libro permite conocer contextos con situaciones dif\u00edciles que generan din\u00e1micas de vulnerabilidad para las personas j\u00f3venes, esto permea no solamente el \u00e1mbito laboral, sino tambi\u00e9n otras dimensiones de sus vidas en t\u00e9rminos de acceso o exclusi\u00f3n a la salud, la educaci\u00f3n, la familia y las relaciones interpersonales con pares, adem\u00e1s, se evidencia un componente de g\u00e9nero que complejiza a\u00fan m\u00e1s y negativamente el desarrollo de la vida de las mujeres. Adem\u00e1s, el texto da a conocer distintas estrategias que se conforman desde lo familiar y lo individual, para lograr transitar y sobrevivir en ambientes complejos caracterizados por diferentes tipos de obst\u00e1culos y problem\u00e1ticas solventadas y sostenidas por la ausencia o poca presencial del Estado y sus instituciones lo que puede truncar en gran medida las oportunidades de superaci\u00f3n para las personas j\u00f3venes.<\/p>\n<\/div>\n<\/div><\/div>\n","protected":false},"excerpt":{"rendered":"Libro: Vidas Sitiadas: J\u00f3venes, Exclusi\u00f3n Laboral y Violencia Urbana En Centroam\u00e9ricaPersonas autoras:\u00a0Juan Pablo P\u00e9rez S\u00e1inz, Editor. Wendy Alas Velado, Florencio Ceballos Schaulsohn, Francisco Hern\u00e1ndez Ulloa, Margarita Montoya Hern\u00e1ndez y Minor Mora SalasA\u00f1o original de publicaci\u00f3n:\u00a02018Editorial:\u00a0Facultad Latinoamericana de Ciencias Sociales, Sede Acad\u00e9mica Costa Rica.Rese\u00f1ado por:\u00a0Maikol Picado CortesPalabras clave:\u00a0J\u00f3venes, exclusi\u00f3n laboral, violencia [...]","protected":false},"author":1,"featured_media":0,"parent":0,"menu_order":0,"comment_status":"closed","ping_status":"closed","template":"","meta":{"ngg_post_thumbnail":0,"_themeisle_gutenberg_block_has_review":false,"footnotes":""},"class_list":["post-2168","page","type-page","status-publish","hentry"],"_links":{"self":[{"href":"https:\/\/investiga.uned.ac.cr\/agendajoven\/wp-json\/wp\/v2\/pages\/2168","targetHints":{"allow":["GET"]}}],"collection":[{"href":"https:\/\/investiga.uned.ac.cr\/agendajoven\/wp-json\/wp\/v2\/pages"}],"about":[{"href":"https:\/\/investiga.uned.ac.cr\/agendajoven\/wp-json\/wp\/v2\/types\/page"}],"author":[{"embeddable":true,"href":"https:\/\/investiga.uned.ac.cr\/agendajoven\/wp-json\/wp\/v2\/users\/1"}],"replies":[{"embeddable":true,"href":"https:\/\/investiga.uned.ac.cr\/agendajoven\/wp-json\/wp\/v2\/comments?post=2168"}],"version-history":[{"count":0,"href":"https:\/\/investiga.uned.ac.cr\/agendajoven\/wp-json\/wp\/v2\/pages\/2168\/revisions"}],"wp:attachment":[{"href":"https:\/\/investiga.uned.ac.cr\/agendajoven\/wp-json\/wp\/v2\/media?parent=2168"}],"curies":[{"name":"wp","href":"https:\/\/api.w.org\/{rel}","templated":true}]}}