{"id":2078,"date":"2021-07-22T15:55:40","date_gmt":"2021-07-22T21:55:40","guid":{"rendered":"https:\/\/investiga.uned.ac.cr\/agendajoven\/?page_id=2078"},"modified":"2025-08-12T20:01:00","modified_gmt":"2025-08-12T20:01:00","slug":"somos-las-juventudes-del-bicentenario","status":"publish","type":"page","link":"https:\/\/investiga.uned.ac.cr\/agendajoven\/somos-las-juventudes-del-bicentenario\/","title":{"rendered":"Somos las juventudes del Bicentenario"},"content":{"rendered":"\n<div id=\"wp-block-themeisle-blocks-advanced-columns-1fa54504\" class=\"wp-block-themeisle-blocks-advanced-columns alignfull has-2-columns has-desktop-equal-layout has-tablet-equal-layout has-mobile-collapsedRows-layout has-vertical-unset\"><div class=\"wp-block-themeisle-blocks-advanced-columns-overlay\"><\/div><div class=\"innerblocks-wrap\">\n<div id=\"wp-block-themeisle-blocks-advanced-column-976306ab\" class=\"wp-block-themeisle-blocks-advanced-column\">\n<p>Por: Jos\u00e9 Mario L\u00f3pez y Luc\u00eda Vijil\u202fSaybe.\u202f(Honduras)\u202f<br>(Ensayo Ganador)<\/p>\n\n\n\n<p><strong>Resumen:<\/strong><\/p>\n\n\n\n<p> En el ensayo \u201cSomos las juventudes del bicentenario\u201d, Jos\u00e9 Mario L\u00f3pez y Luc\u00eda Vijil&nbsp;Saybe&nbsp;se plantean una pregunta para fundamentar el hilo argumentativo y posibilitar una mirada socio hist\u00f3rica en la exposici\u00f3n de ideas: Hace 100 a\u00f1os \u201c\u00bfqu\u00e9 factores marcaron la coyuntura en Centroam\u00e9rica?\u201d Como respuesta, proporcionan una breve descripci\u00f3n de lo que consideran los principales procesos sociales, pol\u00edticos y econ\u00f3micos de la regi\u00f3n en el \u00faltimo siglo, sus expresiones y la participaci\u00f3n de las juventudes en dichos procesos. El recorrido hist\u00f3rico decanta en un an\u00e1lisis de corte coyuntural donde a grandes rasgos se caracterizan los gobiernos recientes, o bien, situaciones sociopol\u00edticas espec\u00edficas a cada pa\u00eds centroamericano, para con ello dar pie a dos preguntas finales: \u201c\u00bfqu\u00e9 realidades son las que atraviesan la vida, pr\u00e1ctica pol\u00edtica y sentires de las juventudes hoy?\u201d y \u201c\u00bfc\u00f3mo situarnos ante el bicentenario de la independencia?\u201d. En su respuesta, las personas autoras hacen una propuesta para comprender lo juvenil en relaci\u00f3n con distintas dimensiones -g\u00e9nero, migraci\u00f3n, educaci\u00f3n, medioambiente, pol\u00edtica y construcci\u00f3n de identidades- para pasar a proponer un papel hist\u00f3rico espec\u00edfico para las juventudes, como actores sociales, de cara al Bicentenario.<\/p>\n\n\n\n<p class=\"has-text-align-center\"><strong>Somos las juventudes del Bicentenario&nbsp; <\/strong><\/p>\n\n\n\n<p>Tratar de aproximarse a los pensamientos&nbsp;y dinamismos&nbsp;de las juventudes es complejo. M\u00e1s all\u00e1 de la iniciativa creativa y el accionar colectivo retador que nos ha caracterizado hist\u00f3ricamente, debemos reconocer que los contextos nos condicionan o impulsan. La regi\u00f3n centroamericana,&nbsp;adem\u00e1s de&nbsp;su ubicaci\u00f3n estrat\u00e9gica, convoca de forma pol\u00edtica, social, econ\u00f3mica y cultural.&nbsp;Ese&nbsp;llamamiento se ha asumido de forma narrativa, discursiva y transformadora.&nbsp;&nbsp;<\/p>\n\n\n\n<p>En este ejercicio de reflexi\u00f3n es importante la caracterizaci\u00f3n&nbsp;del contexto 100 a\u00f1os&nbsp;atr\u00e1s y preguntarnos&nbsp;\u00bfqu\u00e9 factores marcaron&nbsp;la coyuntura en Centroam\u00e9rica?&nbsp;Est\u00e1 de&nbsp;m\u00e1s indicar que las econom\u00edas supeditadas al enclave&nbsp;y las&nbsp;posteriores&nbsp;econom\u00edas primarias exportadoras,&nbsp;condicionaron las dem\u00e1s estructuras en cada uno de los pa\u00edses. Nos referimos a la conformaci\u00f3n de las \u00e9lites, la acumulaci\u00f3n de capital, la educaci\u00f3n y&nbsp;la&nbsp;salud como&nbsp;un&nbsp;privilegio, as\u00ed como&nbsp;a las formas de conformar los mecanismos de participaci\u00f3n ciudadana y el ideario de democracia.&nbsp;&nbsp;<\/p>\n\n\n\n<p>De igual forma, la construcci\u00f3n pol\u00edtica de la ciudadan\u00eda centroamericana a la luz del recorrido hist\u00f3rico de la regi\u00f3n, nos ofrece un n\u00famero de elementos a considerar para ubicar a las juventudes en contexto:&nbsp;<strong>a)<\/strong>&nbsp;Centroam\u00e9rica ha estado marcada por procesos pol\u00edticos y de revoluci\u00f3n sumamente dolorosos&nbsp;-y que podr\u00edamos afirmar no han sanado-,&nbsp;<strong>b)<\/strong>&nbsp;los movimientos sociales, art\u00edsticos y pol\u00edticos de la regi\u00f3n han sido claves para la disputa de la narrativa hegem\u00f3nica y,&nbsp;<strong>c)<\/strong>&nbsp;la dependencia econ\u00f3mica de la regi\u00f3n ha marcado pautas directas sobre la forma en que las sociedades se piensan&nbsp;y encuentran frente a hitos cr\u00edticos relacionados&nbsp;con&nbsp;la transformaci\u00f3n de la democracia, entendida esta m\u00e1s all\u00e1 del ejercicio electoral.&nbsp;<\/p>\n\n\n\n<p>Pensar a las juventudes hace 100 a\u00f1os y caracterizarlas como poblaciones necesarias en los procesos de cambio&nbsp;de&nbsp;cada uno de&nbsp;los pa\u00edses de la regi\u00f3n, sigue siendo dif\u00edcil, por la diversidad.&nbsp;Pero bien, el intento tiene su punto de salida cuando ubicamos a los sectores estudiantiles en Guatemala,&nbsp;como&nbsp;el&nbsp;primer pa\u00eds en la regi\u00f3n con&nbsp;un&nbsp;sistema universitario y lo necesario de las reformas educativas pensadas desde realidades atravesadas por&nbsp;la&nbsp;guerra, el racismo y el machismo. O bien,&nbsp;cuando se tiene conciencia del ejercicio militante&nbsp;de j\u00f3venes jesuitas y campesinos&nbsp;de El Salvador en los procesos revolucionarios. De igual forma, las juventudes en Honduras que se sumaron a las huelgas bananeras en tiempos de enclave y lo necesario que fue pensarse desde el trabajo digno y el aporte de cada sector en la reducci\u00f3n de las desigualdades.&nbsp;&nbsp;<\/p>\n\n\n\n<p>Precisar hacia d\u00f3nde avanzan o caminan las juventudes ahora, requiere un ejercicio de valoraci\u00f3n sobre los actuales gobiernos en Centroam\u00e9rica, en tanto,&nbsp;su forma de&nbsp;administrar el poder p\u00fablico influye directamente en uno de los sectores poblacionales mayoritarios. As\u00ed, cualquier pol\u00edtica p\u00fablica de empleo, salud, educaci\u00f3n, agraria, ambiental, seguridad, etc.&nbsp;impactar\u00e1 de manera positiva o negativa en las juventudes.&nbsp;<\/p>\n\n\n\n<p>Honduras y Nicaragua, con gobiernos autoritarios y populistas, que en la agenda p\u00fablica parecieran antag\u00f3nicos por su ideolog\u00eda&nbsp;-uno de extrema derecha y otro de extrema izquierda-,&nbsp;comparten rasgos en com\u00fan: programas&nbsp;asistencialistas&nbsp;y de propaganda de las figuras presidenciales, concentraci\u00f3n de los poderes del&nbsp;Estado, modificaci\u00f3n de normativas nacionales para asegurar reelecciones y estructuras militares de vigilancia y represi\u00f3n a los sectores de oposici\u00f3n,&nbsp;sin las m\u00ednimas garant\u00edas de protecci\u00f3n a los&nbsp;Derechos&nbsp;Humanos.&nbsp;&nbsp;<\/p>\n\n\n\n<p>En&nbsp;El Salvador, aunque la agenda medi\u00e1tica favorezca al&nbsp;presidente&nbsp;y&nbsp;este&nbsp;tenga altas dosis de legitimidad,&nbsp;el&nbsp;reciente&nbsp;triunfo&nbsp;en las elecciones&nbsp;legislativas&nbsp;por&nbsp;parte del&nbsp;partido&nbsp;gobernante&nbsp;representa una amenaza&nbsp;en&nbsp;la consolidaci\u00f3n de&nbsp;los&nbsp;autoritarismos. Ello&nbsp;luego del fracaso administrativo de la extrema derecha e izquierda, la alerta por la consolidaci\u00f3n de democracias l\u00edquidas&nbsp;-mandato a trav\u00e9s de las redes sociales-&nbsp;y la ruptura con las formas de gobierno a trav\u00e9s de manifiestas irrupciones en el&nbsp;Poder Legislativo con elementos del ej\u00e9rcito para influenciar la toma de decisiones.&nbsp;&nbsp;<\/p>\n\n\n\n<p>Costa Rica ha sido referente en la regi\u00f3n por sus&nbsp;robustas&nbsp;pol\u00edticas p\u00fablicas,&nbsp;al mantener la protecci\u00f3n social,&nbsp;el&nbsp;acceso a&nbsp;la&nbsp;educaci\u00f3n y la reducci\u00f3n de la militarizaci\u00f3n como indicadores de consolidaci\u00f3n del&nbsp;Estado de&nbsp;Derecho. Sin embargo, ha mostrado fragilidades y&nbsp;crisis. En&nbsp;su \u00faltimo proceso electoral nos record\u00f3 la influencia de las iglesias en la vida pol\u00edtica y p\u00fablica.&nbsp;Asimismo,&nbsp;aunque pareciera que ha avanzado en temas de derechos como&nbsp;el&nbsp;matrimonio igualitario,&nbsp;estuvieron a punto de elegir a una persona que moviliz\u00f3 votos desde las afinidades religiosas&nbsp;y&nbsp;no desde las capacidades y propuestas. Otro&nbsp;ejemplo de inconformidad se vio reflejado en las protestas de la ciudadan\u00eda contra&nbsp;una serie de&nbsp;medidas fiscales&nbsp;fruto&nbsp;de&nbsp;las&nbsp;negociaciones&nbsp;para un&nbsp;pr\u00e9stamo&nbsp;con el Fondo Monetario Internacional (FMI),&nbsp;lo cual&nbsp;amenazaba con&nbsp;mayores impuestos&nbsp;y elevar el costo de la vida.&nbsp;<\/p>\n\n\n\n<p>Guatemala,&nbsp;luego de&nbsp;numerosos&nbsp;cuestionamientos a su sistema judicial,&nbsp;ha dado c\u00e1tedra&nbsp;respecto a&nbsp;las capacidades de la ciudadan\u00eda y&nbsp;en&nbsp;la aplicaci\u00f3n de justicia imparcial e independiente, gracias a la presi\u00f3n&nbsp;constante&nbsp;de la sociedad civil&nbsp;y el acompa\u00f1amiento de la Comisi\u00f3n Internacional Contra la Impunidad en Guatemala (CICIG). As\u00ed,&nbsp;lograron evidenciar y castigar a altos funcionarios por casos de corrupci\u00f3n, por ejemplo,&nbsp;Otto P\u00e9rez y Roxana Baldetti.&nbsp;<\/p>\n\n\n\n<p><strong>Ante estos complejos escenarios en la vida pol\u00edtica de la regi\u00f3n centroamericana, \u00bfqu\u00e9 realidades son las que atraviesan la vida, pr\u00e1ctica pol\u00edtica y sentires de las&nbsp;juventudes&nbsp;hoy?&nbsp;<\/strong>&nbsp;<\/p>\n\n\n\n<p><strong>Juventudes y machismo<\/strong>: los patrones machistas contin\u00faan siendo&nbsp;una realidad en&nbsp;la regi\u00f3n,&nbsp;pero se les discute&nbsp;partiendo de los desaf\u00edos de las j\u00f3venes de cara a la participaci\u00f3n pol\u00edtica,&nbsp;los&nbsp;derechos sexuales y reproductivos y&nbsp;su&nbsp;involucramiento&nbsp;en el \u00e1mbito productivo. A su vez, se avanza en el debate de las responsabilidades afectivas&nbsp;y la necesidad de&nbsp;construir nuevas relaciones de g\u00e9nero partiendo de la eliminaci\u00f3n de&nbsp;las&nbsp;desigualdades entre hombres&nbsp;y mujeres, junto a&nbsp;cuestionamientos m\u00e1s frontales&nbsp;sobre&nbsp;las formas de violencia&nbsp;hacia&nbsp;estas \u00faltimas.&nbsp;&nbsp;<\/p>\n\n\n\n<p><strong>Juventudes y migraci\u00f3n<\/strong>: las m\u00faltiples caravanas de migrantes, caracterizadas por una fuerte presencia de juventud y ni\u00f1ez, son formas latentes de protesta y manifiestan&nbsp;las desigualdades que atraviesan la regi\u00f3n. La migraci\u00f3n no es un evento reciente:&nbsp;desde hace m\u00e1s de 100 a\u00f1os&nbsp;la&nbsp;movilidad&nbsp;regional o nacional&nbsp;es&nbsp;guiada por la necesidad de empleo o&nbsp;la&nbsp;mejora&nbsp;en&nbsp;las condiciones de vida. En la actualidad, la migraci\u00f3n como&nbsp;Derecho&nbsp;Humano y el reclamo por un tr\u00e1nsito y&nbsp;una&nbsp;llegada&nbsp;segura&nbsp;est\u00e1n&nbsp;presentes&nbsp;en los discursos de la juventud.&nbsp;La&nbsp;migraci\u00f3n est\u00e1 directamente&nbsp;conectada&nbsp;con la fuga de cerebros y&nbsp;la&nbsp;fuerza de trabajo que deber\u00eda estar siendo el motor impulsor de las din\u00e1micas de desarrollo interno de cada pa\u00eds que integra Centroam\u00e9rica.&nbsp;&nbsp;<\/p>\n\n\n\n<p><strong>Juventudes y educaci\u00f3n:<\/strong>&nbsp;los movimientos estudiantiles han sido los actores pol\u00edticos m\u00e1s relevantes en los procesos de construcci\u00f3n del pensamiento educativo y&nbsp;de los&nbsp;m\u00e1s cr\u00edticos en relaci\u00f3n&nbsp;con&nbsp;las garant\u00edas de acceso, laicidad y gratuidad de la educaci\u00f3n&nbsp;-en todos los niveles-&nbsp;en la regi\u00f3n centroamericana. Cada&nbsp;una de las&nbsp;reformas&nbsp;educativas&nbsp;ha encontrado a las juventudes formulando propuestas, revisando los procesos y como guardianes de las garant\u00edas m\u00ednimas que permitan a la educaci\u00f3n ser un derecho y no un privilegio. En esos procesos de resistencia ante la mercantilizaci\u00f3n y privatizaci\u00f3n de la educaci\u00f3n, los sectores estudiantiles&nbsp;y&nbsp;su memoria hist\u00f3rica,&nbsp;rescatan continuamente a los liderazgos asesinados, criminalizados y judicializados por la defensa de la educaci\u00f3n p\u00fablica en la regi\u00f3n.&nbsp;&nbsp;<\/p>\n\n\n\n<p><strong>Juventudes y extractivismo:&nbsp;<\/strong>con la ofensiva extractivista&nbsp;desde inicio del siglo XXI, los procesos de defensa territorial han involucrado activamente a las juventudes campesinas, rurales e ind\u00edgenas,&nbsp;guardianes y guardianas&nbsp;de los bienes comunes de la naturaleza. La defensa de la&nbsp;vida&nbsp;es tambi\u00e9n el discurso y narrativa de las juventudes relacionadas a los conflictos socioambientales, quienes&nbsp;constantemente abogan por mecanismos de participaci\u00f3n ciudadana vinculantes e integrales, justicia ambiental y transformaci\u00f3n de las matrices productivas.&nbsp;La defensa del territorio y la naturaleza es un tema que moviliza las conciencias juveniles y es una oportunidad para pensarnos como regi\u00f3n centroamericana,&nbsp;para defender los recursos naturales estrat\u00e9gicos y&nbsp;promover que estos&nbsp;puedan ser aprovechados racionalmente&nbsp;y en armon\u00eda con la madre tierra.&nbsp;<\/p>\n\n\n\n<p><strong>Juventudes y democracia<\/strong>: con cada una de las particularidades de la regi\u00f3n y considerando los bonos demogr\u00e1ficos, las juventudes est\u00e1n requiriendo de esfuerzos acad\u00e9micos, estrat\u00e9gicos y de apuesta p\u00fablica en relaci\u00f3n&nbsp;con&nbsp;los&nbsp;Derechos&nbsp;Humanos, ello&nbsp;por parte de la clase pol\u00edtica de cada uno de los pa\u00edses.&nbsp;El&nbsp;agotamiento de lo discursivo e imagen, est\u00e1 retando a los liderazgos a asumirse en una \u00e9poca en la que las v\u00e1lvulas de escape a las desigualdades no son suficientes y son urgentes las pr\u00e1cticas pol\u00edticas decentes.&nbsp;&nbsp;<\/p>\n\n\n\n<p><strong>Juventud y construcci\u00f3n de las identidades<\/strong>: las diversidades narrativas y culturales, obligan a pensarse desde los sentires y el reconocimiento del otro y de la otra como sujeto pol\u00edtico.&nbsp;Estas&nbsp;son premisas que aportan a la construcci\u00f3n de las identidades de las juventudes. Identidades que&nbsp;si bien es cierto&nbsp;est\u00e1n&nbsp;condicionadas&nbsp;por&nbsp;el imaginario colectivo y social, son capaces de transformarse en la&nbsp;urgente&nbsp;acci\u00f3n pol\u00edtica de cambio.&nbsp;Uno de los retos de la diversidad en identidades es el dialogo&nbsp;entre&nbsp;ellas y el poner acento en el respeto,&nbsp;nunca&nbsp;en&nbsp;la hegemon\u00eda de una sobre otra, por ejemplo,&nbsp;evitando&nbsp;acciones de racismo y discriminaci\u00f3n&nbsp;frente a las identidades&nbsp;ind\u00edgenas.&nbsp;&nbsp;<\/p>\n\n\n\n<p><strong>Reflexiones finales:<\/strong>&nbsp;<\/p>\n\n\n\n<p>En diferentes matices, las juventudes y su politizaci\u00f3n se encarnan en las realidades centroamericanas, atravesadas cada una por procesos educativos&nbsp;formales,&nbsp;as\u00ed como desde la educaci\u00f3n popular y ancestral de los pueblos. Y bien, \u00bfc\u00f3mo&nbsp;situarnos ante&nbsp;el&nbsp;bicentenario&nbsp;de independencia?&nbsp;<\/p>\n\n\n\n<p>Somos juventudes convocadas por grietas hist\u00f3ricas, con cargas familiares de compromiso y amor&nbsp;por&nbsp;las realidades nacionales y&nbsp;por&nbsp;la esperanza de ver solamente lo mejor para las generaciones venideras.&nbsp;&nbsp;<\/p>\n\n\n\n<p>Pero tambi\u00e9n, somos ese&nbsp;continuo&nbsp;de revoluci\u00f3n permanente,&nbsp;guiados por la necesidad de&nbsp;ser&nbsp;sujetas y&nbsp;sujetos cr\u00edticos&nbsp;que participen en la&nbsp;construcci\u00f3n&nbsp;de&nbsp;sociedades inclusivas, respetuosas&nbsp;con&nbsp;los&nbsp;Derechos&nbsp;Humanos y la naturaleza y con un llamado potente a la creatividad.&nbsp;<\/p>\n\n\n\n<p>Somos hijos e hijas de golpes de&nbsp;Estado, represiones militares, desapariciones,&nbsp;genocidios, feminicidios,&nbsp;luchas estudiantiles, de migraciones forzadas, de pobreza estructural&nbsp;y&nbsp;de falta de oportunidades.&nbsp;&nbsp;<\/p>\n\n\n\n<p>Sin embargo,&nbsp;tambi\u00e9n&nbsp;somos&nbsp;quienes heredamos&nbsp;la identidad de&nbsp;un&nbsp;pueblo que ha resistido hist\u00f3ricamente ante invasiones, conquistas y que ha defendido su cultura y territorio.&nbsp;&nbsp;<\/p>\n\n\n\n<p>A 200 a\u00f1os de historia y constantes llamados a la acci\u00f3n, las juventudes del bicentenario&nbsp;somos&nbsp;las responsables&nbsp;de&nbsp;una verdadera apuesta c\u00edvica por la construcci\u00f3n ciudadana centroamericana,&nbsp;construcci\u00f3n&nbsp;que nos permita reconocernos en las&nbsp;diversidades y&nbsp;configurar&nbsp;caminos de soluci\u00f3n como patrias soberanas.&nbsp;<\/p>\n\n\n\n<p><strong>Nota:<\/strong><em> Las opiniones e ideas expresadas en los insumos participantes reflejan el punto de vista de las personas autoras, no as\u00ed la posici\u00f3n del Centro Agenda Joven en Derechos Humanos y Ciudadan\u00eda o la Universidad Estatal a Distancia.<\/em><\/p>\n\n\n\n<p>Haga clic en alguna de las im\u00e1genes para seguir explorando el contenido del Ideario<\/p>\n\n\n<div class=\"wp-block-image is-style-rounded\">\n<figure class=\"aligncenter size-large\"><a href=\"https:\/\/investiga.uned.ac.cr\/agendajoven\/como-suena-la-musica-del-bicentenario\/\"><img decoding=\"async\" src=\"https:\/\/investiga.uned.ac.cr\/agendajoven\/wp-content\/uploads\/sites\/8\/2025\/08\/CUT3-1-300x178-1.jpg\" alt=\"\"\/><\/a><\/figure><\/div>\n\n<div class=\"wp-block-image is-style-rounded\">\n<figure class=\"aligncenter size-medium\"><a href=\"https:\/\/investiga.uned.ac.cr\/agendajoven\/la-formacion-politica-de-la-juventud-es-la-vacuna-contra-el-virus-de-la-ignorancia-politica-en-honduras\/\"><img decoding=\"async\" src=\"https:\/\/investiga.uned.ac.cr\/agendajoven\/wp-content\/uploads\/sites\/16\/2021\/07\/cut4-300x169.jpg\" alt=\"\" class=\"wp-image-2139\"\/><\/a><\/figure><\/div>\n\n<div class=\"wp-block-image is-style-rounded\">\n<figure class=\"aligncenter size-medium\"><a href=\"https:\/\/investiga.uned.ac.cr\/agendajoven\/la-juventud-centroamericana-en-el-contexto-del-bicentenario-de-la-independencia\/\"><img decoding=\"async\" src=\"https:\/\/investiga.uned.ac.cr\/agendajoven\/wp-content\/uploads\/sites\/16\/2021\/07\/CUT2-300x169.png\" alt=\"\" class=\"wp-image-2140\"\/><\/a><\/figure><\/div>\n\n\n<div class=\"wp-block-button aligncenter\"><a class=\"wp-block-button__link wp-element-button\" href=\"https:\/\/investiga.uned.ac.cr\/agendajoven\/ideario-la-juventud-centroamericana-en-el-contexto-del-bicentenario-de-la-independencia\/\">Regresar al inicio del Ideario<\/a><\/div>\n<\/div>\n\n\n\n<div id=\"wp-block-themeisle-blocks-advanced-column-bcbcb54c\" class=\"wp-block-themeisle-blocks-advanced-column\">\n<figure class=\"wp-block-image size-large\"><img decoding=\"async\" src=\"https:\/\/investiga.uned.ac.cr\/agendajoven\/wp-content\/uploads\/sites\/8\/2025\/07\/Transparente-4-1024x617-1.png\" alt=\"\"\/><\/figure>\n\n\n\n<figure class=\"wp-block-image size-large\"><img decoding=\"async\" src=\"https:\/\/investiga.uned.ac.cr\/agendajoven\/wp-content\/uploads\/sites\/8\/2025\/07\/Hanny-1024x1024-1.png\" alt=\"\"\/><figcaption class=\"wp-element-caption\">Johanny Ast\u00faa S\u00e1nchez. Ilustraciones Tinta M\u00edstica.<\/figcaption><\/figure>\n\n\n<div class=\"wp-block-image\">\n<figure class=\"aligncenter size-large is-resized\"><img decoding=\"async\" src=\"https:\/\/investiga.uned.ac.cr\/agendajoven\/wp-content\/uploads\/sites\/8\/2025\/07\/Transparente-5-1024x617-1.png\" alt=\"\" style=\"width:503px;height:303px\"\/><\/figure><\/div>\n\n\n<figure class=\"wp-block-embed is-type-rich is-provider-spotify wp-block-embed-spotify wp-embed-aspect-21-9 wp-has-aspect-ratio\"><div class=\"wp-block-embed__wrapper\">\n<iframe title=\"Spotify Embed: Radio\" style=\"border-radius: 12px\" width=\"100%\" height=\"152\" frameborder=\"0\" allowfullscreen allow=\"autoplay; clipboard-write; encrypted-media; fullscreen; picture-in-picture\" loading=\"lazy\" src=\"https:\/\/open.spotify.com\/embed\/track\/4RjGbhqxwxpZEMySU9XIQf?si=fb3a1c6e6f3e449b&#038;utm_source=oembed\"><\/iframe>\n<\/div><figcaption class=\"wp-element-caption\">Artista: Nou Red. Canci\u00f3n: &#8220;Radio&#8221;. 2020 (Pop)<\/figcaption><\/figure>\n\n\n<div class=\"wp-block-image\">\n<figure class=\"aligncenter size-large is-resized\"><img decoding=\"async\" src=\"https:\/\/investiga.uned.ac.cr\/agendajoven\/wp-content\/uploads\/sites\/8\/2025\/07\/Transparente-5-1024x617-1.png\" alt=\"\" style=\"width:503px;height:303px\"\/><\/figure><\/div>\n\n\n<figure class=\"wp-block-embed is-type-video is-provider-youtube wp-block-embed-youtube wp-embed-aspect-16-9 wp-has-aspect-ratio\"><div class=\"wp-block-embed__wrapper\">\n<iframe title=\"Uno en un mill\u00f3n - Chax\" width=\"750\" height=\"422\" src=\"https:\/\/www.youtube.com\/embed\/jwkdhWT0zO4?feature=oembed\" frameborder=\"0\" allow=\"accelerometer; autoplay; clipboard-write; encrypted-media; gyroscope; picture-in-picture; web-share\" referrerpolicy=\"strict-origin-when-cross-origin\" allowfullscreen><\/iframe>\n<\/div><figcaption class=\"wp-element-caption\">Artista: Chax. Canci\u00f3n: Uno en un mill\u00f3n. 2018 (Nueva canci\u00f3n latinoamericana \/ Folk)<\/figcaption><\/figure>\n<\/div>\n<\/div><\/div>\n","protected":false},"excerpt":{"rendered":"Por: Jos\u00e9 Mario L\u00f3pez y Luc\u00eda Vijil\u202fSaybe.\u202f(Honduras)\u202f(Ensayo Ganador) Resumen: En el ensayo \u201cSomos las juventudes del bicentenario\u201d, Jos\u00e9 Mario L\u00f3pez y Luc\u00eda Vijil&nbsp;Saybe&nbsp;se plantean una pregunta para fundamentar el hilo argumentativo y posibilitar una mirada socio hist\u00f3rica en la exposici\u00f3n de ideas: Hace 100 a\u00f1os \u201c\u00bfqu\u00e9 factores marcaron la coyuntura [...]","protected":false},"author":1,"featured_media":0,"parent":0,"menu_order":0,"comment_status":"closed","ping_status":"closed","template":"","meta":{"ngg_post_thumbnail":0,"_themeisle_gutenberg_block_has_review":false,"footnotes":""},"class_list":["post-2078","page","type-page","status-publish","hentry"],"_links":{"self":[{"href":"https:\/\/investiga.uned.ac.cr\/agendajoven\/wp-json\/wp\/v2\/pages\/2078","targetHints":{"allow":["GET"]}}],"collection":[{"href":"https:\/\/investiga.uned.ac.cr\/agendajoven\/wp-json\/wp\/v2\/pages"}],"about":[{"href":"https:\/\/investiga.uned.ac.cr\/agendajoven\/wp-json\/wp\/v2\/types\/page"}],"author":[{"embeddable":true,"href":"https:\/\/investiga.uned.ac.cr\/agendajoven\/wp-json\/wp\/v2\/users\/1"}],"replies":[{"embeddable":true,"href":"https:\/\/investiga.uned.ac.cr\/agendajoven\/wp-json\/wp\/v2\/comments?post=2078"}],"version-history":[{"count":1,"href":"https:\/\/investiga.uned.ac.cr\/agendajoven\/wp-json\/wp\/v2\/pages\/2078\/revisions"}],"predecessor-version":[{"id":9923,"href":"https:\/\/investiga.uned.ac.cr\/agendajoven\/wp-json\/wp\/v2\/pages\/2078\/revisions\/9923"}],"wp:attachment":[{"href":"https:\/\/investiga.uned.ac.cr\/agendajoven\/wp-json\/wp\/v2\/media?parent=2078"}],"curies":[{"name":"wp","href":"https:\/\/api.w.org\/{rel}","templated":true}]}}