{"id":2067,"date":"2021-07-22T15:56:07","date_gmt":"2021-07-22T21:56:07","guid":{"rendered":"https:\/\/investiga.uned.ac.cr\/agendajoven\/?page_id=2067"},"modified":"2025-08-12T20:20:56","modified_gmt":"2025-08-12T20:20:56","slug":"la-juventud-centroamericana-en-el-contexto-del-bicentenario-de-la-independencia","status":"publish","type":"page","link":"https:\/\/investiga.uned.ac.cr\/agendajoven\/la-juventud-centroamericana-en-el-contexto-del-bicentenario-de-la-independencia\/","title":{"rendered":"La juventud centroamericana en el contexto del Bicentenario de la Independencia"},"content":{"rendered":"\n<div id=\"wp-block-themeisle-blocks-advanced-columns-92b22022\" class=\"wp-block-themeisle-blocks-advanced-columns alignfull has-2-columns has-desktop-equal-layout has-tablet-equal-layout has-mobile-collapsedRows-layout has-vertical-unset\"><div class=\"wp-block-themeisle-blocks-advanced-columns-overlay\"><\/div><div class=\"innerblocks-wrap\">\n<div id=\"wp-block-themeisle-blocks-advanced-column-172b0912\" class=\"wp-block-themeisle-blocks-advanced-column\">\n<p>Por:  R\u00f3mulo Isaac Rodr\u00edguez Cama\u00f1o (Panam\u00e1) <\/p>\n\n\n\n<p><strong>Resumen: <\/strong> En el ensayo \u201cLa juventud centroamericana en el contexto del Bicentenario de la Independencia\u201d&nbsp;se extiende una invitaci\u00f3n a&nbsp;reconocer&nbsp;el patrimonio cultural de los pa\u00edses centroamericanos,&nbsp;su&nbsp;diversidad&nbsp;y distintos or\u00edgenes.&nbsp;Se se\u00f1ala la importancia de los pueblos originarios en la conformaci\u00f3n de las identidades, algo muchas veces negado por discursos&nbsp;racistas. Por otra parte, se alude a&nbsp;lo significativo&nbsp;que&nbsp;podr\u00edan&nbsp;resultar&nbsp;los&nbsp;mitos y&nbsp;las&nbsp;leyendas&nbsp;de la regi\u00f3n&nbsp;en el&nbsp;reconocernos&nbsp;como sociedades&nbsp;con&nbsp;lazos comunes y&nbsp;un&nbsp;pasado&nbsp;compartido.&nbsp;Al cierre,&nbsp;se sugiere&nbsp;mirar atr\u00e1s,&nbsp;es decir,&nbsp;observar&nbsp;la historia&nbsp;com\u00fan&nbsp;para comprendernos&nbsp;en el presente como pa\u00edses&nbsp;diversos&nbsp;y&nbsp;con capacidad de&nbsp;autodeterminaci\u00f3n. <\/p>\n\n\n\n<p class=\"has-text-align-center\"><strong>La juventud centroamericana en el contexto del Bicentenario de la Independencia<\/strong><\/p>\n\n\n\n<p><strong>INTRODUCCION&nbsp;<\/strong>&nbsp;<\/p>\n\n\n\n<p><strong>JUVENTUD<\/strong>&nbsp;<\/p>\n\n\n\n<p>Nuestra Juventud, se inicia con el desarrollo de nuestros despertares de porque fue concebido y nos damos cuenta que hemos sido una bendici\u00f3n del Dios Todopoderoso a&nbsp;nuestros padres y la familia, es el momento en donde descubrimos quienes somos y hacia a donde debemos enrumbar nuestras metas y logros, desde ese momento ya comprendemos, cual es nuestra historia y que posici\u00f3n tengo yo en mi pa\u00eds o regi\u00f3n, cual es mi verdadero origen, mi&nbsp; cultura y quienes son nuestros ancestros y nuestros linajes.&nbsp;<\/p>\n\n\n\n<p>Al acercarse a nuestra privilegiada regi\u00f3n, llamada Am\u00e9rica, el Bicentenario de Independencia de Espa\u00f1a, todos los pa\u00edses Centroamericanos, deber\u00edamos convertimos en&nbsp;un&nbsp;solo&nbsp;territorio&nbsp;con una sola bandera y un solo sentimiento.&nbsp;&nbsp;Porque antes que llegaran a nuestras costas e islas ya exist\u00edan muchos pueblos originarios.&nbsp;<\/p>\n\n\n\n<p>Celebrar los acontecimientos importantes como el Descubrimiento de Am\u00e9rica&nbsp;el&nbsp; 12&nbsp;de&nbsp;Octubre&nbsp;1,492; mucho m\u00e1s importante es celebrar nuestra independencia&nbsp;del enclave colonialista y opresor, donde nuestros pueblos dijeron basta ya.&nbsp;<\/p>\n\n\n\n<p><strong>\u00bfQUIENES SOMOS?<\/strong>&nbsp;<\/p>\n\n\n\n<p>Es aqu\u00ed en estos momentos&nbsp;que nuestra juventud Centroamericana, debe&nbsp;buscar&nbsp;&nbsp;y&nbsp;versarse de donde es originario, estudiar y fortalecer su verdadero origen, debemos efectuarnos preguntas, como cu\u00e1les son mis ra\u00edces, soy descendiente de: espa\u00f1oles&nbsp;europeos,&nbsp;africanos, pueblo&nbsp;nativo&nbsp;originario antes de la llegada de&nbsp;espa\u00f1oles&nbsp;u otro descendiente despu\u00e9s de la conquista.&nbsp;&nbsp;<\/p>\n\n\n\n<p>Al desarrollar esta interrogante entonces comprenderemos cual es nuestra verdadera identidad humana en nuestros pa\u00edses, cual es mi verdadera cultura y porque la debo de cultivar y&nbsp;desarrollar&nbsp;as\u00ed como ense\u00f1ar nuestros legados a hijos, nietos y etc.&nbsp; Veremos&nbsp;hermosas historias de nuestros nativos originarios, historias de nuestras familias&nbsp;hispanas y como se realiz\u00f3 el mestizaje de:&nbsp;criollos, mestizos, mulatos o&nbsp;saltapatr\u00e1s;&nbsp;&nbsp;c\u00f3mo surgi\u00f3 la divisi\u00f3n de castas durante el dominio espa\u00f1ol en Am\u00e9rica, c\u00f3mo se cambi\u00f3 la idiosincrasia de nuestros pueblos originarios y se impuso una nueva raza y se mantuvo algunas castas, convirtiendo&nbsp;esta&nbsp; regi\u00f3n&nbsp;&nbsp;en un crisol de razas, que en su desarrollo en los a\u00f1os y siglos siguientes nos han convertido a todos en hermanos latinoamericanos, sin importar nuestra raza, credo o nacionalidad.&nbsp;<\/p>\n\n\n\n<p><strong>\u00bfDE DONDE SOY?<\/strong>&nbsp;<\/p>\n\n\n\n<p>Mi cultura y mis&nbsp;ra\u00edces,&nbsp;me dicen de  d\u00f3nde soy originario o proveniente, no importa mi nacionalidad en estos momentos lo importante es que soy de esta regi\u00f3n y como tal que siempre ofrecer\u00e9 como joven en desarrollo, mi cultura y mis ra\u00edces.&nbsp;<\/p>\n\n\n\n<p>Al versarnos de donde soy, podremos descubrir nuestras narrativas de los pueblos antes de la conquista espa\u00f1ola, pueblos como&nbsp;&nbsp;&nbsp;K\u2019iche\u2019,&nbsp;Tzutj\u00edl,&nbsp;Kaqchikel,&nbsp;Ixil,&nbsp;Mam, Pipil,&nbsp;Mam, y&nbsp;Achi, de la hermana&nbsp;<strong>Rep\u00fablica de Guatemala<\/strong>,&nbsp;del&nbsp;<strong>El Salvador<\/strong>,&nbsp;N\u00e1huas, lencas, mayas&nbsp;chort\u00eds, mayas&nbsp;pokomames,&nbsp;xincas,&nbsp;cacaoperas&nbsp;y chorotegas,&nbsp;de&nbsp;<strong>Honduras<\/strong>, formado por las culturas maya y tolteca,&nbsp;&nbsp;de&nbsp;<strong>Nicaragua<\/strong>, lugar en donde se mezcla las culturas con los&nbsp;mesos,&nbsp;(mangues y&nbsp;nahoas), de&nbsp;<strong>Costa Rica,&nbsp;<\/strong>los cacicazgos<strong>&nbsp;<\/strong>como los&nbsp;huetares, de&nbsp;<strong>Panam\u00e1<\/strong>, habitada&nbsp;b\u00e1sicamente por pueblos&nbsp;chibchenses. En&nbsp;fin&nbsp;nuestra juventud, podr\u00e1 experimentar lo rico que las ra\u00edces de sus pa\u00edses y disfrutar de&nbsp;su leyendas, narrativas y cuentos de los ancestros, de forma que si no eres joven de un pueblo originario te compenetres con ellos y te sientas m\u00e1s orgulloso de d\u00f3nde eres.&nbsp;<\/p>\n\n\n\n<p><strong>EL AYER&nbsp;HACIA EL HOY Y EL MA\u00d1ANA&nbsp;<\/strong>&nbsp;<\/p>\n\n\n\n<p>Es tan rico y excitante, penetrarse en la historia de nuestros pueblos, que toda la juventud debe conocer antes de celebrar el Bicentenario de la independencia de nuestros pa\u00edses, encontraremos tanta riqueza cultural desde Guatemala, con algunas que citaremos como: Las leyendas Mayas de la creaci\u00f3n del mundo y su Dios de la serpiente, etc; El Salvador con Cipitio&nbsp;y La Flor de Amate, Honduras con Princesa Maya que clama por renacer y Leyendas de Cop\u00e1n, regi\u00f3n con pa\u00edses de nombres diferentes pero que comparten una&nbsp;exquisita cultura en toda su extensi\u00f3n, al igual de Nicaragua y Costa Rica, hermanos de ra\u00edces y separados por la intervenci\u00f3n de la civilizaci\u00f3n (colonizadores), cuentos y leyendas de una cultura casi extinguida por la intervenci\u00f3n&nbsp;de la civilizaci\u00f3n, El perro fiel, una leyenda maya para ni\u00f1os&nbsp;y etc; Panam\u00e1 con Indios Blancos del Dari\u00e9n, mitos leyendas de los pueblos Cunas y&nbsp;Guaymyes.&nbsp;&nbsp;<\/p>\n\n\n\n<p>Todas esas leyendas y mitos, hacen que nuestra cultura se haga necesaria esparcirla y estudiarlas para ver nuestros or\u00edgenes y ra\u00edces nativas, donde comprenderemos mejor que somos un solo territorio con los mismos lasos y sangre que se le ofreci\u00f3 a los extranjeros (colonizadores) y que con su intervenci\u00f3n se fueron perdiendo y extinguiendo, es el momento de rescatar esas ra\u00edces y or\u00edgenes, es importante que se conozca y se rescriba si es necesario, porque el joven de hoy d\u00eda est\u00e1 m\u00e1s interesado en su tecnolog\u00eda (celulares y videos juegos), que en su propia identidad.&nbsp;<\/p>\n\n\n\n<p>El joven del&nbsp;presente,&nbsp;sabe y conoce, como fueron conquistados los pueblos centroamericanos, c\u00f3mo se fundaron y a qu\u00e9 costo las colonias fueron para muchos sus ra\u00edces de la conquista. \u00bfQu\u00e9 tanto de se ha perdido a lo largo de estos a\u00f1os y qu\u00e9 tanto podemos rescatar de nuestras culturas originarias?; celebrar 200 a\u00f1os total&nbsp;independencia&nbsp;&nbsp;es&nbsp;algo grandioso, pero cu\u00e1l fue el costo que nuestra regi\u00f3n pag\u00f3 para el desarrollo econ\u00f3mico de esa potencia del momento llamada Espa\u00f1a. Qu\u00e9 tanto ha hecho esta potencia para reconstruir o indemnizar a los afacetados por su intervenci\u00f3n obligatoria por nuestras riquezas.&nbsp;<\/p>\n\n\n\n<p><strong>LA CONQUISTA<\/strong>&nbsp;<\/p>\n\n\n\n<p>En esas \u00e9pocas antes de la colonizaci\u00f3n de nuestras tierras, los beneficios que se presentaban para la potencia espa\u00f1ola&nbsp;eran&nbsp;muchos,&nbsp;<strong>&nbsp;<\/strong>porque&nbsp;buscaban<strong>&nbsp;<\/strong>competir con otras potencias para lograr&nbsp;sus estabilidad, no quer\u00edan tener las mismas rutas con los mismos productos y especies de oriente, pero al llegar a estas tierras se encontraron con algo m\u00e1s que sus productos y&nbsp;especies,&nbsp;&nbsp;ORO y productos aut\u00f3ctonos de nuestra regi\u00f3n. (el&nbsp;ma\u00edz -base alimenticia de los ind\u00edgenas-, la papa, los frijoles, el cacao, la mandioca o yuca, el tabaco, la coca, los tomates, el man\u00ed&nbsp;y numerosas frutas tropicales,&nbsp;pi\u00f1a, chirimoya, mango, entre otras).&nbsp;<\/p>\n\n\n\n<p>As\u00ed se&nbsp;cre\u00f3&nbsp; un&nbsp;intercambio culturas de productos, con beneficios m\u00faltiples para la potencia espa\u00f1ola y con la explotaci\u00f3n del ORO de nuestros ancestros se convirtieron&nbsp;en una potencia rica.&nbsp;<\/p>\n\n\n\n<p>&nbsp;El&nbsp; \u00fanico&nbsp;beneficio que recibi\u00f3 nuestras tierras y regi\u00f3n es que nos dieron a conocer al resto del mundo que exist\u00edamos que \u00e9ramos unas&nbsp;tierras&nbsp; ricas&nbsp;en oro y productos, provocando a otras potencias a explorar otras regiones para su intervenci\u00f3n.&nbsp;<\/p>\n\n\n\n<p>Con el descubrimiento de nuestras tierras se oblig\u00f3 a reescribir los planteamientos cient\u00edficos de ese entonces y demostrar que estamos conectados por un c\u00edrculo que al recorrerlo nos amarra y lleva al mismo lugar.&nbsp; Aunque estemos separados por grandes distancias nos une el lazo de la hermandad que habitamos y compartimos; un mismo sol&nbsp;(lo prestamos unas horas del d\u00eda y nos lo devuelven igual en la noche)&nbsp;y que las aguas que nos separa es por&nbsp;un&nbsp; lado&nbsp;la frente&nbsp;de&nbsp;uno y por otro lado la espalda del otro.&nbsp;<\/p>\n\n\n\n<p>Se crea una interacci\u00f3n, entre la civilizaci\u00f3n mesoamericana nativos originarios con&nbsp;otras civilizaci\u00f3n, cre\u00e1ndose un crisol de razas que hoy est\u00e1n presentes en este bicentenario.&nbsp;&nbsp;<\/p>\n\n\n\n<p>Al llegar los espa\u00f1oles a nuestras y descubrir que nuestros abor\u00edgenes usaban poca ropa y vestimenta, pero que estaban adornados con objetos met\u00e1licos (ORO), sus intenciones se convirtieron en avaricia y en muchas regiones, poblados se destruy\u00f3 y&nbsp;arraso&nbsp; por&nbsp;completo a la poblaci\u00f3n para lograr sus avaricias.&nbsp;<\/p>\n\n\n\n<p>En otras regiones se destruyeron imperios y&nbsp;reinados de muchos a\u00f1os, arrasando&nbsp;nuestra ra\u00edces&nbsp;de sus casas y templos, matando y asesinado a mucha gente indefensa, para lograr su objetivo: el oro.&nbsp;<\/p>\n\n\n\n<p>Al destruir a nuestros pueblos se perdi\u00f3 mucha riqueza cultural y \u00e9tnica. Se trajeron muchas enfermedades a nuestras tierras que no exist\u00edan antes de su llegada y eso contribuyo a diezmar a nuestros pueblos originarios.&nbsp;<\/p>\n\n\n\n<p><strong>CONCLUSION&nbsp;<\/strong>&nbsp;<\/p>\n\n\n\n<p>\u00a1Juventud Centroamericana! los exhort\u00f3 a que revisen sus ra\u00edces y or\u00edgenes, descubran esa sangre que lleva en&nbsp;sus venas&nbsp;de&nbsp;d\u00f3nde&nbsp;vienen, celebremos estos 200 a\u00f1os, con fervor y entusiasmo de una patria libre y soberana, que&nbsp;a&nbsp;pesar de todo el mal ocasionado en esas \u00e9pocas, nos&nbsp;hemos levantado&nbsp;y hoy d\u00eda gozamos de plena libertad y autodeterminaci\u00f3n, que no estamos subyugados a otros.&nbsp;<\/p>\n\n\n\n<p>Que&nbsp;a pesar de que&nbsp;nos dejaron sus colonos, los originarios le cedimos el espacio y&nbsp;nuestras riquezas&nbsp;para que se desarrollaran como ente y&nbsp;que,&nbsp;aunque&nbsp;hayan&nbsp; pasado&nbsp;200 a\u00f1os de su retirada, hay heridas que nunca sanaran porque se debi\u00f3 llegar sin violencia ni imposiciones. Busquemos nuestro verdadero origen y cultivemos nuestras culturas para el beneficio de nuestras siguientes&nbsp;generaciones&nbsp;con un legado de paz y armon\u00eda.&nbsp;&nbsp;<\/p>\n\n\n\n<p>Celebremos este Bicentenario con nuestros hermanos descendientes de colonos, mestizos, mulatos, pueblos originarios y otros que han llegado a nuestras tierras en busca de paz y tranquilidad.&nbsp;&nbsp;&nbsp;<\/p>\n\n\n\n<p class=\"has-text-align-center\">&nbsp;&nbsp;&nbsp;&nbsp;&nbsp;&nbsp;\t\t\t\u201cFELIZ BICENTENARIO 2021\u201d&nbsp;<\/p>\n\n\n\n<p><strong>Nota:<\/strong><em> Las opiniones e ideas expresadas en los insumos participantes reflejan el punto de vista de las personas autoras, no as\u00ed la posici\u00f3n del Centro Agenda Joven en Derechos Humanos y Ciudadan\u00eda o la Universidad Estatal a Distancia.<\/em><\/p>\n\n\n<div class=\"wp-block-image is-style-rounded\">\n<figure class=\"aligncenter size-medium\"><a href=\"https:\/\/investiga.uned.ac.cr\/agendajoven\/somos-las-juventudes-del-bicentenario\/\"><img decoding=\"async\" src=\"https:\/\/investiga.uned.ac.cr\/agendajoven\/wp-content\/uploads\/sites\/16\/2021\/07\/CUT1-300x169.png\" alt=\"\" class=\"wp-image-2136\"\/><\/a><\/figure><\/div>\n\n<div class=\"wp-block-image is-style-rounded\">\n<figure class=\"aligncenter size-medium is-resized\"><a href=\"https:\/\/investiga.uned.ac.cr\/agendajoven\/como-suena-la-musica-del-bicentenario\/\"><img decoding=\"async\" src=\"https:\/\/investiga.uned.ac.cr\/agendajoven\/wp-content\/uploads\/sites\/16\/2021\/07\/CUT3-2-300x178.jpg\" alt=\"\" class=\"wp-image-2152\" style=\"width:300px;height:178px\"\/><\/a><\/figure><\/div>\n\n<div class=\"wp-block-image is-style-rounded\">\n<figure class=\"aligncenter size-medium\"><a href=\"https:\/\/investiga.uned.ac.cr\/agendajoven\/la-formacion-politica-de-la-juventud-es-la-vacuna-contra-el-virus-de-la-ignorancia-politica-en-honduras\/\"><img decoding=\"async\" src=\"https:\/\/investiga.uned.ac.cr\/agendajoven\/wp-content\/uploads\/sites\/16\/2021\/07\/cut4-300x169.jpg\" alt=\"\" class=\"wp-image-2139\"\/><\/a><\/figure><\/div>\n\n\n<div class=\"wp-block-button aligncenter\"><a class=\"wp-block-button__link wp-element-button\" href=\"https:\/\/investiga.uned.ac.cr\/agendajoven\/ideario-la-juventud-centroamericana-en-el-contexto-del-bicentenario-de-la-independencia\/\">Regresar al inicio del Ideario<\/a><\/div>\n<\/div>\n\n\n\n<div id=\"wp-block-themeisle-blocks-advanced-column-e52f54fc\" class=\"wp-block-themeisle-blocks-advanced-column\">\n<figure class=\"wp-block-image size-large\"><img decoding=\"async\" src=\"https:\/\/investiga.uned.ac.cr\/agendajoven\/wp-content\/uploads\/sites\/8\/2025\/07\/Transparente-2-1024x617-1.png\" alt=\"\"\/><\/figure>\n\n\n\n<figure class=\"wp-block-image size-large\"><img decoding=\"async\" src=\"https:\/\/investiga.uned.ac.cr\/agendajoven\/wp-content\/uploads\/sites\/8\/2025\/07\/Still-2-fosa-1024x576-1.png\" alt=\"\"\/><figcaption class=\"wp-element-caption\">Fotograma del video &#8220;Fosa Com\u00fan&#8221;. Mar\u00eda del Mar Castro Navarro. 2020<\/figcaption><\/figure>\n\n\n<div class=\"wp-block-image\">\n<figure class=\"aligncenter size-large is-resized\"><img decoding=\"async\" src=\"https:\/\/investiga.uned.ac.cr\/agendajoven\/wp-content\/uploads\/sites\/8\/2025\/07\/Transparente-3-1024x617-1.png\" alt=\"\" style=\"width:500px;height:301px\"\/><\/figure><\/div>\n\n\n<figure class=\"wp-block-embed is-type-rich is-provider-spotify wp-block-embed-spotify wp-embed-aspect-21-9 wp-has-aspect-ratio\"><div class=\"wp-block-embed__wrapper\">\n<iframe title=\"Spotify Embed: Espejos Granate\" style=\"border-radius: 12px\" width=\"100%\" height=\"352\" frameborder=\"0\" allowfullscreen allow=\"autoplay; clipboard-write; encrypted-media; fullscreen; picture-in-picture\" loading=\"lazy\" src=\"https:\/\/open.spotify.com\/embed\/album\/4hADHtzpZoT9eyb86fecwz?si=H4soUOUBSfaRv9a60YBG_Q&#038;dl_branch=1&#038;utm_source=oembed\"><\/iframe>\n<\/div><figcaption class=\"wp-element-caption\">Artista: Espectro Invisible. \u00c1lbum: Espejos Granate. 2020. (Rock alternativo \/ m\u00fasica experimental)<\/figcaption><\/figure>\n\n\n<div class=\"wp-block-image\">\n<figure class=\"aligncenter size-large is-resized\"><img decoding=\"async\" src=\"https:\/\/investiga.uned.ac.cr\/agendajoven\/wp-content\/uploads\/sites\/8\/2025\/07\/Transparente-3-1024x617-1.png\" alt=\"\" style=\"width:500px;height:301px\"\/><\/figure><\/div>\n\n\n<figure class=\"wp-block-embed is-type-video is-provider-youtube wp-block-embed-youtube wp-embed-aspect-16-9 wp-has-aspect-ratio\"><div class=\"wp-block-embed__wrapper\">\n<iframe title=\"Fosa Com\u00fan | Videodanza\" width=\"750\" height=\"422\" src=\"https:\/\/www.youtube.com\/embed\/ZeP3dcn6D5U?feature=oembed\" frameborder=\"0\" allow=\"accelerometer; autoplay; clipboard-write; encrypted-media; gyroscope; picture-in-picture; web-share\" referrerpolicy=\"strict-origin-when-cross-origin\" allowfullscreen><\/iframe>\n<\/div><figcaption class=\"wp-element-caption\">Mar\u00eda del Mar Castro Navarro. Fosa Com\u00fan (Videodanza) 2020<\/figcaption><\/figure>\n<\/div>\n<\/div><\/div>\n\n\n\n<p><\/p>\n","protected":false},"excerpt":{"rendered":"Por: R\u00f3mulo Isaac Rodr\u00edguez Cama\u00f1o (Panam\u00e1) Resumen: En el ensayo \u201cLa juventud centroamericana en el contexto del Bicentenario de la Independencia\u201d&nbsp;se extiende una invitaci\u00f3n a&nbsp;reconocer&nbsp;el patrimonio cultural de los pa\u00edses centroamericanos,&nbsp;su&nbsp;diversidad&nbsp;y distintos or\u00edgenes.&nbsp;Se se\u00f1ala la importancia de los pueblos originarios en la conformaci\u00f3n de las identidades, algo muchas veces negado [...]","protected":false},"author":1,"featured_media":0,"parent":0,"menu_order":0,"comment_status":"closed","ping_status":"closed","template":"","meta":{"ngg_post_thumbnail":0,"_themeisle_gutenberg_block_has_review":false,"footnotes":""},"class_list":["post-2067","page","type-page","status-publish","hentry"],"_links":{"self":[{"href":"https:\/\/investiga.uned.ac.cr\/agendajoven\/wp-json\/wp\/v2\/pages\/2067","targetHints":{"allow":["GET"]}}],"collection":[{"href":"https:\/\/investiga.uned.ac.cr\/agendajoven\/wp-json\/wp\/v2\/pages"}],"about":[{"href":"https:\/\/investiga.uned.ac.cr\/agendajoven\/wp-json\/wp\/v2\/types\/page"}],"author":[{"embeddable":true,"href":"https:\/\/investiga.uned.ac.cr\/agendajoven\/wp-json\/wp\/v2\/users\/1"}],"replies":[{"embeddable":true,"href":"https:\/\/investiga.uned.ac.cr\/agendajoven\/wp-json\/wp\/v2\/comments?post=2067"}],"version-history":[{"count":1,"href":"https:\/\/investiga.uned.ac.cr\/agendajoven\/wp-json\/wp\/v2\/pages\/2067\/revisions"}],"predecessor-version":[{"id":9932,"href":"https:\/\/investiga.uned.ac.cr\/agendajoven\/wp-json\/wp\/v2\/pages\/2067\/revisions\/9932"}],"wp:attachment":[{"href":"https:\/\/investiga.uned.ac.cr\/agendajoven\/wp-json\/wp\/v2\/media?parent=2067"}],"curies":[{"name":"wp","href":"https:\/\/api.w.org\/{rel}","templated":true}]}}