{"id":2043,"date":"2021-07-22T15:55:56","date_gmt":"2021-07-22T21:55:56","guid":{"rendered":"https:\/\/investiga.uned.ac.cr\/agendajoven\/?page_id=2043"},"modified":"2025-08-12T20:10:09","modified_gmt":"2025-08-12T20:10:09","slug":"la-formacion-politica-de-la-juventud-es-la-vacuna-contra-el-virus-de-la-ignorancia-politica-en-honduras","status":"publish","type":"page","link":"https:\/\/investiga.uned.ac.cr\/agendajoven\/la-formacion-politica-de-la-juventud-es-la-vacuna-contra-el-virus-de-la-ignorancia-politica-en-honduras\/","title":{"rendered":"La formaci\u00f3n pol\u00edtica de la juventud es la vacuna contra el virus de la ignorancia pol\u00edtica en Honduras"},"content":{"rendered":"\n<div id=\"wp-block-themeisle-blocks-advanced-columns-172ae529\" class=\"wp-block-themeisle-blocks-advanced-columns alignfull has-2-columns has-desktop-equal-layout has-tablet-equal-layout has-mobile-collapsedRows-layout has-vertical-unset\"><div class=\"wp-block-themeisle-blocks-advanced-columns-overlay\"><\/div><div class=\"innerblocks-wrap\">\n<div id=\"wp-block-themeisle-blocks-advanced-column-78566c9e\" class=\"wp-block-themeisle-blocks-advanced-column\">\n<p>Por:  Eduardo Humberto Alem\u00e1n Mart\u00ednez (Honduras)<\/p>\n\n\n\n<p><strong>Resumen<\/strong>&nbsp;<\/p>\n\n\n\n<p>Desde Honduras, Eduardo Alem\u00e1n nos presenta en su ensayo una interesante comparaci\u00f3n entre el c\u00e1ncer, el coronavirus y la corrupci\u00f3n en la sociedad de ese pa\u00eds centroamericano. El autor hace un notable esfuerzo de crear un texto en el que expone, en t\u00e9rminos sencillos, los padecimientos ocasionados por ambas enfermedades y los compara con problemas pol\u00edticos de gran complejidad, entre ellos la corrupci\u00f3n, que se presentan en territorio hondure\u00f1o, pero que tampoco son ajenos de ocurrir en cualquier otro pa\u00eds de la regi\u00f3n. Introduce tambi\u00e9n de manera exhaustiva, todos los actores sociales involucrados en la problem\u00e1tica (enfermedad), ya sea como generadores o causantes de problemas y conflictos, as\u00ed como tambi\u00e9n de quienes tienen a su cargo la soluci\u00f3n o la cura a la enfermedad.&nbsp;<\/p>\n\n\n\n<p>Durante el desarrollo del ensayo, es insistente en se\u00f1alar que los males sociales y pol\u00edticos que afronta Honduras y que perjudican a los pueblos, pueden ser evitados si se ataca la ignorancia pol\u00edtica, la cual denomina como un virus; para eliminarla, el autor plantea que se requiere de la aplicaci\u00f3n de una vacuna, que es la formaci\u00f3n pol\u00edtica de la juventud.&nbsp;<\/p>\n\n\n\n<p>De cara a la celebraci\u00f3n del Bicentenario, el autor realiza un ensayo propositivo y comprometido con la necesidad de promover la formaci\u00f3n pol\u00edtica del pueblo y de las personas j\u00f3venes en distintos \u00e1mbitos de la sociedad, utilizando diversas apelaciones emotivas, encaminadas a generar reflexi\u00f3n en quienes lo lean. La pregunta&nbsp;<em>\u00bfQu\u00e9 puede hacer la poblaci\u00f3n joven en Honduras, para involucrarse en la incidencia pol\u00edtica de manera m\u00e1s efectiva? e<\/em>st\u00e1 dirigida sin duda a esa generaci\u00f3n de personas j\u00f3venes hondure\u00f1as que aspiran a realizar cambios significativos en su pa\u00eds.&nbsp;<\/p>\n\n\n\n<p class=\"has-text-align-center\"><strong>La formaci\u00f3n pol\u00edtica de la juventud es la vacuna contra el virus de la ignorancia pol\u00edtica en Honduras<\/strong><\/p>\n\n\n\n<p>Honduras llega al a\u00f1o 2021 con una met\u00e1stasis grave; es un pa\u00eds que cumplir\u00e1 este a\u00f1o su bicentenario, con la necesidad profunda de una completa refundaci\u00f3n, porque los niveles de inoperancia de la institucionalidad son propios de un estado fallido. Poco o nada se puede hacer cuando un c\u00e1ncer llega a etapa terminal fase 4. Por lo cual, solamente se puede aspirar al nacimiento de un pa\u00eds, por medio de un nuevo pacto social. Pero para lograr dicha refundaci\u00f3n, se requiere de un alto grado de formaci\u00f3n pol\u00edtica en la poblaci\u00f3n, que permita vacunarnos desde el inicio, para no repetir los mismos errores, en los siguientes 200 a\u00f1os.&nbsp;<\/p>\n\n\n\n<p>Lastimosamente, para las generaciones que nos antecedieron, ya es muy dif\u00edcil lograr solucionar estructuralmente la ausencia de dicha formaci\u00f3n. Por esta raz\u00f3n, debemos procurar sembrar en las generaciones m\u00e1s j\u00f3venes la semilla de la formaci\u00f3n pol\u00edtica, desde temprana edad. Cada vez m\u00e1s j\u00f3venes se quieren involucrar en ser parte del cambio que requiere el pa\u00eds, pero la ausencia de la formaci\u00f3n pol\u00edtica hace que su capacidad de hacer un cambio significativo est\u00e9 limitada por su ausencia de formaci\u00f3n, tanto te\u00f3rica como de campo. De esta manera surge la pregunta, \u00bfQu\u00e9 puede hacer la poblaci\u00f3n joven en Honduras, para involucrarse en la incidencia pol\u00edtica de manera m\u00e1s efectiva?&nbsp;<\/p>\n\n\n\n<p>Esta es una pregunta dif\u00edcil de contestar de manera individual para cada joven, sin conocer sus contextos espec\u00edficos, ya que todos estamos en un punto diferente en nuestra formaci\u00f3n pol\u00edtica. Por ende, para intentar dar un consejo, yo tendr\u00eda que saber un poco m\u00e1s de cada persona. \u00bfD\u00f3nde est\u00e1n sus motivaciones para querer incidir en pol\u00edtica? \u00bfCu\u00e1les son sus talentos, recursos, disponibilidad de tiempo, trasfondo familiar, cultural?&nbsp;<\/p>\n\n\n\n<p>Si alguien a principios de 2020, le hubiera preguntado un doctor\/a la cura del c\u00e1ncer o del COVID 19, porque esa persona tiene miedo de morir, un\/a doctor\/a \u00e9tico\/a y responsable le habr\u00eda dicho que no tiene la cura o vacuna para esas enfermedades, que pudiese garantizarle que le dar\u00eda c\u00e1ncer o COVID19 en 2020. Tampoco hasta ese punto podr\u00eda evitar al 100% sanar a quienes ya estaban enfermas. Pero lo que s\u00ed podr\u00eda hacer en ese momento, es que quienes estuvieran sanas, mantuvieran h\u00e1bitos saludables, que estuvieran haci\u00e9ndose constantes ex\u00e1menes y chequeos m\u00e9dicos para detectar si tiene alguna de esas enfermedades u otras de alta gravedad. Si la persona se encuentra libre de ellas, deber\u00eda ir donde un nutricionista que le haga una dieta y rutina de ejercicios para mantenerse as\u00ed de sana y fortalecer su sistema inmunol\u00f3gico.&nbsp;<\/p>\n\n\n\n<p>Si tiene a\u00fan mucho m\u00e1s inter\u00e9s de vencer el c\u00e1ncer o el COVID 19, podr\u00eda haber estudiado medicina, nutrici\u00f3n o enfermer\u00eda. Ya que significa que esta persona tiene vocaci\u00f3n para dedicarse a la investigaci\u00f3n cient\u00edfica, medicina, enfermer\u00eda, param\u00e9dico\/a, o nutrici\u00f3n. Pero todas estas carreras requieren de alto sacrificio, entre ellas el tiempo dedicado a la vida personal, estudio, largas jornadas de trabajo, no tener horarios fijos, entre otras. Es por eso muy importante, cuidar su propia salud mental, comer sano, hacer ejercicio y respetar los turnos de trabajo, para que estos descansos ayuden a recuperar fuerzas para seguir adelante, muchas veces en un sistema de salud colapsado.&nbsp;<\/p>\n\n\n\n<p>El c\u00e1ncer se origina cuando las c\u00e9lulas cancer\u00edgenas se reproducen y afectan a un miembro del cuerpo; cuando es detectado a tiempo, se puede salvar el \u00f3rgano mediante tratamientos y quimioterapias. En otras ocasiones, lo conveniente es extirparlo, antes que \u00e9ste se extienda a otras partes del cuerpo, provocando as\u00ed una met\u00e1stasis mortal. De igual manera, funciona la corrupci\u00f3n en un pa\u00eds. Por eso la importancia de que un pa\u00eds tenga constantes auditor\u00edas jur\u00eddicas, con instituciones de gobiernos s\u00f3lidas y organizaciones de veedur\u00eda y auditor\u00eda social beligerantes. Si no hay h\u00e1bitos saludables en la administraci\u00f3n p\u00fablica que prevengan la corrupci\u00f3n, as\u00ed como ex\u00e1menes peri\u00f3dicos que la detecten, o revisiones constantes que la descarten, no se podr\u00e1 identificar a tiempo previo a que aparezca. Y cuando aparezca, no se podr\u00e1 tratar de manera efectiva y el estado morir\u00e1 ag\u00f3nicamente.&nbsp;<\/p>\n\n\n\n<p>Por otro lado, la poblaci\u00f3n de un pa\u00eds puede padecer del virus de la ignorancia pol\u00edtica y para ello, lo mismo aplica. Se debe primero fortalecer el sistema inmune. Pero \u00bfQu\u00e9 es fortalecer el sistema inmune en esta met\u00e1fora? Pues no es otra cosa, m\u00e1s que fortalecer la formaci\u00f3n pol\u00edtica.&nbsp;<\/p>\n\n\n\n<p>Si alguien a su alrededor le estornuda el virus de la ignorancia pol\u00edtica, pero su sistema es inmune, es decir su formaci\u00f3n pol\u00edtica es fuerte, evitar\u00e1 que los efectos de ese estornudo le afecten. Si usted es un\/a doctor\/a que tiene un sistema inmune fuerte, va a poder vencer al virus de la ignorancia pol\u00edtica. Si usted tiene un sistema inmune bajo en formaci\u00f3n pol\u00edtica, evite a toda costa acercarse a personas enfermas de este virus. Busque a su m\u00e9dico de cabecera m\u00e1s cercano, o donde su nutricionista para fortalecer su cuerpo. Si usted est\u00e1 enfermo del virus de la ignorancia pol\u00edtica, lo primero que usted debe hacer para saberlo es practicarse pruebas r\u00e1pidas y \u201cPCR\u00b4s\u201d que le den una confirmaci\u00f3n de diagn\u00f3stico. Dependiendo de la gravedad de los s\u00edntomas que usted presente, as\u00ed ser\u00e1n las recetas y medicamentos que usted requiera para su tratamiento.&nbsp;<\/p>\n\n\n\n<p>Usted puede ser una persona asintom\u00e1tica, o presentar s\u00edntomas leves, que se solucionan con aislamiento social mientras surten efectos los medicamentos y fortalece su sistema inmunol\u00f3gico. Pero si usted tarda mucho en recibir tratamiento m\u00e9dico, usted se convertir\u00e1 en un paciente grave que va a requerir hospitalizaci\u00f3n, tanque de ox\u00edgeno; el coronavirus de la ignorancia pol\u00edtica le puede costar su vida. No tenga temor a admitir que se ha contagiado del virus, por miedo a la estigmatizaci\u00f3n. Ser ignorante no es lo mismo que ser tonto. Admitir que somos ignorantes pol\u00edticamente, es lo m\u00e1s inteligente que podemos hacer; ser tonto es creer que lo sabemos todo, pol\u00edticamente hablando.&nbsp;<\/p>\n\n\n\n<p>Todas las personas estamos expuestas a contagiarnos; si no, que levante la mano al que no le ha dado una gripe. El coronavirus es tan contagioso, que es probable que todos ya hayamos estado expuestos a \u00e9l. El primer paso para vencerlo es reconocer que usted es portador. Ning\u00fan doctor tiene una cura m\u00e1gica para vencer el COVID de la ignorancia en una persona. Al inicio de la pandemia, hab\u00eda algunos que les gustaba dar recetas sin que se hubieran hecho las debidas investigaciones cient\u00edficas de manera seria y \u00e9tica. Solo les interesaba hacerse ricos a base de dar consultas y medicamentos falsos. Los pseudo m\u00e9dicos que no est\u00e1n preparados adecuadamente para tratar enfermedades graves son muy peligrosos y deben ser expuestos para evitar que los pacientes se crean sus curas falsas. Un mal doctor infectado del coronavirus de la ignorancia es muy da\u00f1ino. Ev\u00edteles a toda costa, porque al tenerlos de m\u00e9dicos de cabecera, lo \u00fanico que lograr\u00e1 es que le contagien del virus, con consecuencias fatales.&nbsp;<\/p>\n\n\n\n<p>Si usted no est\u00e1 familiarizado con las met\u00e1foras antes mencionadas, perm\u00edtame ampliarlas un poco m\u00e1s. Los pacientes enfermos son el pueblo que requieren atender su salud. Los militantes pol\u00edticos partidarios son los m\u00e9dicos, que toman las decisiones de salud con base en su preparaci\u00f3n, tanto acad\u00e9mica como experiencia laboral de campo. Los investigadores cient\u00edficos en la met\u00e1fora son los polit\u00f3logos, soci\u00f3logos, antrop\u00f3logos, juristas y&nbsp;cientistas&nbsp;sociales que est\u00e1n trabajando en encontrar medicamentos que mitiguen los s\u00edntomas o encuentren una cura para el c\u00e1ncer de la corrupci\u00f3n o una vacuna para el COVID de la ignorancia pol\u00edtica. He all\u00ed la importancia de m\u00e9dicos que amen la investigaci\u00f3n cient\u00edfica. Ya que un m\u00e9dico as\u00ed es de mayor nivel de preparaci\u00f3n.&nbsp;<\/p>\n\n\n\n<p>El personal de enfermer\u00eda son los funcionarios(as) p\u00fablicos del gobierno. Estas vienen a ser esas personas que, sin hacer la misma carrera de los m\u00e9dicos, es decir los pol\u00edticos partidistas, son las que m\u00e1s horas pasan atendiendo a los pacientes enfermos, por lo general dentro del hospital, el cual representa al aparato estatal. El personal de enfermer\u00eda puede ser muy preparado o ser emp\u00edrico, pero si no tienen amor y vocaci\u00f3n de servicio ser\u00e1n malos enfermeros o enfermeras. Los mejores profesionales en enfermer\u00eda son aquellos que sacaron carrera para serlo y que, con mayor vocaci\u00f3n de servicio, est\u00e1n encargadas de aplicarle el medicamento al paciente. Ellas tienen un coraz\u00f3n noble, pero que deben lidiar muchas veces con el mal humor de los pacientes, los cuales muchas veces no suelen ser lo suficientemente agradecidos y reciben el peor trato de los pacientes. A veces no importa que una enfermera o enfermero haga s\u00faper bien su trabajo y que a veces por sus a\u00f1os laborando en el hospital sepan hasta m\u00e1s que los m\u00e9dicos sin experiencia. Los malos pacientes aun as\u00ed arrugan la cara cuando&nbsp;les&nbsp;ven entrar y se les deslumbra el rostro cuando ven, aunque sea 5 minutos al doctor.&nbsp;<\/p>\n\n\n\n<p>Esto puede provocar en algunas o muchas de ellas, que se conviertan indiferentes al dolor, con falta de empat\u00eda y les de igual si el paciente vive o muere; mientras les paguen, no es su problema, solo se enfocan en hacer su trabajo. \u00bfSe imagina un hospital con mal personal de enfermer\u00eda? Impuntuales, que no cumplen con sus obligaciones, que est\u00e1n con el celular cuando un paciente las requiere con urgencia, que sean lentas y negligentes. Eso es lo que tenemos cuando los bur\u00f3cratas dejan de servir al pueblo por vocaci\u00f3n y pierden el sentido de empat\u00eda al prestar un servicio p\u00fablico.&nbsp;<\/p>\n\n\n\n<p>Los nutricionistas o nutri\u00f3logos son los actores t\u00e9cnicos de la sociedad civil y movimientos sociales.&nbsp; Los nutricionistas son graduados en nutrici\u00f3n y luego se especializan por \u00e1reas (deportiva, funcional, cl\u00ednica etc.). En cambio, los nutri\u00f3logos son aquellos que se formaron como m\u00e9dicos y que se especializaron en nutriolog\u00eda m\u00e9dica. Es decir, pueden ser pol\u00edticos militantes en alg\u00fan partido, pero que no trabajan en el hospital (gobierno); o aquellos que, aunque no se han graduado como m\u00e9dicos, o sea los pol\u00edticos apartidistas, que no han entrado a formarse pol\u00edticamente a cargos de elecci\u00f3n popular, pero s\u00ed tienen conocimientos t\u00e9cnicos especializados necesarios para la pol\u00edtica. Este sector deber\u00eda ser un grupo de personas&nbsp;que&nbsp;con sus dietas y ejercicios, ayuden al personal del hospital a no tener que atender a tanta gente y que no colapse el sistema de salud. La academia, la empresa privada, gremios, ONG y personal t\u00e9cnico deber\u00edan entrar en este grupo.&nbsp;<\/p>\n\n\n\n<p>Los nutricionistas sufren en Honduras que la gente no tiene cultura de prevenci\u00f3n; no suele involucrarse en democratizar los espacios sociales antes mencionados. Entonces los pacientes buscan respuestas en el hospital o en los m\u00e9dicos cuando ya est\u00e1n con los s\u00edntomas graves por no haber ido con los nutricionistas. Ojo, los mejores nutricionistas y nutri\u00f3logos son los profesionales que se formaron apropiadamente. Mucha atenci\u00f3n con los charlatanes que quieran venderse como tales, solo porque van al gimnasio y evitan la comida chatarra. Estos vendr\u00edan a ser aquellas personas en sociedad civil, que no se preparan adecuadamente para su trabajo. No es as\u00ed no m\u00e1s, que se trabaja en la nutrici\u00f3n y nutriolog\u00eda. Por algo hoy es una carrera universitaria muy importante como cualquier otra. Los actores de sociedad civil son aquellos encargados que la ciudadan\u00eda tenga buenos h\u00e1bitos saludables, que eviten la aglomeraci\u00f3n de personas que necesiten del hospital para ser atendidos. Una sociedad civil saludable es aquella que, con sus dietas y ejercicios, no depende primordialmente de un hospital para tener una buena calidad de vida.&nbsp;<\/p>\n\n\n\n<p>Los param\u00e9dicos ambulatorios son los promotores y defensores de derechos humanos, trabajadores sociales y dem\u00e1s personas que se encuentran en la primera l\u00ednea de atenci\u00f3n, que no esperan que el paciente llegue a donde ellos, sino que est\u00e1n siempre alertas cuando son llamados por el 911 para auxiliar de manera inmediata a alguien que presenta una emergencia y as\u00ed brindar una asistencia temporal, que le pueda salvar la vida al paciente mientras recibe ayuda especializada por parte del hospital. El param\u00e9dico debe aprender a referir al hospital cuando vea que es algo que, como param\u00e9dico, solo podr\u00e1 puede contener, m\u00e1s no curar por completo.&nbsp;<\/p>\n\n\n\n<p>\u00bfEncontr\u00f3 con quien se familiariz\u00f3? \u00bfEs una persona que hoy se encuentra paralizada de miedo, porque sabe que no ha hecho nada por cuidar adecuadamente su sistema inmunol\u00f3gico? Bueno pues si es as\u00ed, es una persona sin formaci\u00f3n pol\u00edtica s\u00f3lida. \u00bfEs usted una persona enferma del Coronavirus de la ignorancia? La forma de sanarse de la ignorancia pol\u00edtica es la formaci\u00f3n te\u00f3rica y de campo, teniendo h\u00e1bitos saludables y realizarse pruebas peri\u00f3dicas que le permitan mitigar los efectos. \u00bfEs o ha sido usted una c\u00e9lula cancer\u00edgena en este pa\u00eds? Es decir, un funcionario p\u00fablico corrupto. Si es as\u00ed, el personal de salud debe aplicar la quimioterapia, que en este caso son la justicia y el derecho. Los que deben funcionar para luchar contra c\u00e9lulas como usted, neutralizarlos y extirparlos de los \u00f3rganos y evitar que se extienda a los otros \u00f3rganos, que en este ejemplo vienen a ser las instituciones formales de gobierno.&nbsp;<\/p>\n\n\n\n<p>Si no es un paciente, \u00bfQu\u00e9 tipo de personal de la salud es? \u00bfDoctor\/a? \u00bfInvestigador\/a cient\u00edfico?, \u00bfPersonal de Enfermer\u00eda?, \u00bfNutricionista o nutri\u00f3logo\/a? \u00bfParam\u00e9dico\/a?&nbsp;<\/p>\n\n\n\n<p>Ahora p\u00f3ngase a pensar, si el gobierno es el hospital \u00bfQu\u00e9 tipo de hospital somos? \u00bfQu\u00e9 har\u00eda usted con un hospital, as\u00ed como el nuestro? Basado en el rol que usted juega, \u00bfQu\u00e9 decisiones cree podr\u00eda tomar para mejorar el hospital? Yo no puedo darle esas respuestas, solo puedo ayudarle a encaminar las preguntas que usted necesita hacerse para saber c\u00f3mo puede incidir pol\u00edticamente. Ahora, \u00bfve que la responsabilidad de que este hospital funcione es de todos y no solo de unos cuantos actores y actrices? \u00bfEst\u00e1 contento con el papel que usted ha jugado hasta ahora en este hospital? Puede cambiar de rol cuando quiera, lo importante es mejorar su papel en todo esto.&nbsp;<\/p>\n\n\n\n<p>La juventud bicentenaria, tiene la gran responsabilidad hist\u00f3rica, de abolir el hospital si es necesario y construir uno nuevo que s\u00ed est\u00e9 apto para atender a una poblaci\u00f3n enferma del c\u00e1ncer de la corrupci\u00f3n y del virus de la ignorancia pol\u00edtica. La ni\u00f1ez y juventud debe ser vacunada mediante la formaci\u00f3n pol\u00edtica para no terminar igual que esta generaci\u00f3n para la cual ya no hay mucho m\u00e1s que se pueda hacer, m\u00e1s que morir dignamente, sembrando en la siguiente generaci\u00f3n las lecciones aprendidas.&nbsp;<\/p>\n\n\n\n<p><strong>Nota:<\/strong> <em>Las opiniones e ideas expresadas en los insumos participantes reflejan el punto de vista de las personas autoras, no as\u00ed la posici\u00f3n del Centro Agenda Joven en Derechos Humanos y Ciudadan\u00eda o la Universidad Estatal a Distancia.<\/em><\/p>\n\n\n\n<p>Haga clic en alguna de las im\u00e1genes para seguir explorando el contenido del Ideario<\/p>\n\n\n<div class=\"wp-block-image is-style-rounded\">\n<figure class=\"aligncenter size-medium\"><a href=\"https:\/\/investiga.uned.ac.cr\/agendajoven\/somos-las-juventudes-del-bicentenario\/\"><img decoding=\"async\" src=\"https:\/\/investiga.uned.ac.cr\/agendajoven\/wp-content\/uploads\/sites\/16\/2021\/07\/CUT1-300x169.png\" alt=\"\" class=\"wp-image-2136\"\/><\/a><\/figure><\/div>\n\n<div class=\"wp-block-image is-style-rounded\">\n<figure class=\"aligncenter size-medium\"><a href=\"https:\/\/investiga.uned.ac.cr\/agendajoven\/como-suena-la-musica-del-bicentenario\/\"><img decoding=\"async\" src=\"https:\/\/investiga.uned.ac.cr\/agendajoven\/wp-content\/uploads\/sites\/16\/2021\/07\/CUT3-2-300x178.jpg\" alt=\"\" class=\"wp-image-2152\"\/><\/a><\/figure><\/div>\n\n<div class=\"wp-block-image is-style-rounded\">\n<figure class=\"aligncenter size-medium\"><a href=\"https:\/\/investiga.uned.ac.cr\/agendajoven\/la-juventud-centroamericana-en-el-contexto-del-bicentenario-de-la-independencia\/\"><img decoding=\"async\" src=\"https:\/\/investiga.uned.ac.cr\/agendajoven\/wp-content\/uploads\/sites\/16\/2021\/07\/CUT2-300x169.png\" alt=\"\" class=\"wp-image-2140\"\/><\/a><\/figure><\/div>\n\n\n<div class=\"wp-block-button aligncenter\"><a class=\"wp-block-button__link wp-element-button\" href=\"https:\/\/investiga.uned.ac.cr\/agendajoven\/ideario-la-juventud-centroamericana-en-el-contexto-del-bicentenario-de-la-independencia\/\">Regresar al inicio del Ideario<\/a><\/div>\n\n\n\n<p><em><br><\/em><\/p>\n<\/div>\n\n\n\n<div id=\"wp-block-themeisle-blocks-advanced-column-bd47a5e9\" class=\"wp-block-themeisle-blocks-advanced-column\">\n<figure class=\"wp-block-image size-large\"><img decoding=\"async\" src=\"https:\/\/investiga.uned.ac.cr\/agendajoven\/wp-content\/uploads\/sites\/8\/2025\/07\/Transparente-1024x617-1.png\" alt=\"\"\/><\/figure>\n\n\n\n<figure class=\"wp-block-embed is-type-rich is-provider-spotify wp-block-embed-spotify wp-embed-aspect-21-9 wp-has-aspect-ratio\"><div class=\"wp-block-embed__wrapper\">\n<iframe title=\"Spotify Embed: Acu\u00e1tico\" style=\"border-radius: 12px\" width=\"100%\" height=\"352\" frameborder=\"0\" allowfullscreen allow=\"autoplay; clipboard-write; encrypted-media; fullscreen; picture-in-picture\" loading=\"lazy\" src=\"https:\/\/open.spotify.com\/embed\/album\/4xiqLrqaGTBGN2zz8TWgMW?si=iE9tef8iRHegqzvBNjY13A&#038;dl_branch=1&#038;utm_source=oembed\"><\/iframe>\n<\/div><figcaption class=\"wp-element-caption\">Artista: Cueva. \u00c1lbum: Acu\u00e1tico. 2020. (Hip Hop experimental)<\/figcaption><\/figure>\n\n\n<div class=\"wp-block-image\">\n<figure class=\"aligncenter size-large is-resized\"><img decoding=\"async\" src=\"https:\/\/investiga.uned.ac.cr\/agendajoven\/wp-content\/uploads\/sites\/8\/2025\/07\/Transparente-1-1024x617-1.png\" alt=\"\" style=\"width:368px;height:177px\"\/><\/figure><\/div>\n\n\n<figure class=\"wp-block-image size-large\"><img decoding=\"async\" src=\"https:\/\/investiga.uned.ac.cr\/agendajoven\/wp-content\/uploads\/sites\/8\/2025\/07\/01-Paola-1024x683-1.jpg\" alt=\"\"\/><figcaption class=\"wp-element-caption\">&#8220;Pandemia en el Barrio Chino&#8221; &#8211;  Paola Bonilla Fong. 2020.<\/figcaption><\/figure>\n\n\n<div class=\"wp-block-image\">\n<figure class=\"aligncenter size-large is-resized\"><img decoding=\"async\" src=\"https:\/\/investiga.uned.ac.cr\/agendajoven\/wp-content\/uploads\/sites\/8\/2025\/07\/Transparente-1-1024x617-1.png\" alt=\"\" style=\"width:368px;height:177px\"\/><\/figure><\/div>\n\n\n<figure class=\"wp-block-embed is-type-rich is-provider-spotify wp-block-embed-spotify wp-embed-aspect-21-9 wp-has-aspect-ratio\"><div class=\"wp-block-embed__wrapper\">\n<iframe title=\"Spotify Embed: Miura\" style=\"border-radius: 12px\" width=\"100%\" height=\"352\" frameborder=\"0\" allowfullscreen allow=\"autoplay; clipboard-write; encrypted-media; fullscreen; picture-in-picture\" loading=\"lazy\" src=\"https:\/\/open.spotify.com\/embed\/artist\/3XWMnC1iL8xbWzUxNvAyE1?si=m5BYpeJ0SXqbJRpDhXzcjg&#038;dl_branch=1&#038;utm_source=oembed\"><\/iframe>\n<\/div><figcaption class=\"wp-element-caption\">Perfil de Spotify de Miura. (M\u00fasica electr\u00f3nica)<\/figcaption><\/figure>\n\n\n\n<p><\/p>\n<\/div>\n<\/div><\/div>\n","protected":false},"excerpt":{"rendered":"Por: Eduardo Humberto Alem\u00e1n Mart\u00ednez (Honduras) Resumen&nbsp; Desde Honduras, Eduardo Alem\u00e1n nos presenta en su ensayo una interesante comparaci\u00f3n entre el c\u00e1ncer, el coronavirus y la corrupci\u00f3n en la sociedad de ese pa\u00eds centroamericano. El autor hace un notable esfuerzo de crear un texto en el que expone, en t\u00e9rminos [...]","protected":false},"author":1,"featured_media":0,"parent":0,"menu_order":0,"comment_status":"closed","ping_status":"closed","template":"","meta":{"ngg_post_thumbnail":0,"_themeisle_gutenberg_block_has_review":false,"footnotes":""},"class_list":["post-2043","page","type-page","status-publish","hentry"],"_links":{"self":[{"href":"https:\/\/investiga.uned.ac.cr\/agendajoven\/wp-json\/wp\/v2\/pages\/2043","targetHints":{"allow":["GET"]}}],"collection":[{"href":"https:\/\/investiga.uned.ac.cr\/agendajoven\/wp-json\/wp\/v2\/pages"}],"about":[{"href":"https:\/\/investiga.uned.ac.cr\/agendajoven\/wp-json\/wp\/v2\/types\/page"}],"author":[{"embeddable":true,"href":"https:\/\/investiga.uned.ac.cr\/agendajoven\/wp-json\/wp\/v2\/users\/1"}],"replies":[{"embeddable":true,"href":"https:\/\/investiga.uned.ac.cr\/agendajoven\/wp-json\/wp\/v2\/comments?post=2043"}],"version-history":[{"count":1,"href":"https:\/\/investiga.uned.ac.cr\/agendajoven\/wp-json\/wp\/v2\/pages\/2043\/revisions"}],"predecessor-version":[{"id":9930,"href":"https:\/\/investiga.uned.ac.cr\/agendajoven\/wp-json\/wp\/v2\/pages\/2043\/revisions\/9930"}],"wp:attachment":[{"href":"https:\/\/investiga.uned.ac.cr\/agendajoven\/wp-json\/wp\/v2\/media?parent=2043"}],"curies":[{"name":"wp","href":"https:\/\/api.w.org\/{rel}","templated":true}]}}