{"id":2037,"date":"2021-07-22T15:55:07","date_gmt":"2021-07-22T21:55:07","guid":{"rendered":"https:\/\/investiga.uned.ac.cr\/agendajoven\/?page_id=2037"},"modified":"2025-08-13T21:46:28","modified_gmt":"2025-08-13T21:46:28","slug":"ideario-la-juventud-centroamericana-en-el-contexto-del-bicentenario-de-la-independencia","status":"publish","type":"page","link":"https:\/\/investiga.uned.ac.cr\/agendajoven\/ideario-la-juventud-centroamericana-en-el-contexto-del-bicentenario-de-la-independencia\/","title":{"rendered":"Ideario: La juventud centroamericana en el contexto del Bicentenario de la Independencia"},"content":{"rendered":"\t\t<div data-elementor-type=\"wp-page\" data-elementor-id=\"2037\" class=\"elementor elementor-2037\">\n\t\t\t\t<div class=\"elementor-element elementor-element-7dfe8cda e-flex e-con-boxed e-con e-parent\" data-id=\"7dfe8cda\" data-element_type=\"container\" data-e-type=\"container\">\n\t\t\t\t\t<div class=\"e-con-inner\">\n\t\t\t\t<div class=\"elementor-element elementor-element-4ed84341 elementor-widget elementor-widget-text-editor\" data-id=\"4ed84341\" data-element_type=\"widget\" data-e-type=\"widget\" data-widget_type=\"text-editor.default\">\n\t\t\t\t<div class=\"elementor-widget-container\">\n\t\t\t\t\t\t\t\t\t\n<div id=\"wp-block-themeisle-blocks-advanced-columns-80f87c7b\" class=\"wp-block-themeisle-blocks-advanced-columns has-1-columns has-desktop-equal-layout has-tablet-equal-layout has-mobile-equal-layout has-vertical-unset\">\n<div class=\"wp-block-themeisle-blocks-advanced-columns-overlay\"><\/div>\n<div class=\"innerblocks-wrap\">\n<div id=\"wp-block-themeisle-blocks-advanced-column-fd493831\" class=\"wp-block-themeisle-blocks-advanced-column\"><div class=\"wp-block-image\">\n<figure class=\"aligncenter\"><img decoding=\"async\" src=\"https:\/\/investiga.uned.ac.cr\/agendajoven\/wp-content\/uploads\/sites\/8\/2025\/07\/Foto-principal-pagina-entrada_Mesa-de-trabajo-1-1024x617-1.jpg\" alt=\"\" class=\"wp-image-2038\" \/><\/figure><\/div>\n<h2 class=\"wp-block-heading\"><strong>Introducci\u00f3n<\/strong><\/h2>\n\n<p>El presente ideario problematiza, comprende y muestra modos de entenderse y expresarse de la juventud centroamericana en el marco del Bicentenario de Independencia.<\/p>\n\n<p>El Centro Agenda Joven en Derechos y Ciudadan\u00eda consciente de las dificultades de muchas de las personas j\u00f3venes en nuestros pa\u00edses construye este espacio que visualiza las desigualdades para alcanzar derechos fundamentales, los imaginarios sobre la poblaci\u00f3n y las paradojas de quienes para algunos son el presente, para otras el futuro y para otros, parafraseando a la banda de punk inglesa Sex Pistols: \u201cNo future for you\u201d.<\/p>\n\n<p>En el contexto del Bicentenario y profundizadas las desigualdades de nuestro territorio por la pandemia de la COVID-19 es m\u00e1s que importante preguntarnos y expresar que es ser joven, qu\u00e9 condiciones de posibilidad tengo para serlo, que nos caracteriza como j\u00f3venes de Centroam\u00e9rica. Tambi\u00e9n, sin duda ver nuestras oportunidades para construir una sociedad justa, en di\u00e1logo y siendo parte armoniosa con la naturaleza.<\/p>\n\n<p>Ante la complejidad de lo que somos como juventudes centroamericanas el siguiente ideario es la suma de escritura, m\u00fasica, fotograf\u00eda y otras expresiones j\u00f3venes las cuales son nuestro aporte para construir nuestra libertad bicentenaria.<\/p>\n\n<p><strong>Centro Agenda Joven en Derechos y Ciudadan\u00eda.<\/strong><\/p>\n\n<p><strong><em>Para ini<\/em>ciar <em>la exploraci\u00f3n de los bloques del ideario, seleccione una de las siguientes im\u00e1genes<\/em><\/strong><\/p>\n<div class=\"wp-block-image is-style-rounded\">\n<figure class=\"aligncenter size-medium\"><a href=\"https:\/\/investiga.uned.ac.cr\/agendajoven\/somos-las-juventudes-del-bicentenario\/\"><img decoding=\"async\" src=\"https:\/\/investiga.uned.ac.cr\/agendajoven\/wp-content\/uploads\/sites\/8\/2025\/08\/CUT1-300x169-1.png\" alt=\"\" class=\"wp-image-2136\" \/><\/a><\/figure><\/div><div class=\"wp-block-image is-style-rounded\">\n<figure class=\"aligncenter size-medium\"><a href=\"https:\/\/investiga.uned.ac.cr\/agendajoven\/como-suena-la-musica-del-bicentenario\/\"><img decoding=\"async\" src=\"https:\/\/investiga.uned.ac.cr\/agendajoven\/wp-content\/uploads\/sites\/8\/2025\/08\/CUT3-2-300x178-1.jpg\" alt=\"\" class=\"wp-image-2152\" \/><\/a><\/figure><\/div><div class=\"wp-block-image is-style-rounded\">\n<figure class=\"aligncenter size-medium\"><a href=\"https:\/\/investiga.uned.ac.cr\/agendajoven\/la-juventud-centroamericana-en-el-contexto-del-bicentenario-de-la-independencia\/\"><img decoding=\"async\" src=\"https:\/\/investiga.uned.ac.cr\/agendajoven\/wp-content\/uploads\/sites\/8\/2025\/08\/CUT2-300x169-1.png\" alt=\"\" class=\"wp-image-2140\" \/><\/a><\/figure><\/div><\/div>\n<\/div>\n<\/div>\n\n<p><\/p>\n\n<p><\/p>\n\t\t\t\t\t\t\t\t<\/div>\n\t\t\t\t<\/div>\n\t\t\t\t\t<\/div>\n\t\t\t\t<\/div>\n\t\t\t\t<\/div>\n\t\t","protected":false},"excerpt":{"rendered":"Introducci\u00f3n El presente ideario problematiza, comprende y muestra modos de entenderse y expresarse de la juventud centroamericana en el marco del Bicentenario de Independencia. El Centro Agenda Joven en Derechos y Ciudadan\u00eda consciente de las dificultades de muchas de las personas j\u00f3venes en nuestros pa\u00edses construye este espacio que visualiza [...]","protected":false},"author":1,"featured_media":0,"parent":0,"menu_order":0,"comment_status":"closed","ping_status":"closed","template":"","meta":{"ngg_post_thumbnail":0,"_themeisle_gutenberg_block_has_review":false,"footnotes":""},"class_list":["post-2037","page","type-page","status-publish","hentry"],"_links":{"self":[{"href":"https:\/\/investiga.uned.ac.cr\/agendajoven\/wp-json\/wp\/v2\/pages\/2037","targetHints":{"allow":["GET"]}}],"collection":[{"href":"https:\/\/investiga.uned.ac.cr\/agendajoven\/wp-json\/wp\/v2\/pages"}],"about":[{"href":"https:\/\/investiga.uned.ac.cr\/agendajoven\/wp-json\/wp\/v2\/types\/page"}],"author":[{"embeddable":true,"href":"https:\/\/investiga.uned.ac.cr\/agendajoven\/wp-json\/wp\/v2\/users\/1"}],"replies":[{"embeddable":true,"href":"https:\/\/investiga.uned.ac.cr\/agendajoven\/wp-json\/wp\/v2\/comments?post=2037"}],"version-history":[{"count":7,"href":"https:\/\/investiga.uned.ac.cr\/agendajoven\/wp-json\/wp\/v2\/pages\/2037\/revisions"}],"predecessor-version":[{"id":9946,"href":"https:\/\/investiga.uned.ac.cr\/agendajoven\/wp-json\/wp\/v2\/pages\/2037\/revisions\/9946"}],"wp:attachment":[{"href":"https:\/\/investiga.uned.ac.cr\/agendajoven\/wp-json\/wp\/v2\/media?parent=2037"}],"curies":[{"name":"wp","href":"https:\/\/api.w.org\/{rel}","templated":true}]}}