{"id":1866,"date":"2021-03-02T17:17:11","date_gmt":"2021-03-02T23:17:11","guid":{"rendered":"https:\/\/investiga.uned.ac.cr\/agendajoven\/?page_id=1866"},"modified":"2021-03-02T17:17:11","modified_gmt":"2021-03-02T23:17:11","slug":"caravanas-migrantes-de-respuestas-institucionales-diferenciadas-a-la-reorientacion-de-la-politica-migratoria-lucia-galdini","status":"publish","type":"page","link":"https:\/\/investiga.uned.ac.cr\/agendajoven\/caravanas-migrantes-de-respuestas-institucionales-diferenciadas-a-la-reorientacion-de-la-politica-migratoria-lucia-galdini\/","title":{"rendered":"Caravanas migrantes: de respuestas institucionales diferenciadas a la reorientaci\u00f3n de la pol\u00edtica migratoria &#8211; Luciana Gandini"},"content":{"rendered":"\n<div class=\"wp-block-themeisle-blocks-advanced-columns has-1-columns has-desktop-equal-layout has-tablet-equal-layout has-mobile-equal-layout has-default-gap has-vertical-unset\" id=\"wp-block-themeisle-blocks-advanced-columns-6b6e6773\" style=\"border-width:0px;border-style:solid;border-color:#000000;border-radius:0px;justify-content:unset\"><div class=\"wp-themeisle-block-overlay\" style=\"opacity:0.5\"><\/div><div class=\"innerblocks-wrap\">\n<div class=\"wp-block-themeisle-blocks-advanced-column\" id=\"wp-block-themeisle-blocks-advanced-column-37241abe\" style=\"border-width:0px;border-style:solid;border-color:#000000;border-radius:0px\">\n<div class=\"wp-block-image\"><figure class=\"aligncenter is-resized\"><img fetchpriority=\"high\" decoding=\"async\" src=\"https:\/\/investiga.uned.ac.cr\/agendajoven\/wp-content\/uploads\/sites\/16\/2021\/03\/cover_issue_40_pt_BR.png\" alt=\"\" class=\"wp-image-1863\" width=\"392\" height=\"574\" \/><\/figure><\/div>\n<\/div>\n<\/div><\/div>\n\n\n\n<p><strong>Art\u00edculo<\/strong>: \u201cCaravanas migrantes: de respuestas institucionales diferenciadas a la reorientaci\u00f3n de la pol\u00edtica migratoria\u201d<br \/><strong>Revista de Publicaci\u00f3n<\/strong>: REMHU: Revista Interdisciplinar da Mobilidade Humana<br \/><strong>Autora:<\/strong>&nbsp;Luciana Gandini<br \/><strong>A\u00f1o original de publicaci\u00f3n:<\/strong>&nbsp;2020<br \/><strong>Instituci\u00f3n a la que pertenece la revista:<\/strong>&nbsp;Centro Scalabriniano de Estudos Migrat\u00f3rios \u2013 CSEM<br \/><strong>Rese\u00f1ado por:&nbsp;<\/strong>J. Ra\u00fal Garc\u00eda Fern\u00e1ndez<br \/><strong>Palabras clave:<\/strong>&nbsp;caravanas de personas migrantes, migraci\u00f3n movilidad humana, personas en movilidad, pol\u00edtica migratoria <br \/><strong>Citaci\u00f3n del art\u00edculo<\/strong>: Gandini, L. (2020). Caravanas migrantes: De respuestas institucionales diferenciadas a la reorientaci\u00f3n de la pol\u00edtica migratoria. <em>REMHU: Revista Interdisciplinar da Mobilidade Humana<\/em>, <em>28<\/em>(60), 51-69. https:\/\/doi.org\/10.1590\/1980-85852503880006004<br \/><strong>Enlace de descarga:  <\/strong><a href=\"http:\/\/remhu.csem.org.br\/index.php\/remhu\/article\/view\/1420\">http:\/\/remhu.csem.org.br\/index.php\/remhu\/article\/view\/1420 <\/a> <\/p>\n\n\n\n<p>En este post rese\u00f1o el\nsugerente art\u00edculo acad\u00e9mico recientemente publicado por la soci\u00f3loga Dra. Luciana\nGandini<a href=\"#_ftn1\">[1]<\/a> en la\nrevista brasile\u00f1a <em>REMHU: Revista Interdisciplinar da\nMobilidade Humana <\/em>y que\ntiene por t\u00edtulo \u201cCaravanas migrantes: de respuestas institucionales\ndiferenciadas a la reorientaci\u00f3n de la pol\u00edtica migratoria\u201d (Gandini, 2020). El art\u00edculo de la Dra. Gandini puede resultar una lectura provocativa\npara las personas interesadas en el estudio de las movilidades humanas y las\nmigraciones internacionales, ello por los hallazgos que presenta como por la\ns\u00edntesis anal\u00edtica que realiza respecto a las caracter\u00edsticas de las caravanas\nde personas migrantes, las respuestas institucionales que en su momento se\ndieron a las mismas y sus impactos en la pol\u00edtica migratoria.<\/p>\n\n\n\n<p><strong>*****************************************************************<\/strong><\/p>\n\n\n\n<p>Octubre de 2018 lleg\u00f3 con muchas noticias venidas de Honduras, El Salvador, Guatemala y M\u00e9xico. En ese momento, Centroam\u00e9rica volv\u00eda a ser foco de atenci\u00f3n para las agencias internacionales de noticias, las cuales intensamente cubrieron la llamada caravana de personas migrantes salida de Honduras y que, conforme avanzaba, iba aumentando su importancia: miles de personas en movilidad por diversos motivos, que hab\u00edan organizado e iniciado una migraci\u00f3n conjunta hacia las fronteras de Am\u00e9rica Latina con EE. UU.<\/p>\n\n\n\n<p>Los medios de\ncomunicaci\u00f3n no tardaron en catalogar la situaci\u00f3n de crisis humanitaria, tanto\npor las razones que en su lugar de origen motivaron a las personas a migrar, como\npor las caracter\u00edsticas de las personas que estaban realizando el\ndesplazamiento: en algunos casos ni\u00f1os, ni\u00f1as y personas j\u00f3venes sin compa\u00f1\u00eda,\npersonas adultas mayores y familias completas. <\/p>\n\n\n\n<p>Los titulares\ndestacaban la situaci\u00f3n y la graficaban con fotograf\u00edas y videos impresionantes\nde las personas migrantes en su paso por carreteras y en los puestos\nfronterizos. El Heraldo de Honduras titul\u00f3 \u201cHondure\u00f1os inician caravana\nmigrante desde San Pedro Sula rumbo a Estados Unidos\u201d (Redacci\u00f3n El Heraldo, 2018), mientras La Naci\u00f3n de Costa Rica indicaba \u201c2.000\nhondure\u00f1os emprenden \u00e9xodo hacia Estados Unidos en busca de mejores condiciones\nde vida\u201d (AFP,\n2018c). <\/p>\n\n\n\n<p>La Jornada de\nM\u00e9xico busc\u00f3 encontrar algunos factores que explicaran la migraci\u00f3n titulando \u201cEl\ngobierno hondure\u00f1o no hace nada por el pueblo migrante\u201d (AFP,\n2018b), mientras tan s\u00f3lo uno o dos d\u00edas despu\u00e9s otros medios\ninformaban respecto a las posibles decisiones de los gobiernos implicados: \u201cTrump\nadvierte al presidente de Honduras por caravana de migrantes\u201d (AFP,\n2018e) titul\u00f3 El Peri\u00f3dico de Guatemala y El Heraldo indic\u00f3 \u201cM\u00e9xico\nadvierte que podr\u00eda frenar a caravana migrante de Honduras\u201d (AFP,\n2018d).<\/p>\n\n\n\n<p>Este es el contexto que impulsa una\ninvestigaci\u00f3n del Instituto de Investigaciones Jur\u00eddicas (IIJ) de la\nUniversidad Nacional Aut\u00f3noma de M\u00e9xico (UNAM). En dicha investigaci\u00f3n\nparticipa la Dra. Gandini y uno de los productos de la fase expositiva es el\nart\u00edculo al cual aqu\u00ed me dedico: \u201cCaravanas\nmigrantes: de respuestas institucionales diferenciadas a la reorientaci\u00f3n de la\npol\u00edtica migratoria\u201d (Gandini, 2020). <\/p>\n\n\n\n<p>La investigaci\u00f3n que\nsustenta la publicaci\u00f3n tiene un enfoque cualitativo, con entrevistas a las\npersonas que conforman las caravanas y observaci\u00f3n de campo, lo cual se acompa\u00f1\u00f3\nde una revisi\u00f3n documental sistem\u00e1tica de decretos, acuerdos bilaterales y documentos\nemitidos por el gobierno de M\u00e9xico (Gandini,\n2020, pp. 52-53). <\/p>\n\n\n\n<p>Ahora bien,\n\u00bfcu\u00e1les aspectos podemos destacar como relevantes del art\u00edculo de la Dra.\nGandini? Si bien hay m\u00e1s, me concentrar\u00e9 en cuatro aportes:<\/p>\n\n\n\n<p>El primer\naporte refiere al distanciamiento con el sentido com\u00fan, lo anterior en dos\ndirecciones. La primera direcci\u00f3n en cuanto a la originalidad hist\u00f3rica del\nconcepto caravanas de personas migrantes, que conforme a lo indicado por la\nautora no es propio o exclusivo de lo observado recientemente. Gandini se\u00f1ala que\nanteriormente el t\u00e9rmino caravanas fue usado para referir, por ejemplo, a\nacciones colectivas realizadas por personas migrantes y organizaciones de\nDerechos Humanos y migratorios:<\/p>\n\n\n\n<p><em>El t\u00e9rmino caravanas no resultaba del todo ajeno y novedoso cuando en 2018 y 2019 irrumpieron en la escena de la pol\u00edtica migratoria mexicana. Pero las que hab\u00edamos conocido anteriormente ten\u00edan otros fines: eran expresiones de protesta y de reclamo<\/em>. (Gandini, 2020, p. 52).<\/p>\n\n\n\n<p>Al respecto, en\nel mismo octubre de 2018 cuando los medios internacionales daban cobertura a\nlas caravanas de personas migrantes centroamericanas en su paso por Honduras,\nGuatemala y M\u00e9xico, el diario hondure\u00f1o El Heraldo reportaba \u201cLa caravana\nbautizada &#8220;TPS Jornada por la Justicia&#8221;, que arranc\u00f3 el 17 de agosto\nen Los \u00c1ngeles, hizo este lunes escala frente al ayuntamiento de Nueva York\u201d (AFP, 2018a). Se trataba de una acci\u00f3n colectiva que buscaba garantizar\nel estatus de protecci\u00f3n temporario (TPS) y promover la obtenci\u00f3n de residencia\npermanente en EE. UU. <\/p>\n\n\n\n<p>Ahora bien,\n\u00bfd\u00f3nde reside la particularidad de las caravanas de personas migrantes de las\ncuales llegaron noticias? La autora propone que la diferencia con las caravanas\nregistradas en otros momentos hist\u00f3ricos, es que las vistas a partir del a\u00f1o\n2018 se organizaron exclusivamente con la finalidad de migrar: \u201cLas caravanas\nm\u00e1s recientes son otro tipo de manifestaci\u00f3n: la de los propios actores de la\nmigraci\u00f3n intentando migrar\u201d (Gandini,\n2020, p. 52).<\/p>\n\n\n\n<p>En la segunda\ndirecci\u00f3n y, a diferencia de los medios de comunicaci\u00f3n que hablan de caravana\nen singular cuando refieren a un momento coyuntural espec\u00edfico, a partir de lo\nobservado la autora propone referir a \u201coleadas de caravanas migrantes\u201d (Gandini,\n2020, p. 60). Gandini indica que hay disenso respecto a qu\u00e9\ndefinir como caravana y la cantidad de estas, pues en muchos casos pudieron ser\npeque\u00f1as y carecer de impactos medi\u00e1ticos. As\u00ed, al analizar la conformaci\u00f3n de\nlas caravanas es necesario observar que en ciertos momentos las mismas pudieron\ntener continuidad temporal, por lo cual se pudo estar ante la conjunci\u00f3n de\ndiversas caravanas en una coyuntura espec\u00edfica y, m\u00e1s importante a\u00fan, que para comprenderlas\nse requiere establecer una l\u00f3gica relacional \u2013 temporal que posibilite observar\nlos momentos en los cuales las caravanas obtuvieron una respuesta institucional\nespec\u00edfica:<\/p>\n\n\n\n<p><em>No existe consenso entre quienes estudiamos el fen\u00f3meno sobre cu\u00e1les son las caravanas, cu\u00e1ntas son, cu\u00e1ndo comienza esta \u201cera\u201d de caravanas conformadas por personas que se juntan con la finalidad de migrar, etc. Y ello es as\u00ed, porque en realidad el fen\u00f3meno de las caravanas instaura -o consolida- la migraci\u00f3n en grupos en donde algunos de ellos han sido m\u00e1s numerosos, visibles e incluso con impactos medi\u00e1ticos m\u00e1s fuertes. Sin embargo, entre cada uno de estos grandes grupos se ha observado la llegada por goteo de otros compuestos por 50, 100 o 300 personas. (\u2026) Sin embargo, entre octubre de 2018 y mayo de 2019 identificamos lo que denominamos tres oleadas de caravanas migrantes (Gandini, 2019; Gandini et al., 2020). No significa ello que solo hayan existido tres caravanas, sino que se trata de tres momentos en los que a cada uno de estos grupos de personas migrantes -que han sido los m\u00e1s numerosos- les correspondieron respuestas institucionales diferenciadas <\/em>(Gandini, 2020, p. 60).<\/p>\n\n\n\n<p>El segundo aporte del art\u00edculo radica\nen el recordatorio de encontramos en una regi\u00f3n donde coinciden m\u00faltiples y\nconstantes procesos migratorios, lo cual en parte genera cuestionamientos a la\npol\u00edtica migratoria bilateral y plantea el requerimiento de comprendernos regionalmente,\ntanto desde el abordaje que realizan los distintos gobiernos sobre la movilidad\nhumana, como en las propuestas de investigaci\u00f3n acad\u00e9mica. En este sentido vale\nrecalcar que, adem\u00e1s de la migraci\u00f3n regional, producto de la ubicaci\u00f3n\ngeogr\u00e1fica de Mesoam\u00e9rica y su cercan\u00eda con EE. UU. y Canad\u00e1, encontramos grupos\nde personas en movilidad provenientes de distintas partes del mundo, siendo\nconocida en a\u00f1os anteriores la situaci\u00f3n de personas migrantes cubanas,\nhaitianas y africanas que transitaban por Centroam\u00e9rica y M\u00e9xico.<\/p>\n\n\n\n<p>De esta forma, Gandini recuerda que\nestamos ante un corredor migratorio donde las caravanas de personas migrantes tuvieron\nel efecto de generar serios cuestionamientos a los enfoques persistentes en la\npol\u00edtica migratoria e imponen la necesaria construcci\u00f3n de nuevos escenarios:<\/p>\n\n\n\n<p><em>As\u00ed, su irrupci\u00f3n [de las caravanas] en el corredor migratorio Centroam\u00e9rica-M\u00e9xico-Estados Unidos inaugur\u00f3 una nueva era en el manejo de la migraci\u00f3n en\/de tr\u00e1nsito y la inmigraci\u00f3n por el territorio mexicano, caracterizada por la incidencia exterior materializada en los Protocolos de Protecci\u00f3n a Migrantes, la militarizaci\u00f3n del control migratorio y, aunado a lo anterior, a un cambio en la responsabilidad institucional para el manejo o la gobernanza de la migraci\u00f3n <\/em>(Gandini, 2020, p. 52).<\/p>\n\n\n\n<p>Uno de los principales hallazgos de la\ninvestigaci\u00f3n que sustenta el art\u00edculo es determinar con claridad que la\npol\u00edtica migratoria fue insuficiente para atender esta nueva estrategia de\nmigraci\u00f3n grupal y que la misma estuvo sujeta a constantes cambios debido a\ndecisiones pol\u00edticas tomadas en cada uno de los tres momentos analizados. A su\nvez, ello nos recuerda que uno de los objetivos de la pol\u00edtica migratoria es el\ncontrol de los cuerpos dentro de un sistema de producci\u00f3n capitalista en el que\nlo primordial no necesariamente es la garant\u00eda de los Derechos Humanos. <\/p>\n\n\n\n<p>Al respecto, la conclusi\u00f3n de Gandini es que,\na pesar de tratarse de poblaciones con caracter\u00edsticas similares, la decisiones\ndel gobierno mexicano en cuanto a su atenci\u00f3n fueron diferenciadas, pasando de\nun primer momento cuya principal caracter\u00edstica fue la represi\u00f3n y el control\npolicial-militar de los puestos fronterizos -octubre 2018-, a un segundo\nmomento donde hubo una postura de puertas abiertas, acciones de solidaridad y generaci\u00f3n\nde visas humanitarias -enero 2019-, a un tercer momento donde se entr\u00f3 en un\ncontrasentido con las acciones del segundo momento, para pasar a las\ndetenciones y las deportaciones -marzo 2019- (Gandini,\n2020, p. 66 y ss.) todo ello en un contexto donde las\nvoces venidas desde Washington era cada vez m\u00e1s amenazantes:<\/p>\n\n\n\n<p><em>(\u2026) a cada oleada de caravana se respondi\u00f3 no solo con un enfoque de pol\u00edtica migratoria diferente, sino con el otorgamiento de categor\u00edas burocr\u00e1tico-administrativas distintas (\u2026) Las diversas respuestas a las caravanas migrantes evidenciaron que no hay una postura clara en la administraci\u00f3n mexicana actual acerca de c\u00f3mo dise\u00f1ar e implementar pol\u00edticas para la gobernanza de flujos mixtos. Con las experiencias de las oleadas pareciera advertirse cierto uso discrecional del derecho de asilo y posibles respuestas diferentes para un mismo tipo de poblaci\u00f3n <\/em>(Gandini, 2020, pp. 64 y 65).<\/p>\n\n\n\n<p>El tercer aporte del art\u00edculo es el\nplanteamiento inicial de la discusi\u00f3n respecto a la vigencia de la\ndiferenciaci\u00f3n realizada en los estudios sobre migraciones en cuanto a la\nmigraci\u00f3n forzada o forzosa y la migraci\u00f3n voluntaria, com\u00fanmente relacionada\ncon la migraci\u00f3n econ\u00f3mica, as\u00ed como con la utilidad del enfoque de los\nfactores explicativos de los procesos migratorios. <\/p>\n\n\n\n<p>Lo anterior en un contexto como el\ncentroamericano, caracterizado por la conjunci\u00f3n de profundas e hist\u00f3ricas\ndesigualdades sociales, cuantiosos da\u00f1os humanos y materiales por eventos clim\u00e1ticos\ny sismos, acciones violentas y violaci\u00f3n de los Derechos Humanos por parte de\nlos aparatos represivos de los Estados, presencia de grupalidades paramilitares\ny otras grupalidades que disputan el territorio para facilitar actividades\nse\u00f1aladas como criminales, entre otras caracter\u00edsticas m\u00e1s.<\/p>\n\n\n\n<p>Como decimos, se trata de un planteamiento\ninicial de la autora, donde se proponen argumentos que seguramente se ir\u00e1n a\ndesarrollar con mayor detalle en futuras producciones suyas, pues bien, en este\nart\u00edculo tambi\u00e9n refiere a flujos migratorios mixtos. No obstante, en diversas\nsecciones se discute la utilidad de los enfoques antes citados para comprender\nlos procesos migratorios originados en Centroam\u00e9rica y, en espec\u00edfico, las\ncaravanas de personas migrantes:<\/p>\n\n\n\n<p><em>(\u2026) resulta cada vez m\u00e1s dif\u00edcil establecer el l\u00edmite entre la tradicional -y posiblemente equivocada diferenciaci\u00f3n- entre migraciones econ\u00f3micas y forzadas (\u2026) De lo anterior se desprende que los factores de expulsi\u00f3n -por utilizar un recurso cl\u00e1sico para la explicaci\u00f3n de las migraciones- son m\u00faltiples y dan lugar a un contexto de desventajas acumuladas que obliga a migrar. En otras palabras, la migraci\u00f3n no es \u201cuna opci\u00f3n m\u00e1s\u201d dentro de otras estrategias de vida o supervivencia. Es la \u00fanica que queda para gran parte de esta poblaci\u00f3n. Volviendo a las explicaciones cl\u00e1sicas, los factores de atracci\u00f3n pierden peso<\/em> (Gandini, 2020, p. 53).<\/p>\n\n\n\n<p><em>As\u00ed, aunque con frecuencia se sostiene que quienes migran en caravanas son migrantes forzados, no es tan evidente o simple qu\u00e9 significa ello. En particular, porque se asume a la migraci\u00f3n forzada en oposici\u00f3n a la migraci\u00f3n voluntaria y a esta \u00faltima se la equipara con una migraci\u00f3n \u201cecon\u00f3mica\u201d. La especificidad del atributo forzado est\u00e1 dada por la involuntariedad de la acci\u00f3n, es decir, por los motivos o causales que detonaron la migraci\u00f3n. Y, como se acaba de ejemplificar, el umbral entre la voluntariedad y lo forzado no es n\u00edtido cuando los causales son complejos y se construyen sobre una mixtura de motivaciones que se encuentran profundamente entrelazadas<\/em> (Gandini, 2020, p. 57).<\/p>\n\n\n\n<p>Ahora bien \u00bfC\u00f3mo relaciona Gandini lo anterior con las caravanas de personas migrantes? Este ser\u00eda el cuarto aporte que deseo destacar del art\u00edculo, el cual la autora logra sintetizar en un p\u00e1rrafo de un estupendo alcance anal\u00edtico, donde se conjuga como propuesta explicativa que lo caracter\u00edstico del escenario migratorio Centroamericano es el agravamiento de las condiciones que propician la migraci\u00f3n -pudiendo ser condiciones variadas, pero especialmente enlazadas seg\u00fan se ha visto- con el agravamiento de las condiciones de vulnerabilidad en el tr\u00e1nsito y destino migratorio:<\/p>\n\n\n\n<p><em>En todo caso lo caracter\u00edstico de la situaci\u00f3n contempor\u00e1nea del desplazamiento centroamericano es el agravamiento de las condiciones en las que acontece. No solo en el origen, sino tambi\u00e9n en el tr\u00e1nsito y destino. Las personas que se ven forzadas a migrar en general -aunque no en todos los desplazamientos es as\u00ed- lo hacen en condiciones de gran vulnerabilidad, lo que las coloca como sujetos en riesgo para sufrir otros abusos<\/em> (Gandini, 2020, pp. 53 y 54).<\/p>\n\n\n\n<p>Es en este contexto hist\u00f3rico,\nsocioecon\u00f3mico y pol\u00edtico donde las caravanas de personas migrantes surgen como\nuna estrategia migratoria grupal, dando la posibilidad de migrar a miles de\npersonas, causando un significativo impacto y cuestionamiento a las pol\u00edticas\nmigratorias y las relaciones bilaterales en la atenci\u00f3n de las mismas y, a su\nvez, record\u00e1ndonos que vivimos en una regi\u00f3n estructuralmente desigual, con\nfrecuentes y distintos actos violentos y, lo m\u00e1s importante, que los relatos e im\u00e1genes\nllegadas con las noticias nos mostraban historias y cuerpos de seres humanos excluidos.<\/p>\n\n\n\n<p>Y \u00bfqu\u00e9 brindaron las caravanas a las\npersonas migrantes? \u00bfpor qu\u00e9 las caravanas de personas migrantes resultaron una\nestrategia migratoria viable? Gandini expone tres explicaciones: <strong>A)<\/strong> mayor\nvisibilidad y protecci\u00f3n en el tr\u00e1nsito por un corredor migratorio cada vez m\u00e1s\nriesgoso y violento, lo que motiv\u00f3, adem\u00e1s, la integraci\u00f3n de personas para las\ncuales, seg\u00fan investigaciones precedentes, se han identificado mayores riesgos:\nni\u00f1os, ni\u00f1as, j\u00f3venes sin acompa\u00f1antes, personas adultas mayores, mujeres,\nfamilias completas, poblaci\u00f3n <em>LGTBIQ+ <\/em>(Gandini,\n2020, pp. 54 y 55); <strong>B)<\/strong> menores costos econ\u00f3micos\ny la posibilidad de evitar la vinculaci\u00f3n con los llamados \u201ccoyotes\u201d, en un corredor\nmigratorio donde adem\u00e1s de haber incrementado los riesgos, han aumentado significativamente\nlos costos del tr\u00e1nsito migratorio (Gandini,\n2020, pp. 55 y 56)<a href=\"#_ftn2\">[2]<\/a>; <strong>C) <\/strong>la organizaci\u00f3n\nespont\u00e1nea de las caravanas mediante el uso de redes sociales, lo que fortaleci\u00f3\nla mayor visibilidad y propici\u00f3 estrategias de protecci\u00f3n grupal(Gandini,\n2020, p. 56).<\/p>\n\n\n\n<p>Con esto concluyo mis apreciaciones del\nart\u00edculo de Luciana Gandini, volviendo a se\u00f1alar lo sugerente que puede\nresultar su lectura para las personas interesadas en estos temas. Adem\u00e1s de lo\nque personalmente pudo haberme agradado y aportado el art\u00edculo, este ejercicio\nme brind\u00f3 mucha alegr\u00eda, pues fue otro de mis retornos.<\/p>\n\n\n\n<p>San\nJos\u00e9, Goicoechea, Calle Blancos.<\/p>\n\n\n\n<p><strong>Referencias<\/strong><\/p>\n\n\n\n<p>AFP. (2018a, octubre 8). Migrantes Centroamericanos\nrecorren en bus EEUU para no perder el TPS. <em>El Heraldo<\/em>.\nhttps:\/\/www.elheraldo.hn\/minisitios\/hondurenosenelmundo\/1222990-471\/migrantes-centroamericanos-recorren-en-bus-eeuu-para-no-perder-el-tps<\/p>\n\n\n\n<p>AFP.\n(2018b, octubre 13). El gobierno hondure\u00f1o \u201cno hace nada por el pueblo\u201d:\nMigrante. <em>La Jornada<\/em>.\nhttps:\/\/www.jornada.com.mx\/ultimas\/mundo\/2018\/10\/13\/el-gobierno-hondureno-201cno-hace-nada-por-el-pueblo201d-migrante-3067.html<\/p>\n\n\n\n<p>AFP.\n(2018c, octubre 14). 2.000 hondure\u00f1os emprenden \u00e9xodo hacia Estados Unidos en\nbusca de mejores condiciones de vida. <em>La Naci\u00f3n<\/em>.\nhttps:\/\/www.nacion.com\/el-mundo\/interes-humano\/2000-hondurenos-emprenden-exodo-hacia-estados\/QM4RQFOSL5DAZNTOICUONX54IA\/story\/<\/p>\n\n\n\n<p>AFP.\n(2018d, octubre 15). M\u00e9xico advierte que podr\u00eda frenar a caravana migrante de\nHonduras. <em>El Heraldo<\/em>.\nhttps:\/\/www.elheraldo.hn\/minisitios\/hondurenosenelmundo\/1225079-471\/m%C3%A9xico-advierte-que-podr%C3%ADa-frenar-a-caravana-migrante-de-honduras<\/p>\n\n\n\n<p>AFP.\n(2018e, octubre 16). Trump advierte al presidente de Honduras por caravana de\nmigrantes. <em>El Peri\u00f3dico<\/em>.\nhttps:\/\/elperiodico.com.gt\/mundo\/2018\/10\/16\/trump-advierte-al-presidente-de-honduras-por-caravana-de-migrantes\/<\/p>\n\n\n\n<p>Gandini,\nL. (2020). Caravanas migrantes: De respuestas institucionales diferenciadas a\nla reorientaci\u00f3n de la pol\u00edtica migratoria. <em>REMHU: Revista Interdisciplinar\nda Mobilidade Humana<\/em>, <em>28<\/em>(60), 51-69.\nhttps:\/\/doi.org\/10.1590\/1980-85852503880006004<\/p>\n\n\n\n<p>Redacci\u00f3n\nEl Heraldo. (2018, octubre 13). Hondure\u00f1os inician caravana migrante desde San\nPedro Sula rumbo a Estados Unidos. <em>El Heraldo<\/em>.\nhttps:\/\/www.elheraldo.hn\/pais\/1224307-466\/hondure%C3%B1os-inician-caravana-migrante-desde-san-pedro-sula-rumbo-a-estados-unidos<br \/><\/p>\n\n\n\n<hr class=\"wp-block-separator\" \/>\n\n\n\n<p><a href=\"#_ftnref1\">[1]<\/a> Luciana Gandini es Doctora en Ciencia Social con\nespecialidad en Sociolog\u00eda por el Colegio de M\u00e9xico (COLMEX) e investigadora titular del Instituto\nde Investigaciones Jur\u00eddicas (IIJ) de la Universidad Nacional Aut\u00f3noma de\nM\u00e9xico (UNAM).<\/p>\n\n\n\n<p><a href=\"#_ftnref2\">[2]<\/a>\nEn este\npunto me pregunto a qui\u00e9nes ha beneficiado la inacci\u00f3n de los entes\ngubernamentales para regular el tr\u00e1nsito migratorio en territorios donde\nampliamente se han divulgado y estudiado los actos violentos que sufren las\npersonas migrantes y la vulneraci\u00f3n de sus Derechos Humanos.<\/p>\n","protected":false},"excerpt":{"rendered":"<p>Art\u00edculo: \u201cCaravanas migrantes: de respuestas institucionales diferenciadas a la reorientaci\u00f3n de la pol\u00edtica migratoria\u201dRevista de Publicaci\u00f3n: REMHU: Revista Interdisciplinar da Mobilidade HumanaAutora:&nbsp;Luciana GandiniA\u00f1o original de publicaci\u00f3n:&nbsp;2020Instituci\u00f3n a la que pertenece la revista:&nbsp;Centro Scalabriniano de Estudos Migrat\u00f3rios \u2013 CSEMRese\u00f1ado por:&nbsp;J. Ra\u00fal Garc\u00eda Fern\u00e1ndezPalabras clave:&nbsp;caravanas de personas migrantes, migraci\u00f3n movilidad humana, personas [&hellip;]<\/p>\n","protected":false},"author":1,"featured_media":0,"parent":0,"menu_order":0,"comment_status":"closed","ping_status":"closed","template":"","meta":{"ngg_post_thumbnail":0,"_themeisle_gutenberg_block_has_review":false,"footnotes":""},"class_list":["post-1866","page","type-page","status-publish","hentry"],"_links":{"self":[{"href":"https:\/\/investiga.uned.ac.cr\/agendajoven\/wp-json\/wp\/v2\/pages\/1866","targetHints":{"allow":["GET"]}}],"collection":[{"href":"https:\/\/investiga.uned.ac.cr\/agendajoven\/wp-json\/wp\/v2\/pages"}],"about":[{"href":"https:\/\/investiga.uned.ac.cr\/agendajoven\/wp-json\/wp\/v2\/types\/page"}],"author":[{"embeddable":true,"href":"https:\/\/investiga.uned.ac.cr\/agendajoven\/wp-json\/wp\/v2\/users\/1"}],"replies":[{"embeddable":true,"href":"https:\/\/investiga.uned.ac.cr\/agendajoven\/wp-json\/wp\/v2\/comments?post=1866"}],"version-history":[{"count":0,"href":"https:\/\/investiga.uned.ac.cr\/agendajoven\/wp-json\/wp\/v2\/pages\/1866\/revisions"}],"wp:attachment":[{"href":"https:\/\/investiga.uned.ac.cr\/agendajoven\/wp-json\/wp\/v2\/media?parent=1866"}],"curies":[{"name":"wp","href":"https:\/\/api.w.org\/{rel}","templated":true}]}}