{"id":1825,"date":"2021-02-02T11:46:15","date_gmt":"2021-02-02T17:46:15","guid":{"rendered":"https:\/\/investiga.uned.ac.cr\/agendajoven\/?page_id=1825"},"modified":"2021-02-02T11:46:15","modified_gmt":"2021-02-02T17:46:15","slug":"espacios-del-capital-hacia-una-geografia-critica-david-harvey","status":"publish","type":"page","link":"https:\/\/investiga.uned.ac.cr\/agendajoven\/espacios-del-capital-hacia-una-geografia-critica-david-harvey\/","title":{"rendered":"Espacios del Capital. Hacia una geograf\u00eda cr\u00edtica &#8211; David Harvey"},"content":{"rendered":"\n<div class=\"wp-block-themeisle-blocks-advanced-columns has-1-columns has-desktop-equal-layout has-tablet-equal-layout has-mobile-equal-layout has-default-gap has-vertical-unset\" id=\"wp-block-themeisle-blocks-advanced-columns-c12e7d17\" style=\"border-width:0px;border-style:solid;border-color:#000000;border-radius:0px;justify-content:unset\"><div class=\"wp-themeisle-block-overlay\" style=\"opacity:0.5\"><\/div><div class=\"innerblocks-wrap\">\n<div class=\"wp-block-themeisle-blocks-advanced-column\" id=\"wp-block-themeisle-blocks-advanced-column-f9c6109c\" style=\"border-width:0px;border-style:solid;border-color:#000000;border-radius:0px\">\n<div class=\"wp-block-image\"><figure class=\"aligncenter\"><img decoding=\"async\" src=\"https:\/\/investiga.uned.ac.cr\/agendajoven\/wp-content\/uploads\/sites\/16\/2021\/02\/01-RESE.jpg\" alt=\"\" class=\"wp-image-1817\" \/><\/figure><\/div>\n\n\n\n<p><strong>Libro<\/strong>: Espacios del Capital. Hacia una geograf\u00eda cr\u00edtica<br \/><strong>Autor:<\/strong>&nbsp;David Harvey<br \/><strong>A\u00f1o:<\/strong>&nbsp;2001<br \/><strong>Editorial:<\/strong>&nbsp;Ediciones Akal.<br \/><strong>Rese\u00f1ado por:&nbsp;<\/strong>Bryan Vargas Vargas<br \/><strong>Palabras clave:<\/strong>&nbsp;capitalismo, globalizaci\u00f3n, medio urbano, sistema econ\u00f3mico.<br \/><strong>Citaci\u00f3n del libro<\/strong>:  Harvey, D. (2001) Espacios del capital: Hacia una geograf\u00eda cr\u00edtica. Espa\u00f1a: Ediciones Akal.  <\/p>\n\n\n\n<p><\/p>\n\n\n\n<p>El texto Espacios del Capital compila\nparte del trabajo cr\u00edtico del influyente ge\u00f3grafo brit\u00e1nico David Harvey en el\na\u00f1o 2001, por lo que esta rese\u00f1a no pretende hacer s\u00edntesis de todas las discusiones\ndel mismo, sino m\u00e1s bien enunciar una de las ideas que delinean los espacios\ndel capital que personalmente considero importante.&nbsp;&nbsp;<\/p>\n\n\n\n<p>Esta idea provocadora que nos permite\nhacer la rese\u00f1a es: la \u201csoluci\u00f3n espacial\u201d como respuesta a las crisis del capital\n(cap\u00edtulo 14: La soluci\u00f3n espacial: Hegel, Von Thunen y Marx), esta premisa la\nubica el autor desde Hegel y sus reflexiones sobre la acumulaci\u00f3n de riqueza\npor un lado y la creciente masa de pobres en la sociedad europea. Como soluci\u00f3n\na esta disputa Hegel suger\u00eda no ser resuelto desde su dial\u00e9ctica interna sino\nm\u00e1s bien buscar nuevos territorios donde colocar los excedentes de la\nproducci\u00f3n, y donde su poblaci\u00f3n pueda extender su industria y obtener los\nbeneficios. Otra referencia que apunta sobre esta posibilidad es Von Thunen y\nsu propuesta de capital frontera que tambi\u00e9n implicaba una extensi\u00f3n geogr\u00e1fica\nde las formas de producci\u00f3n sin cuestionar las jerarqu\u00edas ya establecidas por\nel capital.<\/p>\n\n\n\n<p>Una tercera referencia a la \u201csoluci\u00f3n\nespacial\u201d la desarrolla Harvey desde Marx, este \u00faltimo explica la incongruencia\nde resolver las crisis del capital mediante la extensi\u00f3n geogr\u00e1fica, ya que el\ncapital es sobre todo una relaci\u00f3n social y cuyo fin es la acumulaci\u00f3n. Un\nsupuesto de las inconveniencias de esta alternativa para el capital son las\ncolonias que permitan a los trabajadores ahora producir para s\u00ed mismo, lo que romper\u00eda\nla posibilidad de acumulaci\u00f3n, a lo largo del libro hay una referencia de esto\nsobre los Estados Unidos como colonia que se convierte en una fuerza del\ncapital.<\/p>\n\n\n\n<p>Ahora, se\u00f1ala Harvey que las soluciones\nespaciales a las crisis del capital se pueden ver no solo en las extensiones\ngeogr\u00e1ficas coloniales sino tambi\u00e9n en la exportaci\u00f3n de los excedentes de\ncapital o de producci\u00f3n, por ejemplo, que un pa\u00eds europeo industrializado\nofrezca alguno de sus anteriores excedentes hacia un pa\u00eds latinoamericano, que\nlejos de ser una soluci\u00f3n, es un alivio temporal o traslado de la crisis que\nterminar\u00e1 mutando en otras formas como la incapacidad y desequilibrios de pago\nde deudas.<\/p>\n\n\n\n<p>Partiendo de esta posibilidad que el\ncapital resuelve sus contradicciones en la expansi\u00f3n geogr\u00e1fica podemos\nintroducir otra premisa como la de la \u201caniquilaci\u00f3n del espacio con el tiempo\u201d\n(cap\u00edtulo 12: La geograf\u00eda de la acumulaci\u00f3n capitalista: reconstrucci\u00f3n de la\nteor\u00eda marxiana). Y es que se\u00f1ala Harvey tambi\u00e9n desde una postura marxista\nque, aunque la expansi\u00f3n geogr\u00e1fica es asumida como una soluci\u00f3n implica un\nreto para el modelo del capital por el tiempo de circulaci\u00f3n de la producci\u00f3n.<\/p>\n\n\n\n<p>Este tiempo de circulaci\u00f3n por la\ndistancia lo que dificulta es que la mercanc\u00eda no sea convertida en dinero, por\nlo que emerge en el sistema dar continuidad al capital mediante el cr\u00e9dito que\nelimina la geograf\u00eda de circulaci\u00f3n de las mercanc\u00edas mediante el tiempo que\nrecorta la posibilidad de un adelanto de dinero. Por otro lado, la soluci\u00f3n\nespacial no solo es la contingencia de continuidad de la acumulaci\u00f3n sino\nadem\u00e1s fue y es un acelerador de las formas de comunicaci\u00f3n y de transporte, en\nel texto algunos art\u00edculos desarrollan este \u00e1mbito.<\/p>\n\n\n\n<p>Desde las ideas anteriores se puede comprender\nalgunos espacios como los centros urbanos (centros y perif\u00e9ricos) desde las\nnecesidades del capital, pueden definirse como esos n\u00facleos de personas y capitales\nen los que se reduce la circulaci\u00f3n, optimizada incluso por los medios de\ntransporte-comunicaci\u00f3n. Por otro lado, es una forma territorial que imposibilita\nque se rompa la relaci\u00f3n social del capital, aunque sea sobre un nuevo\nterritorio colonizado, ya que en la ciudad un trabajador est\u00e1 limitado a\nproducir para s\u00ed mismo, por ejemplo, su alimentaci\u00f3n, telas, vivienda, ocio y\ntiene la necesidad inmediata del consumo.<\/p>\n\n\n\n<p>Esto claramente no es una regla y la forma\nde producci\u00f3n concentrada, dependen de la posibilidad de acumular,\ncircunstancias, condiciones geol\u00f3gicas de un lugar e incluso las mercanc\u00edas\nmismas, entre otras. El m\u00e1s claro ejemplo lo hace Harvey haciendo referencia a\nla agricultura, que en un mercado ahora global (soluci\u00f3n espacial a las crisis\ndel capital) es producida por las periferias que suministran a los centros que\ncontin\u00faan dedicados a la industria.<\/p>\n\n\n\n<p>Otra expresi\u00f3n de la ruptura con la\nproducci\u00f3n concentrada la hace Harvey en otro de los art\u00edculos que compone el\nlibro, espec\u00edficamente sobre la ciudad de Baltimore, que es una lectura sobre\nla geograf\u00eda del capital a otra escala en la cual explica el proceso de\ndesindustrializaci\u00f3n y transform\u00e1ndose en un centro tur\u00edstico, comercial y\nfinanciero, de la mano del \u201cempresarialismo de la gobernanza urbana\u201d (cap\u00edtulo\n16: De la gesti\u00f3n al empresarialimo: la transformaci\u00f3n de la gobernanza urbana\nen el capitalismo tard\u00edo).<\/p>\n\n\n\n<p>Para no extenderme en la rese\u00f1a, me\ninteresa apuntar que, aunque Marx explicara que el capital es una relaci\u00f3n\nsocial, como lo muestra Harvey la soluci\u00f3n espacial se da y la contradicci\u00f3n\ninterna toma otras aristas, construyendo\/destruyendo espacios seg\u00fan su\nnecesidad. Hay un hito tambi\u00e9n en la soluci\u00f3n espacial no solo en la\ncolonizaci\u00f3n de nuevas tierras sino tambi\u00e9n en el cambio en la b\u00fasqueda de\nacumulaci\u00f3n, del \u201cfordismo a la acumulaci\u00f3n flexible\u201d que fracciona el espacio\nglobal para una producci\u00f3n jerarquizada que sin duda es determinante para\ncomprender las condiciones de los espacios sociales contempor\u00e1neos. (Cap\u00edtulo\n7: Capitalismo: la fabricaci\u00f3n de fragmentos)<\/p>\n<\/div>\n<\/div><\/div>\n","protected":false},"excerpt":{"rendered":"Libro: Espacios del Capital. Hacia una geograf\u00eda cr\u00edticaAutor:&nbsp;David HarveyA\u00f1o:&nbsp;2001Editorial:&nbsp;Ediciones Akal.Rese\u00f1ado por:&nbsp;Bryan Vargas VargasPalabras clave:&nbsp;capitalismo, globalizaci\u00f3n, medio urbano, sistema econ\u00f3mico.Citaci\u00f3n del libro: Harvey, D. (2001) Espacios del capital: Hacia una geograf\u00eda cr\u00edtica. Espa\u00f1a: Ediciones Akal. El texto Espacios del Capital compila parte del trabajo cr\u00edtico del influyente ge\u00f3grafo brit\u00e1nico David Harvey [...]","protected":false},"author":1,"featured_media":1817,"parent":0,"menu_order":0,"comment_status":"closed","ping_status":"closed","template":"","meta":{"ngg_post_thumbnail":0,"_themeisle_gutenberg_block_has_review":false,"footnotes":""},"class_list":["post-1825","page","type-page","status-publish","has-post-thumbnail","hentry"],"_links":{"self":[{"href":"https:\/\/investiga.uned.ac.cr\/agendajoven\/wp-json\/wp\/v2\/pages\/1825","targetHints":{"allow":["GET"]}}],"collection":[{"href":"https:\/\/investiga.uned.ac.cr\/agendajoven\/wp-json\/wp\/v2\/pages"}],"about":[{"href":"https:\/\/investiga.uned.ac.cr\/agendajoven\/wp-json\/wp\/v2\/types\/page"}],"author":[{"embeddable":true,"href":"https:\/\/investiga.uned.ac.cr\/agendajoven\/wp-json\/wp\/v2\/users\/1"}],"replies":[{"embeddable":true,"href":"https:\/\/investiga.uned.ac.cr\/agendajoven\/wp-json\/wp\/v2\/comments?post=1825"}],"version-history":[{"count":0,"href":"https:\/\/investiga.uned.ac.cr\/agendajoven\/wp-json\/wp\/v2\/pages\/1825\/revisions"}],"wp:featuredmedia":[{"embeddable":true,"href":"https:\/\/investiga.uned.ac.cr\/agendajoven\/wp-json\/"}],"wp:attachment":[{"href":"https:\/\/investiga.uned.ac.cr\/agendajoven\/wp-json\/wp\/v2\/media?parent=1825"}],"curies":[{"name":"wp","href":"https:\/\/api.w.org\/{rel}","templated":true}]}}