{"id":1699,"date":"2020-09-22T22:15:40","date_gmt":"2020-09-23T04:15:40","guid":{"rendered":"https:\/\/investiga.uned.ac.cr\/agendajoven\/?page_id=1699"},"modified":"2025-07-28T15:06:27","modified_gmt":"2025-07-28T15:06:27","slug":"nuestro-equipo","status":"publish","type":"page","link":"https:\/\/investiga.uned.ac.cr\/agendajoven\/nuestro-equipo\/","title":{"rendered":"Nuestro Equipo"},"content":{"rendered":"<div class=\"wp-block-image\">\n<figure class=\"aligncenter size-large\"><a href=\"https:\/\/investiga.uned.ac.cr\/agendajoven\/wp-content\/uploads\/sites\/16\/2023\/07\/Grupal-web_Mesa-de-trabajo-1.jpg\"><img decoding=\"async\" src=\"https:\/\/investiga.uned.ac.cr\/agendajoven\/wp-content\/uploads\/sites\/8\/2025\/07\/Grupal-web_Mesa-de-trabajo-1-1024x349.jpg\" alt=\"\"\/><\/a><figcaption class=\"wp-element-caption\">Equipo del Centro Agenda Joven en Derechos y Ciudadan\u00eda (2023)<\/figcaption><\/figure><\/div>\n\n\n<p>\u00a1El Centro Agenda Joven en Derechos y Ciudadan\u00eda de la Universidad Estatal a Distancia cuenta con un equipo interdisciplinario que abarca profesionales en ciencias pol\u00edticas, derecho, sociolog\u00eda, antropolog\u00eda, comunicaci\u00f3n audiovisual, arquitectura, historia, filosof\u00eda y otros campos acad\u00e9micos. \u00a1Les invitamos a conocer a nuestro equipo!<\/p>\n\n\n\n<div style=\"height:25px\" aria-hidden=\"true\" class=\"wp-block-spacer\"><\/div>\n\n\n\n<h4 class=\"wp-block-heading has-text-align-center\"><strong>Equipo del Centro Agenda Joven en Derechos y Ciudadan\u00eda<\/strong><\/h4>\n\n\n<div class=\"wp-block-image is-resized\">\n<figure class=\"alignleft size-large\"><img decoding=\"async\" src=\"https:\/\/investiga.uned.ac.cr\/agendajoven\/wp-content\/uploads\/sites\/8\/2025\/07\/foto-nora.jpg\" alt=\"\"\/><\/figure><\/div>\n\n\n<p><strong>Nora Gonz\u00e1lez Chac\u00f3n<\/strong><br>(Coordinadora)<\/p>\n\n\n\n<p><a href=\"https:\/\/unedaccr-my.sharepoint.com\/:b:\/g\/personal\/agendajoven_uned_ac_cr\/ERdv2QDlhEFKr6s-Og3fVK0BVK_IL54etyzEthZ93Z2JVQ?e=bEzCqY\">Curriculum<\/a><br>Contacto: ngonzalez@uned.ac.cr<\/p>\n\n\n\n<p>Soy polit\u00f3loga y abogada, egresada de la Maestr\u00eda en Ciencias Pol\u00edticas de la FLACSO Argentina y la Maestr\u00eda en Derechos Humanos de la Universidad Estatal a Distancia (UNED Costa Rica).  Coordino el Centro Agenda Joven en Derechos y Ciudadan\u00eda, adem\u00e1s desarrollo labores de investigaci\u00f3n y docencia en la UNED.<\/p>\n\n\n\n<p>Actualmente soy coordinadora de la Agenda Ciudadana por la Educaci\u00f3n (ACED), cap\u00edtulo costarricense de la Campa\u00f1a Latinoamericana por el Derecho a la Educaci\u00f3n (CLADE). <br>Dentro de los temas de investigaci\u00f3n y publicaciones en los cuales me he especializado se encuentran: juventud, derecho humano a la educaci\u00f3n, trata de personas, migraciones, pol\u00edticas p\u00fablicas en juventud, participaci\u00f3n juvenil, Estado, derechos electorales, entre otros.  <br>He tenido la oportunidad de ser ponente en congresos y conferencias en el tema del Derecho Humano a la Educaci\u00f3n, en foros nacionales e internacionales. <\/p>\n\n\n\n<p><\/p>\n\n\n<div class=\"wp-block-image is-resized\">\n<figure class=\"alignleft size-large\"><a href=\"https:\/\/investiga.uned.ac.cr\/agendajoven\/wp-content\/uploads\/sites\/16\/2023\/07\/h1-cuadr-scaled.jpg\"><img decoding=\"async\" src=\"https:\/\/investiga.uned.ac.cr\/agendajoven\/wp-content\/uploads\/sites\/8\/2025\/07\/h1-cuadr-1024x1024-1.jpg\" alt=\"\" style=\"aspect-ratio:1;width:732px;height:auto\"\/><\/a><\/figure><\/div>\n\n\n<p><strong>Maikol Picado Cortes<\/strong><\/p>\n\n\n\n<p><a href=\"https:\/\/unedaccr-my.sharepoint.com\/:b:\/g\/personal\/agendajoven_uned_ac_cr\/EWh8RS_157FPrsDEz5M6asgB31RTTV7AVjnzz9j_nTPMDw?e=pD1H0e\">Curriculum<\/a><br>Contacto: mpicadoc@uned.ac.cr <\/p>\n\n\n\n<p>Mi nombre es Maikol Picado Cortes, soy psic\u00f3logo, egresado de la maestr\u00eda en Psicolog\u00eda Cl\u00ednica y de la Salud de la Universidad de Costa Rica, tengo 9 a\u00f1os de trabajar en la Universidad Estatal a Distancia, durante este tiempo he laborado en el Centro Agenda Joven en las \u00e1reas de extensi\u00f3n, investigaci\u00f3n y docencia, adem\u00e1s, he colaborado con la Vicerrector\u00eda de Investigaci\u00f3n y con el Tribunal Electoral Universitario.<\/p>\n\n\n\n<p>Actualmente me encuentro trabajando en dos investigaciones, una sobre el tema de suicidio y otra sobre las topofobias y subjetividades, ambas investigaciones se enfocan en la poblaci\u00f3n joven y tienen como temas transversales la salud y el g\u00e9nero, adem\u00e1s, coordino el T\u00e9cnico en Pr\u00e1cticas Democr\u00e1ticas y Procesos Electorales, propuesta acad\u00e9mica de la UNED que oferta el Centro Agenda Joven.<\/p>\n\n\n\n<p><\/p>\n\n\n<div class=\"wp-block-image is-resized\">\n<figure class=\"alignleft size-large\"><a href=\"https:\/\/investiga.uned.ac.cr\/agendajoven\/wp-content\/uploads\/sites\/16\/2023\/07\/d-cadr.jpg\"><img decoding=\"async\" src=\"https:\/\/investiga.uned.ac.cr\/agendajoven\/wp-content\/uploads\/sites\/8\/2025\/07\/d-cadr-1024x1024-1.jpg\" alt=\"\"\/><\/a><\/figure><\/div>\n\n\n<p><strong>Mario Araya P\u00e9rez<\/strong><\/p>\n\n\n\n<p><a href=\"https:\/\/unedaccr-my.sharepoint.com\/:b:\/g\/personal\/agendajoven_uned_ac_cr\/ERQ0I77ylv1MiDuvb3ZxrfABkbjZnvu2vCAS7NwyH5L1Ww?e=UZOZYF\">Curriculum<\/a><br>Contacto:  marayap@uned.ac.cr <\/p>\n\n\n\n<p>Soy antrop\u00f3logo, Licenciado en Antropolog\u00eda Social por la Universidad de Costa Rica y estudiante del Programa de Doctorado en Ciencias Sociales sobre Am\u00e9rica Central de la Universidad de Costa Rica. Trabajo desde hace siete a\u00f1os temas relacionados con personas j\u00f3venes en contextos de violencia. He tenido la oportunidad de participar en espacios de investigaci\u00f3n como el Instituto de Investigaciones Sociales de la UCR, como Investigador Becario durante el a\u00f1o 2015. He sido miembro del equipo de personas investigadoras del Centro Agenda Joven en Derechos y Ciudadan\u00eda desde el a\u00f1o 2014. En este mismo a\u00f1o fui miembro del equipo consultor Agenda Joven, UNED para Unicef, en I<em>nvestigaci\u00f3n sobre Factores de Riesgo asociados a la incorporaci\u00f3n de personas j\u00f3venes (Ni\u00f1ez y adolescencia) a diversos tipos de grupalidades con pr\u00e1cticas violentas en el distrito de Pavas<\/em>, San Jos\u00e9.<\/p>\n\n\n\n<p>Actualmente me encuentro trabajando en la sistematizaci\u00f3n y an\u00e1lisis de resultados de mi investigaci\u00f3n actual en el proyecto&nbsp;<em>PROY-00312018: El proceso de constituci\u00f3n de los establecimientos penales juveniles en Costa Rica<\/em>, a partir de un trabajo de campo de un a\u00f1o en el Nivel Penal Juvenil de Costa Rica. Vinculado a este proyecto coordino adem\u00e1s un seminario de graduaci\u00f3n en la Carrera de Ciencias Criminol\u00f3gicas de la Universidad Estatal a Distancia desde el 2019, bajo el t\u00edtulo&nbsp;<em>La construcci\u00f3n del conocimiento acad\u00e9mico en el proceso de constituci\u00f3n de los establecimientos penales en Costa Rica, periodo 2000 al 2019<\/em>.<\/p>\n\n\n<div class=\"wp-block-image is-resized\">\n<figure class=\"alignleft size-large\"><a href=\"https:\/\/investiga.uned.ac.cr\/agendajoven\/wp-content\/uploads\/sites\/16\/2023\/07\/a1-cuadrada.jpg\"><img decoding=\"async\" src=\"https:\/\/investiga.uned.ac.cr\/agendajoven\/wp-content\/uploads\/sites\/8\/2025\/07\/a1-cuadrada-1024x1024-1.jpg\" alt=\"\"\/><\/a><\/figure><\/div>\n\n\n<p><strong>Bryan Vargas Vargas<\/strong><\/p>\n\n\n\n<p><a href=\"https:\/\/unedaccr-my.sharepoint.com\/:b:\/g\/personal\/agendajoven_uned_ac_cr\/Ed8Ubd_d3blGnhNTkT1tb98BzxFWuJyr0tUPYYDPG0guRg?e=HlzHTW\">Curriculum<\/a><br>Contacto: bvargas@uned.ac.cr<\/p>\n\n\n\n<p>Soy Licenciado en Arquitectura y Urbanismo, Bachillerato en Sociolog\u00eda de la Universidad Nacional de Costa Rica y Master en Dise\u00f1o Urbano de la Universidad de Costa Rica, adem\u00e1s especialista en \u201cLiderazgo, Cambio Clim\u00e1tico y Ciudades\u201d de la Facultad Latinoamericana de Ciencias Sociales de Ecuador. Investigador social y facilitador desde el a\u00f1o 2012 en el Centro Agenda Joven en Derechos y Ciudadan\u00eda de la Universidad Estatal a Distancia (UNED), donde principalmente me he especializado temas de estudio relacionados con la poblaci\u00f3n en edad joven como: participaci\u00f3n pol\u00edtica, educaci\u00f3n, medios de comunicaci\u00f3n, espacio p\u00fablico, segregaci\u00f3n espacial, entre otras aristas. <\/p>\n\n\n\n<p><\/p>\n\n\n<div class=\"wp-block-image is-resized\">\n<figure class=\"alignleft size-large\"><img decoding=\"async\" src=\"https:\/\/investiga.uned.ac.cr\/agendajoven\/wp-content\/uploads\/sites\/8\/2025\/07\/Sesion-de-embarazo-Tony-Gabriela-55-1024x1024-1.jpg\" alt=\"\"\/><\/figure><\/div>\n\n\n<p><strong>Anthony Garc\u00eda-Mar\u00edn<\/strong><\/p>\n\n\n\n<p><a href=\"https:\/\/unedaccr-my.sharepoint.com\/:b:\/g\/personal\/agendajoven_uned_ac_cr\/EWgRJzydWWJDn5iIt_lx7kkBB-BGcwMKn2Ts_XTd87rgsQ?e=qnfvln\" target=\"_blank\" rel=\"noreferrer noopener\">Curriculum<\/a><br>Contacto: agarciam@uned.ac.cr <\/p>\n\n\n\n<p>Soci\u00f3logo y analista de datos, actualmente vinculado al Centro Agenda Joven en Derechos y Ciudadan\u00eda de la Universidad Estatal a Distancia (UNED), posee una amplia experiencia, desde la investigaci\u00f3n social acad\u00e9mica y consultor\u00edas, enfoc\u00e1ndose en temas relacionados con la condici\u00f3n juvenil, tales como la reproducci\u00f3n de desigualdades sociales, trayectorias educativas y sociocupacionales, y la participaci\u00f3n pol\u00edtica. Adem\u00e1s, ha desarrollado una carrera en la docencia universitaria, impartiendo asignaturas como metodolog\u00eda de investigaci\u00f3n, estad\u00edstica y derechos humanos en la Universidad de Costa Rica (UCR) y la UNED.<\/p>\n\n\n\n<p>En el \u00e1mbito de la formaci\u00f3n acad\u00e9mica, est\u00e1 cursando un doctorado en Ciencias Sociales sobre Am\u00e9rica Central en la UCR, donde previamente se egres\u00f3 de la Maestr\u00eda Centroamericana en Sociolog\u00eda y de la licenciatura en Sociolog\u00eda. Se ha especializado en Ciencia y Miner\u00eda de Datos a trav\u00e9s del Programa Iberoamericano de Formaci\u00f3n en Miner\u00eda de Datos (PROMiDAT) y en An\u00e1lisis de Datos Cualitativos (QDA) en la&nbsp;<em>Thinkific Academy<\/em>&nbsp;de ATLAS.ti.<\/p>\n\n\n\n<p>En cuanto a experiencias previas, desde 2018, forma parte del Grupo de Trabajo &#8220;Transiciones a la Vida Adulta, Familia, Escuela y Trabajo&#8221; del Seminario de Investigaci\u00f3n en Juventud (SIJ) de la Universidad Nacional Aut\u00f3noma de M\u00e9xico (UNAM). Ha participado en varios proyectos de investigaci\u00f3n en ciencias sociales en instituciones reconocidas como el Instituto de Investigaciones Sociales de la UCR, la Facultad Latinoamericana de Ciencias Sociales (FLACSO), el Consejo Latinoamericano de Ciencias Sociales (CLACSO) y el Proyecto Estado de la Naci\u00f3n \/ Regi\u00f3n. Adem\u00e1s, colabora con organizaciones no gubernamentales en la promoci\u00f3n de los derechos de las personas migrantes<\/p>\n\n\n<div class=\"wp-block-image is-resized\">\n<figure class=\"alignleft size-large\"><a href=\"https:\/\/investiga.uned.ac.cr\/agendajoven\/wp-content\/uploads\/sites\/16\/2023\/07\/c4-cuadr.jpg\"><img decoding=\"async\" src=\"https:\/\/investiga.uned.ac.cr\/agendajoven\/wp-content\/uploads\/sites\/8\/2025\/07\/c4-cuadr-1024x1024-1.jpg\" alt=\"\"\/><\/a><\/figure><\/div>\n\n\n<p><strong>Roy Gonz\u00e1lez Sancho<\/strong><\/p>\n\n\n\n<p><a href=\"https:\/\/unedaccr-my.sharepoint.com\/:b:\/g\/personal\/agendajoven_uned_ac_cr\/EYhYQnd6wH5NrTQz5AbbvnIB8Ux7KOer5zLk03-CbYdO6w?e=qxHR2n\">Curriculum<\/a><br>Contacto:  rgonzalezs@uned.ac.cr <\/p>\n\n\n\n<p>\u00a1Hola! Mi nombre es Roy Gonz\u00e1lez-Sancho, soy investigador del Centro Agenda Joven de UNED,&nbsp;&nbsp;soy licenciado en Psicolog\u00eda y Master en Estudios Latinoamericanos de la UNA. Actualmente me encuentro trabajando en el Observatorio Pol\u00edtico Electoral Juvenil (SC043),&nbsp;&nbsp;en el proyecto de investigaci\u00f3n&nbsp;titulado:&nbsp;Suicidio y juventud en Costa Rica y Am\u00e9rica Latina (PROY0039-2018), as\u00ed como en el desarrollo de un documental con un componente de investigaci\u00f3n junto a mi compa\u00f1ero Fernando Obando Reyes sobre el tema \u201cMujeres y videojuegos: exploraciones sobre experiencias y relatos de j\u00f3venes dedicadas al mundo de los juegos electr\u00f3nicos.\u201d El cual se encuentra en sus fases tempranas de desarrollo y preproducci\u00f3n.<\/p>\n\n\n\n<p>Mis l\u00edneas de inter\u00e9s acad\u00e9mico son Juventud, Historia Latinoamericana, Estudios del Videojuego, Psicoan\u00e1lisis, psicolog\u00eda de la Salud, Participaci\u00f3n Pol\u00edtica y Salud Mental.&nbsp;&nbsp;Ala fecha he publicado dos art\u00edculos el primero en coautor\u00eda con mi compa\u00f1era Evita Henr\u00edquez&nbsp;&nbsp;&nbsp;titulado \u201cParticipaci\u00f3n juvenil en espacios formales de deliberaci\u00f3n pol\u00edtica: entre adultocentrismo y reproducci\u00f3n del discurso adulto\u201d y el segundo titulado Revisi\u00f3n sistem\u00e1tica de literatura sobre comportamiento pol\u00edtico y juventud en Latinoam\u00e9rica y Costa Rica desde 1990 hasta hasta 2016\u201d ambos en la Revista Rupturas.&nbsp;<\/p>\n\n\n<div class=\"wp-block-image is-resized\">\n<figure class=\"alignleft size-large\"><a href=\"https:\/\/investiga.uned.ac.cr\/agendajoven\/wp-content\/uploads\/sites\/16\/2023\/07\/e3-cuadr-scaled.jpg\"><img decoding=\"async\" src=\"https:\/\/investiga.uned.ac.cr\/agendajoven\/wp-content\/uploads\/sites\/8\/2025\/07\/e3-cuadr-1024x1024-1.jpg\" alt=\"\"\/><\/a><\/figure><\/div>\n\n\n<p><strong>Ra\u00fal Garc\u00eda Fern\u00e1ndez<\/strong><\/p>\n\n\n\n<p><a href=\"https:\/\/unedaccr-my.sharepoint.com\/:b:\/g\/personal\/agendajoven_uned_ac_cr\/EaEwmILovkVEr6EeWnZ3JjcBmSDhm8U3paYYhOZrFFnqsQ?e=8wvD9o\">Curriculum<\/a><br>Contacto:  jgarciaf@uned.ac.cr <\/p>\n\n\n\n<p> Soy josefino donde he residido toda mi vida, si bien mi infancia la pas\u00e9 entre el barrio Vargas Araya y Escobal de Atenas, donde \u00edbamos en tren porque la m\u00eda es una familia de antiguos y antiguas ferrocarrileras. Por eso tengo un poco de urbano y algo de rural, con mucho de amante de los trenes. Como consecuencia de los ajustes estructurales de los a\u00f1os noventa, migramos a San Ram\u00f3n de Alajuela, para volver a San Jos\u00e9 luego de tres a\u00f1os. Cuando regres\u00e9 de San Ram\u00f3n, ten\u00eda muy claro que quer\u00eda entrar a la universidad. Ingres\u00e9 a la carrera de sociolog\u00eda de la Universidad de Costa Rica (UCR), donde llev\u00e9 desde Introducci\u00f3n a la Sociolog\u00eda hasta el \u00faltimo curso de la Maestr\u00eda Acad\u00e9mica Centroamericana en Sociolog\u00eda. <\/p>\n\n\n\n<p>He trabajo como docente en programas de educaci\u00f3n de personas adultas en convenios del Ministerio de Educaci\u00f3n P\u00fablica (MEP) con el Ministerio de Cultura y Juventud (MCJ) y la UCR, as\u00ed como en proyectos de investigaci\u00f3n en temas pol\u00edtico-electorales, geograf\u00eda electoral, encuestas de opini\u00f3n de p\u00fablica, investigaci\u00f3n formativa, migraciones y desigualdad educativa, ello en el Centro Agenda Joven en Derechos y Ciudadan\u00eda de la Universidad Estatal a Distancia (UNED) y el Instituto de Investigaciones Sociales de la UCR. Durante m\u00e1s de 10 a\u00f1os fui consultor en diversas \u00e1reas, especialmente en temas socioambientales. <\/p>\n\n\n\n<p>No quisiera irme sin mencionar que soy amante de la ciudad, a la que recorr\u00ed intensamente desde sus lugares m\u00e1s luminosos hasta aquellos donde la luz entra s\u00f3lo por las grietas, como dice Leonard Cohen. <\/p>\n\n\n<div class=\"wp-block-image is-resized\">\n<figure class=\"alignleft size-large\"><a href=\"https:\/\/investiga.uned.ac.cr\/agendajoven\/wp-content\/uploads\/sites\/16\/2023\/07\/i1-cuadr.jpg\"><img decoding=\"async\" src=\"https:\/\/investiga.uned.ac.cr\/agendajoven\/wp-content\/uploads\/sites\/8\/2025\/07\/i1-cuadr-1024x1024-1.jpg\" alt=\"\"\/><\/a><\/figure><\/div>\n\n\n<p><strong>Fernando Obando Reyes<\/strong><\/p>\n\n\n\n<p><a href=\"https:\/\/unedaccr-my.sharepoint.com\/:b:\/g\/personal\/agendajoven_uned_ac_cr\/EcXUSbi_xtJNjOBSqAOefOQBmd-1PizwWJxhwWwvyCpFNw?e=YpMCIx\">Curriculum<\/a><br>Contacto: fobando@uned.ac.cr<\/p>\n\n\n\n<p>\u00a1Saludos! Mi nombre es Fernando Obando Reyes, soy oriundo de los barrios josefinos del sur y suelo estar deambulando por distintas latitudes de la ciudad cuando el tiempo me lo permite.<\/p>\n\n\n\n<p>En cuanto a mi formaci\u00f3n, soy Licenciando&nbsp;de la Universidad de Costa Rica&nbsp;en Antropolog\u00eda con \u00e9nfasis en Antropolog\u00eda Social y Bachiller en Ciencias de la Comunicaci\u00f3n Colectiva con \u00e9nfasis en Comunicaci\u00f3n Audiovisual y Multimedial. Actualmente laboro como comunicador e investigador en&nbsp;el Centro Agenda Joven en Derechos y Ciudadan\u00eda de la Universidad Estatal a Distancia, donde me encuentro desarrollando&nbsp;junto a Roy Gonz\u00e1lez Sancho&nbsp;propuestas de investigaci\u00f3n referentes a&nbsp;\u201cPersonas J\u00f3venes y videojuegos\u201d. <\/p>\n\n\n\n<p>Algunos de mis intereses investigativos de los cuales he desarrollado (o me encuentro desarrollando) trabajos son: Tecnolog\u00edas de la Informaci\u00f3n y la Comunicaci\u00f3n (TICS),&nbsp;personas j\u00f3venes y m\u00fasica, educaci\u00f3n, pol\u00edticas p\u00fablicas, gesti\u00f3n cultural y an\u00e1lisis de cultura visual.&nbsp; <\/p>\n\n\n<div class=\"wp-block-image is-resized\">\n<figure class=\"alignleft size-large\"><a href=\"https:\/\/investiga.uned.ac.cr\/agendajoven\/wp-content\/uploads\/sites\/16\/2023\/07\/f3-cuadr-scaled.jpg\"><img decoding=\"async\" src=\"https:\/\/investiga.uned.ac.cr\/agendajoven\/wp-content\/uploads\/sites\/8\/2025\/07\/f3-cuadr-1024x1024-1.jpg\" alt=\"\"\/><\/a><\/figure><\/div>\n\n\n<p><strong>Mar\u00eda Eugenia Bujanda Bujanda<\/strong><\/p>\n\n\n\n<p>Contacto: mbujanda@uned.ac.cr<\/p>\n\n\n\n<p>Soy Doctora en Educaci\u00f3n (Universidad Complutense de Madrid) y Licenciada en Pedagog\u00eda (Universidad de Deusto). Durante m\u00e1s 15 a\u00f1os trabaj\u00e9 en la Fundaci\u00f3n Omar Dengo. Primero, en el \u00c1rea de investigaci\u00f3n, donde coordin\u00e9 los siguientes proyectos: el Cap\u00edtulo Latinoamericano del proyecto&nbsp;<em>Evaluaci\u00f3n y Ense\u00f1anza de Destrezas del Siglo XXI<\/em>&nbsp;(2011-2014) liderado por la Universidad de Melbourne, Australia;&nbsp;<em>Avanz@: Competencias de mipymes centroamericanas para la econom\u00eda del conocimiento y la innovaci\u00f3n&nbsp;<\/em>(2010-2013), financiado por el Centro para la Investigaci\u00f3n en Desarrollo Internacional de Canad\u00e1 (IDRC), ejecutado en colaboraci\u00f3n con OIT\/Cinterfor;&nbsp;<em>Constructores de democracia: capacidades para la ciudadan\u00eda activa y la realizaci\u00f3n personal&nbsp;<\/em>(2007-2009), financiado por el Fondo de Naciones Unidas para la Democracia; el componente de formaci\u00f3n ciudadana del proyecto&nbsp;<em>Lanz@: Apropiaci\u00f3n tecnol\u00f3gica para el desarrollo de capacidades productivas y participativas en Costa Rica, El Salvador, Guatemala, Honduras y Nicaragua<\/em>&nbsp;(2006-2008), financiado por IDRC; y&nbsp;<em>CADE: Capacidades para la deliberaci\u00f3n en escolares<\/em>&nbsp;(2003-2009), desarrollado en colaboraci\u00f3n con los profesores Maya Carlson y Felton Earls, de la Escuela de Salud P\u00fablica de la Universidad de Harvard, como parte de su programa de investigaci\u00f3n internacional&nbsp;<em>Social Ecology and Child Well-being<\/em>. Posteriormente, tuve la oportunidad de asumir la Direcci\u00f3n de Educaci\u00f3n del Programa Nacional de Inform\u00e1tica Educativa &#8211; PRONIE MEP-FOD (2014) y la Direcci\u00f3n de Desarrollo Profesional Docente (2019-2020).<\/p>\n\n\n\n<p>En la UNED, fui en 2022 profesora-capacitadora en el Centro de Capacitaci\u00f3n en Educaci\u00f3n a Distancia y, desde enero de 2023, soy profesora del Centro Agenda Joven en Derechos y Ciudadan\u00eda, donde apoyo los procesos de dise\u00f1o e implementaci\u00f3n de programas y actividades formativos que se impulsan desde el Centro. Tambi\u00e9n colaboro en la Maestr\u00eda en Tecnolog\u00eda Educativa de la Escuela de Ciencias de la Educaci\u00f3n y en la C\u00e1tedra de Investigaci\u00f3n de la Escuela de Ciencias Exactas y Naturales.<\/p>\n\n\n\n<div style=\"height:22px\" aria-hidden=\"true\" class=\"wp-block-spacer\"><\/div>\n\n\n\n<p><\/p>\n","protected":false},"excerpt":{"rendered":"<p>\u00a1El Centro Agenda Joven en Derechos y Ciudadan\u00eda de la Universidad Estatal a Distancia cuenta con un equipo interdisciplinario que abarca profesionales en ciencias pol\u00edticas, derecho, sociolog\u00eda, antropolog\u00eda, comunicaci\u00f3n audiovisual, arquitectura, historia, filosof\u00eda y otros campos acad\u00e9micos. \u00a1Les invitamos a conocer a nuestro equipo! Equipo del Centro Agenda Joven en [&hellip;]<\/p>\n","protected":false},"author":1,"featured_media":0,"parent":0,"menu_order":0,"comment_status":"closed","ping_status":"closed","template":"","meta":{"ngg_post_thumbnail":0,"_themeisle_gutenberg_block_has_review":false,"footnotes":""},"class_list":["post-1699","page","type-page","status-publish","hentry"],"_links":{"self":[{"href":"https:\/\/investiga.uned.ac.cr\/agendajoven\/wp-json\/wp\/v2\/pages\/1699","targetHints":{"allow":["GET"]}}],"collection":[{"href":"https:\/\/investiga.uned.ac.cr\/agendajoven\/wp-json\/wp\/v2\/pages"}],"about":[{"href":"https:\/\/investiga.uned.ac.cr\/agendajoven\/wp-json\/wp\/v2\/types\/page"}],"author":[{"embeddable":true,"href":"https:\/\/investiga.uned.ac.cr\/agendajoven\/wp-json\/wp\/v2\/users\/1"}],"replies":[{"embeddable":true,"href":"https:\/\/investiga.uned.ac.cr\/agendajoven\/wp-json\/wp\/v2\/comments?post=1699"}],"version-history":[{"count":1,"href":"https:\/\/investiga.uned.ac.cr\/agendajoven\/wp-json\/wp\/v2\/pages\/1699\/revisions"}],"predecessor-version":[{"id":8224,"href":"https:\/\/investiga.uned.ac.cr\/agendajoven\/wp-json\/wp\/v2\/pages\/1699\/revisions\/8224"}],"wp:attachment":[{"href":"https:\/\/investiga.uned.ac.cr\/agendajoven\/wp-json\/wp\/v2\/media?parent=1699"}],"curies":[{"name":"wp","href":"https:\/\/api.w.org\/{rel}","templated":true}]}}