{"id":1320,"date":"2020-02-12T19:23:34","date_gmt":"2020-02-12T19:23:34","guid":{"rendered":"https:\/\/investiga.uned.ac.cr\/agendajoven\/hestia-front\/"},"modified":"2025-10-09T02:54:47","modified_gmt":"2025-10-09T02:54:47","slug":"hestia-front","status":"publish","type":"page","link":"https:\/\/investiga.uned.ac.cr\/agendajoven\/","title":{"rendered":"\u00a1LES DAMOS LA BIENVENIDA AL CENTRO AGENDA JOVEN EN DERECHOS Y CIUDADAN\u00cdA!"},"content":{"rendered":"\t\t<div data-elementor-type=\"wp-page\" data-elementor-id=\"1320\" class=\"elementor elementor-1320\">\n\t\t\t\t<div class=\"elementor-element elementor-element-78460c2c e-flex e-con-boxed e-con e-parent\" data-id=\"78460c2c\" data-element_type=\"container\" data-e-type=\"container\">\n\t\t\t\t\t<div class=\"e-con-inner\">\n\t\t\t\t<div class=\"elementor-element elementor-element-3e31c4cc elementor-widget elementor-widget-text-editor\" data-id=\"3e31c4cc\" data-element_type=\"widget\" data-e-type=\"widget\" data-widget_type=\"text-editor.default\">\n\t\t\t\t<div class=\"elementor-widget-container\">\n\t\t\t\t\t\t\t\t\t\n<div class=\"wp-block-image\" style=\"text-align: center\">\n<h1><img fetchpriority=\"high\" decoding=\"async\" src=\"https:\/\/investiga.uned.ac.cr\/agendajoven\/wp-content\/uploads\/sites\/8\/2025\/08\/Reconstruyendo_Mesa-de-trabajo-1-1-1024x576.jpg\" alt=\"\" width=\"750\" height=\"422\" class=\"aligncenter wp-image-9955 size-large\" srcset=\"https:\/\/investiga.uned.ac.cr\/agendajoven\/wp-content\/uploads\/sites\/8\/2025\/08\/Reconstruyendo_Mesa-de-trabajo-1-1-1024x576.jpg 1024w, https:\/\/investiga.uned.ac.cr\/agendajoven\/wp-content\/uploads\/sites\/8\/2025\/08\/Reconstruyendo_Mesa-de-trabajo-1-1-300x169.jpg 300w, https:\/\/investiga.uned.ac.cr\/agendajoven\/wp-content\/uploads\/sites\/8\/2025\/08\/Reconstruyendo_Mesa-de-trabajo-1-1-768x432.jpg 768w, https:\/\/investiga.uned.ac.cr\/agendajoven\/wp-content\/uploads\/sites\/8\/2025\/08\/Reconstruyendo_Mesa-de-trabajo-1-1-1536x864.jpg 1536w, https:\/\/investiga.uned.ac.cr\/agendajoven\/wp-content\/uploads\/sites\/8\/2025\/08\/Reconstruyendo_Mesa-de-trabajo-1-1.jpg 1920w\" sizes=\"(max-width: 750px) 100vw, 750px\" \/><\/h1>\n<h1><strong>\u00a1Les invitamos al coloquio Vida Estudiantil Intercultural!<\/strong><\/h1>\n<h3><strong>(5 al 7 de noviembre del 2025)<\/strong><br \/><img decoding=\"async\" src=\"https:\/\/investiga.uned.ac.cr\/agendajoven\/wp-content\/uploads\/sites\/8\/2025\/10\/AFICHE-1-194x300.png\" alt=\"\" width=\"466\" height=\"720\" class=\" wp-image-10000 aligncenter\" srcset=\"https:\/\/investiga.uned.ac.cr\/agendajoven\/wp-content\/uploads\/sites\/8\/2025\/10\/AFICHE-1-194x300.png 194w, https:\/\/investiga.uned.ac.cr\/agendajoven\/wp-content\/uploads\/sites\/8\/2025\/10\/AFICHE-1-663x1024.png 663w, https:\/\/investiga.uned.ac.cr\/agendajoven\/wp-content\/uploads\/sites\/8\/2025\/10\/AFICHE-1-768x1187.png 768w, https:\/\/investiga.uned.ac.cr\/agendajoven\/wp-content\/uploads\/sites\/8\/2025\/10\/AFICHE-1-994x1536.png 994w, https:\/\/investiga.uned.ac.cr\/agendajoven\/wp-content\/uploads\/sites\/8\/2025\/10\/AFICHE-1-1325x2048.png 1325w, https:\/\/investiga.uned.ac.cr\/agendajoven\/wp-content\/uploads\/sites\/8\/2025\/10\/AFICHE-1-scaled.png 1656w\" sizes=\"(max-width: 466px) 100vw, 466px\" \/><strong><a href=\"https:\/\/www.uned.ac.cr\/actividades\/coloquio-vida-estudiantil-intercultural\">Enlace al sitio web del evento<\/a><\/strong><\/h3>\n<h3 style=\"text-align: center\"><strong><a href=\"https:\/\/www.uned.ac.cr\/actividades\/images\/coloquio-vida-est-intercultural\/programa-vei.pdf\">Programa del evento<\/a><\/strong><\/h3>\n<figure><\/figure>\n<figure><\/figure>\n<figure class=\"aligncenter\"><img decoding=\"async\" src=\"https:\/\/investiga.uned.ac.cr\/agendajoven\/wp-content\/uploads\/sites\/8\/2025\/07\/6e534109-bafe-4d03-a6fc-78a7e9ba7c3e-1024x498.jpg\" alt=\"\" class=\"wp-image-1350\" \/>\n<figcaption><strong>\u00a1En el Centro Agenda Joven en Derechos y Ciudadan\u00eda luchamos por que la educaci\u00f3n sea un derecho humano al que todas las personas j\u00f3venes tengan acceso!<\/strong><\/figcaption>\n<\/figure>\n<\/div>\n\n<div class=\"wp-block-image\">\n<figure class=\"aligncenter\"><img decoding=\"async\" src=\"https:\/\/investiga.uned.ac.cr\/agendajoven\/wp-content\/uploads\/sites\/8\/2025\/07\/IMG_5690-1-1024x410.jpg\" alt=\"\" class=\"wp-image-1357\" \/>\n<figcaption><strong> \u00a0&#8220;Seminario Internacional: Valores y pr\u00e1cticas democr\u00e1ticas para el liderazgo joven&#8221; (2019)<\/strong><\/figcaption>\n<\/figure>\n<\/div>\n\n<div class=\"wp-block-image\">\n<figure class=\"aligncenter\"><img decoding=\"async\" src=\"https:\/\/investiga.uned.ac.cr\/agendajoven\/wp-content\/uploads\/sites\/8\/2025\/07\/13-1-1024x683.jpg\" alt=\"\" class=\"wp-image-1359\" \/>\n<figcaption><strong> &#8220;Seminario Internacional: Valores y pr\u00e1cticas democr\u00e1ticas para el liderazgo joven&#8221; (2018) <\/strong><\/figcaption>\n<\/figure>\n<\/div>\n\n<div class=\"wp-block-image\">\n<figure class=\"aligncenter\"><img decoding=\"async\" src=\"https:\/\/investiga.uned.ac.cr\/agendajoven\/wp-content\/uploads\/sites\/8\/2025\/07\/XI-Muestra-Cortos-de-la-Polis-Joven-1024x576.jpg\" alt=\"\" class=\"wp-image-1361\" \/>\n<figcaption><strong>XI Muestra &#8220;Cortos de la Polis Joven&#8221; &#8211; Cine-foro con la Asociaci\u00f3n Cultural Santos Rock (Noviembre, 2019)<\/strong><\/figcaption>\n<\/figure>\n<\/div>\n\t\t\t\t\t\t\t\t<\/div>\n\t\t\t\t<\/div>\n\t\t\t\t\t<\/div>\n\t\t\t\t<\/div>\n\t\t\t\t<\/div>\n\t\t","protected":false},"excerpt":{"rendered":"\u00a1Les invitamos al coloquio Vida Estudiantil Intercultural! (5 al 7 de noviembre del 2025)Enlace al sitio web del evento Programa del evento \u00a1En el Centro Agenda Joven en Derechos y Ciudadan\u00eda luchamos por que la educaci\u00f3n sea un derecho humano al que todas las personas j\u00f3venes tengan acceso! \u00a0\"Seminario Internacional: [...]","protected":false},"author":1,"featured_media":0,"parent":0,"menu_order":0,"comment_status":"closed","ping_status":"closed","template":"","meta":{"ngg_post_thumbnail":0,"_themeisle_gutenberg_block_has_review":false,"footnotes":""},"class_list":["post-1320","page","type-page","status-publish","hentry"],"_links":{"self":[{"href":"https:\/\/investiga.uned.ac.cr\/agendajoven\/wp-json\/wp\/v2\/pages\/1320","targetHints":{"allow":["GET"]}}],"collection":[{"href":"https:\/\/investiga.uned.ac.cr\/agendajoven\/wp-json\/wp\/v2\/pages"}],"about":[{"href":"https:\/\/investiga.uned.ac.cr\/agendajoven\/wp-json\/wp\/v2\/types\/page"}],"author":[{"embeddable":true,"href":"https:\/\/investiga.uned.ac.cr\/agendajoven\/wp-json\/wp\/v2\/users\/1"}],"replies":[{"embeddable":true,"href":"https:\/\/investiga.uned.ac.cr\/agendajoven\/wp-json\/wp\/v2\/comments?post=1320"}],"version-history":[{"count":18,"href":"https:\/\/investiga.uned.ac.cr\/agendajoven\/wp-json\/wp\/v2\/pages\/1320\/revisions"}],"predecessor-version":[{"id":10012,"href":"https:\/\/investiga.uned.ac.cr\/agendajoven\/wp-json\/wp\/v2\/pages\/1320\/revisions\/10012"}],"wp:attachment":[{"href":"https:\/\/investiga.uned.ac.cr\/agendajoven\/wp-json\/wp\/v2\/media?parent=1320"}],"curies":[{"name":"wp","href":"https:\/\/api.w.org\/{rel}","templated":true}]}}