{"id":10032,"date":"2025-11-18T01:26:50","date_gmt":"2025-11-18T01:26:50","guid":{"rendered":"https:\/\/investiga.uned.ac.cr\/agendajoven\/?page_id=10032"},"modified":"2025-11-18T01:26:50","modified_gmt":"2025-11-18T01:26:50","slug":"viejas-y-nuevas-derechas-en-america-contrainsurgencia-despojos-y-sentidos-comunes-ricardo-orozco-thays-fidelis-jose-victor-bolanos-alcantara-y-robert-adrian-quintero-leguizamon-coords","status":"publish","type":"page","link":"https:\/\/investiga.uned.ac.cr\/agendajoven\/viejas-y-nuevas-derechas-en-america-contrainsurgencia-despojos-y-sentidos-comunes-ricardo-orozco-thays-fidelis-jose-victor-bolanos-alcantara-y-robert-adrian-quintero-leguizamon-coords\/","title":{"rendered":"Viejas y nuevas derechas en Am\u00e9rica. Contrainsurgencia, despojos y sentidos comunes &#8211; Ricardo Orozco, Thays Fidelis, Jos\u00e9 V\u00edctor Bola\u00f1os Alc\u00e1ntara y Robert Adri\u00e1n Quintero Leguizam\u00f3n (coords.)"},"content":{"rendered":"<div class=\"wp-block-image\">\n<figure class=\"aligncenter size-large is-resized\"><img fetchpriority=\"high\" decoding=\"async\" width=\"678\" height=\"1024\" src=\"https:\/\/investiga.uned.ac.cr\/agendajoven\/wp-content\/uploads\/sites\/8\/2025\/11\/Captura-de-pantalla-2025-11-17-184921-678x1024.png\" alt=\"\" class=\"wp-image-10025\" style=\"width:436px;height:auto\" srcset=\"https:\/\/investiga.uned.ac.cr\/agendajoven\/wp-content\/uploads\/sites\/8\/2025\/11\/Captura-de-pantalla-2025-11-17-184921-678x1024.png 678w, https:\/\/investiga.uned.ac.cr\/agendajoven\/wp-content\/uploads\/sites\/8\/2025\/11\/Captura-de-pantalla-2025-11-17-184921-199x300.png 199w, https:\/\/investiga.uned.ac.cr\/agendajoven\/wp-content\/uploads\/sites\/8\/2025\/11\/Captura-de-pantalla-2025-11-17-184921.png 702w\" sizes=\"(max-width: 678px) 100vw, 678px\" \/><\/figure><\/div>\n\n\n<p><strong>Texto:\u00a0<\/strong>\u201cViejas y nuevas derechas en Am\u00e9rica. Contrainsurgencia, despojos y sentidos comunes\u201d<br><strong>Coordinaci\u00f3n:<\/strong>\u00a0Ricardo Orozco, Thays Fidelis, Jos\u00e9 V\u00edctor Bola\u00f1os Alc\u00e1ntara y Robert Adri\u00e1n Quintero Leguizam\u00f3n<br><strong>A\u00f1o original de publicaci\u00f3n:\u00a0<\/strong>2023<br><strong>Editorial:<\/strong>\u00a0CLACSO<br><strong>Rese\u00f1ado por:<\/strong>\u00a0Roy Gonz\u00e1lez Sancho<br><strong>Palabras claves:<\/strong>\u00a0ciencias pol\u00edticas, ideolog\u00eda pol\u00edtica, movimientos de derecha, contrainsurgencia, derecha latinoamericana<br><strong>Citaci\u00f3n: <\/strong>Orozco, R., Fidelis, T., Bola\u00f1os Alc\u00e1ntara, J. V., y Quintero Leguizam\u00f3n, R. A. (Coords.). (2023).\u00a0<em>Viejas y nuevas derechas en Am\u00e9rica: Contrainsurgencia, despojos y sentidos comunes<\/em>. CLACSO.\u00a0<a href=\"https:\/\/libreria.clacso.org\/publicacion.php?p=2989&amp;c=62\">https:\/\/libreria.clacso.org\/publicacion.php?p=2989&amp;c=62<\/a><\/p>\n\n\n\n<p><strong>\u201cViejas y nuevas derechas en Am\u00e9rica. Contrainsurgencia, despojos y sentidos comunes\u201d, <\/strong>es una producci\u00f3n resultada de un proceso de convocatoria de CLACSO, coordinada por Ricardo Orozco, Thays Fidelis, Jos\u00e9 V\u00edctor Bola\u00f1os Alc\u00e1ntara y Robert Quintero Leguizam\u00f3n, en la que se compilan 16 trabajos de investigaci\u00f3n propios y de otras personas investigadoras, organizado en 3 grandes secciones tem\u00e1ticas.<\/p>\n\n\n\n<p>La primera secci\u00f3n tem\u00e1tica titulada: \u201cMovimientos sociales y populares ante las nuevas l\u00f3gicas de contrainsurgencia de las derechas regionales\u201d, recoge 5 trabajos en los que se analizan c\u00f3mo han ido transform\u00e1ndose y adapt\u00e1ndose las diferentes estrategias de represi\u00f3n de las derechas latinoamericanas, enmarcadas en los procesos de contenci\u00f3n, represi\u00f3n y desmovilizaci\u00f3n de la organizaci\u00f3n social y popular, integrando en la mayor\u00eda de los casos mecanismos legales, medi\u00e1ticos y el uso de la violencia de Estado de forma selectiva y desproporcionada.<\/p>\n\n\n\n<p>As\u00ed, recopilando con base en los ejemplos de los procesos pol\u00edticos marcados por las derechas conservadoras, se narra con lujo de detalles c\u00f3mo se ha criminalizado la protesta y se ha hecho uso de la represi\u00f3n con fuerza letal en el caso peruano. Seguido de c\u00f3mo los movimientos conservadores y reaccionarios afines a las viejas oligarqu\u00edas mexicanas se han apropiado de los repertorios de acci\u00f3n de los movimientos sociales de izquierda y progresistas.&nbsp; Al mismo tiempo se recoge la experiencia chilena, en la que la batalla pol\u00edtica por la reforma de la constituci\u00f3n de dicho pa\u00eds estuvo marcada por una defensa del modelo de estado impuesto desde la dictadura militar. &nbsp;&nbsp;&nbsp;<\/p>\n\n\n\n<p>Se destacan el caso de Colombia con el bloqueo judicial y procesal de los mecanismos de participaci\u00f3n y consulta populares en materia ambiental, que permit\u00edan a las comunidades oponerse y detener proyectos extractivistas. Finalmente, se expone el caso boliviano, en el que se analiza como la derecha local se construye identitariamente blanca y antiind\u00edgena frente al proceso de transformaci\u00f3n y hegemon\u00eda del MAS.<\/p>\n\n\n\n<p>La segunda secci\u00f3n denominada \u201cDespojo, explotaci\u00f3n y apropiaci\u00f3n de lo com\u00fan y lo comunitario\u201d, se recogen 3 trabajos que exploran c\u00f3mo se han organizado diferentes comunidades y actores sociales frente o alrededor de los procesos de despojo y entrega de los recursos nacionales. Los estudios recopilados analizan procesos de resistencia territorial de base comunitaria, hasta una reflexi\u00f3n de c\u00f3mo los Estados de base dependiente reproducen las l\u00f3gicas de acumulaci\u00f3n, despojo y exclusi\u00f3n, cuyos efectos m\u00e1s notables son la precarizaci\u00f3n de la vida, los avances regresivos en materia de derechos y la profundizaci\u00f3n de los procesos extractivos de materias primas.<\/p>\n\n\n\n<p>En la tercera secci\u00f3n, titulada \u201cDisputas por la memoria hist\u00f3rica y por los sentidos comunes del presente\u201d, se discuten diferentes experiencias de lucha por el sentido com\u00fan. Se inicia con el plano del manejo pol\u00edtico de las emociones, como foco inicial de la acci\u00f3n colectiva, de acuerdo con la experiencia del movimiento estudiantil nicarag\u00fcense. Luego, se aborda la lucha por la memoria y el espacio p\u00fablico en nombre de las v\u00edctimas de feminicidio, as\u00ed como el uso emocional de conceptos centrales de la democracia en clave de discurso individualista y neoliberal. Tambi\u00e9n se destaca la importancia de los procesos de formaci\u00f3n pol\u00edtica en las estrategias de preparaci\u00f3n de cuadros y la socializaci\u00f3n de dichos proyectos. Al mismo tiempo, se se\u00f1ala c\u00f3mo han surgido movimientos negacionistas de dictaduras y sus consecuencias, adem\u00e1s de la promoci\u00f3n, por parte de las derechas, de distorsiones intencionadas de la historia reciente y la reivindicaci\u00f3n de proyectos autoritarios.<\/p>\n\n\n\n<p><strong>Comentario final:<\/strong><\/p>\n\n\n\n<p>Este texto, y en sinton\u00eda con lo expuesto por otros documentos de trabajo e investigaciones en las que se analizan las modalidades de acci\u00f3n y discurso de las derechas contempor\u00e1neas, deja de manifiesto que las derechas y movimientos conservadores actuales no solo se han dedicado a ser reactivos, sino que se han vuelto algo proactivos, tomando diferentes modalidades de actuar, que los ha llevado a utilizar adem\u00e1s de la represi\u00f3n f\u00edsica y pol\u00edtica, estrategias y acciones en las que cooptan lenguajes, formas de lucha y movilizaci\u00f3n de bases populares, siempre centrados en identidades raciales y pol\u00edticamente conservadoras. &nbsp;<\/p>\n\n\n\n<p>Orozco, R., Fidelis, T., Bola\u00f1os Alc\u00e1ntara, J. V., y Quintero Leguizam\u00f3n, R. A. (Coords.). (2023).&nbsp;<em>Viejas y nuevas derechas en Am\u00e9rica: Contrainsurgencia, despojos y sentidos comunes<\/em>. CLACSO.&nbsp;<a href=\"https:\/\/libreria.clacso.org\/publicacion.php?p=2989&amp;c=62\">https:\/\/libreria.clacso.org\/publicacion.php?p=2989&amp;c=62<\/a><\/p>\n","protected":false},"excerpt":{"rendered":"<p>Texto:\u00a0\u201cViejas y nuevas derechas en Am\u00e9rica. Contrainsurgencia, despojos y sentidos comunes\u201dCoordinaci\u00f3n:\u00a0Ricardo Orozco, Thays Fidelis, Jos\u00e9 V\u00edctor Bola\u00f1os Alc\u00e1ntara y Robert Adri\u00e1n Quintero Leguizam\u00f3nA\u00f1o original de publicaci\u00f3n:\u00a02023Editorial:\u00a0CLACSORese\u00f1ado por:\u00a0Roy Gonz\u00e1lez SanchoPalabras claves:\u00a0ciencias pol\u00edticas, ideolog\u00eda pol\u00edtica, movimientos de derecha, contrainsurgencia, derecha latinoamericanaCitaci\u00f3n: Orozco, R., Fidelis, T., Bola\u00f1os Alc\u00e1ntara, J. V., y Quintero Leguizam\u00f3n, [&hellip;]<\/p>\n","protected":false},"author":4,"featured_media":10033,"parent":0,"menu_order":0,"comment_status":"closed","ping_status":"closed","template":"","meta":{"ngg_post_thumbnail":0,"_themeisle_gutenberg_block_has_review":false,"footnotes":""},"class_list":["post-10032","page","type-page","status-publish","has-post-thumbnail","hentry"],"_links":{"self":[{"href":"https:\/\/investiga.uned.ac.cr\/agendajoven\/wp-json\/wp\/v2\/pages\/10032","targetHints":{"allow":["GET"]}}],"collection":[{"href":"https:\/\/investiga.uned.ac.cr\/agendajoven\/wp-json\/wp\/v2\/pages"}],"about":[{"href":"https:\/\/investiga.uned.ac.cr\/agendajoven\/wp-json\/wp\/v2\/types\/page"}],"author":[{"embeddable":true,"href":"https:\/\/investiga.uned.ac.cr\/agendajoven\/wp-json\/wp\/v2\/users\/4"}],"replies":[{"embeddable":true,"href":"https:\/\/investiga.uned.ac.cr\/agendajoven\/wp-json\/wp\/v2\/comments?post=10032"}],"version-history":[{"count":1,"href":"https:\/\/investiga.uned.ac.cr\/agendajoven\/wp-json\/wp\/v2\/pages\/10032\/revisions"}],"predecessor-version":[{"id":10034,"href":"https:\/\/investiga.uned.ac.cr\/agendajoven\/wp-json\/wp\/v2\/pages\/10032\/revisions\/10034"}],"wp:featuredmedia":[{"embeddable":true,"href":"https:\/\/investiga.uned.ac.cr\/agendajoven\/wp-json\/wp\/v2\/media\/10033"}],"wp:attachment":[{"href":"https:\/\/investiga.uned.ac.cr\/agendajoven\/wp-json\/wp\/v2\/media?parent=10032"}],"curies":[{"name":"wp","href":"https:\/\/api.w.org\/{rel}","templated":true}]}}