{"id":10020,"date":"2025-11-12T22:16:46","date_gmt":"2025-11-12T22:16:46","guid":{"rendered":"https:\/\/investiga.uned.ac.cr\/agendajoven\/?page_id=10020"},"modified":"2025-11-12T22:19:13","modified_gmt":"2025-11-12T22:19:13","slug":"geopolitica-una-breve-introduccion-klaus-dodds","status":"publish","type":"page","link":"https:\/\/investiga.uned.ac.cr\/agendajoven\/geopolitica-una-breve-introduccion-klaus-dodds\/","title":{"rendered":"Geopol\u00edtica: Una breve introducci\u00f3n &#8211; Klaus Dodds"},"content":{"rendered":"<div class=\"wp-block-image\">\n<figure class=\"aligncenter size-full\"><img fetchpriority=\"high\" decoding=\"async\" width=\"349\" height=\"522\" src=\"https:\/\/investiga.uned.ac.cr\/agendajoven\/wp-content\/uploads\/sites\/8\/2025\/11\/Geopolitica.jpg\" alt=\"\" class=\"wp-image-10018\" srcset=\"https:\/\/investiga.uned.ac.cr\/agendajoven\/wp-content\/uploads\/sites\/8\/2025\/11\/Geopolitica.jpg 349w, https:\/\/investiga.uned.ac.cr\/agendajoven\/wp-content\/uploads\/sites\/8\/2025\/11\/Geopolitica-201x300.jpg 201w\" sizes=\"(max-width: 349px) 100vw, 349px\" \/><\/figure><\/div>\n\n\n<p><\/p>\n\n\n\n<p><strong>Texto:&nbsp;<\/strong>Geopol\u00edtica. Una breve introducci\u00f3n.<br><strong>Autor:<\/strong>&nbsp;Klaus Dodds<br><strong>A\u00f1o original de publicaci\u00f3n:&nbsp;<\/strong>2021<br><strong>Editorial:<\/strong>&nbsp;Antoni Bosch editor<br><strong>Rese\u00f1ado por:<\/strong>&nbsp;Roy Gonz\u00e1lez Sancho<br><strong>Palabras claves:<\/strong>&nbsp;geopol\u00edtica, geopol\u00edtica cr\u00edtica, pol\u00edtica, relaciones internacionales<br><strong>Citaci\u00f3n: <\/strong>Dodds, K. (2021). <em>Geopol\u00edtica: una breve introducci\u00f3n<\/em>. Antoni Bosch editor.<\/p>\n\n\n\n<p>En el campo de la geopol\u00edtica cr\u00edtica, se concibe la geopol\u00edtica como el estudio y el an\u00e1lisis de las proyecciones de las relaciones de poder en el espacio. Precisamente, uno de los elementos m\u00e1s representativos sobre la forma en la que se denota esta cualidad, corresponde con la manera en c\u00f3mo se interpretan los territorios, sus relieves y extensiones de forma gr\u00e1fica.<\/p>\n\n\n\n<p>En este texto, Dodds hace un peque\u00f1o recorrido sobre la evoluci\u00f3n de la geopol\u00edtica desde sus ra\u00edces hasta la \u00e9poca m\u00e1s pr\u00f3xima a la publicaci\u00f3n de su libro; al mismo tiempo, da insumos relevantes sobre la utilidad que tiene este \u00e1mbito de estudio para el entendimiento de los conflictos internacionales de impacto regional y mundial.<\/p>\n\n\n\n<p>El libro consta de 7 cap\u00edtulos. En un primer cap\u00edtulo se discute sobre por qu\u00e9 es relevante la geopol\u00edtica, dando especial relevancia a observar la geopol\u00edtica como un conjunto de narrativas y filtros, a partir de los cuales los actores interesados interpretan o intentan entender el mundo.<\/p>\n\n\n\n<p>Un segundo cap\u00edtulo aborda la evoluci\u00f3n del corpus interpretativo de los Estados modernos. El tercer cap\u00edtulo se centra en los aspectos fundamentales de la comprensi\u00f3n tradicional de la geopol\u00edtica, con referencias a autores como Mackinder y Mahan. Finalmente, el cuarto cap\u00edtulo analiza c\u00f3mo la representaci\u00f3n imaginada de otros lugares contribuye a la construcci\u00f3n de identidades nacionales, ilustr\u00e1ndolo con ejemplos provenientes del cine, la literatura y los medios de comunicaci\u00f3n.<\/p>\n\n\n\n<p>Los cap\u00edtulos restantes se centrar\u00e1n en aspectos como el uso de los mapas para la configuraci\u00f3n de las divisiones imaginarias del mundo, el uso de estos durante la llamada guerra fr\u00eda c\u00f3mo justificante de la estrategia de seguridad interregional de los Estados Unidos, y los impactos que tuvo dentro de la forma en c\u00f3mo las poblaciones apoyaban las proyecciones de poder estadounidenses en el extranjero.<\/p>\n\n\n\n<p>Dodds es uno de los principales acad\u00e9micos y autores del mundo anglosaj\u00f3n que se han interesado por reinterpretar y renovar tanto los fundamentos como las metodolog\u00edas y alcances de la geopol\u00edtica como campo disciplinar. De la mano de profesionales como Gear\u00f3id \u00d3 Tuathail, han cuestionado repetidamente la pretendida neutralidad de la geopol\u00edtica tradicional, teniendo como principal ejemplo ilustrativo el caso de los mapas, los cuales, de acuerdo con las posturas de ambos autores, no se limitan a describir el mundo, sino que, por el contrario, constituyen una construcci\u00f3n pol\u00edtica de c\u00f3mo el poder visualiza el espacio y el territorio.<\/p>\n\n\n\n<p>Al mismo tiempo, en este texto el autor incluye una variedad de temas que, desde los a\u00f1os noventa, han cobrado importancia dentro de las discusiones sobre relaciones internacionales y en los programas de pol\u00edticas p\u00fablicas en varios pa\u00edses, tales como el cambio clim\u00e1tico, el terrorismo, el surgimiento de China como potencia mundial, los flujos migratorios y el terrorismo global. Sin dejar de prestar atenci\u00f3n a temas que siempre han sido objeto de debate dentro de este campo disciplinar, como las expansiones territoriales, las guerras por recursos naturales, entre otros.<\/p>\n\n\n\n<p>De esta manera, se trata de un texto acad\u00e9mico trascendente para la geopol\u00edtica, pero en especial para las posturas que se discuten en el mundo anglosaj\u00f3n. Es uno de los primeros trabajos que abordan abiertamente la emergencia y las nuevas din\u00e1micas que se observan tanto al interior de los Estados como en las relaciones entre estos y los problemas transversales que tienen como escenario los grandes territorios regionales.<\/p>\n\n\n\n<p><strong>Referencias<\/strong><\/p>\n\n\n\n<p><strong> <\/strong>Dodds, K. (2021). <em>Geopol\u00edtica: una breve introducci\u00f3n<\/em>. Antoni Bosch editor.<\/p>\n\n\n\n<p><\/p>\n","protected":false},"excerpt":{"rendered":"<p>Texto:&nbsp;Geopol\u00edtica. Una breve introducci\u00f3n.Autor:&nbsp;Klaus DoddsA\u00f1o original de publicaci\u00f3n:&nbsp;2021Editorial:&nbsp;Antoni Bosch editorRese\u00f1ado por:&nbsp;Roy Gonz\u00e1lez SanchoPalabras claves:&nbsp;geopol\u00edtica, geopol\u00edtica cr\u00edtica, pol\u00edtica, relaciones internacionalesCitaci\u00f3n: Dodds, K. (2021). Geopol\u00edtica: una breve introducci\u00f3n. Antoni Bosch editor. En el campo de la geopol\u00edtica cr\u00edtica, se concibe la geopol\u00edtica como el estudio y el an\u00e1lisis de las proyecciones de [&hellip;]<\/p>\n","protected":false},"author":4,"featured_media":9274,"parent":0,"menu_order":0,"comment_status":"closed","ping_status":"closed","template":"","meta":{"ngg_post_thumbnail":0,"_themeisle_gutenberg_block_has_review":false,"footnotes":""},"class_list":["post-10020","page","type-page","status-publish","has-post-thumbnail","hentry"],"_links":{"self":[{"href":"https:\/\/investiga.uned.ac.cr\/agendajoven\/wp-json\/wp\/v2\/pages\/10020","targetHints":{"allow":["GET"]}}],"collection":[{"href":"https:\/\/investiga.uned.ac.cr\/agendajoven\/wp-json\/wp\/v2\/pages"}],"about":[{"href":"https:\/\/investiga.uned.ac.cr\/agendajoven\/wp-json\/wp\/v2\/types\/page"}],"author":[{"embeddable":true,"href":"https:\/\/investiga.uned.ac.cr\/agendajoven\/wp-json\/wp\/v2\/users\/4"}],"replies":[{"embeddable":true,"href":"https:\/\/investiga.uned.ac.cr\/agendajoven\/wp-json\/wp\/v2\/comments?post=10020"}],"version-history":[{"count":2,"href":"https:\/\/investiga.uned.ac.cr\/agendajoven\/wp-json\/wp\/v2\/pages\/10020\/revisions"}],"predecessor-version":[{"id":10023,"href":"https:\/\/investiga.uned.ac.cr\/agendajoven\/wp-json\/wp\/v2\/pages\/10020\/revisions\/10023"}],"wp:featuredmedia":[{"embeddable":true,"href":"https:\/\/investiga.uned.ac.cr\/agendajoven\/wp-json\/wp\/v2\/media\/9274"}],"wp:attachment":[{"href":"https:\/\/investiga.uned.ac.cr\/agendajoven\/wp-json\/wp\/v2\/media?parent=10020"}],"curies":[{"name":"wp","href":"https:\/\/api.w.org\/{rel}","templated":true}]}}